{"id":11628,"date":"2020-02-20T12:40:29","date_gmt":"2020-02-20T11:40:29","guid":{"rendered":"http:\/\/agora.xtec.cat\/escsantamaria\/?page_id=11628"},"modified":"2020-02-20T12:48:23","modified_gmt":"2020-02-20T11:48:23","slug":"4-la-creacio-de-la-sara","status":"publish","type":"page","link":"https:\/\/agora.xtec.cat\/escsantamaria\/projectes\/cantania-2020\/4-la-creacio-de-la-sara\/","title":{"rendered":"4. La creaci\u00f3 de la Sara"},"content":{"rendered":"<p>CAN\u00c7\u00d3 AMB LLETRA<\/p>\n<p><iframe loading=\"lazy\" title=\"04. LA CREACI\u00d3 DE LA SARA. CANT\u00c0NIA 2020.VIRTU@L\" width=\"500\" height=\"281\" src=\"https:\/\/www.youtube.com\/embed\/5mi5yDLzT68?list=PLtlmtT5fn4zGNlpMWU78yC7elLV5CDk6N\" frameborder=\"0\" allow=\"accelerometer; autoplay; clipboard-write; encrypted-media; gyroscope; picture-in-picture; web-share\" referrerpolicy=\"strict-origin-when-cross-origin\" allowfullscreen><\/iframe><\/p>\n<p>COREOGRAFIA<\/p>\n<p>https:\/\/youtu.be\/JdoLqjx_qAk<\/p>\n","protected":false},"excerpt":{"rendered":"<p>CAN\u00c7\u00d3 AMB LLETRA<\/p>\n<p>COREOGRAFIA<br \/>\nhttps:\/\/youtu.be\/JdoLqjx_qAk<\/p>\n","protected":false},"author":3,"featured_media":0,"parent":11619,"menu_order":4,"comment_status":"closed","ping_status":"closed","template":"page-templates\/side-menu.php","meta":{"_bbp_topic_count":0,"_bbp_reply_count":0,"_bbp_total_topic_count":0,"_bbp_total_reply_count":0,"_bbp_voice_count":0,"_bbp_anonymous_reply_count":0,"_bbp_topic_count_hidden":0,"_bbp_reply_count_hidden":0,"_bbp_forum_subforum_count":0,"footnotes":""},"class_list":["post-11628","page","type-page","status-publish","hentry"],"post_mailing_queue_ids":[],"_links":{"self":[{"href":"https:\/\/agora.xtec.cat\/escsantamaria\/wp-json\/wp\/v2\/pages\/11628","targetHints":{"allow":["GET"]}}],"collection":[{"href":"https:\/\/agora.xtec.cat\/escsantamaria\/wp-json\/wp\/v2\/pages"}],"about":[{"href":"https:\/\/agora.xtec.cat\/escsantamaria\/wp-json\/wp\/v2\/types\/page"}],"author":[{"embeddable":true,"href":"https:\/\/agora.xtec.cat\/escsantamaria\/wp-json\/wp\/v2\/users\/3"}],"replies":[{"embeddable":true,"href":"https:\/\/agora.xtec.cat\/escsantamaria\/wp-json\/wp\/v2\/comments?post=11628"}],"version-history":[{"count":2,"href":"https:\/\/agora.xtec.cat\/escsantamaria\/wp-json\/wp\/v2\/pages\/11628\/revisions"}],"predecessor-version":[{"id":11647,"href":"https:\/\/agora.xtec.cat\/escsantamaria\/wp-json\/wp\/v2\/pages\/11628\/revisions\/11647"}],"up":[{"embeddable":true,"href":"https:\/\/agora.xtec.cat\/escsantamaria\/wp-json\/wp\/v2\/pages\/11619"}],"wp:attachment":[{"href":"https:\/\/agora.xtec.cat\/escsantamaria\/wp-json\/wp\/v2\/media?parent=11628"}],"curies":[{"name":"wp","href":"https:\/\/api.w.org\/{rel}","templated":true}]}}