{"id":11619,"date":"2020-02-20T09:46:23","date_gmt":"2020-02-20T08:46:23","guid":{"rendered":"http:\/\/agora.xtec.cat\/escsantamaria\/?page_id=11619"},"modified":"2020-07-11T18:35:49","modified_gmt":"2020-07-11T16:35:49","slug":"cantania-2020","status":"publish","type":"page","link":"https:\/\/agora.xtec.cat\/escsantamaria\/projectes\/cantania-2020\/","title":{"rendered":"Cant\u00e0nia 2020-21"},"content":{"rendered":"<p>A la barra esquerra, clicant sobre la fletxa de l&#8217;apartat &#8220;Cant\u00e0nia 2020&#8221; podeu trobar totes les can\u00e7ons i coreografies de la propera edici\u00f3 de Cant\u00e0nia.<\/p>\n<p><img loading=\"lazy\" decoding=\"async\" class=\"aligncenter size-full wp-image-11656\" src=\"https:\/\/agora.xtec.cat\/escsantamaria\/wp-content\/uploads\/usu1256\/2020\/02\/CANTANIA113.0.jpg\" alt=\"\" width=\"830\" height=\"300\" srcset=\"https:\/\/agora.xtec.cat\/escsantamaria\/wp-content\/uploads\/usu1256\/2020\/02\/CANTANIA113.0.jpg 830w, https:\/\/agora.xtec.cat\/escsantamaria\/wp-content\/uploads\/usu1256\/2020\/02\/CANTANIA113.0-300x108.jpg 300w, https:\/\/agora.xtec.cat\/escsantamaria\/wp-content\/uploads\/usu1256\/2020\/02\/CANTANIA113.0-768x278.jpg 768w\" sizes=\"auto, (max-width: 830px) 100vw, 830px\" \/><\/p>\n<p>&nbsp;<\/p>\n","protected":false},"excerpt":{"rendered":"<p>A la barra esquerra, clicant sobre la fletxa de l&#8217;apartat &#8220;Cant\u00e0nia 2020&#8221; podeu trobar totes les can\u00e7ons i coreografies de la propera edici\u00f3 de Cant\u00e0nia.<\/p>\n<p>&nbsp;<\/p>\n","protected":false},"author":3,"featured_media":0,"parent":1501,"menu_order":6,"comment_status":"closed","ping_status":"closed","template":"page-templates\/side-menu.php","meta":{"_bbp_topic_count":0,"_bbp_reply_count":0,"_bbp_total_topic_count":0,"_bbp_total_reply_count":0,"_bbp_voice_count":0,"_bbp_anonymous_reply_count":0,"_bbp_topic_count_hidden":0,"_bbp_reply_count_hidden":0,"_bbp_forum_subforum_count":0,"footnotes":""},"class_list":["post-11619","page","type-page","status-publish","hentry"],"post_mailing_queue_ids":[],"_links":{"self":[{"href":"https:\/\/agora.xtec.cat\/escsantamaria\/wp-json\/wp\/v2\/pages\/11619","targetHints":{"allow":["GET"]}}],"collection":[{"href":"https:\/\/agora.xtec.cat\/escsantamaria\/wp-json\/wp\/v2\/pages"}],"about":[{"href":"https:\/\/agora.xtec.cat\/escsantamaria\/wp-json\/wp\/v2\/types\/page"}],"author":[{"embeddable":true,"href":"https:\/\/agora.xtec.cat\/escsantamaria\/wp-json\/wp\/v2\/users\/3"}],"replies":[{"embeddable":true,"href":"https:\/\/agora.xtec.cat\/escsantamaria\/wp-json\/wp\/v2\/comments?post=11619"}],"version-history":[{"count":3,"href":"https:\/\/agora.xtec.cat\/escsantamaria\/wp-json\/wp\/v2\/pages\/11619\/revisions"}],"predecessor-version":[{"id":12739,"href":"https:\/\/agora.xtec.cat\/escsantamaria\/wp-json\/wp\/v2\/pages\/11619\/revisions\/12739"}],"up":[{"embeddable":true,"href":"https:\/\/agora.xtec.cat\/escsantamaria\/wp-json\/wp\/v2\/pages\/1501"}],"wp:attachment":[{"href":"https:\/\/agora.xtec.cat\/escsantamaria\/wp-json\/wp\/v2\/media?parent=11619"}],"curies":[{"name":"wp","href":"https:\/\/api.w.org\/{rel}","templated":true}]}}