{"id":11192,"date":"2019-07-08T21:13:33","date_gmt":"2019-07-08T19:13:33","guid":{"rendered":"http:\/\/agora.xtec.cat\/escsantamaria\/?page_id=11192"},"modified":"2019-07-09T12:57:30","modified_gmt":"2019-07-09T10:57:30","slug":"assemblea-destudiants","status":"publish","type":"page","link":"https:\/\/agora.xtec.cat\/escsantamaria\/projectes\/assemblea-destudiants\/","title":{"rendered":"Assemblea d&#8217;estudiants"},"content":{"rendered":"<p><strong>QU\u00c8 \u00c9S?<\/strong><\/p>\n<p>L&#8217;assemblea \u00e9s una estrat\u00e8gia que ens permet millorar la participaci\u00f3 de l&#8217;alumnat en la presa de decisions que afecten l&#8217;escola. \u00c9s, alhora, un espai de conviv\u00e8ncia, relaci\u00f3, cr\u00edtica constructiva i autocr\u00edtica.<\/p>\n<p><strong>QUINS S\u00d3N ELS SEUS OBJECTIUS?<\/strong><\/p>\n<p>&#8211; Millorar les relacions i la conviv\u00e8ncia entre els alumnes.<\/p>\n<p>&#8211; Disminuir els conflictes a l\u2019escola.<\/p>\n<p>&#8211; Refor\u00e7ar la cohesi\u00f3 de grup.<\/p>\n<p>&#8211; Desenvolupar el sentit de la responsabilitat.<\/p>\n<p>&#8211; Potenciar les habilitats cognitives, emocionals i socials dels alumnes.<\/p>\n<p>&#8211; Fomentar la comunicaci\u00f3 entre les diferents persones que conviuen a l\u2019escola.<\/p>\n<p>&#8211; Escoltar, con\u00e8ixer i debatre temes d\u2019import\u00e0ncia per a l\u2019alumnat i\u00a0 beneficiosos per a l\u2019escola.<\/p>\n<p>&#8211; Promoure la participaci\u00f3 dels alumnes en l\u2019organitzaci\u00f3 i funcionament del centre.<\/p>\n<p>&#8211; Plantejar propostes i fomentar la presa conjunta de decisions.<\/p>\n<p>&nbsp;<\/p>\n<p><strong>QUAN ES REUNEIX?<\/strong><\/p>\n<p>L&#8217;assemblea es reuneix dues vegades per trimestre.<\/p>\n<p>&nbsp;<\/p>\n<p><strong>QUI FORMA PART DE L&#8217;ASSEMBLEA?\u00a0<\/strong><\/p>\n<p>&#8211; El Consell de Direcci\u00f3.<\/p>\n<p>&#8211; Un representant de cadascun dels grups de Prim\u00e0ria (12 en total).<\/p>\n<p><img loading=\"lazy\" decoding=\"async\" class=\"aligncenter size-large wp-image-11198\" src=\"https:\/\/agora.xtec.cat\/escsantamaria\/wp-content\/uploads\/usu1256\/2019\/07\/IMG-20181126-WA0014-1024x497.jpg\" alt=\"\" width=\"1024\" height=\"497\" srcset=\"https:\/\/agora.xtec.cat\/escsantamaria\/wp-content\/uploads\/usu1256\/2019\/07\/IMG-20181126-WA0014-1024x497.jpg 1024w, https:\/\/agora.xtec.cat\/escsantamaria\/wp-content\/uploads\/usu1256\/2019\/07\/IMG-20181126-WA0014-300x146.jpg 300w, https:\/\/agora.xtec.cat\/escsantamaria\/wp-content\/uploads\/usu1256\/2019\/07\/IMG-20181126-WA0014-768x373.jpg 768w, https:\/\/agora.xtec.cat\/escsantamaria\/wp-content\/uploads\/usu1256\/2019\/07\/IMG-20181126-WA0014.jpg 1600w\" sizes=\"auto, (max-width: 1024px) 100vw, 1024px\" \/><\/p>\n<p>&nbsp;<\/p>\n<p><img loading=\"lazy\" decoding=\"async\" class=\"aligncenter size-full wp-image-11199\" src=\"https:\/\/agora.xtec.cat\/escsantamaria\/wp-content\/uploads\/usu1256\/2019\/07\/DSC_0526.jpg\" alt=\"\" width=\"912\" height=\"608\" srcset=\"https:\/\/agora.xtec.cat\/escsantamaria\/wp-content\/uploads\/usu1256\/2019\/07\/DSC_0526.jpg 912w, https:\/\/agora.xtec.cat\/escsantamaria\/wp-content\/uploads\/usu1256\/2019\/07\/DSC_0526-300x200.jpg 300w, https:\/\/agora.xtec.cat\/escsantamaria\/wp-content\/uploads\/usu1256\/2019\/07\/DSC_0526-768x512.jpg 768w\" sizes=\"auto, (max-width: 912px) 100vw, 912px\" \/><\/p>\n","protected":false},"excerpt":{"rendered":"<p>QU\u00c8 \u00c9S?<br \/>\nL&#8217;assemblea \u00e9s una estrat\u00e8gia que ens permet millorar la participaci\u00f3 de l&#8217;alumnat en la presa de decisions que afecten l&#8217;escola. \u00c9s, alhora, un espai de conviv\u00e8ncia, relaci\u00f3, cr\u00edtica constructiva i autocr\u00edtica.<br \/>\nQUINS S\u00d3N ELS SEUS OBJECTIUS?<br \/>\n&#8211; Millorar les relacions i la conviv\u00e8ncia entre els alumnes.<br \/>\n&#8211;&hellip;  <a href=\"https:\/\/agora.xtec.cat\/escsantamaria\/projectes\/assemblea-destudiants\/\" title=\"Read Assemblea d&#8217;estudiants\">Llegeix m\u00e9s\u00bb<\/a><\/p>\n","protected":false},"author":3,"featured_media":0,"parent":1501,"menu_order":11,"comment_status":"closed","ping_status":"closed","template":"page-templates\/side-menu.php","meta":{"_bbp_topic_count":0,"_bbp_reply_count":0,"_bbp_total_topic_count":0,"_bbp_total_reply_count":0,"_bbp_voice_count":0,"_bbp_anonymous_reply_count":0,"_bbp_topic_count_hidden":0,"_bbp_reply_count_hidden":0,"_bbp_forum_subforum_count":0,"footnotes":""},"class_list":["post-11192","page","type-page","status-publish","hentry"],"post_mailing_queue_ids":[],"_links":{"self":[{"href":"https:\/\/agora.xtec.cat\/escsantamaria\/wp-json\/wp\/v2\/pages\/11192","targetHints":{"allow":["GET"]}}],"collection":[{"href":"https:\/\/agora.xtec.cat\/escsantamaria\/wp-json\/wp\/v2\/pages"}],"about":[{"href":"https:\/\/agora.xtec.cat\/escsantamaria\/wp-json\/wp\/v2\/types\/page"}],"author":[{"embeddable":true,"href":"https:\/\/agora.xtec.cat\/escsantamaria\/wp-json\/wp\/v2\/users\/3"}],"replies":[{"embeddable":true,"href":"https:\/\/agora.xtec.cat\/escsantamaria\/wp-json\/wp\/v2\/comments?post=11192"}],"version-history":[{"count":3,"href":"https:\/\/agora.xtec.cat\/escsantamaria\/wp-json\/wp\/v2\/pages\/11192\/revisions"}],"predecessor-version":[{"id":11202,"href":"https:\/\/agora.xtec.cat\/escsantamaria\/wp-json\/wp\/v2\/pages\/11192\/revisions\/11202"}],"up":[{"embeddable":true,"href":"https:\/\/agora.xtec.cat\/escsantamaria\/wp-json\/wp\/v2\/pages\/1501"}],"wp:attachment":[{"href":"https:\/\/agora.xtec.cat\/escsantamaria\/wp-json\/wp\/v2\/media?parent=11192"}],"curies":[{"name":"wp","href":"https:\/\/api.w.org\/{rel}","templated":true}]}}