{"id":2688,"date":"2019-10-14T11:19:37","date_gmt":"2019-10-14T09:19:37","guid":{"rendered":"http:\/\/agora.xtec.cat\/escsantacolomager\/?page_id=2688"},"modified":"2022-11-16T10:29:10","modified_gmt":"2022-11-16T09:29:10","slug":"projecte-linguitic-de-la-zer-cerdanya","status":"publish","type":"page","link":"https:\/\/agora.xtec.cat\/escsantacolomager\/projecte-educactiu\/projecte-linguitic-de-la-zer-cerdanya\/","title":{"rendered":"Projecte Ling\u00fc\u00edstic de ZER"},"content":{"rendered":"<p>Aqu\u00ed poder consultar el Projecte ling\u00fc\u00edstic de la ZER La Cerdanya, nom\u00e9s heu de clicar a sobre l&#8217;enlla\u00e7 que hi ha a continuaci\u00f3:<\/p>\n<p>&nbsp;<\/p>\n<p style=\"text-align: center;\"><a href=\"https:\/\/drive.google.com\/file\/d\/1QxzblcY5Iwtpry5HpB3XZ6RM4zhFuWqF\/view?usp=sharing\">PROJECTE LING\u00dc\u00cdSTIC DE LA ZER CERDANYA<\/a><\/p>\n","protected":false},"excerpt":{"rendered":"<p>Aqu\u00ed poder consultar el Projecte ling\u00fc\u00edstic de la ZER La Cerdanya, nom\u00e9s heu de clicar a sobre l&#8217;enlla\u00e7 que hi ha a continuaci\u00f3:<br \/>\n&nbsp;<br \/>\n<a href=\"https:\/\/drive.google.com\/file\/d\/1QxzblcY5Iwtpry5HpB3XZ6RM4zhFuWqF\/view?usp=sharing\">PROJECTE LING\u00dc\u00cdSTIC DE LA ZER CERDANYA<\/a><\/p>\n","protected":false},"author":1,"featured_media":0,"parent":2691,"menu_order":0,"comment_status":"closed","ping_status":"closed","template":"page-templates\/side-menu.php","meta":{"_bbp_topic_count":0,"_bbp_reply_count":0,"_bbp_total_topic_count":0,"_bbp_total_reply_count":0,"_bbp_voice_count":0,"_bbp_anonymous_reply_count":0,"_bbp_topic_count_hidden":0,"_bbp_reply_count_hidden":0,"_bbp_forum_subforum_count":0,"footnotes":""},"class_list":["post-2688","page","type-page","status-publish","hentry"],"post_mailing_queue_ids":[],"_links":{"self":[{"href":"https:\/\/agora.xtec.cat\/escsantacolomager\/wp-json\/wp\/v2\/pages\/2688","targetHints":{"allow":["GET"]}}],"collection":[{"href":"https:\/\/agora.xtec.cat\/escsantacolomager\/wp-json\/wp\/v2\/pages"}],"about":[{"href":"https:\/\/agora.xtec.cat\/escsantacolomager\/wp-json\/wp\/v2\/types\/page"}],"author":[{"embeddable":true,"href":"https:\/\/agora.xtec.cat\/escsantacolomager\/wp-json\/wp\/v2\/users\/1"}],"replies":[{"embeddable":true,"href":"https:\/\/agora.xtec.cat\/escsantacolomager\/wp-json\/wp\/v2\/comments?post=2688"}],"version-history":[{"count":3,"href":"https:\/\/agora.xtec.cat\/escsantacolomager\/wp-json\/wp\/v2\/pages\/2688\/revisions"}],"predecessor-version":[{"id":4818,"href":"https:\/\/agora.xtec.cat\/escsantacolomager\/wp-json\/wp\/v2\/pages\/2688\/revisions\/4818"}],"up":[{"embeddable":true,"href":"https:\/\/agora.xtec.cat\/escsantacolomager\/wp-json\/wp\/v2\/pages\/2691"}],"wp:attachment":[{"href":"https:\/\/agora.xtec.cat\/escsantacolomager\/wp-json\/wp\/v2\/media?parent=2688"}],"curies":[{"name":"wp","href":"https:\/\/api.w.org\/{rel}","templated":true}]}}