{"id":228,"date":"2016-08-28T13:47:57","date_gmt":"2016-08-28T12:47:57","guid":{"rendered":"http:\/\/agora.xtec.cat\/escsantacolomager\/?page_id=228"},"modified":"2019-01-28T14:36:20","modified_gmt":"2019-01-28T13:36:20","slug":"projecte-artistic","status":"publish","type":"page","link":"https:\/\/agora.xtec.cat\/escsantacolomager\/que-fem\/projecte-artistic\/","title":{"rendered":"Projectes art\u00edstics"},"content":{"rendered":"<p style=\"text-align: justify;\"><img loading=\"lazy\" decoding=\"async\" class=\" alignleft\" src=\"https:\/\/lh3.googleusercontent.com\/u9Te-YkFFob8LFKVN6fMVze4PWr28dEaYM0bpwtruNGBr7cXakwSqzIuGWZFCjEagm_S7NyHuzffhSUzOaOxlwz0rOXFOr1HKjrsEYMWTn3tSg2kdit6CAFBcluqjVjBcpJJEuqDPzUzl1D4KC1s89APkKQPwTR6gSx0FyzzdBEPL7xPqOxWaRXeBclGcBbH62tHjFDDzq4XntD-zxDHM817-LrJbqTz2T8kSq79zDdZQjkh6gRptikzKy2YaVn8gNAgJUc7qKBFvzap4y9eIjfilVfa4sLLwoieE4-KdSS0cI7lc72urNCsUDQh-pAegQ8Lr_4Z8sAeD2Vr29nA46kXhZUgb7XiEIaIprVqEMkYHjunYXSXjQjg-jlrvwZiP-Duvb8eUHJ5ZiD4ry0wlF0f2NU4eTIRJ5lsaJ9m47f2uBNNT23F7CjzrYDFOgMMSxhhXS9M66uNDcMMzpEoPO2bAb1SpNQ3EIvqtsmREEXUcAFnlA-XtEBbubHNKpbiGiqWs17XUtjnMT8j53MDgbCHfKu3BiL0J6rvDAWkCTtHcDA5ehP6DPdRg43jkww8HlNFGNbtjxAGj5oJ3hjIr7ayOCVI2gm2MMHAZNOG4mUeigVGFXJIgQG-EGEFCmTn3Kv27wqUW0auQAlUDstzbruDDcF-N0YkhYnJoEUDkGJcbyDzdj2OAoFXwaujExOhXdGaV7MzNICSusBt_g=w437-h654-no\" width=\"294\" height=\"441\" \/>El curr\u00edculum vigent ens diu:<\/p>\n<p style=\"text-align: justify;\"><em>Les manifestacions art\u00edstiques tenen una pres\u00e8ncia constant en l\u2019entorn i en la <\/em><em>vida de les persones i esdevenen espais de relaci\u00f3 en els quals flueixen <\/em><em>experi\u00e8ncies, significats, emocions, idees i pensaments. L\u2019\u00e0rea d\u2019educaci\u00f3 <\/em><em>art\u00edstica de l\u2019educaci\u00f3 prim\u00e0ria pret\u00e9n desenvolupar en les nenes i els nens la <\/em><em>percepci\u00f3 i l\u2019expressi\u00f3 est\u00e8tica amb l\u2019objectiu que adquireixin una formaci\u00f3 que <\/em><em>els permeti comprendre els m\u00f3ns art\u00edstics i culturals, i de manera molt especial <\/em><em>els del seu entorn m\u00e9s proper i els d\u2019altres pobles, i participar-hi.<\/em><\/p>\n<p style=\"text-align: justify;\"><em>L\u2019educaci\u00f3 art\u00edstica afavoreix l\u2019estructuraci\u00f3 del pensament de l\u2019alumnat en tant <\/em><em>que analitza la realitat, ajuda a comprendre i respondre, a sentir i a distingir, a <\/em><em>pensar i a construir. L\u2019aprenentatge de l\u2019art i a trav\u00e9s de l\u2019art, genera <\/em><em>coneixement i transfer\u00e8ncia a altres situacions i contextos tot desenvolupant un <\/em><em>pensament cr\u00edtic, obert i flexible.<\/em><\/p>\n<p><img loading=\"lazy\" decoding=\"async\" class=\"alignright\" style=\"font-style: italic; text-align: justify;\" src=\"https:\/\/lh3.googleusercontent.com\/y7EcndV0hBe79DjlxqcKZRK9OxyPz-suwYwlSUrw6zXpCMxNPD7tcUniLmyxP0_YGykOAyXj2Db9Q1wm0xty_2e8D-T1r5AwPyDPuqSlqhzT1AtKgftkrBgzDs248sx5zHXwlSfMBgwAPhWqKVlfzVE7MHcXYEMIwdxbkKGjWVdJKhIxp1ciF1q1cExFzMyVl4-DlKDt4CUTC5gYYlQQ3ZKRMS6QcNUA-OsHA9IuI6Npj7PEel-NpGXNPj9GLKaWKYTVpMpN80MZSAiVZv6iD_KpNZqKDQKq2hq75lRc6yK1OqrG2CfFS8g0DbKsLVbGypeDrxYH0ajC_fNB6RuDUQoYv6qX6zj9zIwyCVkqfpGew_RkehIdhClUWWfSrpP_t7B8ny8KnLVCqjcnDF3WNzvisRNVPB5-_s_7cVXql_fiDTopwz3uJGmFsdlTWZordGfZnLZ4PguGTxjEzyaAIhfQ-sS-_GnCGvOGsQDh56HdT2TiNSqZV1QPAFevbvRpDQFonVv9WmfD1jseh0gSKsng8AB147kXUQ82IQKfyrGxJ8v59JDZBN5qypFXJnsfOv69bA4CRicc0LotQFqyXX2p7KspL5te-cUN99xhvSmf3haNBMtyp6rez4ZOIQwEypR6v15Xfwtx7DLeL8MZEyrzyuA2Xk7awfoofM-tClpmn7gJOYu80MWhxPYGJLHvH7SiX6rEMD6XKP3T_g=w977-h654-no\" width=\"264\" height=\"176\" \/><\/p>\n<p style=\"text-align: justify;\"><em>L\u2019educaci\u00f3 art\u00edstica tamb\u00e9 t\u00e9 una gran <\/em><em>rellev\u00e0ncia\u00a0<\/em><em>des de la perspectiva social i <\/em><em>cultural, ja que les manifestacions art\u00edstiques no tan sols s\u00f3n generadores <\/em><em>d\u2019espais de coneixement sin\u00f3 tamb\u00e9 d\u2019espais <\/em><em>d\u2019experi\u00e8ncia dins l\u2019entorn proper <\/em><em>(centre escolar, barri, poble, ciutat\u2026) i de di\u00e0leg amb d\u2019altres manifestacions <\/em><em>art\u00edstiques i culturals del m\u00f3n.<\/em><\/p>\n<p style=\"text-align: justify;\"><em>Els objectius i els continguts de l\u2019educaci\u00f3 art\u00edstica pretenen que les nenes i els <\/em><em>nens adquireixin la capacitat d\u2019interpretar i representar el m\u00f3n: aprendre a <\/em><em>percebre, per\u00f2 tamb\u00e9 a produir a partir del coneixement i de la comprensi\u00f3 de <\/em><em>si mateix i del seu entorn i a entendre les imatges com una representaci\u00f3 de la <\/em><em>realitat.<\/em><\/p>\n<p style=\"text-align: justify;\"><a href=\"https:\/\/agora.xtec.cat\/escsantacolomager\/wp-content\/uploads\/usu641\/2019\/01\/IMG-20190126-WA0029.jpg\"><img loading=\"lazy\" decoding=\"async\" class=\" wp-image-2412 alignleft\" src=\"https:\/\/agora.xtec.cat\/escsantacolomager\/wp-content\/uploads\/usu641\/2019\/01\/IMG-20190126-WA0029.jpg\" alt=\"\" width=\"384\" height=\"288\" srcset=\"https:\/\/agora.xtec.cat\/escsantacolomager\/wp-content\/uploads\/usu641\/2019\/01\/IMG-20190126-WA0029.jpg 872w, https:\/\/agora.xtec.cat\/escsantacolomager\/wp-content\/uploads\/usu641\/2019\/01\/IMG-20190126-WA0029-300x225.jpg 300w, https:\/\/agora.xtec.cat\/escsantacolomager\/wp-content\/uploads\/usu641\/2019\/01\/IMG-20190126-WA0029-768x576.jpg 768w, https:\/\/agora.xtec.cat\/escsantacolomager\/wp-content\/uploads\/usu641\/2019\/01\/IMG-20190126-WA0029-200x150.jpg 200w\" sizes=\"auto, (max-width: 384px) 100vw, 384px\" \/><\/a>El nostre PEC contempla l&#8217;educaci\u00f3 art\u00edstica com un dels pilars de l&#8217;educaci\u00f3 integral del nostre alumnat. Per poder fer-ho possible, s&#8217;ha fet formaci\u00f3 en centre i s&#8217;ha reorganitzat l&#8217;horari per poder garantir les estones necess\u00e0ries per fer-ho viable.<\/p>\n<p style=\"text-align: justify;\">Els projectes art\u00edstics s\u00f3n interdisciplinars i s&#8217;organitzen\u00a0 en equips de treball o tallers intercicles,\u00a0 en grups multigrau, normalment d&#8217;Infantil o Prim\u00e0ria per\u00f2 tamb\u00e9 se n&#8217;organitzen de tot el centre.<\/p>\n<p>&nbsp;<\/p>\n<p><img loading=\"lazy\" decoding=\"async\" class=\"alignright\" style=\"text-align: justify;\" src=\"https:\/\/lh3.googleusercontent.com\/D4je1W868Et2F_m-MsW9IkDFUPUyWjDUwtTwVblbr928Be6Bfr-a5zIZaEt1AdKBC94yg5yM4I6iASeE4XLZ4D4goV_jAoF3UXgN76ztiqNR_rypk0YxLS8cD9nvl9P0JsxGlxMnV2vU7RLLUn58S97fv-uWABv4AJe15lzoWdHxPWg0pkkEWE8mHsioQx0tE6cIAd6Hh1dOmHISGdm-5zqKEVyAI48xEDQQ4nXmHOb1iAKtEeX4m__3xpOc62zohey-a2nKdOwtHXySlvhxGEBPAeXkOiLo5b3K6IdCY8-LFV6TZkfGCZzq9k0dxd2mbK7762_OaOSD_Kodh0T0cEDgbcOjRe0WUMraxQfh8IdEe60nQ1tbnA070gec4K0B4ETpgiJ4QCoLx9fsZrVcoGELYnzaUJEtft7rr85m8YXytTPL39PhTlxWfXVgKSwDruc7l4WD0vumHByRx-5WFZM3JrnaLNksQfanjoI0tbygxLvqPVQbyjcoGMwLxV9M_Kfso0oVqFBngmkip0dL7u5xSLqxS49JTF7rUwWT-NNfsR-erHJ3ymunmBZk96OJfQpM08ScxPX0cc-Slz9qEm62SEzYWMa2x3J2pWl_J8tPbzXb6Xy_X_xBDjJrcjyTCsw69tK2rAmYHrPkeuCWyAgy=w872-h654-no\" width=\"223\" height=\"166\" \/><\/p>\n<p style=\"text-align: justify;\">Parteixen d&#8217;una proposta dels docents del centre i\/o d&#8217;un grup\u00a0<span style=\"font-family: inherit; font-size: 1em; text-align: justify;\">d&#8217;alumnes i es desenvolupen al llarg de diferents sessions. Normalment finalitzen amb l&#8217;exposici\u00f3 o representaci\u00f3 d&#8217;un producte creatiu, tot i que no sempre. Els passos seg\u00fcents s\u00f3n l&#8217;esb\u00f3s o projecte previ i la resoluci\u00f3 o creaci\u00f3. Tots aquests processos poden ser individuals o col.lectius.<\/span><\/p>\n<p>&nbsp;<\/p>\n<p><img loading=\"lazy\" decoding=\"async\" class=\" alignleft\" style=\"text-align: justify;\" src=\"https:\/\/lh3.googleusercontent.com\/2myrGr9i6pFLeKFK3JayUxFjhAr_SuQ7hFKm73YE-0Phhvo8mJ0E3OpABz0_AH4Fj7bqMdIvVP2TXwPfdh0SMp2PsFtHiC-X-Q9inR2vzoMUZBbN0aoNFPOMyqsCsunjWXKjEqsUL07GgSStV3IjO-hMV4DP7O1MPKNxj0PgZrPmIpLrbFqrslIBWxP06xEnkOYlSCt-rWFQLpfjlzjvPDBOrEZnn3D6VAtcQRbzRmj_qWq9C_zqoVe05CRH7WOFFGtxAN1C3Gl7yCXlhiWAUByYH4mj3Sg9O9r6TXBpCB2ZKn8jYus-P3o9l6ZiAHktx0z6DBzVx-Q6X4qvyTUWwcgZ-u7il4h5_FeWMcwRJfoJtwpoVYXiA5kQ1wQ35OWgYIQb82pQGvIB2nH1GYSSPdU5wbRGNqQ-PGREl-NvXFruUps9IgSZ9y7y7sR11i5N8k_Q6oHTuQwIfI48VJVbD-7jjpfp_28AEAY8IAIPuqnFKlLI2l9Cr3YaKISBvi7IRuDxbOjjiEzElKdEuVW-xyl7ylfFzp7PDH3A3-46Vg198_oWwD7HMBZYHRGfR_bjXqklBXqw1C-omezGvkPYaFAXrMeAOlZZYC7VCaj8KxLSjq2okmeEptv7SH8ckfn84RwcJk-V_o8fbw0BRqfSvfG6=w368-h654-no\" width=\"163\" height=\"289\" \/><\/p>\n<p style=\"text-align: justify;\">Tant amb aquests projectes com amb d&#8217;altres actuacions o activitats de caire art\u00edstic que es desenvolupen i viuen al centre, pretenem que l\u2019alumnat descobreixi, conegui, experimenti, treballi i inventi diferents codis visuals, diferents materials i les seves possibilitats, diferents llenguatges expressius, diferents maneres de sentir interpretar el m\u00f3n, tot tenint presents tres grans dimensions:<br \/>\n&#8211; Dimensi\u00f3 cultural: es desenvolupa la capacitat de comprensi\u00f3 de l&#8217;art.<br \/>\n&#8211; Dimensi\u00f3 productiva: es desenvolupa la capacitat de crear art.<br \/>\n&#8211; Dimensi\u00f3 cr\u00edtica: es desenvolupa la capacitat de percepci\u00f3 de l\u2019art.<\/p>\n<p>&nbsp;<\/p>\n<p>&nbsp;<\/p>\n","protected":false},"excerpt":{"rendered":"<p>El curr\u00edculum vigent ens diu:<br \/>\nLes manifestacions art\u00edstiques tenen una pres\u00e8ncia constant en l\u2019entorn i en la vida de les persones i esdevenen espais de relaci\u00f3 en els quals flueixen experi\u00e8ncies, significats, emocions, idees i pensaments. L\u2019\u00e0rea d\u2019educaci\u00f3 art\u00edstica de l\u2019educaci\u00f3 prim\u00e0ria pret\u00e9n desenvolupar en les&hellip;  <a href=\"https:\/\/agora.xtec.cat\/escsantacolomager\/que-fem\/projecte-artistic\/\" title=\"Read Projectes art\u00edstics\">Llegeix m\u00e9s\u00bb<\/a><\/p>\n","protected":false},"author":1,"featured_media":0,"parent":224,"menu_order":0,"comment_status":"closed","ping_status":"closed","template":"","meta":{"_bbp_topic_count":0,"_bbp_reply_count":0,"_bbp_total_topic_count":0,"_bbp_total_reply_count":0,"_bbp_voice_count":0,"_bbp_anonymous_reply_count":0,"_bbp_topic_count_hidden":0,"_bbp_reply_count_hidden":0,"_bbp_forum_subforum_count":0,"footnotes":""},"class_list":["post-228","page","type-page","status-publish","hentry"],"post_mailing_queue_ids":[],"_links":{"self":[{"href":"https:\/\/agora.xtec.cat\/escsantacolomager\/wp-json\/wp\/v2\/pages\/228","targetHints":{"allow":["GET"]}}],"collection":[{"href":"https:\/\/agora.xtec.cat\/escsantacolomager\/wp-json\/wp\/v2\/pages"}],"about":[{"href":"https:\/\/agora.xtec.cat\/escsantacolomager\/wp-json\/wp\/v2\/types\/page"}],"author":[{"embeddable":true,"href":"https:\/\/agora.xtec.cat\/escsantacolomager\/wp-json\/wp\/v2\/users\/1"}],"replies":[{"embeddable":true,"href":"https:\/\/agora.xtec.cat\/escsantacolomager\/wp-json\/wp\/v2\/comments?post=228"}],"version-history":[{"count":4,"href":"https:\/\/agora.xtec.cat\/escsantacolomager\/wp-json\/wp\/v2\/pages\/228\/revisions"}],"predecessor-version":[{"id":2415,"href":"https:\/\/agora.xtec.cat\/escsantacolomager\/wp-json\/wp\/v2\/pages\/228\/revisions\/2415"}],"up":[{"embeddable":true,"href":"https:\/\/agora.xtec.cat\/escsantacolomager\/wp-json\/wp\/v2\/pages\/224"}],"wp:attachment":[{"href":"https:\/\/agora.xtec.cat\/escsantacolomager\/wp-json\/wp\/v2\/media?parent=228"}],"curies":[{"name":"wp","href":"https:\/\/api.w.org\/{rel}","templated":true}]}}