{"id":2080,"date":"2018-09-06T16:12:43","date_gmt":"2018-09-06T14:12:43","guid":{"rendered":"http:\/\/agora.xtec.cat\/escsantacolomager\/?page_id=2080"},"modified":"2018-09-20T16:11:53","modified_gmt":"2018-09-20T14:11:53","slug":"racons-de-cicle-mitja","status":"publish","type":"page","link":"https:\/\/agora.xtec.cat\/escsantacolomager\/racons-de-cicle-mitja\/","title":{"rendered":"Racons de cicle mitj\u00e0"},"content":{"rendered":"<p>&nbsp;<\/p>\n<table style=\"border-collapse: collapse; width: 100%;\" border=\"1\">\n<tbody>\n<tr style=\"height: 30px;\">\n<td style=\"width: 50%; text-align: center; height: 30px;\">\n<h2><strong>Racons matem\u00e0tics<\/strong><\/h2>\n<\/td>\n<td style=\"width: 50%; text-align: center; height: 30px;\" rowspan=\"2\">\n<h2><strong>Racons de llengua<\/strong><\/h2>\n<\/td>\n<\/tr>\n<tr style=\"height: 20px;\">\n<td style=\"width: 50%; height: 20px; text-align: center;\">\n<h3><strong>N\u00daMERACI\u00d3 I C\u00c0LCUL<\/strong><\/h3>\n<\/td>\n<\/tr>\n<tr style=\"height: 247px;\">\n<td style=\"width: 50%; text-align: center; height: 247px;\"><a href=\"https:\/\/clic.xtec.cat\/projects\/jugcalc\/jclic.js\/index.html\"><img loading=\"lazy\" decoding=\"async\" class=\"alignnone wp-image-2090\" src=\"http:\/\/agora.xtec.cat\/escsantacolomager\/wp-content\/uploads\/usu641\/2018\/09\/baixa.png\" alt=\"\" width=\"250\" height=\"230\" srcset=\"https:\/\/agora.xtec.cat\/escsantacolomager\/wp-content\/uploads\/usu641\/2018\/09\/baixa.png 578w, https:\/\/agora.xtec.cat\/escsantacolomager\/wp-content\/uploads\/usu641\/2018\/09\/baixa-300x276.png 300w\" sizes=\"auto, (max-width: 250px) 100vw, 250px\" \/><\/a><\/td>\n<td style=\"width: 50%; height: 247px;\">\u00a0<a href=\"http:\/\/www.edu365.cat\/primaria\/muds\/catala\/ortografia\/cm01.htm\"><img loading=\"lazy\" decoding=\"async\" class=\"wp-image-2100 aligncenter\" src=\"http:\/\/agora.xtec.cat\/escsantacolomager\/wp-content\/uploads\/usu641\/2018\/09\/cm01.jpg\" alt=\"\" width=\"290\" height=\"193\" srcset=\"https:\/\/agora.xtec.cat\/escsantacolomager\/wp-content\/uploads\/usu641\/2018\/09\/cm01.jpg 450w, https:\/\/agora.xtec.cat\/escsantacolomager\/wp-content\/uploads\/usu641\/2018\/09\/cm01-300x200.jpg 300w\" sizes=\"auto, (max-width: 290px) 100vw, 290px\" \/><\/a><\/td>\n<\/tr>\n<tr style=\"height: 209px;\">\n<td style=\"width: 50%; text-align: center; height: 209px;\"><a href=\"https:\/\/clic.xtec.cat\/projects\/paresena\/jclic.js\/index.html\"><img loading=\"lazy\" decoding=\"async\" class=\"alignnone wp-image-2091\" src=\"http:\/\/agora.xtec.cat\/escsantacolomager\/wp-content\/uploads\/usu641\/2018\/09\/baixa-1.png\" alt=\"\" width=\"261\" height=\"192\" srcset=\"https:\/\/agora.xtec.cat\/escsantacolomager\/wp-content\/uploads\/usu641\/2018\/09\/baixa-1.png 566w, https:\/\/agora.xtec.cat\/escsantacolomager\/wp-content\/uploads\/usu641\/2018\/09\/baixa-1-300x220.png 300w\" sizes=\"auto, (max-width: 261px) 100vw, 261px\" \/><\/a><\/td>\n<td style=\"width: 50%; height: 209px;\"><a href=\"http:\/\/www.edu365.cat\/primaria\/muds\/catala\/ortografia\/cm02.htm\"><img loading=\"lazy\" decoding=\"async\" class=\"wp-image-2101 aligncenter\" src=\"http:\/\/agora.xtec.cat\/escsantacolomager\/wp-content\/uploads\/usu641\/2018\/09\/cm02.jpg\" alt=\"\" width=\"288\" height=\"192\" srcset=\"https:\/\/agora.xtec.cat\/escsantacolomager\/wp-content\/uploads\/usu641\/2018\/09\/cm02.jpg 450w, https:\/\/agora.xtec.cat\/escsantacolomager\/wp-content\/uploads\/usu641\/2018\/09\/cm02-300x200.jpg 300w\" sizes=\"auto, (max-width: 288px) 100vw, 288px\" \/><\/a><\/td>\n<\/tr>\n<tr style=\"height: 224px;\">\n<td style=\"width: 50%; text-align: center; height: 224px;\"><a href=\"https:\/\/clic.xtec.cat\/projects\/sudocat\/jclic.js\/index.html\"><img loading=\"lazy\" decoding=\"async\" class=\"alignnone wp-image-2093\" src=\"http:\/\/agora.xtec.cat\/escsantacolomager\/wp-content\/uploads\/usu641\/2018\/09\/baixa-2.png\" alt=\"\" width=\"274\" height=\"207\" srcset=\"https:\/\/agora.xtec.cat\/escsantacolomager\/wp-content\/uploads\/usu641\/2018\/09\/baixa-2.png 638w, https:\/\/agora.xtec.cat\/escsantacolomager\/wp-content\/uploads\/usu641\/2018\/09\/baixa-2-300x226.png 300w, https:\/\/agora.xtec.cat\/escsantacolomager\/wp-content\/uploads\/usu641\/2018\/09\/baixa-2-200x150.png 200w\" sizes=\"auto, (max-width: 274px) 100vw, 274px\" \/><\/a><\/td>\n<td style=\"width: 50%; height: 224px;\">\u00a0<a href=\"http:\/\/www.edu365.cat\/primaria\/muds\/catala\/ortografia\/cm03.htm\"><img loading=\"lazy\" decoding=\"async\" class=\"wp-image-2102 aligncenter\" src=\"http:\/\/agora.xtec.cat\/escsantacolomager\/wp-content\/uploads\/usu641\/2018\/09\/cm03.jpg\" alt=\"\" width=\"279\" height=\"186\" srcset=\"https:\/\/agora.xtec.cat\/escsantacolomager\/wp-content\/uploads\/usu641\/2018\/09\/cm03.jpg 450w, https:\/\/agora.xtec.cat\/escsantacolomager\/wp-content\/uploads\/usu641\/2018\/09\/cm03-300x200.jpg 300w\" sizes=\"auto, (max-width: 279px) 100vw, 279px\" \/><\/a><\/td>\n<\/tr>\n<tr style=\"height: 30px;\">\n<td style=\"width: 50%; text-align: center; height: 30px;\"><a href=\"https:\/\/clic.xtec.cat\/projects\/taules3\/jclic.js\/index.html\"><img loading=\"lazy\" decoding=\"async\" class=\"alignnone wp-image-2094\" src=\"http:\/\/agora.xtec.cat\/escsantacolomager\/wp-content\/uploads\/usu641\/2018\/09\/baixa-3.png\" alt=\"\" width=\"289\" height=\"227\" srcset=\"https:\/\/agora.xtec.cat\/escsantacolomager\/wp-content\/uploads\/usu641\/2018\/09\/baixa-3.png 601w, https:\/\/agora.xtec.cat\/escsantacolomager\/wp-content\/uploads\/usu641\/2018\/09\/baixa-3-300x236.png 300w\" sizes=\"auto, (max-width: 289px) 100vw, 289px\" \/><\/a><\/td>\n<td style=\"width: 50%; height: 30px;\">\u00a0<a href=\"http:\/\/www.edu365.cat\/primaria\/muds\/catala\/ortografia\/cm04.htm\"><img loading=\"lazy\" decoding=\"async\" class=\"wp-image-2103 aligncenter\" src=\"http:\/\/agora.xtec.cat\/escsantacolomager\/wp-content\/uploads\/usu641\/2018\/09\/cm04.jpg\" alt=\"\" width=\"318\" height=\"212\" srcset=\"https:\/\/agora.xtec.cat\/escsantacolomager\/wp-content\/uploads\/usu641\/2018\/09\/cm04.jpg 450w, https:\/\/agora.xtec.cat\/escsantacolomager\/wp-content\/uploads\/usu641\/2018\/09\/cm04-300x200.jpg 300w\" sizes=\"auto, (max-width: 318px) 100vw, 318px\" \/><\/a><\/td>\n<\/tr>\n<tr style=\"height: 30px;\">\n<td style=\"width: 50%; text-align: center; height: 30px;\"><a href=\"https:\/\/clic.xtec.cat\/projects\/quinzet\/jclic.js\/index.html\"><img loading=\"lazy\" decoding=\"async\" class=\"alignnone wp-image-2095\" src=\"http:\/\/agora.xtec.cat\/escsantacolomager\/wp-content\/uploads\/usu641\/2018\/09\/baixa-4.png\" alt=\"\" width=\"354\" height=\"206\" srcset=\"https:\/\/agora.xtec.cat\/escsantacolomager\/wp-content\/uploads\/usu641\/2018\/09\/baixa-4.png 450w, https:\/\/agora.xtec.cat\/escsantacolomager\/wp-content\/uploads\/usu641\/2018\/09\/baixa-4-300x175.png 300w\" sizes=\"auto, (max-width: 354px) 100vw, 354px\" \/><\/a><\/td>\n<td style=\"width: 50%; height: 30px;\">\u00a0<a href=\"http:\/\/www.edu365.cat\/primaria\/muds\/catala\/ortografia\/cm05.htm\"><img loading=\"lazy\" decoding=\"async\" class=\"wp-image-2104 aligncenter\" src=\"http:\/\/agora.xtec.cat\/escsantacolomager\/wp-content\/uploads\/usu641\/2018\/09\/cm05.jpg\" alt=\"\" width=\"305\" height=\"203\" srcset=\"https:\/\/agora.xtec.cat\/escsantacolomager\/wp-content\/uploads\/usu641\/2018\/09\/cm05.jpg 450w, https:\/\/agora.xtec.cat\/escsantacolomager\/wp-content\/uploads\/usu641\/2018\/09\/cm05-300x200.jpg 300w\" sizes=\"auto, (max-width: 305px) 100vw, 305px\" \/><\/a><\/td>\n<\/tr>\n<tr style=\"height: 64px;\">\n<td style=\"width: 50%; text-align: center; height: 64px;\">\n<h3><strong>MESURA<\/strong><\/h3>\n<\/td>\n<td style=\"width: 50%; height: 64px;\">\u00a0<a href=\"http:\/\/www.edu365.cat\/primaria\/muds\/catala\/ortografia\/cm06.htm\"><img loading=\"lazy\" decoding=\"async\" class=\"wp-image-2105 aligncenter\" src=\"http:\/\/agora.xtec.cat\/escsantacolomager\/wp-content\/uploads\/usu641\/2018\/09\/cm06.jpg\" alt=\"\" width=\"329\" height=\"219\" srcset=\"https:\/\/agora.xtec.cat\/escsantacolomager\/wp-content\/uploads\/usu641\/2018\/09\/cm06.jpg 450w, https:\/\/agora.xtec.cat\/escsantacolomager\/wp-content\/uploads\/usu641\/2018\/09\/cm06-300x200.jpg 300w\" sizes=\"auto, (max-width: 329px) 100vw, 329px\" \/><\/a><\/td>\n<\/tr>\n<tr style=\"height: 30px;\">\n<td style=\"width: 50%; text-align: center; height: 30px;\"><a href=\"https:\/\/clic.xtec.cat\/projects\/horesmar\/jclic.js\/index.html\"><img loading=\"lazy\" decoding=\"async\" class=\"alignnone wp-image-2096\" src=\"http:\/\/agora.xtec.cat\/escsantacolomager\/wp-content\/uploads\/usu641\/2018\/09\/Nueva-imagen-1JPG.jpg\" alt=\"\" width=\"221\" height=\"199\" srcset=\"https:\/\/agora.xtec.cat\/escsantacolomager\/wp-content\/uploads\/usu641\/2018\/09\/Nueva-imagen-1JPG.jpg 442w, https:\/\/agora.xtec.cat\/escsantacolomager\/wp-content\/uploads\/usu641\/2018\/09\/Nueva-imagen-1JPG-300x271.jpg 300w\" sizes=\"auto, (max-width: 221px) 100vw, 221px\" \/><\/a><\/td>\n<td style=\"width: 50%; height: 30px;\">\u00a0<a href=\"http:\/\/www.edu365.cat\/primaria\/muds\/catala\/ortografia\/cm07.htm\"><img loading=\"lazy\" decoding=\"async\" class=\"wp-image-2106 aligncenter\" src=\"http:\/\/agora.xtec.cat\/escsantacolomager\/wp-content\/uploads\/usu641\/2018\/09\/cm07.jpg\" alt=\"\" width=\"315\" height=\"210\" srcset=\"https:\/\/agora.xtec.cat\/escsantacolomager\/wp-content\/uploads\/usu641\/2018\/09\/cm07.jpg 450w, https:\/\/agora.xtec.cat\/escsantacolomager\/wp-content\/uploads\/usu641\/2018\/09\/cm07-300x200.jpg 300w\" sizes=\"auto, (max-width: 315px) 100vw, 315px\" \/><\/a><\/td>\n<\/tr>\n<tr style=\"height: 30px;\">\n<td style=\"width: 50%; text-align: center; height: 30px;\"><a href=\"https:\/\/clic.xtec.cat\/projects\/hores\/jclic.js\/index.html\"><img loading=\"lazy\" decoding=\"async\" class=\"alignnone wp-image-2097\" src=\"http:\/\/agora.xtec.cat\/escsantacolomager\/wp-content\/uploads\/usu641\/2018\/09\/baixa-5.png\" alt=\"\" width=\"263\" height=\"198\" srcset=\"https:\/\/agora.xtec.cat\/escsantacolomager\/wp-content\/uploads\/usu641\/2018\/09\/baixa-5.png 475w, https:\/\/agora.xtec.cat\/escsantacolomager\/wp-content\/uploads\/usu641\/2018\/09\/baixa-5-300x225.png 300w, https:\/\/agora.xtec.cat\/escsantacolomager\/wp-content\/uploads\/usu641\/2018\/09\/baixa-5-200x150.png 200w\" sizes=\"auto, (max-width: 263px) 100vw, 263px\" \/><\/a><\/td>\n<td style=\"width: 50%; height: 30px;\">\u00a0<a href=\"http:\/\/www.edu365.cat\/primaria\/muds\/catala\/ortografia\/cm08.htm\"><img loading=\"lazy\" decoding=\"async\" class=\"wp-image-2107 aligncenter\" src=\"http:\/\/agora.xtec.cat\/escsantacolomager\/wp-content\/uploads\/usu641\/2018\/09\/cm08.jpg\" alt=\"\" width=\"311\" height=\"207\" srcset=\"https:\/\/agora.xtec.cat\/escsantacolomager\/wp-content\/uploads\/usu641\/2018\/09\/cm08.jpg 450w, https:\/\/agora.xtec.cat\/escsantacolomager\/wp-content\/uploads\/usu641\/2018\/09\/cm08-300x200.jpg 300w\" sizes=\"auto, (max-width: 311px) 100vw, 311px\" \/><\/a><\/td>\n<\/tr>\n<tr style=\"height: 30px;\">\n<td style=\"width: 50%; text-align: center; height: 30px;\"><\/td>\n<td style=\"width: 50%; height: 30px;\">\u00a0<a href=\"http:\/\/www.edu365.cat\/primaria\/muds\/catala\/ortografia\/cm09.htm\"><img loading=\"lazy\" decoding=\"async\" class=\"wp-image-2108 aligncenter\" src=\"http:\/\/agora.xtec.cat\/escsantacolomager\/wp-content\/uploads\/usu641\/2018\/09\/cm09.jpg\" alt=\"\" width=\"303\" height=\"202\" srcset=\"https:\/\/agora.xtec.cat\/escsantacolomager\/wp-content\/uploads\/usu641\/2018\/09\/cm09.jpg 450w, https:\/\/agora.xtec.cat\/escsantacolomager\/wp-content\/uploads\/usu641\/2018\/09\/cm09-300x200.jpg 300w\" sizes=\"auto, (max-width: 303px) 100vw, 303px\" \/><\/a><\/td>\n<\/tr>\n<tr>\n<td style=\"width: 50%; text-align: center;\"><\/td>\n<td style=\"width: 50%;\"><a href=\"http:\/\/www.edu365.cat\/primaria\/muds\/catala\/ortografia\/cm10.htm\"><img loading=\"lazy\" decoding=\"async\" class=\"wp-image-2109 aligncenter\" src=\"http:\/\/agora.xtec.cat\/escsantacolomager\/wp-content\/uploads\/usu641\/2018\/09\/cm10.jpg\" alt=\"\" width=\"303\" height=\"202\" srcset=\"https:\/\/agora.xtec.cat\/escsantacolomager\/wp-content\/uploads\/usu641\/2018\/09\/cm10.jpg 450w, https:\/\/agora.xtec.cat\/escsantacolomager\/wp-content\/uploads\/usu641\/2018\/09\/cm10-300x200.jpg 300w\" sizes=\"auto, (max-width: 303px) 100vw, 303px\" \/><\/a><\/td>\n<\/tr>\n<\/tbody>\n<\/table>\n","protected":false},"excerpt":{"rendered":"<p>&nbsp;<\/p>\n<p>Racons matem\u00e0tics<\/p>\n<p>Racons de llengua<\/p>\n<p>N\u00daMERACI\u00d3 I C\u00c0LCUL<\/p>\n<p><a href=\"https:\/\/clic.xtec.cat\/projects\/jugcalc\/jclic.js\/index.html\"><\/a><br \/>\n\u00a0<a href=\"http:\/\/www.edu365.cat\/primaria\/muds\/catala\/ortografia\/cm01.htm\"><\/a><\/p>\n<p><a href=\"https:\/\/clic.xtec.cat\/projects\/paresena\/jclic.js\/index.html\"><\/a><br \/>\n<a href=\"http:\/\/www.edu365.cat\/primaria\/muds\/catala\/ortografia\/cm02.htm\"><\/a><\/p>\n<p><a href=\"https:\/\/clic.xtec.cat\/projects\/sudocat\/jclic.js\/index.html\"><\/a><br \/>\n\u00a0<a href=\"http:\/\/www.edu365.cat\/primaria\/muds\/catala\/ortografia\/cm03.htm\"><\/a><\/p>\n<p><a href=\"https:\/\/clic.xtec.cat\/projects\/taules3\/jclic.js\/index.html\"><\/a><br \/>\n\u00a0<a href=\"http:\/\/www.edu365.cat\/primaria\/muds\/catala\/ortografia\/cm04.htm\"><\/a><\/p>\n<p><a href=\"https:\/\/clic.xtec.cat\/projects\/quinzet\/jclic.js\/index.html\"><\/a><br \/>\n\u00a0<a href=\"http:\/\/www.edu365.cat\/primaria\/muds\/catala\/ortografia\/cm05.htm\"><\/a><\/p>\n<p>MESURA<\/p>\n<p>\u00a0<a href=\"http:\/\/www.edu365.cat\/primaria\/muds\/catala\/ortografia\/cm06.htm\"><\/a><\/p>\n<p><a href=\"https:\/\/clic.xtec.cat\/projects\/horesmar\/jclic.js\/index.html\"><\/a><br \/>\n\u00a0<a href=\"http:\/\/www.edu365.cat\/primaria\/muds\/catala\/ortografia\/cm07.htm\"><\/a><\/p>\n<p><a href=\"https:\/\/clic.xtec.cat\/projects\/hores\/jclic.js\/index.html\"><\/a><br \/>\n\u00a0<a href=\"http:\/\/www.edu365.cat\/primaria\/muds\/catala\/ortografia\/cm08.htm\"><\/a><\/p>\n<p>\u00a0<a href=\"http:\/\/www.edu365.cat\/primaria\/muds\/catala\/ortografia\/cm09.htm\"><\/a><\/p>\n<p><a href=\"http:\/\/www.edu365.cat\/primaria\/muds\/catala\/ortografia\/cm10.htm\"><\/a><\/p>\n","protected":false},"author":1,"featured_media":0,"parent":0,"menu_order":0,"comment_status":"closed","ping_status":"closed","template":"","meta":{"_bbp_topic_count":0,"_bbp_reply_count":0,"_bbp_total_topic_count":0,"_bbp_total_reply_count":0,"_bbp_voice_count":0,"_bbp_anonymous_reply_count":0,"_bbp_topic_count_hidden":0,"_bbp_reply_count_hidden":0,"_bbp_forum_subforum_count":0,"footnotes":""},"class_list":["post-2080","page","type-page","status-publish","hentry"],"post_mailing_queue_ids":[],"_links":{"self":[{"href":"https:\/\/agora.xtec.cat\/escsantacolomager\/wp-json\/wp\/v2\/pages\/2080","targetHints":{"allow":["GET"]}}],"collection":[{"href":"https:\/\/agora.xtec.cat\/escsantacolomager\/wp-json\/wp\/v2\/pages"}],"about":[{"href":"https:\/\/agora.xtec.cat\/escsantacolomager\/wp-json\/wp\/v2\/types\/page"}],"author":[{"embeddable":true,"href":"https:\/\/agora.xtec.cat\/escsantacolomager\/wp-json\/wp\/v2\/users\/1"}],"replies":[{"embeddable":true,"href":"https:\/\/agora.xtec.cat\/escsantacolomager\/wp-json\/wp\/v2\/comments?post=2080"}],"version-history":[{"count":3,"href":"https:\/\/agora.xtec.cat\/escsantacolomager\/wp-json\/wp\/v2\/pages\/2080\/revisions"}],"predecessor-version":[{"id":2110,"href":"https:\/\/agora.xtec.cat\/escsantacolomager\/wp-json\/wp\/v2\/pages\/2080\/revisions\/2110"}],"wp:attachment":[{"href":"https:\/\/agora.xtec.cat\/escsantacolomager\/wp-json\/wp\/v2\/media?parent=2080"}],"curies":[{"name":"wp","href":"https:\/\/api.w.org\/{rel}","templated":true}]}}