{"id":1750,"date":"2018-03-19T10:52:18","date_gmt":"2018-03-19T09:52:18","guid":{"rendered":"http:\/\/agora.xtec.cat\/escsantacolomager\/?page_id=1750"},"modified":"2018-03-20T11:25:23","modified_gmt":"2018-03-20T10:25:23","slug":"certamen-lectura-en-veu-alta","status":"publish","type":"page","link":"https:\/\/agora.xtec.cat\/escsantacolomager\/certamen-lectura-en-veu-alta\/","title":{"rendered":"Certamen Nacional de Lectura en Veu Alta"},"content":{"rendered":"<p style=\"text-align: justify;\">Des del curs 2013 -2014, la nostra escola participa al <strong><em>Certamen Nacional de Lectura en Veu Alta<\/em><\/strong>.<\/p>\n<p style=\"text-align: justify;\">Els cursos que poden participar al concurs s\u00f3n els de cicle mitj\u00e0 i cicle superior i, cada any, s&#8217;ha d&#8217;escollir un representant per cada cicle i un suplent, per si un cas.\u00a0A l&#8217;escola, sempre hem intentat que la decisi\u00f3 d&#8217;escollir el\/la representant sigui el m\u00e0xim de democr\u00e0tica possible. Per aquest motiu, el\/la representant (tan de cicle mitj\u00e0 com de cicle superior) per anar al concurs s&#8217;escull conjuntament mestre\/a i alumnes.<\/p>\n<p style=\"text-align: justify;\">A l&#8217;inici de cada curs, els mestres responsables de cada cicle, donen una lectura als alumnes perqu\u00e8, aquests, se la puguin preparar a casa. Llavors, un dia concret s&#8217;organitza un concurs a nivell d&#8217;aula per decidir qui ser\u00e0 el\/la representant del cicle. Tots els\/les alumnes llegeixen mentre la resta els puntua sota uns criteris acordats pr\u00e8viament: veu, to, postura, etc. Amb la suma de les puntuacions i fent-ne la mitja, aconseguim saber qui \u00e9s l&#8217;escollit\/da.<\/p>\n<p style=\"text-align: justify;\">Encara que costi de creure, el resultat final \u00e9s just ja que, despr\u00e9s de totes les participacions, l&#8217;experi\u00e8ncia ens ha demostrat que els\/les alumnes saben veure qui t\u00e9 m\u00e9s aptituds i capacitats per afrontar el repte del Certamen.<\/p>\n<p style=\"text-align: justify;\">A continuaci\u00f3, teniu els logos dels diferents concursos als quals hem participat. Per consultar les fotografies i els v\u00eddeos de cada participaci\u00f3, nom\u00e9s cal que cliqueu sobre la imatge.<\/p>\n<figure class=\"figure wp-caption aligncenter\"><a href=\"http:\/\/agora.xtec.cat\/escsantacolomager\/x-certamen-nacional-de-lectura-en-veu-alta\/\"><img loading=\"lazy\" decoding=\"async\" class=\"wp-image-1769 size-full\" src=\"http:\/\/agora.xtec.cat\/escsantacolomager\/wp-content\/uploads\/usu641\/2018\/03\/imatge-veu-alta-per-facebook-2013.jpg\" alt=\"\" width=\"265\" height=\"265\" srcset=\"https:\/\/agora.xtec.cat\/escsantacolomager\/wp-content\/uploads\/usu641\/2018\/03\/imatge-veu-alta-per-facebook-2013.jpg 265w, https:\/\/agora.xtec.cat\/escsantacolomager\/wp-content\/uploads\/usu641\/2018\/03\/imatge-veu-alta-per-facebook-2013-150x150.jpg 150w\" sizes=\"auto, (max-width: 265px) 100vw, 265px\" \/><\/a><figcaption class=\"wp-caption-text\">Clica per consultar la participaci\u00f3 al X Certamen Nacional de Lectura en Veu Alta<\/figcaption><\/figure>\n<p>&nbsp;<\/p>\n<figure class=\"figure wp-caption aligncenter\"><a href=\"http:\/\/agora.xtec.cat\/escsantacolomager\/xi-certamen-nacional-de-lectura-en-veu-alta\/\"><img loading=\"lazy\" decoding=\"async\" class=\"wp-image-1766\" src=\"http:\/\/agora.xtec.cat\/escsantacolomager\/wp-content\/uploads\/usu641\/2018\/03\/logo-e1425653519367.jpg\" alt=\"\" width=\"273\" height=\"273\" srcset=\"https:\/\/agora.xtec.cat\/escsantacolomager\/wp-content\/uploads\/usu641\/2018\/03\/logo-e1425653519367.jpg 498w, https:\/\/agora.xtec.cat\/escsantacolomager\/wp-content\/uploads\/usu641\/2018\/03\/logo-e1425653519367-150x150.jpg 150w, https:\/\/agora.xtec.cat\/escsantacolomager\/wp-content\/uploads\/usu641\/2018\/03\/logo-e1425653519367-300x300.jpg 300w\" sizes=\"auto, (max-width: 273px) 100vw, 273px\" \/><\/a><figcaption class=\"wp-caption-text\">Clica per consultar la participaci\u00f3 al XI Certamen Nacional de Lectura en Veu Alta<\/figcaption><\/figure>\n<p>&nbsp;<\/p>\n<figure class=\"figure wp-caption aligncenter\"><a href=\"http:\/\/agora.xtec.cat\/escsantacolomager\/xii-certamen-nacional-de-lectura-en-veu-alta\/\"><img loading=\"lazy\" decoding=\"async\" class=\"wp-image-1758\" src=\"http:\/\/agora.xtec.cat\/escsantacolomager\/wp-content\/uploads\/usu641\/2018\/03\/2015-2016.jpg\" alt=\"\" width=\"278\" height=\"278\" srcset=\"https:\/\/agora.xtec.cat\/escsantacolomager\/wp-content\/uploads\/usu641\/2018\/03\/2015-2016.jpg 531w, https:\/\/agora.xtec.cat\/escsantacolomager\/wp-content\/uploads\/usu641\/2018\/03\/2015-2016-150x150.jpg 150w, https:\/\/agora.xtec.cat\/escsantacolomager\/wp-content\/uploads\/usu641\/2018\/03\/2015-2016-300x300.jpg 300w\" sizes=\"auto, (max-width: 278px) 100vw, 278px\" \/><\/a><figcaption class=\"wp-caption-text\">Clica per consultar la participaci\u00f3 al XII Certamen Nacional de Lectura en Veu Alta<\/figcaption><\/figure>\n<p>&nbsp;<\/p>\n<figure class=\"figure wp-caption aligncenter\"><a href=\" http:\/\/agora.xtec.cat\/escsantacolomager\/xiii-certamen-nacional-de-lectura-en-veu-alta\/\"><img loading=\"lazy\" decoding=\"async\" class=\"wp-image-1759\" src=\"http:\/\/agora.xtec.cat\/escsantacolomager\/wp-content\/uploads\/usu641\/2018\/03\/2016-2017.jpg\" alt=\"\" width=\"275\" height=\"275\" srcset=\"https:\/\/agora.xtec.cat\/escsantacolomager\/wp-content\/uploads\/usu641\/2018\/03\/2016-2017.jpg 531w, https:\/\/agora.xtec.cat\/escsantacolomager\/wp-content\/uploads\/usu641\/2018\/03\/2016-2017-150x150.jpg 150w, https:\/\/agora.xtec.cat\/escsantacolomager\/wp-content\/uploads\/usu641\/2018\/03\/2016-2017-300x300.jpg 300w\" sizes=\"auto, (max-width: 275px) 100vw, 275px\" \/><\/a><figcaption class=\"wp-caption-text\">Clica per consultar la participaci\u00f3 al XIII Certamen Nacional de Lectura en Veu Alta<\/figcaption><\/figure>\n<p>&nbsp;<\/p>\n<figure class=\"figure wp-caption aligncenter\"><a href=\"http:\/\/agora.xtec.cat\/escsantacolomager\/xiv-certamen-nacional-de-lectura-en-veu-alta\/\"><img loading=\"lazy\" decoding=\"async\" class=\"wp-image-1757\" src=\"http:\/\/agora.xtec.cat\/escsantacolomager\/wp-content\/uploads\/usu641\/2018\/03\/XIV-CLVA.jpg\" alt=\"\" width=\"281\" height=\"262\" \/><\/a><figcaption class=\"wp-caption-text\">Clica per consultar la participaci\u00f3 al XIV Certamen Nacional de Lectura en Veu Alta<\/figcaption><\/figure>\n","protected":false},"excerpt":{"rendered":"<p>Des del curs 2013 -2014, la nostra escola participa al Certamen Nacional de Lectura en Veu Alta.<br \/>\nEls cursos que poden participar al concurs s\u00f3n els de cicle mitj\u00e0 i cicle superior i, cada any, s&#8217;ha d&#8217;escollir un representant per cada cicle i un suplent, per&hellip;  <a href=\"https:\/\/agora.xtec.cat\/escsantacolomager\/certamen-lectura-en-veu-alta\/\" title=\"Read Certamen Nacional de Lectura en Veu Alta\">Llegeix m\u00e9s\u00bb<\/a><\/p>\n","protected":false},"author":1,"featured_media":0,"parent":0,"menu_order":0,"comment_status":"closed","ping_status":"closed","template":"","meta":{"_bbp_topic_count":0,"_bbp_reply_count":0,"_bbp_total_topic_count":0,"_bbp_total_reply_count":0,"_bbp_voice_count":0,"_bbp_anonymous_reply_count":0,"_bbp_topic_count_hidden":0,"_bbp_reply_count_hidden":0,"_bbp_forum_subforum_count":0,"footnotes":""},"class_list":["post-1750","page","type-page","status-publish","hentry"],"post_mailing_queue_ids":[],"_links":{"self":[{"href":"https:\/\/agora.xtec.cat\/escsantacolomager\/wp-json\/wp\/v2\/pages\/1750","targetHints":{"allow":["GET"]}}],"collection":[{"href":"https:\/\/agora.xtec.cat\/escsantacolomager\/wp-json\/wp\/v2\/pages"}],"about":[{"href":"https:\/\/agora.xtec.cat\/escsantacolomager\/wp-json\/wp\/v2\/types\/page"}],"author":[{"embeddable":true,"href":"https:\/\/agora.xtec.cat\/escsantacolomager\/wp-json\/wp\/v2\/users\/1"}],"replies":[{"embeddable":true,"href":"https:\/\/agora.xtec.cat\/escsantacolomager\/wp-json\/wp\/v2\/comments?post=1750"}],"version-history":[{"count":3,"href":"https:\/\/agora.xtec.cat\/escsantacolomager\/wp-json\/wp\/v2\/pages\/1750\/revisions"}],"predecessor-version":[{"id":1781,"href":"https:\/\/agora.xtec.cat\/escsantacolomager\/wp-json\/wp\/v2\/pages\/1750\/revisions\/1781"}],"wp:attachment":[{"href":"https:\/\/agora.xtec.cat\/escsantacolomager\/wp-json\/wp\/v2\/media?parent=1750"}],"curies":[{"name":"wp","href":"https:\/\/api.w.org\/{rel}","templated":true}]}}