{"id":26,"date":"2014-09-18T12:24:32","date_gmt":"2014-09-18T11:24:32","guid":{"rendered":"http:\/\/agora.xtec.cat\/escsantaceciliabolvir\/?page_id=26"},"modified":"2020-04-27T11:32:37","modified_gmt":"2020-04-27T09:32:37","slug":"historia","status":"publish","type":"page","link":"https:\/\/agora.xtec.cat\/escsantaceciliabolvir\/lescola\/historia\/","title":{"rendered":"Hist\u00f2ria"},"content":{"rendered":"<p>L&#8217;escola Santa Cec\u00edlia de Bolvir estava ubicada en un \u00e0ntic edifici situat en un pujador de dif\u00edcil acc\u00e9s i poques reformes, fins l&#8217;any 2011 que l&#8217;Ajuntament va exposar que construiria una escola nova i aix\u00ed va ser. Actualment l&#8217;escola s&#8217;ubica al costat del poliesportiu, en un edifici nou de planta baixa on es troba\u00a0 annex la llar d&#8217;infants l&#8217;Oreneta.<\/p>\n<div>El dia 2 d&#8217;agost de 2014, el delegat del Govern, Eudald Casades\u00fas, acompanyat de l\u2019alcalde de Bolvir,<\/div>\n<div><\/div>\n<div>Bartomeu Baqu\u00e9, van inaugurar\u00a0 l\u2019Escola Santa Cec\u00edlia i l\u2019Escola Bressol l\u2019Oreneta. El director dels<\/div>\n<div><\/div>\n<div>Serveis Territorials d\u2019Ensenyament, Albert Bayot, tamb\u00e9 va assistir a l\u2019acte.<\/div>\n<p>&nbsp;<\/p>\n<p>Gr\u00e0cies a tothom per la seva implicaci\u00f3. L&#8217;escola \u00e9s la vida del poble!<\/p>\n<p><a href=\"http:\/\/agora.xtec.cat\/escsantaceciliabolvir\/wp-content\/uploads\/usu1389\/2014\/09\/IMAG0120.jpg\"><img loading=\"lazy\" decoding=\"async\" class=\"aligncenter size-large wp-image-611\" src=\"http:\/\/agora.xtec.cat\/escsantaceciliabolvir\/wp-content\/uploads\/usu1389\/2014\/09\/IMAG0120-1024x579.jpg\" alt=\"imag0120\" width=\"1024\" height=\"579\" srcset=\"https:\/\/agora.xtec.cat\/escsantaceciliabolvir\/wp-content\/uploads\/usu1389\/2014\/09\/IMAG0120-1024x579.jpg 1024w, https:\/\/agora.xtec.cat\/escsantaceciliabolvir\/wp-content\/uploads\/usu1389\/2014\/09\/IMAG0120-300x170.jpg 300w, https:\/\/agora.xtec.cat\/escsantaceciliabolvir\/wp-content\/uploads\/usu1389\/2014\/09\/IMAG0120-768x434.jpg 768w\" sizes=\"auto, (max-width: 1024px) 100vw, 1024px\" \/><\/a><\/p>\n","protected":false},"excerpt":{"rendered":"<p>L&#8217;escola Santa Cec\u00edlia de Bolvir estava ubicada en un \u00e0ntic edifici situat en un pujador de dif\u00edcil acc\u00e9s i poques reformes, fins l&#8217;any 2011 que l&#8217;Ajuntament va exposar que construiria una escola nova i aix\u00ed va ser. Actualment l&#8217;escola s&#8217;ubica al costat del poliesportiu, en&hellip;  <a href=\"https:\/\/agora.xtec.cat\/escsantaceciliabolvir\/lescola\/historia\/\" title=\"Read Hist\u00f2ria\">Llegeix m\u00e9s\u00bb<\/a><\/p>\n","protected":false},"author":1,"featured_media":0,"parent":22,"menu_order":20,"comment_status":"closed","ping_status":"closed","template":"page-templates\/side-menu.php","meta":{"_bbp_topic_count":0,"_bbp_reply_count":0,"_bbp_total_topic_count":0,"_bbp_total_reply_count":0,"_bbp_voice_count":0,"_bbp_anonymous_reply_count":0,"_bbp_topic_count_hidden":0,"_bbp_reply_count_hidden":0,"_bbp_forum_subforum_count":0,"footnotes":""},"class_list":["post-26","page","type-page","status-publish","hentry"],"post_mailing_queue_ids":[],"_links":{"self":[{"href":"https:\/\/agora.xtec.cat\/escsantaceciliabolvir\/wp-json\/wp\/v2\/pages\/26","targetHints":{"allow":["GET"]}}],"collection":[{"href":"https:\/\/agora.xtec.cat\/escsantaceciliabolvir\/wp-json\/wp\/v2\/pages"}],"about":[{"href":"https:\/\/agora.xtec.cat\/escsantaceciliabolvir\/wp-json\/wp\/v2\/types\/page"}],"author":[{"embeddable":true,"href":"https:\/\/agora.xtec.cat\/escsantaceciliabolvir\/wp-json\/wp\/v2\/users\/1"}],"replies":[{"embeddable":true,"href":"https:\/\/agora.xtec.cat\/escsantaceciliabolvir\/wp-json\/wp\/v2\/comments?post=26"}],"version-history":[{"count":3,"href":"https:\/\/agora.xtec.cat\/escsantaceciliabolvir\/wp-json\/wp\/v2\/pages\/26\/revisions"}],"predecessor-version":[{"id":742,"href":"https:\/\/agora.xtec.cat\/escsantaceciliabolvir\/wp-json\/wp\/v2\/pages\/26\/revisions\/742"}],"up":[{"embeddable":true,"href":"https:\/\/agora.xtec.cat\/escsantaceciliabolvir\/wp-json\/wp\/v2\/pages\/22"}],"wp:attachment":[{"href":"https:\/\/agora.xtec.cat\/escsantaceciliabolvir\/wp-json\/wp\/v2\/media?parent=26"}],"curies":[{"name":"wp","href":"https:\/\/api.w.org\/{rel}","templated":true}]}}