{"id":2490,"date":"2024-10-19T21:52:03","date_gmt":"2024-10-19T19:52:03","guid":{"rendered":"https:\/\/agora.xtec.cat\/escsantaceciliabolvir\/?page_id=2490"},"modified":"2024-10-19T21:54:56","modified_gmt":"2024-10-19T19:54:56","slug":"formacio","status":"publish","type":"page","link":"https:\/\/agora.xtec.cat\/escsantaceciliabolvir\/formacio\/","title":{"rendered":"FORMACI\u00d3"},"content":{"rendered":"<p><b><span style=\"font-weight: 400;\">Des de l&#8217;escola, amb la nostra voluntat de millora i innovaci\u00f3, el claustre participa en diferents formacions per tal d&#8217;oferir una millor qualitat i resposta a l&#8217;educaci\u00f3 dels vostres fills i filles. Aquest curs en formem en:<\/span><\/b><\/p>\n<ul>\n<li aria-level=\"1\"><b>Xarxa de compet\u00e8ncies b\u00e0siques:<\/b><span style=\"font-weight: 400;\"> iniciar i participar en processos de reflexi\u00f3-acci\u00f3 en equip i en xarxa per transformar l\u2019escola en un espai que afavoreixi l\u2019aprenentatge i ajudi els docents a millorar el seu desenvolupament professional i als centres a constituir-se en organitzacions que aprenen.<\/span><\/li>\n<\/ul>\n<ul>\n<li aria-level=\"1\"><b>Xarxa de compet\u00e8ncia lectora i millora :<\/b><span style=\"font-weight: 400;\"> vol promoure l\u2019aprenentatge entre iguals, mitjan\u00e7ant la reflexi\u00f3, l\u2019intercanvi de coneixements i de bones pr\u00e0ctiques, aix\u00ed com oferir i compartir materials, eines, estrat\u00e8gies i activitats per millorar la comprensi\u00f3 lectora d\u2019infants.<\/span><\/li>\n<\/ul>\n<ul>\n<li aria-level=\"1\"><b>Suport signat a l&#8217;escola:<\/b><span style=\"font-weight: 400;\"> aquesta formaci\u00f3 t\u00e9 com a objectiu con\u00e8ixer el recurs del suport signat i saber-lo utilitzar per millorar la comunicaci\u00f3 en la llengua oral.<\/span><\/li>\n<\/ul>\n<ul>\n<li aria-level=\"1\"><b>Acci\u00f3 tutorial: <\/b><span style=\"font-weight: 400;\">l\u2019objectiu es compartir materials, recursos i propostes did\u00e0ctiques per tal que els docents de prim\u00e0ria puguin acompanyar al llarg de l\u2019etapa al seu alumnat en la presa de decisions respecte del seu projecte de vida tenint present la part personal, social, acad\u00e8mica i professional segons les pr\u00f2pies possibilitats.<\/span><\/li>\n<\/ul>\n<ul>\n<li aria-level=\"1\"><b>Coordinaci\u00f3 equips directius. Direccions: <\/b><span style=\"font-weight: 400;\">\u00a0Crear un espai per a la coordinaci\u00f3 entre les diferents direccions de la comarca, fomentar la col\u00b7laboraci\u00f3 i el treball en xarxa entre escoles, analitzar i compartir bones pr\u00e0ctiques en la gesti\u00f3 escolar i identificar i resoldre problemes comuns en la direcci\u00f3 dels centres de la comarca<\/span><\/li>\n<\/ul>\n<ul>\n<li aria-level=\"1\"><b>Formaci\u00f3 espec\u00edfica esfera:<\/b><span style=\"font-weight: 400;\"> aquesta formaci\u00f3 t\u00e9 com a objectiu establir bones pr\u00e0ctiques de gesti\u00f3 econ\u00f2mica al centre, con\u00e8ixer els conceptes b\u00e0sics de la gesti\u00f3 econ\u00f2mica,<\/span><span style=\"font-weight: 400;\"><br \/>\n<\/span><span style=\"font-weight: 400;\">aprendre a utilitzar l&#8217;aplicaci\u00f3 Esfera en l&#8217;\u00e0mbit de la gesti\u00f3 econ\u00f2mica i con\u00e8ixer la gesti\u00f3 de la contractaci\u00f3 de serveis i subministraments.<\/span><\/li>\n<\/ul>\n<ul>\n<li aria-level=\"1\"><b>Interpretaci\u00f3 del llenguatge corporal. <\/b><span style=\"font-weight: 400;\">con\u00e8ixer els secrets de la comunicaci\u00f3, com influeix la comunicaci\u00f3 no verbal en el nostre comportament i interpretar en llenguatge corporal en contextos educatius. Aix\u00ed com les particularitats del llenguatge corporal en la poblaci\u00f3 infantil.\u00a0<\/span><\/li>\n<\/ul>\n<ul>\n<li aria-level=\"1\"><b>Taller Matem\u00e0tic:<\/b><span style=\"font-weight: 400;\"> en la qual es preparen les diferents activitats i materials que es duran a terme aquest curs a la fira matem\u00e0tica, en la qual participen diferents escoles en una trobada d&#8217;escoles de la comarca.<\/span><\/li>\n<\/ul>\n<p><span style=\"font-weight: 400;\">Aprofitem per informar-vos que a part de la formaci\u00f3, el claustre assisteix en xerrades, cicles i confer\u00e8ncies com per exemple:<\/span><\/p>\n<ul>\n<li aria-level=\"1\"><b>Compartim i reflexionem. Cicle de confer\u00e8ncies.<\/b><\/li>\n<\/ul>\n<ul>\n<li aria-level=\"1\"><b>Confer\u00e8ncia IA: un nou paradigma.<\/b><\/li>\n<\/ul>\n<h6 style=\"text-align: justify;\"><\/h6>\n","protected":false},"excerpt":{"rendered":"<p>Des de l&#8217;escola, amb la nostra voluntat de millora i innovaci\u00f3, el claustre participa en diferents formacions per tal d&#8217;oferir una millor qualitat i resposta a l&#8217;educaci\u00f3 dels vostres fills i filles. Aquest curs en formem en:<\/p>\n<ul>\n<li aria-level=\"1\">Xarxa de compet\u00e8ncies b\u00e0siques: iniciar i participar en&hellip;  <a href=\"https:\/\/agora.xtec.cat\/escsantaceciliabolvir\/formacio\/\" title=\"Read FORMACI\u00d3\">Llegeix m\u00e9s\u00bb<\/a><br \/>\n","protected":false},"author":1,"featured_media":0,"parent":0,"menu_order":0,"comment_status":"closed","ping_status":"closed","template":"","meta":{"_bbp_topic_count":0,"_bbp_reply_count":0,"_bbp_total_topic_count":0,"_bbp_total_reply_count":0,"_bbp_voice_count":0,"_bbp_anonymous_reply_count":0,"_bbp_topic_count_hidden":0,"_bbp_reply_count_hidden":0,"_bbp_forum_subforum_count":0,"footnotes":""},"class_list":["post-2490","page","type-page","status-publish","hentry"],"post_mailing_queue_ids":[],"_links":{"self":[{"href":"https:\/\/agora.xtec.cat\/escsantaceciliabolvir\/wp-json\/wp\/v2\/pages\/2490","targetHints":{"allow":["GET"]}}],"collection":[{"href":"https:\/\/agora.xtec.cat\/escsantaceciliabolvir\/wp-json\/wp\/v2\/pages"}],"about":[{"href":"https:\/\/agora.xtec.cat\/escsantaceciliabolvir\/wp-json\/wp\/v2\/types\/page"}],"author":[{"embeddable":true,"href":"https:\/\/agora.xtec.cat\/escsantaceciliabolvir\/wp-json\/wp\/v2\/users\/1"}],"replies":[{"embeddable":true,"href":"https:\/\/agora.xtec.cat\/escsantaceciliabolvir\/wp-json\/wp\/v2\/comments?post=2490"}],"version-history":[{"count":4,"href":"https:\/\/agora.xtec.cat\/escsantaceciliabolvir\/wp-json\/wp\/v2\/pages\/2490\/revisions"}],"predecessor-version":[{"id":2495,"href":"https:\/\/agora.xtec.cat\/escsantaceciliabolvir\/wp-json\/wp\/v2\/pages\/2490\/revisions\/2495"}],"wp:attachment":[{"href":"https:\/\/agora.xtec.cat\/escsantaceciliabolvir\/wp-json\/wp\/v2\/media?parent=2490"}],"curies":[{"name":"wp","href":"https:\/\/api.w.org\/{rel}","templated":true}]}}