{"id":22,"date":"2014-09-18T12:19:57","date_gmt":"2014-09-18T11:19:57","guid":{"rendered":"http:\/\/agora.xtec.cat\/escsantaceciliabolvir\/?page_id=22"},"modified":"2017-02-28T23:20:11","modified_gmt":"2017-02-28T22:20:11","slug":"lescola","status":"publish","type":"page","link":"https:\/\/agora.xtec.cat\/escsantaceciliabolvir\/lescola\/","title":{"rendered":"L&#8217;escola"},"content":{"rendered":"<p>L&#8217;escola Santa Cec\u00edlia \u00e9s una escola rural ubicada al poble de Bolvir, \u00e9s un centre de nova construcci\u00f3 que es va inaugurar l&#8217;any 2014.<\/p>\n<p>PODEU CLICAR AL LINK I VEUREU EL PARLAMENT<\/p>\n<p><a href=\"http:\/\/agora.xtec.cat\/escsantaceciliabolvir\/wp-content\/uploads\/usu1389\/2014\/09\/INAUGURACIO-PARLAMENT-bPDF.pdf\">PARLAMENT INAUGURACI\u00d3<\/a><\/p>\n<p>EN EL SEG\u00dcENT LINK HI HA UN COLLAGE DE FOTOS<\/p>\n<p><a href=\"https:\/\/goo.gl\/photos\/uS3pFkhmu68ptzML9\">https:\/\/goo.gl\/photos\/uS3pFkhmu68ptzML9<\/a><\/p>\n<p>&nbsp;<\/p>\n","protected":false},"excerpt":{"rendered":"<p>L&#8217;escola Santa Cec\u00edlia \u00e9s una escola rural ubicada al poble de Bolvir, \u00e9s un centre de nova construcci\u00f3 que es va inaugurar l&#8217;any 2014.<br \/>\nPODEU CLICAR AL LINK I VEUREU EL PARLAMENT<br \/>\n<a href=\"http:\/\/agora.xtec.cat\/escsantaceciliabolvir\/wp-content\/uploads\/usu1389\/2014\/09\/INAUGURACIO-PARLAMENT-bPDF.pdf\">PARLAMENT INAUGURACI\u00d3<\/a><br \/>\nEN EL SEG\u00dcENT LINK HI HA UN COLLAGE DE FOTOS<br \/>\n<a href=\"https:\/\/goo.gl\/photos\/uS3pFkhmu68ptzML9\">https:\/\/goo.gl\/photos\/uS3pFkhmu68ptzML9<\/a><br \/>\n&nbsp;<\/p>\n","protected":false},"author":1,"featured_media":0,"parent":0,"menu_order":0,"comment_status":"closed","ping_status":"closed","template":"page-templates\/side-menu.php","meta":{"_bbp_topic_count":0,"_bbp_reply_count":0,"_bbp_total_topic_count":0,"_bbp_total_reply_count":0,"_bbp_voice_count":0,"_bbp_anonymous_reply_count":0,"_bbp_topic_count_hidden":0,"_bbp_reply_count_hidden":0,"_bbp_forum_subforum_count":0,"footnotes":""},"class_list":["post-22","page","type-page","status-publish","hentry"],"post_mailing_queue_ids":[],"_links":{"self":[{"href":"https:\/\/agora.xtec.cat\/escsantaceciliabolvir\/wp-json\/wp\/v2\/pages\/22","targetHints":{"allow":["GET"]}}],"collection":[{"href":"https:\/\/agora.xtec.cat\/escsantaceciliabolvir\/wp-json\/wp\/v2\/pages"}],"about":[{"href":"https:\/\/agora.xtec.cat\/escsantaceciliabolvir\/wp-json\/wp\/v2\/types\/page"}],"author":[{"embeddable":true,"href":"https:\/\/agora.xtec.cat\/escsantaceciliabolvir\/wp-json\/wp\/v2\/users\/1"}],"replies":[{"embeddable":true,"href":"https:\/\/agora.xtec.cat\/escsantaceciliabolvir\/wp-json\/wp\/v2\/comments?post=22"}],"version-history":[{"count":4,"href":"https:\/\/agora.xtec.cat\/escsantaceciliabolvir\/wp-json\/wp\/v2\/pages\/22\/revisions"}],"predecessor-version":[{"id":2376,"href":"https:\/\/agora.xtec.cat\/escsantaceciliabolvir\/wp-json\/wp\/v2\/pages\/22\/revisions\/2376"}],"wp:attachment":[{"href":"https:\/\/agora.xtec.cat\/escsantaceciliabolvir\/wp-json\/wp\/v2\/media?parent=22"}],"curies":[{"name":"wp","href":"https:\/\/api.w.org\/{rel}","templated":true}]}}