{"id":1373,"date":"2019-10-14T11:00:33","date_gmt":"2019-10-14T09:00:33","guid":{"rendered":"http:\/\/agora.xtec.cat\/escsantaceciliabolvir\/?page_id=1373"},"modified":"2019-10-14T11:58:49","modified_gmt":"2019-10-14T09:58:49","slug":"projecte-linguistic","status":"publish","type":"page","link":"https:\/\/agora.xtec.cat\/escsantaceciliabolvir\/projecte-educatiu\/projecte-linguistic\/","title":{"rendered":"Projecte ling\u00fc\u00edstic"},"content":{"rendered":"<p>Si voleu consultar el projecte ling\u00fc\u00edstic de tota la ZER Cerdanya, nom\u00e9s cal que cliqueu sobre de l\u2019enlla\u00e7 que hi ha a continuaci\u00f3:<\/p>\n<p>&nbsp;<\/p>\n<p style=\"text-align: center;\"><a href=\"https:\/\/drive.google.com\/file\/d\/1QxzblcY5Iwtpry5HpB3XZ6RM4zhFuWqF\/view?usp=sharing\">PROJECTE LING\u00dc\u00cdSTIC DE LA ZER CERDANYA<\/a><\/p>\n","protected":false},"excerpt":{"rendered":"<p>Si voleu consultar el projecte ling\u00fc\u00edstic de tota la ZER Cerdanya, nom\u00e9s cal que cliqueu sobre de l\u2019enlla\u00e7 que hi ha a continuaci\u00f3:<br \/>\n&nbsp;<br \/>\n<a href=\"https:\/\/drive.google.com\/file\/d\/1QxzblcY5Iwtpry5HpB3XZ6RM4zhFuWqF\/view?usp=sharing\">PROJECTE LING\u00dc\u00cdSTIC DE LA ZER CERDANYA<\/a><\/p>\n","protected":false},"author":1,"featured_media":0,"parent":64,"menu_order":0,"comment_status":"closed","ping_status":"closed","template":"page-templates\/side-menu.php","meta":{"_bbp_topic_count":0,"_bbp_reply_count":0,"_bbp_total_topic_count":0,"_bbp_total_reply_count":0,"_bbp_voice_count":0,"_bbp_anonymous_reply_count":0,"_bbp_topic_count_hidden":0,"_bbp_reply_count_hidden":0,"_bbp_forum_subforum_count":0,"footnotes":""},"class_list":["post-1373","page","type-page","status-publish","hentry"],"post_mailing_queue_ids":[],"_links":{"self":[{"href":"https:\/\/agora.xtec.cat\/escsantaceciliabolvir\/wp-json\/wp\/v2\/pages\/1373","targetHints":{"allow":["GET"]}}],"collection":[{"href":"https:\/\/agora.xtec.cat\/escsantaceciliabolvir\/wp-json\/wp\/v2\/pages"}],"about":[{"href":"https:\/\/agora.xtec.cat\/escsantaceciliabolvir\/wp-json\/wp\/v2\/types\/page"}],"author":[{"embeddable":true,"href":"https:\/\/agora.xtec.cat\/escsantaceciliabolvir\/wp-json\/wp\/v2\/users\/1"}],"replies":[{"embeddable":true,"href":"https:\/\/agora.xtec.cat\/escsantaceciliabolvir\/wp-json\/wp\/v2\/comments?post=1373"}],"version-history":[{"count":2,"href":"https:\/\/agora.xtec.cat\/escsantaceciliabolvir\/wp-json\/wp\/v2\/pages\/1373\/revisions"}],"predecessor-version":[{"id":1375,"href":"https:\/\/agora.xtec.cat\/escsantaceciliabolvir\/wp-json\/wp\/v2\/pages\/1373\/revisions\/1375"}],"up":[{"embeddable":true,"href":"https:\/\/agora.xtec.cat\/escsantaceciliabolvir\/wp-json\/wp\/v2\/pages\/64"}],"wp:attachment":[{"href":"https:\/\/agora.xtec.cat\/escsantaceciliabolvir\/wp-json\/wp\/v2\/media?parent=1373"}],"curies":[{"name":"wp","href":"https:\/\/api.w.org\/{rel}","templated":true}]}}