{"id":71,"date":"2014-09-18T12:44:56","date_gmt":"2014-09-18T11:44:56","guid":{"rendered":"http:\/\/agora.xtec.cat\/escsalvat-scg\/?page_id=71"},"modified":"2024-05-09T09:37:32","modified_gmt":"2024-05-09T07:37:32","slug":"serveis-digitals","status":"publish","type":"page","link":"https:\/\/agora.xtec.cat\/escsalvat-scg\/serveis\/serveis-digitals\/","title":{"rendered":"Serveis digitals"},"content":{"rendered":"\r\n<ul class=\"n8H08c UVNKR \">\r\n<li class=\"zfr3Q TYR86d eD0Rn \" dir=\"ltr\">\r\n<p class=\"zfr3Q CDt4Ke \" dir=\"ltr\" role=\"presentation\"><span class=\"C9DxTc \">ESCOLA\/FAM\u00cdLIA\/ALUMNES<\/span><span class=\"C9DxTc \">: Tokapp i correu especialment per als i les alumnes de cicle superior.<\/span><\/p>\r\n<\/li>\r\n<\/ul>\r\n<ul class=\"n8H08c UVNKR \">\r\n<li class=\"zfr3Q TYR86d eD0Rn \" dir=\"ltr\">\r\n<p class=\"zfr3Q CDt4Ke \" dir=\"ltr\" role=\"presentation\"><span class=\"C9DxTc \">QUAN ES TRENCA UN ORDINADOR:<\/span><span class=\"C9DxTc \">\u00a0El\/la coordinador\/a digital s&#8217;encarregar\u00e0 de gestionar la reparaci\u00f3. Si ha estat per un mal \u00fas del dispositiu per part de l&#8217;alumne\/a, la fam\u00edlia de\/de la alumne\/a haur\u00e0 d&#8217;abonar l&#8217;import corresponent segons la reparaci\u00f3 pertinent. Per aquesta ra\u00f3, pr\u00e8viament a entregar l&#8217;ordinador port\u00e0til, la fam\u00edlia signa un paper de responsabilitat.\u00a0\u00a0<\/span><\/p>\r\n<\/li>\r\n<\/ul>\r\n<p class=\"zfr3Q CDt4Ke \" dir=\"ltr\"><span class=\"C9DxTc \">Tenen port\u00e0til personal tots els i les alumnes de 5\u00e8 i 6\u00e8.\u00a0<\/span><\/p>\r\n<p class=\"zfr3Q CDt4Ke \" dir=\"ltr\"><a class=\"XqQF9c\" href=\"https:\/\/drive.google.com\/file\/d\/1TeGe8MvW6oEcyoiKDH2cMH7o09lxLTQz\/view?usp=sharing\" target=\"_blank\" rel=\"noopener\"><span class=\"C9DxTc aw5Odc \">NOFC\u00a0<\/span><\/a><span class=\"C9DxTc \">del centre.\u00a0\u00a0\u00a0<\/span><\/p>\r\n<ul class=\"n8H08c UVNKR \">\r\n<li class=\"zfr3Q TYR86d eD0Rn \" dir=\"ltr\">\r\n<p class=\"zfr3Q CDt4Ke \" dir=\"ltr\" role=\"presentation\"><span class=\"C9DxTc \">MESTRE\/A NOUVINGUT\/DA:<\/span><span class=\"C9DxTc \">\u00a0Des de direcci\u00f3 comparteixen el Drive de l&#8217;escola per poder tenir acc\u00e9s als recursos amb els quals es treballa al centre. Tamb\u00e9 tenim un grup al Whatsap per als missatges m\u00e9s instantanis i del dia a dia.\u00a0<\/span><\/p>\r\n<\/li>\r\n<\/ul>\r\n<ul class=\"n8H08c UVNKR \">\r\n<li class=\"zfr3Q TYR86d eD0Rn \" dir=\"ltr\">\r\n<p class=\"zfr3Q CDt4Ke \" dir=\"ltr\" role=\"presentation\"><span class=\"C9DxTc \">RECURSOS DIGITALS (per cicles):<\/span><\/p>\r\n<\/li>\r\n<\/ul>\r\n<p class=\"zfr3Q CDt4Ke \" dir=\"ltr\"><span class=\"C9DxTc \">INFANTIL<\/span><span class=\"C9DxTc \">: Innovamat, Genially, Youtube, Google, Jclic, Edu365, La Mosqueta, Pinterest, Sarronet de Recursos, una m\u00e0 de contes, Starfall, ABCya, Monsters numbers i Arasaac.<\/span><\/p>\r\n<p class=\"zfr3Q CDt4Ke \" dir=\"ltr\"><span class=\"C9DxTc \">PRIMER CICLE<\/span><span class=\"C9DxTc \">: Edubook Vicens Vives, Liveworksheets, Youtube, Happy Learning, Edu 365, Apps (JD LECTURA, JOCS DE LECTURA, PETIT ESCRIPTOR 1, PETIT LECTOR 1, PETIT ESCRIPTOR 2, STARFALL), Webs escacs (<\/span><a class=\"XqQF9c\" href=\"http:\/\/www.chess.com\/\" target=\"_blank\" rel=\"noopener\"><span class=\"C9DxTc aw5Odc \">www.chess.com<\/span><\/a><span class=\"C9DxTc \">,\u00a0<\/span><a class=\"XqQF9c\" href=\"http:\/\/www.liches.org\/\" target=\"_blank\" rel=\"noopener\"><span class=\"C9DxTc aw5Odc \">www.liches.org<\/span><\/a><span class=\"C9DxTc \">), Minipad Mini,\u00a0 la Motxilla , la Mosqueta,\u00a0<\/span><span class=\"C9DxTc \">Monsters numbers<\/span><span class=\"C9DxTc \">\u00a0i jocs de matem\u00e0tiques Cristic.<\/span><\/p>\r\n<p class=\"zfr3Q CDt4Ke \" dir=\"ltr\"><span class=\"C9DxTc \">SEGON CICLE<\/span><span class=\"C9DxTc \">:\u00a0<\/span><span class=\"C9DxTc \">Edubook Vicens Vives, program<\/span><span class=\"C9DxTc \">ari de l&#8217;Office (Word i Power Point) Canva, Youtube, Happy Learning, Google Drive, web escacs (<\/span><a class=\"XqQF9c\" href=\"http:\/\/www.liches.org\/\" target=\"_blank\" rel=\"noopener\"><span class=\"C9DxTc aw5Odc \">www.liches.org<\/span><\/a><span class=\"C9DxTc \">),\u00a0<\/span><span class=\"C9DxTc \">Genially, Kahoot,\u00a0<\/span><span class=\"C9DxTc \">Educima,\u00a0<\/span><span class=\"C9DxTc \">Liveworksheets<\/span><span class=\"C9DxTc \">,\u00a0<\/span><span class=\"C9DxTc \">Popplet, Monsters numbers<\/span><span class=\"C9DxTc \">\u00a0i la Motxilla.<\/span><\/p>\r\n<p class=\"zfr3Q CDt4Ke \" dir=\"ltr\"><span class=\"C9DxTc \">TERCER CICLE<\/span><span class=\"C9DxTc \">: Canva, Youtube, Google, Google Drive, Liveworksheets, Moodle, Kahoot, llibre digital Barcanova, EducaPlay, Monster numbers i Plickers.<\/span><\/p>\r\n<ul class=\"n8H08c UVNKR \">\r\n<li class=\"zfr3Q TYR86d eD0Rn \" dir=\"ltr\">\r\n<p class=\"zfr3Q CDt4Ke \" dir=\"ltr\" role=\"presentation\"><span class=\"C9DxTc \">ROB\u00d2TICA: Lego Spike, Codey Rocky, Tale-Bot i Plaques MicroBit<\/span><span class=\"C9DxTc \">.<\/span><\/p>\r\n<\/li>\r\n<\/ul>\r\n<ul class=\"n8H08c UVNKR \">\r\n<li class=\"zfr3Q TYR86d eD0Rn \" dir=\"ltr\">\r\n<p class=\"zfr3Q CDt4Ke \" dir=\"ltr\" role=\"presentation\"><span class=\"C9DxTc \">COMUNICACIONS DE CENTRE:<\/span><span class=\"C9DxTc \">\u00a0<\/span><a class=\"XqQF9c\" href=\"https:\/\/www.instagram.com\/a8040059\/?hl=es-es\" target=\"_blank\" rel=\"noopener\"><span class=\"C9DxTc aw5Odc \">Instagram<\/span><\/a> i<span class=\"C9DxTc \">\u00a0<\/span><a class=\"XqQF9c\" href=\"https:\/\/www.tokappschool.com\/\" target=\"_blank\" rel=\"noopener\"><span class=\"C9DxTc aw5Odc \">Tokapp<\/span><\/a><span class=\"C9DxTc \">.<\/span><\/p>\r\n<\/li>\r\n<\/ul>\r\n\r\n\r\n\r\n<p><strong>DIAGNOSI:<\/strong><\/p>\r\n<p class=\"zfr3Q CDt4Ke \" dir=\"ltr\"><span class=\"C9DxTc \">Per poder portar a terme la diagnosi vam passar tres tipus d&#8217;enquestes:<\/span><\/p>\r\n<ul class=\"n8H08c UVNKR \">\r\n<li class=\"zfr3Q TYR86d eD0Rn \" dir=\"ltr\">\r\n<p class=\"zfr3Q CDt4Ke \" dir=\"ltr\" role=\"presentation\"><span class=\"C9DxTc \">Mitjan\u00e7ant l&#8217;eina\u00a0<\/span><span class=\"C9DxTc \">Selfie,<\/span><span class=\"C9DxTc \">\u00a0que va ser resposta per tot el professorat i l&#8217;alumnat de cicle superior, per tal de veure el nivell digital que ten\u00edem.<\/span><\/p>\r\n<\/li>\r\n<li class=\"zfr3Q TYR86d eD0Rn \" dir=\"ltr\">\r\n<p class=\"zfr3Q CDt4Ke \" dir=\"ltr\" role=\"presentation\"><span class=\"C9DxTc \">A trav\u00e9s de l&#8217;eina\u00a0<\/span><span class=\"C9DxTc \">Selfie For Teacher,<\/span><span class=\"C9DxTc \">\u00a0que va ser contestada per tot el professorat del centre, per veure\u00a0 quin era el nivell de compet\u00e8ncia digital docent del claustre.<\/span><\/p>\r\n<\/li>\r\n<li class=\"zfr3Q TYR86d eD0Rn \" dir=\"ltr\">\r\n<p class=\"zfr3Q CDt4Ke \" dir=\"ltr\" role=\"presentation\"><span class=\"C9DxTc \">Per \u00faltim, vam fer servir l&#8217;eina\u00a0<\/span><span class=\"C9DxTc \">Google Formulari,\u00a0<\/span><span class=\"C9DxTc \">que eren enquestes\u00a0<\/span><span class=\"C9DxTc \">creades tamb\u00e9 per la comissi\u00f3 digital i diferents segons al col\u00b7lectiu al qual estaven destinades: fam\u00edlies, personal PAS\/PAE i diferents docents (equip directiu, coordinadores de cicle, coordinadora digital i amb una mostra de dos membres del claustre.<\/span><\/p>\r\n<\/li>\r\n<\/ul>\r\n<p>&nbsp;<\/p>\r\n<p class=\"zfr3Q CDt4Ke \" dir=\"ltr\"><span class=\"C9DxTc \">Gr\u00e0cies a la realitzaci\u00f3 d&#8217;aquestes enquestes vam poder veure en quin moment digital es troba el centre i saber els nostres punts forts.<\/span><\/p>\r\n<ul class=\"n8H08c UVNKR \">\r\n<li class=\"zfr3Q TYR86d eD0Rn \" dir=\"ltr\">\r\n<p class=\"zfr3Q CDt4Ke \" dir=\"ltr\" role=\"presentation\"><span class=\"C9DxTc \">Comprom\u00eds docent en la participaci\u00f3 a formacions.<\/span><\/p>\r\n<\/li>\r\n<li class=\"zfr3Q TYR86d eD0Rn \" dir=\"ltr\">\r\n<p class=\"zfr3Q CDt4Ke \" dir=\"ltr\" role=\"presentation\"><span class=\"C9DxTc \">Centre innovador en metodologies i pr\u00e0ctiques avaluatives.\u00a0<\/span><\/p>\r\n<\/li>\r\n<li class=\"zfr3Q TYR86d eD0Rn \" dir=\"ltr\">\r\n<p class=\"zfr3Q CDt4Ke \" dir=\"ltr\" role=\"presentation\"><span class=\"C9DxTc \">Comissi\u00f3 Digital molt potent i amb iniciativa i comunicaci\u00f3 entre fam\u00edlia i escola molt efica\u00e7.\u00a0<\/span><\/p>\r\n<\/li>\r\n<li class=\"zfr3Q TYR86d eD0Rn \" dir=\"ltr\">\r\n<p class=\"zfr3Q CDt4Ke \" dir=\"ltr\" role=\"presentation\"><span class=\"C9DxTc \">Manteniment i reparaci\u00f3 per part de la Comissi\u00f3 Digital, preventiu i empresa externa de les averies que van sortint durant els cursos.<\/span><\/p>\r\n<\/li>\r\n<\/ul>\r\n","protected":false},"excerpt":{"rendered":"<p>ESCOLA\/FAM\u00cdLIA\/ALUMNES: Tokapp i correu especialment per als i les alumnes de cicle superior. QUAN ES TRENCA UN ORDINADOR:\u00a0El\/la coordinador\/a digital [&hellip;]<\/p>\n","protected":false},"author":1,"featured_media":0,"parent":66,"menu_order":10,"comment_status":"closed","ping_status":"closed","template":"page-templates\/side-menu.php","meta":{"site-sidebar-layout":"default","site-content-layout":"","ast-site-content-layout":"","site-content-style":"default","site-sidebar-style":"default","ast-global-header-display":"","ast-banner-title-visibility":"","ast-main-header-display":"","ast-hfb-above-header-display":"","ast-hfb-below-header-display":"","ast-hfb-mobile-header-display":"","site-post-title":"","ast-breadcrumbs-content":"","ast-featured-img":"","footer-sml-layout":"","theme-transparent-header-meta":"","adv-header-id-meta":"","stick-header-meta":"","header-above-stick-meta":"","header-main-stick-meta":"","header-below-stick-meta":"","astra-migrate-meta-layouts":"default","ast-page-background-enabled":"default","ast-page-background-meta":{"desktop":{"background-color":"var(--ast-global-color-4)","background-image":"","background-repeat":"repeat","background-position":"center center","background-size":"auto","background-attachment":"scroll","background-type":"","background-media":"","overlay-type":"","overlay-color":"","overlay-opacity":"","overlay-gradient":""},"tablet":{"background-color":"","background-image":"","background-repeat":"repeat","background-position":"center center","background-size":"auto","background-attachment":"scroll","background-type":"","background-media":"","overlay-type":"","overlay-color":"","overlay-opacity":"","overlay-gradient":""},"mobile":{"background-color":"","background-image":"","background-repeat":"repeat","background-position":"center center","background-size":"auto","background-attachment":"scroll","background-type":"","background-media":"","overlay-type":"","overlay-color":"","overlay-opacity":"","overlay-gradient":""}},"ast-content-background-meta":{"desktop":{"background-color":"var(--ast-global-color-5)","background-image":"","background-repeat":"repeat","background-position":"center center","background-size":"auto","background-attachment":"scroll","background-type":"","background-media":"","overlay-type":"","overlay-color":"","overlay-opacity":"","overlay-gradient":""},"tablet":{"background-color":"var(--ast-global-color-5)","background-image":"","background-repeat":"repeat","background-position":"center center","background-size":"auto","background-attachment":"scroll","background-type":"","background-media":"","overlay-type":"","overlay-color":"","overlay-opacity":"","overlay-gradient":""},"mobile":{"background-color":"var(--ast-global-color-5)","background-image":"","background-repeat":"repeat","background-position":"center center","background-size":"auto","background-attachment":"scroll","background-type":"","background-media":"","overlay-type":"","overlay-color":"","overlay-opacity":"","overlay-gradient":""}},"footnotes":""},"class_list":["post-71","page","type-page","status-publish","hentry"],"post_mailing_queue_ids":[],"_links":{"self":[{"href":"https:\/\/agora.xtec.cat\/escsalvat-scg\/wp-json\/wp\/v2\/pages\/71","targetHints":{"allow":["GET"]}}],"collection":[{"href":"https:\/\/agora.xtec.cat\/escsalvat-scg\/wp-json\/wp\/v2\/pages"}],"about":[{"href":"https:\/\/agora.xtec.cat\/escsalvat-scg\/wp-json\/wp\/v2\/types\/page"}],"author":[{"embeddable":true,"href":"https:\/\/agora.xtec.cat\/escsalvat-scg\/wp-json\/wp\/v2\/users\/1"}],"replies":[{"embeddable":true,"href":"https:\/\/agora.xtec.cat\/escsalvat-scg\/wp-json\/wp\/v2\/comments?post=71"}],"version-history":[{"count":4,"href":"https:\/\/agora.xtec.cat\/escsalvat-scg\/wp-json\/wp\/v2\/pages\/71\/revisions"}],"predecessor-version":[{"id":624,"href":"https:\/\/agora.xtec.cat\/escsalvat-scg\/wp-json\/wp\/v2\/pages\/71\/revisions\/624"}],"up":[{"embeddable":true,"href":"https:\/\/agora.xtec.cat\/escsalvat-scg\/wp-json\/wp\/v2\/pages\/66"}],"wp:attachment":[{"href":"https:\/\/agora.xtec.cat\/escsalvat-scg\/wp-json\/wp\/v2\/media?parent=71"}],"curies":[{"name":"wp","href":"https:\/\/api.w.org\/{rel}","templated":true}]}}