{"id":615,"date":"2024-05-09T09:19:00","date_gmt":"2024-05-09T07:19:00","guid":{"rendered":"https:\/\/agora.xtec.cat\/escsalvat-scg\/?page_id=615"},"modified":"2025-03-10T08:55:30","modified_gmt":"2025-03-10T07:55:30","slug":"projecte-linguistic","status":"publish","type":"page","link":"https:\/\/agora.xtec.cat\/escsalvat-scg\/projectes\/projecte-linguistic\/","title":{"rendered":"Projecte Ling\u00fc\u00edstic"},"content":{"rendered":"<p>El projecte ling\u00fc\u00edstic de centre \u00e9s l\u2019instrument que permet assolir els objectius<br \/>\ngenerals referents a la compet\u00e8ncia ling\u00fc\u00edstica que defineix la normativa vigent,<br \/>\nels quals s\u00f3n:<\/p>\n<ol>\n<li>Garantir, en acabar l\u2019educaci\u00f3 obligat\u00f2ria, el domini equivalent de les<br \/>\nlleng\u00fces oficials (B2 al final de l\u2019ESO i C1 al final del batxillerat).<\/li>\n<li>Garantir un grau de compet\u00e8ncia suficient en una o dues lleng\u00fces<br \/>\nestrangeres (B1 al final de l\u2019ESO i B2 al final del batxillerat de la primera<br \/>\nllengua estrangera).<\/li>\n<li>Recon\u00e8ixer i fer presents a les aules i als centres les lleng\u00fces familiars<br \/>\ndels alumnes d\u2019origen estranger i facilitar-ne l\u2019aprenentatge.<\/li>\n<li>Capacitar els alumnes per conviure en una societat multiling\u00fce i<br \/>\nmulticultural.<\/li>\n<li>Refor\u00e7ar el paper de la llengua catalana com a llengua vehicular del<br \/>\nsistema educatiu i potenciar-ne l\u2019\u00fas per part de l\u2019alumnat.<\/li>\n<li>Garantir l\u2019acollida i l\u2019atenci\u00f3 ling\u00fc\u00edstica de l\u2019alumnat nouvingut, i la seva<br \/>\nintegraci\u00f3 a l\u2019aula ordin\u00e0ria.<\/li>\n<\/ol>\n<p><a href=\"https:\/\/sites.google.com\/bemen3.cat\/escola-joan-salvat-i-papasseit\/projecte-ling%C3%BC%C3%ADstic?authuser=0\" target=\"_blank\" rel=\"noopener\">https:\/\/sites.google.com\/bemen3.cat\/escola-joan-salvat-i-papasseit\/a-5<\/a><\/p>\n","protected":false},"excerpt":{"rendered":"<p>El projecte ling\u00fc\u00edstic de centre \u00e9s l\u2019instrument que permet assolir els objectius generals referents a la compet\u00e8ncia ling\u00fc\u00edstica que defineix [&hellip;]<\/p>\n","protected":false},"author":1,"featured_media":0,"parent":571,"menu_order":0,"comment_status":"closed","ping_status":"closed","template":"","meta":{"site-sidebar-layout":"default","site-content-layout":"","ast-site-content-layout":"default","site-content-style":"default","site-sidebar-style":"default","ast-global-header-display":"","ast-banner-title-visibility":"","ast-main-header-display":"","ast-hfb-above-header-display":"","ast-hfb-below-header-display":"","ast-hfb-mobile-header-display":"","site-post-title":"","ast-breadcrumbs-content":"","ast-featured-img":"","footer-sml-layout":"","theme-transparent-header-meta":"","adv-header-id-meta":"","stick-header-meta":"","header-above-stick-meta":"","header-main-stick-meta":"","header-below-stick-meta":"","astra-migrate-meta-layouts":"set","ast-page-background-enabled":"default","ast-page-background-meta":{"desktop":{"background-color":"var(--ast-global-color-4)","background-image":"","background-repeat":"repeat","background-position":"center center","background-size":"auto","background-attachment":"scroll","background-type":"","background-media":"","overlay-type":"","overlay-color":"","overlay-opacity":"","overlay-gradient":""},"tablet":{"background-color":"","background-image":"","background-repeat":"repeat","background-position":"center center","background-size":"auto","background-attachment":"scroll","background-type":"","background-media":"","overlay-type":"","overlay-color":"","overlay-opacity":"","overlay-gradient":""},"mobile":{"background-color":"","background-image":"","background-repeat":"repeat","background-position":"center center","background-size":"auto","background-attachment":"scroll","background-type":"","background-media":"","overlay-type":"","overlay-color":"","overlay-opacity":"","overlay-gradient":""}},"ast-content-background-meta":{"desktop":{"background-color":"var(--ast-global-color-5)","background-image":"","background-repeat":"repeat","background-position":"center center","background-size":"auto","background-attachment":"scroll","background-type":"","background-media":"","overlay-type":"","overlay-color":"","overlay-opacity":"","overlay-gradient":""},"tablet":{"background-color":"var(--ast-global-color-5)","background-image":"","background-repeat":"repeat","background-position":"center center","background-size":"auto","background-attachment":"scroll","background-type":"","background-media":"","overlay-type":"","overlay-color":"","overlay-opacity":"","overlay-gradient":""},"mobile":{"background-color":"var(--ast-global-color-5)","background-image":"","background-repeat":"repeat","background-position":"center center","background-size":"auto","background-attachment":"scroll","background-type":"","background-media":"","overlay-type":"","overlay-color":"","overlay-opacity":"","overlay-gradient":""}},"footnotes":""},"class_list":["post-615","page","type-page","status-publish","hentry"],"post_mailing_queue_ids":[],"_links":{"self":[{"href":"https:\/\/agora.xtec.cat\/escsalvat-scg\/wp-json\/wp\/v2\/pages\/615","targetHints":{"allow":["GET"]}}],"collection":[{"href":"https:\/\/agora.xtec.cat\/escsalvat-scg\/wp-json\/wp\/v2\/pages"}],"about":[{"href":"https:\/\/agora.xtec.cat\/escsalvat-scg\/wp-json\/wp\/v2\/types\/page"}],"author":[{"embeddable":true,"href":"https:\/\/agora.xtec.cat\/escsalvat-scg\/wp-json\/wp\/v2\/users\/1"}],"replies":[{"embeddable":true,"href":"https:\/\/agora.xtec.cat\/escsalvat-scg\/wp-json\/wp\/v2\/comments?post=615"}],"version-history":[{"count":4,"href":"https:\/\/agora.xtec.cat\/escsalvat-scg\/wp-json\/wp\/v2\/pages\/615\/revisions"}],"predecessor-version":[{"id":946,"href":"https:\/\/agora.xtec.cat\/escsalvat-scg\/wp-json\/wp\/v2\/pages\/615\/revisions\/946"}],"up":[{"embeddable":true,"href":"https:\/\/agora.xtec.cat\/escsalvat-scg\/wp-json\/wp\/v2\/pages\/571"}],"wp:attachment":[{"href":"https:\/\/agora.xtec.cat\/escsalvat-scg\/wp-json\/wp\/v2\/media?parent=615"}],"curies":[{"name":"wp","href":"https:\/\/api.w.org\/{rel}","templated":true}]}}