{"id":564,"date":"2024-05-08T10:57:29","date_gmt":"2024-05-08T08:57:29","guid":{"rendered":"https:\/\/agora.xtec.cat\/escsalvat-scg\/?page_id=564"},"modified":"2024-05-09T09:28:49","modified_gmt":"2024-05-09T07:28:49","slug":"normes-dorganitzacio-i-de-funcionament-del-centre","status":"publish","type":"page","link":"https:\/\/agora.xtec.cat\/escsalvat-scg\/projectes\/normes-dorganitzacio-i-de-funcionament-del-centre\/","title":{"rendered":"Normes d&#8217;Organitzaci\u00f3 i de Funcionament del Centre"},"content":{"rendered":"\r\n<div class=\"wp-block-group is-layout-constrained wp-block-group-is-layout-constrained\"><\/div>\r\n<p data-wp-interactive=\"core\/file\"><a href=\"https:\/\/agora.xtec.cat\/escsalvat-scg\/wp-content\/uploads\/usu3040\/2024\/05\/normesfuncionament-2.pdf\">NormesFuncionament.pdf<\/a><\/p>\r\n\r\n\r\n\r\n<p>Entenem l\u2019escola com a una entitat capa\u00e7 d\u2019influir sobre la realitat social que ens<br \/>envolta i per tant de produir-hi canvis positius. L\u2019Escola \u00e9s una comunitat educativa<br \/>din\u00e0mica, en la qual tots els seus membres s\u2019enriqueixen amb aportacions<br \/>rec\u00edproques.<\/p>\r\n\r\n\r\n\r\n<p><br \/>Perqu\u00e8 aquesta comunitat realitzi la seva tasca de forma efica\u00e7 \u00e9s imprescindible que<br \/>sigui eminentment activa i perqu\u00e8 aquesta caracter\u00edstica es materialitzi \u00e9s necessari un<br \/>proc\u00e9s de participaci\u00f3 de tots els seus membres, en la mesura de les seves<br \/>possibilitats.<\/p>\r\n\r\n\r\n\r\n<p><br \/>L\u2019escola s\u2019insereix en un entorn s\u00f2cio-cultural: el barri, la ciutat, la comarca, el pa\u00eds, i<br \/>incorpora el seu coneixement i els seus valors educatius en la programaci\u00f3 i en la vida<br \/>col\u00b7lectiva del centre. L\u2019escola ha d\u2019estar oberta a la realitat circumdant, projectant-s\u2019hi<br \/>i integrant-se en la seva vida, en proc\u00e9s continu de renovaci\u00f3.<\/p>\r\n\r\n\r\n\r\n<p><br \/>Aix\u00ed, aquestes Normes d\u2019Organitzaci\u00f3 i Funcionament del Centre formen part del<br \/>Projecte Educatiu de Centre i estan obertes a possibles modificacions, fruit de les<br \/>pr\u00f2pies viv\u00e8ncies de l\u2019escola i del seu entorn. El mecanisme d\u2019actualitzaci\u00f3 i ampliaci\u00f3<br \/>que utilitzarem ser\u00e0 a trav\u00e9s de l\u2019aprovaci\u00f3 en Claustre de les revisions i\/o<br \/>actualitzacions que actuaran com a addenda del document.<\/p>\r\n\r\n\r\n\r\n<p><br \/>No cal dir que aquestes normes estan sotmeses a les normatives de car\u00e0cter general<br \/>de rang superior que l\u2019administraci\u00f3 pugui legislar, i per tant no hi pot entrar en<br \/>contradicci\u00f3. Per la mateixa ra\u00f3 volem no caure en repeticions innecess\u00e0ries<br \/>d\u2019aspectes ja contemplats en les normatives del Departament o en altres documents<br \/>marc del centre.<\/p>\r\n","protected":false},"excerpt":{"rendered":"<p>Entenem l\u2019escola com a una entitat capa\u00e7 d\u2019influir sobre la realitat social que ensenvolta i per tant de produir-hi canvis [&hellip;]<\/p>\n","protected":false},"author":1,"featured_media":0,"parent":571,"menu_order":0,"comment_status":"closed","ping_status":"closed","template":"","meta":{"site-sidebar-layout":"default","site-content-layout":"","ast-site-content-layout":"","site-content-style":"default","site-sidebar-style":"default","ast-global-header-display":"","ast-banner-title-visibility":"","ast-main-header-display":"","ast-hfb-above-header-display":"","ast-hfb-below-header-display":"","ast-hfb-mobile-header-display":"","site-post-title":"","ast-breadcrumbs-content":"","ast-featured-img":"","footer-sml-layout":"","theme-transparent-header-meta":"","adv-header-id-meta":"","stick-header-meta":"","header-above-stick-meta":"","header-main-stick-meta":"","header-below-stick-meta":"","astra-migrate-meta-layouts":"default","ast-page-background-enabled":"default","ast-page-background-meta":{"desktop":{"background-color":"var(--ast-global-color-4)","background-image":"","background-repeat":"repeat","background-position":"center center","background-size":"auto","background-attachment":"scroll","background-type":"","background-media":"","overlay-type":"","overlay-color":"","overlay-opacity":"","overlay-gradient":""},"tablet":{"background-color":"","background-image":"","background-repeat":"repeat","background-position":"center center","background-size":"auto","background-attachment":"scroll","background-type":"","background-media":"","overlay-type":"","overlay-color":"","overlay-opacity":"","overlay-gradient":""},"mobile":{"background-color":"","background-image":"","background-repeat":"repeat","background-position":"center center","background-size":"auto","background-attachment":"scroll","background-type":"","background-media":"","overlay-type":"","overlay-color":"","overlay-opacity":"","overlay-gradient":""}},"ast-content-background-meta":{"desktop":{"background-color":"var(--ast-global-color-5)","background-image":"","background-repeat":"repeat","background-position":"center center","background-size":"auto","background-attachment":"scroll","background-type":"","background-media":"","overlay-type":"","overlay-color":"","overlay-opacity":"","overlay-gradient":""},"tablet":{"background-color":"var(--ast-global-color-5)","background-image":"","background-repeat":"repeat","background-position":"center center","background-size":"auto","background-attachment":"scroll","background-type":"","background-media":"","overlay-type":"","overlay-color":"","overlay-opacity":"","overlay-gradient":""},"mobile":{"background-color":"var(--ast-global-color-5)","background-image":"","background-repeat":"repeat","background-position":"center center","background-size":"auto","background-attachment":"scroll","background-type":"","background-media":"","overlay-type":"","overlay-color":"","overlay-opacity":"","overlay-gradient":""}},"footnotes":""},"class_list":["post-564","page","type-page","status-publish","hentry"],"post_mailing_queue_ids":[],"_links":{"self":[{"href":"https:\/\/agora.xtec.cat\/escsalvat-scg\/wp-json\/wp\/v2\/pages\/564","targetHints":{"allow":["GET"]}}],"collection":[{"href":"https:\/\/agora.xtec.cat\/escsalvat-scg\/wp-json\/wp\/v2\/pages"}],"about":[{"href":"https:\/\/agora.xtec.cat\/escsalvat-scg\/wp-json\/wp\/v2\/types\/page"}],"author":[{"embeddable":true,"href":"https:\/\/agora.xtec.cat\/escsalvat-scg\/wp-json\/wp\/v2\/users\/1"}],"replies":[{"embeddable":true,"href":"https:\/\/agora.xtec.cat\/escsalvat-scg\/wp-json\/wp\/v2\/comments?post=564"}],"version-history":[{"count":6,"href":"https:\/\/agora.xtec.cat\/escsalvat-scg\/wp-json\/wp\/v2\/pages\/564\/revisions"}],"predecessor-version":[{"id":620,"href":"https:\/\/agora.xtec.cat\/escsalvat-scg\/wp-json\/wp\/v2\/pages\/564\/revisions\/620"}],"up":[{"embeddable":true,"href":"https:\/\/agora.xtec.cat\/escsalvat-scg\/wp-json\/wp\/v2\/pages\/571"}],"wp:attachment":[{"href":"https:\/\/agora.xtec.cat\/escsalvat-scg\/wp-json\/wp\/v2\/media?parent=564"}],"curies":[{"name":"wp","href":"https:\/\/api.w.org\/{rel}","templated":true}]}}