{"id":7740,"date":"2025-02-02T17:36:05","date_gmt":"2025-02-02T16:36:05","guid":{"rendered":"https:\/\/agora.xtec.cat\/escsalvadorespriuvallfogona\/?page_id=7740"},"modified":"2025-03-26T18:26:39","modified_gmt":"2025-03-26T17:26:39","slug":"acollida-matinal","status":"publish","type":"page","link":"https:\/\/agora.xtec.cat\/escsalvadorespriuvallfogona\/afa\/acollida-matinal\/","title":{"rendered":"Acollida matinal"},"content":{"rendered":"<p>Les fam\u00edlies que ho necessitin per a la conciliaci\u00f3 de la vida laboral i familiar poden fer \u00fas del <strong><span style=\"text-decoration: underline;\">Servei d&#8217;Acollida Matinal<\/span>, que es presta de 8.00 a 9.00 h a la Sala Polifuncional.<\/strong> Es tracta d&#8217;un <strong>servei ofert per l&#8217;Ajuntament de Vallfogona de Balaguer<\/strong> i, com a tal, est\u00e0 regulat mitjan\u00e7ant l&#8217;<a href=\"https:\/\/tauler.seu-e.cat\/inici?idEns=2524020002\"><strong>Ordenan\u00e7a fiscal n\u00famero 23<\/strong><\/a>, corresponent a la Taxa per la prestaci\u00f3 del servei municipal de centre d&#8217;educaci\u00f3 infantil i de primer cicle llar d&#8217;infants i serveis an\u00e0legs de l&#8217;escola.<\/p>\n<p><strong>TARIFES:<\/strong><\/p>\n<ul style=\"list-style-type: circle;\">\n<li><strong>Mes sencer:<\/strong> 40 euros<\/li>\n<li><strong>Mig mes (menys de 10 dies al mes):<\/strong> 20 euros<\/li>\n<li><strong>Puntual:<\/strong> 3 euros<\/li>\n<\/ul>\n<p>*El servei es cobrar\u00e0 cada mes.<\/p>\n<p><strong>INCRIPCIONS:<\/strong><\/p>\n<ul>\n<li><strong>Per inscriure els infants a l&#8217;inici de curs<\/strong>, cal omplir la butlleta que us facilitar\u00e0 l&#8217;AFA i enviar-la amb les vostres dades a <a style=\"font-family: inherit; font-size: 1em;\" href=\"mailto:afa@escolavallfogona.cat\">afa@escolavallfogona.cat. <\/a><\/li>\n<li><strong>IMPORTANT: Es demana a les fam\u00edlies escollir la tarifa que m\u00e9s s&#8217;ajusti a les seves necessitats<\/strong>, ja que aquesta s&#8217;aplicar\u00e0 durant tot el curs.<\/li>\n<li><strong>Per avisar que el vostre fill\/a far\u00e0 \u00fas del\u00a0<\/strong><strong style=\"font-family: inherit; font-size: 1em;\">servei puntualment<\/strong><span style=\"font-family: inherit; font-size: 1em;\">\u00a0cal avisar enviant un correu a\u00a0<\/span><a style=\"font-family: inherit; font-size: 1em;\" href=\"mailto:acollidamatinal@escolavallfogona.cat\">acollidamatinal@escolavallfogona.cat<\/a><span style=\"font-family: inherit; font-size: 1em;\">. Recordeu que en cas que es faci \u00fas puntual del servei tamb\u00e9 cal omplir la butlleta d\u2019inscripci\u00f3 i fer-la arribar a l&#8217;Ajuntament.<\/span><\/li>\n<li><strong>Per notificar baixes i\/o canvis en el servei cal adre\u00e7ar-se a l&#8217;Ajuntament amb, com a m\u00ednim, un mes d&#8217;antelaci\u00f3<\/strong> mitjan\u00e7ant una inst\u00e0ncia gen\u00e8rica. <a href=\"https:\/\/vallfogona.eadministracio.cat\/?x=amWioiGDOW91C8lfx1s2uLtoHQmiOJ9rhUALB6Z5hDiBT2cm*1gAsH9d8lBpqgiizXqROg2NmGUcmGdFS9U3ECzzoBuwa2atCxS8TvU01Ap*AbHG1Fb*7eXxriKjY5QWjaw7s2d1YpQeVl0Xm8ORWxg-xLoLxPtaFESQRl5CrZAVZNGoMCZ9H9eamhysN6iwxHzpOtVTJKK7bbxs0Ov*fw\" target=\"_blank\" rel=\"noopener\">Podeu accedir al tr\u00e0mit en el seg\u00fcent enlla\u00e7<\/a>.<\/li>\n<\/ul>\n<p style=\"text-align: center;\"><a href=\"https:\/\/tauler.seu-e.cat\/inici?idEns=2524020002\"><strong>PODEU CONSULTAR L&#8217;ORDENAN\u00c7A QUE REGULA EL SERVEI AQU\u00cd<\/strong><\/a><\/p>\n","protected":false},"excerpt":{"rendered":"<p>Les fam\u00edlies que ho necessitin per a la conciliaci\u00f3 de la vida laboral i familiar poden fer \u00fas del Servei d&#8217;Acollida Matinal, que es presta de 8.00 a 9.00 h a la Sala Polifuncional. Es tracta d&#8217;un servei ofert per l&#8217;Ajuntament de Vallfogona de Balaguer i, com a tal, est\u00e0 regulat mitjan\u00e7ant l&#8217;Ordenan\u00e7a fiscal n\u00famero [&hellip;]<\/p>\n","protected":false},"author":32,"featured_media":0,"parent":589,"menu_order":0,"comment_status":"closed","ping_status":"closed","template":"page-templates\/side-menu.php","meta":{"_bbp_topic_count":0,"_bbp_reply_count":0,"_bbp_total_topic_count":0,"_bbp_total_reply_count":0,"_bbp_voice_count":0,"_bbp_anonymous_reply_count":0,"_bbp_topic_count_hidden":0,"_bbp_reply_count_hidden":0,"_bbp_forum_subforum_count":0,"site-sidebar-layout":"default","site-content-layout":"","ast-site-content-layout":"","site-content-style":"default","site-sidebar-style":"default","ast-global-header-display":"","ast-banner-title-visibility":"","ast-main-header-display":"","ast-hfb-above-header-display":"","ast-hfb-below-header-display":"","ast-hfb-mobile-header-display":"","site-post-title":"","ast-breadcrumbs-content":"","ast-featured-img":"","footer-sml-layout":"","theme-transparent-header-meta":"","adv-header-id-meta":"","stick-header-meta":"","header-above-stick-meta":"","header-main-stick-meta":"","header-below-stick-meta":"","astra-migrate-meta-layouts":"default","ast-page-background-enabled":"default","ast-page-background-meta":{"desktop":{"background-color":"var(--ast-global-color-4)","background-image":"","background-repeat":"repeat","background-position":"center center","background-size":"auto","background-attachment":"scroll","background-type":"","background-media":"","overlay-type":"","overlay-color":"","overlay-opacity":"","overlay-gradient":""},"tablet":{"background-color":"","background-image":"","background-repeat":"repeat","background-position":"center center","background-size":"auto","background-attachment":"scroll","background-type":"","background-media":"","overlay-type":"","overlay-color":"","overlay-opacity":"","overlay-gradient":""},"mobile":{"background-color":"","background-image":"","background-repeat":"repeat","background-position":"center center","background-size":"auto","background-attachment":"scroll","background-type":"","background-media":"","overlay-type":"","overlay-color":"","overlay-opacity":"","overlay-gradient":""}},"ast-content-background-meta":{"desktop":{"background-color":"var(--ast-global-color-5)","background-image":"","background-repeat":"repeat","background-position":"center center","background-size":"auto","background-attachment":"scroll","background-type":"","background-media":"","overlay-type":"","overlay-color":"","overlay-opacity":"","overlay-gradient":""},"tablet":{"background-color":"var(--ast-global-color-5)","background-image":"","background-repeat":"repeat","background-position":"center center","background-size":"auto","background-attachment":"scroll","background-type":"","background-media":"","overlay-type":"","overlay-color":"","overlay-opacity":"","overlay-gradient":""},"mobile":{"background-color":"var(--ast-global-color-5)","background-image":"","background-repeat":"repeat","background-position":"center center","background-size":"auto","background-attachment":"scroll","background-type":"","background-media":"","overlay-type":"","overlay-color":"","overlay-opacity":"","overlay-gradient":""}},"footnotes":""},"class_list":["post-7740","page","type-page","status-publish","hentry"],"post_mailing_queue_ids":[],"_links":{"self":[{"href":"https:\/\/agora.xtec.cat\/escsalvadorespriuvallfogona\/wp-json\/wp\/v2\/pages\/7740","targetHints":{"allow":["GET"]}}],"collection":[{"href":"https:\/\/agora.xtec.cat\/escsalvadorespriuvallfogona\/wp-json\/wp\/v2\/pages"}],"about":[{"href":"https:\/\/agora.xtec.cat\/escsalvadorespriuvallfogona\/wp-json\/wp\/v2\/types\/page"}],"author":[{"embeddable":true,"href":"https:\/\/agora.xtec.cat\/escsalvadorespriuvallfogona\/wp-json\/wp\/v2\/users\/32"}],"replies":[{"embeddable":true,"href":"https:\/\/agora.xtec.cat\/escsalvadorespriuvallfogona\/wp-json\/wp\/v2\/comments?post=7740"}],"version-history":[{"count":3,"href":"https:\/\/agora.xtec.cat\/escsalvadorespriuvallfogona\/wp-json\/wp\/v2\/pages\/7740\/revisions"}],"predecessor-version":[{"id":7774,"href":"https:\/\/agora.xtec.cat\/escsalvadorespriuvallfogona\/wp-json\/wp\/v2\/pages\/7740\/revisions\/7774"}],"up":[{"embeddable":true,"href":"https:\/\/agora.xtec.cat\/escsalvadorespriuvallfogona\/wp-json\/wp\/v2\/pages\/589"}],"wp:attachment":[{"href":"https:\/\/agora.xtec.cat\/escsalvadorespriuvallfogona\/wp-json\/wp\/v2\/media?parent=7740"}],"curies":[{"name":"wp","href":"https:\/\/api.w.org\/{rel}","templated":true}]}}