{"id":594,"date":"2016-10-01T22:03:52","date_gmt":"2016-10-01T20:03:52","guid":{"rendered":"http:\/\/agora.xtec.cat\/escsalvadorespriuvallfogona\/?page_id=594"},"modified":"2025-11-12T19:33:23","modified_gmt":"2025-11-12T18:33:23","slug":"activitats-extraescolars","status":"publish","type":"page","link":"https:\/\/agora.xtec.cat\/escsalvadorespriuvallfogona\/afa\/activitats-extraescolars\/","title":{"rendered":"Activitats extraescolars"},"content":{"rendered":"<div class=\"page\" title=\"Page 27\">\n<p>Us presentem les <strong>activitats extraescolars<\/strong> d&#8217;aquest curs 2025-26 que hem elaborat conjuntament l&#8217;AFA, Qu\u00e0lia, clubs esportius i l&#8217;Ajuntament del nostre municipi \ud83d\ude09<\/p>\n<p><a href=\"https:\/\/agora.xtec.cat\/escsalvadorespriuvallfogona\/wp-content\/uploads\/usu1472\/2025\/09\/HORARI-EXTRAESCOLARS.jpg\"><img loading=\"lazy\" decoding=\"async\" class=\"aligncenter size-large wp-image-7907\" src=\"https:\/\/agora.xtec.cat\/escsalvadorespriuvallfogona\/wp-content\/uploads\/usu1472\/2025\/09\/HORARI-EXTRAESCOLARS-724x1024.jpg\" alt=\"\" width=\"724\" height=\"1024\" srcset=\"https:\/\/agora.xtec.cat\/escsalvadorespriuvallfogona\/wp-content\/uploads\/usu1472\/2025\/09\/HORARI-EXTRAESCOLARS-724x1024.jpg 724w, https:\/\/agora.xtec.cat\/escsalvadorespriuvallfogona\/wp-content\/uploads\/usu1472\/2025\/09\/HORARI-EXTRAESCOLARS-212x300.jpg 212w, https:\/\/agora.xtec.cat\/escsalvadorespriuvallfogona\/wp-content\/uploads\/usu1472\/2025\/09\/HORARI-EXTRAESCOLARS-768x1086.jpg 768w, https:\/\/agora.xtec.cat\/escsalvadorespriuvallfogona\/wp-content\/uploads\/usu1472\/2025\/09\/HORARI-EXTRAESCOLARS-1086x1536.jpg 1086w, https:\/\/agora.xtec.cat\/escsalvadorespriuvallfogona\/wp-content\/uploads\/usu1472\/2025\/09\/HORARI-EXTRAESCOLARS.jpg 1414w\" sizes=\"auto, (max-width: 724px) 100vw, 724px\" \/><\/a><\/p>\n<div class=\"mceTemp\">\n<h4>PREUS<\/h4>\n<p><strong><a href=\"https:\/\/agora.xtec.cat\/escsalvadorespriuvallfogona\/afa\/acollida-matinal\/\">ACOLLIDA MATINAL<\/a>:<\/strong><\/p>\n<\/div>\n<ul>\n<li style=\"list-style-type: none;\">\n<ul>\n<li style=\"list-style-type: none;\">\n<ul>\n<li>Dia puntual: 3 \u20ac<\/li>\n<li>Quota mensual: 40 \u20ac \/ mes<\/li>\n<li>Menys de 10 dies recurrent cada mes: 20 \u20ac \/ mes<\/li>\n<\/ul>\n<\/li>\n<\/ul>\n<\/li>\n<\/ul>\n<p><strong>CANGUR:<\/strong><\/p>\n<ul>\n<li style=\"list-style-type: none;\">\n<ul>\n<li style=\"list-style-type: none;\">\n<ul>\n<li>Quota mensual: 20 \u20ac \/ mes<\/li>\n<li>Dia puntual: 2 \u20ac<\/li>\n<\/ul>\n<\/li>\n<\/ul>\n<\/li>\n<\/ul>\n<p><strong>BERENEM I JUGUEM (1h):\u00a0<\/strong><\/p>\n<ul>\n<li style=\"list-style-type: none;\">\n<ul>\n<li style=\"list-style-type: none;\">\n<ul>\n<li>Cada dia: 31 \u20ac \/ mes<\/li>\n<li>Dia puntual: 4,4 \u20ac<\/li>\n<\/ul>\n<\/li>\n<\/ul>\n<\/li>\n<\/ul>\n<p><strong>BERENEM I JUGUEM (2h):\u00a0<\/strong><\/p>\n<ul>\n<li style=\"list-style-type: none;\">\n<ul>\n<li style=\"list-style-type: none;\">\n<ul>\n<li>Cada dia: 61 \u20ac \/ mes<\/li>\n<li>Dia puntual 6,6 \u20ac<\/li>\n<\/ul>\n<\/li>\n<\/ul>\n<\/li>\n<\/ul>\n<p><strong>R\u00cdTMICA:\u00a0<\/strong>18 \u20ac \/mes<\/p>\n<p><strong>HIP-HOP:\u00a0<\/strong>18 \u20ac \/ mes<\/p>\n<p><strong>PACK R\u00cdTMICA + HIP-HOP: <\/strong>30\u00a0\u20ac \/ mes<\/p>\n<p><strong>EXTRAESCOLARS QU\u00c0LIA:\u00a0<\/strong>Preus promocionals fins al 14 de setembre.<\/p>\n<ul>\n<li style=\"list-style-type: none;\">\n<ul>\n<li style=\"list-style-type: none;\">\n<ul>\n<li>Infomeca: 27,75 \u20ac \/ mes<\/li>\n<\/ul>\n<\/li>\n<\/ul>\n<\/li>\n<\/ul>\n<p><strong>B\u00c0SQUET, TAEKWONDO I ESCACS: <\/strong>Contacteu directament amb els clubs (trobareu els contactes a &#8220;observacions&#8221;)<\/p>\n<p><b style=\"font-family: inherit; font-size: 1em;\"><br \/>\nOBSERVACIONS:<\/b><\/p>\n<div class=\"page\" title=\"Page 27\">\n<p><b><strong class=\"selectable-text copyable-text nbipi2bn\">*Recordeu que fer per \u00fas tant de les acollides de migdia (CANGUR) i tarda (BENEREM I JUGUEM) com de les activitats extraescolars \u00c9S IMPRESCINDIBLE que l&#8217;infant estigui afiliat a l&#8217;AFA<\/strong><\/b><span class=\"selectable-text copyable-text\">. Per tant, NO s&#8217;acceptaran inscripcions de fam\u00edlies que no estiguin al corrent de pagament.<\/span><\/p>\n<p><b>*Les quotes de les extraescolars estan calculades tenint en compte els dies festius i de lliure disposici\u00f3<\/b>. Els pagaments seran mensuals i iguals cada mes d&#8217;octubre a maig. Les quotes estan compatibilitzades en el global de l&#8217;any, igual que la quota de desembre, gener, o el mes de setmana santa no es veu redu\u00efda la quota, es fa quota fixa repartida pel cost global.<\/p>\n<p>*Per tal de vetllar per la qualitat i la continu\u00eftat de l&#8217;activitat i del monitoratge,<b> no es far\u00e0 retorn de la quota un cop iniciat el mes i es demanar\u00e0 un comprom\u00eds trimestral.<\/b><\/p>\n<p>*Trobareu m\u00e9s informaci\u00f3 de les extraescolars gestionades per Qu\u00e0lia en aquest <a href=\"https:\/\/www.qualiacoop.cat\/escola-salvador-espriu-de-vallfogona-de-balaguer-extraescolars\/\"><b>enlla\u00e7<\/b><\/a><\/p>\n<p><strong>*Per inscriure\u2019s a les extraescolars de b\u00e0squet\u00a0(Tel. 600.779.824 i correu electr\u00f2nic <a href=\"mailto:cepvallfogona2023@gmail.com\">cepvallfogona2023@gmail.com<\/a>), taekwondo (Tel. 629 493 993) i escacs (Tel. 649 960 831 i correu electr\u00f2nic <a href=\"mailto:escacsvallfogona@gmail.com\">escacsvallfogona@gmail.com)\u00a0<\/a>cal contactar directament amb els clubs responsables de l\u2019activitat.<\/strong><\/p>\n<p><strong>*Recordeu que totes les activitats comen\u00e7aran el dimarts 30 de setembre, a excepci\u00f3 de l\u2019acollida matinal, el cangur, el berenem i juguem, b\u00e0squet i taekwondo, que comen\u00e7aran a partir del dia 8 de setembre (primer dia de curs).<\/strong> Les activitats finalitzaran el divendres 29 de maig mentre que les acollides s&#8217;acabar\u00e0n el 19 de juny.<\/p>\n<\/div>\n<h4><\/h4>\n<h4>COM FER LA INSCRIPCI\u00d3 A LES EXTRAESCOLARS<span style=\"font-size: 1.4375em; font-weight: bold;\">?<\/span><em>\u00a0<\/em><\/h4>\n<div title=\"Page 27\">\n<p>Les inscripcions seran online i les podeu fer arribar com us detallem a continuaci\u00f3.<\/p>\n<p><em><strong>\ud83d\udc49 ACOLLIDA MATINAL<br \/>\n<\/strong><\/em>Qui gestiona: Ajuntament<br \/>\n<strong>Inscripcions a l&#8217;inici de curs:<\/strong> <a href=\"https:\/\/drive.google.com\/file\/d\/1xrOKy07NWaNMubdDtRsJFvwz5zfuPnuU\/view?usp=sharing\">Descarregueu aqu\u00ed la butlleta <\/a>i envieu-la amb les vostres dades a <a href=\"mailto:afa@escolavallfogona.cat\">afa@escolavallfogona.cat\u00a0<\/a><br \/>\n<strong>Inscripcions durant el curs:<\/strong> contactar directament amb l&#8217;Ajuntament i\/o mitjan\u00e7ant el correu <a href=\"mailto:acollidamatinal@escolavallfogona.cat\">acollidamatinal@escolavallfogona.cat<\/a>.<br \/>\n<span style=\"font-family: inherit; font-size: 1em;\">Per avisar que el vostre fill\/a far\u00e0 \u00fas del <\/span><strong style=\"font-family: inherit; font-size: 1em;\">servei puntualment<\/strong><span style=\"font-family: inherit; font-size: 1em;\"> cal avisar enviant un correu a <\/span><a style=\"font-family: inherit; font-size: 1em;\" href=\"mailto:acollidamatinal@escolavallfogona.cat\">acollidamatinal@escolavallfogona.cat<\/a><span style=\"font-family: inherit; font-size: 1em;\">. Recordeu que en cas que es faci \u00fas puntual del servei tamb\u00e9 cal omplir la butlleta d&#8217;inscripci\u00f3 i fer-la arribar a l&#8217;Ajuntament.<\/span><\/p>\n<p><em><strong>\ud83d\udc49 BERENEM I JUGUEM, INFOMECA<\/strong><\/em><br \/>\nQui gestiona: QU\u00c0LIA<br \/>\nInformaci\u00f3 i inscripci\u00f3 a trav\u00e9s de la web:\u00a0<a href=\"https:\/\/www.qualiacoop.cat\/escola-salvador-espriu-de-vallfogona-de-balaguer-extraescolars\/\">https:\/\/www.qualiacoop.cat\/escola-salvador-espriu-de-vallfogona-de-balaguer-extraescolars<\/a><\/p>\n<p><em><strong>\ud83d\udc49 R\u00cdTMICA i HIP-HOP<\/strong><\/em><br \/>\nQui gestiona: L\u00eddia<br \/>\nInscripcions: <a href=\"https:\/\/drive.google.com\/file\/d\/1-Oib5SXp95xGHwT5KsJyOJyFqhY-LO7r\/view?usp=sharing\">Descarregueu aqu\u00ed la butlleta<\/a> i envieu-la a: <a href=\"mailto:lidia.2.93s@gmail.com\">lidia.2.93s@gmail.coelel\u00a0<\/a><br \/>\nInformaci\u00f3 telf: 671 977 153<\/p>\n<p><em><strong>\ud83d\udc49 CANGUR\u00a0<\/strong><\/em><br \/>\nQui gestiona: AFA i Ajuntament de Vallfogona.<br \/>\nInscripcions: <a href=\"https:\/\/drive.google.com\/file\/d\/1LUQPM6V_P0GdIwrcG0LseZmsd1SDZilS\/view?usp=sharing\">Descarregueu aqu\u00ed <\/a><span style=\"font-family: inherit; font-size: 1em;\">la butlleta i envieu-la a: <span class=\"\"><a href=\"mailto:afa@escolavallfogona.cat\">afa@escolavallfogona.cat<\/a><\/span><span class=\"\">\u00a0. Si l&#8217;alumne\/a es queda a dinar no cal que ompliu la butlleta d&#8217;inscripci\u00f3.<br \/>\nInformaci\u00f3: <a href=\"mailto:afa@escolavallfogona.cat\">afa@escolavallfogona.cat<\/a><\/span><\/span><\/p>\n<p>Per qualsevol dubte o aclariment no dubteu en escriure&#8217;ns un correu o contactar amb algun dels membres de l&#8217;AFA!<\/p>\n<\/div>\n<\/div>\n","protected":false},"excerpt":{"rendered":"<p>Us presentem les activitats extraescolars d&#8217;aquest curs 2025-26 que hem elaborat conjuntament l&#8217;AFA, Qu\u00e0lia, clubs esportius i l&#8217;Ajuntament del nostre municipi \ud83d\ude09 PREUS ACOLLIDA MATINAL: Dia puntual: 3 \u20ac Quota mensual: 40 \u20ac \/ mes Menys de 10 dies recurrent cada mes: 20 \u20ac \/ mes CANGUR: Quota mensual: 20 \u20ac \/ mes Dia puntual: [&hellip;]<\/p>\n","protected":false},"author":1,"featured_media":0,"parent":589,"menu_order":0,"comment_status":"closed","ping_status":"closed","template":"page-templates\/side-menu.php","meta":{"_bbp_topic_count":0,"_bbp_reply_count":0,"_bbp_total_topic_count":0,"_bbp_total_reply_count":0,"_bbp_voice_count":0,"_bbp_anonymous_reply_count":0,"_bbp_topic_count_hidden":0,"_bbp_reply_count_hidden":0,"_bbp_forum_subforum_count":0,"site-sidebar-layout":"default","site-content-layout":"","ast-site-content-layout":"","site-content-style":"default","site-sidebar-style":"default","ast-global-header-display":"","ast-banner-title-visibility":"","ast-main-header-display":"","ast-hfb-above-header-display":"","ast-hfb-below-header-display":"","ast-hfb-mobile-header-display":"","site-post-title":"","ast-breadcrumbs-content":"","ast-featured-img":"","footer-sml-layout":"","theme-transparent-header-meta":"","adv-header-id-meta":"","stick-header-meta":"","header-above-stick-meta":"","header-main-stick-meta":"","header-below-stick-meta":"","astra-migrate-meta-layouts":"default","ast-page-background-enabled":"default","ast-page-background-meta":{"desktop":{"background-color":"var(--ast-global-color-4)","background-image":"","background-repeat":"repeat","background-position":"center center","background-size":"auto","background-attachment":"scroll","background-type":"","background-media":"","overlay-type":"","overlay-color":"","overlay-opacity":"","overlay-gradient":""},"tablet":{"background-color":"","background-image":"","background-repeat":"repeat","background-position":"center center","background-size":"auto","background-attachment":"scroll","background-type":"","background-media":"","overlay-type":"","overlay-color":"","overlay-opacity":"","overlay-gradient":""},"mobile":{"background-color":"","background-image":"","background-repeat":"repeat","background-position":"center center","background-size":"auto","background-attachment":"scroll","background-type":"","background-media":"","overlay-type":"","overlay-color":"","overlay-opacity":"","overlay-gradient":""}},"ast-content-background-meta":{"desktop":{"background-color":"var(--ast-global-color-5)","background-image":"","background-repeat":"repeat","background-position":"center center","background-size":"auto","background-attachment":"scroll","background-type":"","background-media":"","overlay-type":"","overlay-color":"","overlay-opacity":"","overlay-gradient":""},"tablet":{"background-color":"var(--ast-global-color-5)","background-image":"","background-repeat":"repeat","background-position":"center center","background-size":"auto","background-attachment":"scroll","background-type":"","background-media":"","overlay-type":"","overlay-color":"","overlay-opacity":"","overlay-gradient":""},"mobile":{"background-color":"var(--ast-global-color-5)","background-image":"","background-repeat":"repeat","background-position":"center center","background-size":"auto","background-attachment":"scroll","background-type":"","background-media":"","overlay-type":"","overlay-color":"","overlay-opacity":"","overlay-gradient":""}},"footnotes":""},"class_list":["post-594","page","type-page","status-publish","hentry"],"post_mailing_queue_ids":[],"_links":{"self":[{"href":"https:\/\/agora.xtec.cat\/escsalvadorespriuvallfogona\/wp-json\/wp\/v2\/pages\/594","targetHints":{"allow":["GET"]}}],"collection":[{"href":"https:\/\/agora.xtec.cat\/escsalvadorespriuvallfogona\/wp-json\/wp\/v2\/pages"}],"about":[{"href":"https:\/\/agora.xtec.cat\/escsalvadorespriuvallfogona\/wp-json\/wp\/v2\/types\/page"}],"author":[{"embeddable":true,"href":"https:\/\/agora.xtec.cat\/escsalvadorespriuvallfogona\/wp-json\/wp\/v2\/users\/1"}],"replies":[{"embeddable":true,"href":"https:\/\/agora.xtec.cat\/escsalvadorespriuvallfogona\/wp-json\/wp\/v2\/comments?post=594"}],"version-history":[{"count":7,"href":"https:\/\/agora.xtec.cat\/escsalvadorespriuvallfogona\/wp-json\/wp\/v2\/pages\/594\/revisions"}],"predecessor-version":[{"id":7983,"href":"https:\/\/agora.xtec.cat\/escsalvadorespriuvallfogona\/wp-json\/wp\/v2\/pages\/594\/revisions\/7983"}],"up":[{"embeddable":true,"href":"https:\/\/agora.xtec.cat\/escsalvadorespriuvallfogona\/wp-json\/wp\/v2\/pages\/589"}],"wp:attachment":[{"href":"https:\/\/agora.xtec.cat\/escsalvadorespriuvallfogona\/wp-json\/wp\/v2\/media?parent=594"}],"curies":[{"name":"wp","href":"https:\/\/api.w.org\/{rel}","templated":true}]}}