{"id":5440,"date":"2021-01-27T12:49:34","date_gmt":"2021-01-27T11:49:34","guid":{"rendered":"http:\/\/agora.xtec.cat\/escsalvadorespriuvallfogona\/?page_id=5440"},"modified":"2025-09-17T13:00:13","modified_gmt":"2025-09-17T11:00:13","slug":"coses-dinteres","status":"publish","type":"page","link":"https:\/\/agora.xtec.cat\/escsalvadorespriuvallfogona\/afa\/coses-dinteres\/","title":{"rendered":"Dades d&#8217;inter\u00e8s"},"content":{"rendered":"<p><strong>N\u00famero de compte de l&#8217;AFA<\/strong><\/p>\n<ul>\n<li>Banc Santander: ES22-0049-2027-0724-1430-4531<\/li>\n<\/ul>\n<p><strong>Quines vies de comunicaci\u00f3 empra l&#8217;AFA?<\/strong><\/p>\n<ul>\n<li>Referents de grup-classe<\/li>\n<li>Missatges a trav\u00e9s del canal de Whatsapp de l&#8217;AFA: <a href=\"https:\/\/www.whatsapp.com\/channel\/0029VanWAZmG8l5J5ulMHe1t\" target=\"_blank\" rel=\"noopener\">www.ja.cat\/AFAVallfogona<\/a><\/li>\n<li>Correu electr\u00f2nic: <a href=\"mailto:afa@escolavallfogona.cat\">afa@escolavallfogona.cat<\/a><\/li>\n<li>Revista de l&#8217;escola<\/li>\n<li>Compte d&#8217;Instagram: <a href=\"https:\/\/www.instagram.com\/afasalvadorespriuvallfogona\/\"><span class=\"\">@afasalvadores<\/span>priuvallfogona<\/a><\/li>\n<\/ul>\n<p><strong>Documentaci\u00f3 de refer\u00e8ncia:<\/strong><\/p>\n<ul>\n<li><a href=\"https:\/\/drive.google.com\/file\/d\/1Ka3uFP4e07vHpCGDp5VpnuBaq-Q7lT_L\/view?usp=sharing\">Tips sobre sexualitat per a fam\u00edlies de Prim\u00e0ria<\/a><\/li>\n<li><a href=\"https:\/\/drive.google.com\/file\/d\/1koEJoCSTBVmih8v3AytQwEX3AtWTvsaP\/view?usp=sharing\">Bibliografia sobre sexualitat<\/a><\/li>\n<\/ul>\n","protected":false},"excerpt":{"rendered":"<p>N\u00famero de compte de l&#8217;AFA Banc Santander: ES22-0049-2027-0724-1430-4531 Quines vies de comunicaci\u00f3 empra l&#8217;AFA? Referents de grup-classe Missatges a trav\u00e9s del canal de Whatsapp de l&#8217;AFA: www.ja.cat\/AFAVallfogona Correu electr\u00f2nic: afa@escolavallfogona.cat Revista de l&#8217;escola Compte d&#8217;Instagram: @afasalvadorespriuvallfogona Documentaci\u00f3 de refer\u00e8ncia: Tips sobre sexualitat per a fam\u00edlies de Prim\u00e0ria Bibliografia sobre sexualitat<\/p>\n","protected":false},"author":5,"featured_media":0,"parent":589,"menu_order":0,"comment_status":"closed","ping_status":"closed","template":"page-templates\/side-menu.php","meta":{"_bbp_topic_count":0,"_bbp_reply_count":0,"_bbp_total_topic_count":0,"_bbp_total_reply_count":0,"_bbp_voice_count":0,"_bbp_anonymous_reply_count":0,"_bbp_topic_count_hidden":0,"_bbp_reply_count_hidden":0,"_bbp_forum_subforum_count":0,"site-sidebar-layout":"default","site-content-layout":"","ast-site-content-layout":"","site-content-style":"default","site-sidebar-style":"default","ast-global-header-display":"","ast-banner-title-visibility":"","ast-main-header-display":"","ast-hfb-above-header-display":"","ast-hfb-below-header-display":"","ast-hfb-mobile-header-display":"","site-post-title":"","ast-breadcrumbs-content":"","ast-featured-img":"","footer-sml-layout":"","theme-transparent-header-meta":"","adv-header-id-meta":"","stick-header-meta":"","header-above-stick-meta":"","header-main-stick-meta":"","header-below-stick-meta":"","astra-migrate-meta-layouts":"default","ast-page-background-enabled":"default","ast-page-background-meta":{"desktop":{"background-color":"var(--ast-global-color-4)","background-image":"","background-repeat":"repeat","background-position":"center center","background-size":"auto","background-attachment":"scroll","background-type":"","background-media":"","overlay-type":"","overlay-color":"","overlay-opacity":"","overlay-gradient":""},"tablet":{"background-color":"","background-image":"","background-repeat":"repeat","background-position":"center center","background-size":"auto","background-attachment":"scroll","background-type":"","background-media":"","overlay-type":"","overlay-color":"","overlay-opacity":"","overlay-gradient":""},"mobile":{"background-color":"","background-image":"","background-repeat":"repeat","background-position":"center center","background-size":"auto","background-attachment":"scroll","background-type":"","background-media":"","overlay-type":"","overlay-color":"","overlay-opacity":"","overlay-gradient":""}},"ast-content-background-meta":{"desktop":{"background-color":"var(--ast-global-color-5)","background-image":"","background-repeat":"repeat","background-position":"center center","background-size":"auto","background-attachment":"scroll","background-type":"","background-media":"","overlay-type":"","overlay-color":"","overlay-opacity":"","overlay-gradient":""},"tablet":{"background-color":"var(--ast-global-color-5)","background-image":"","background-repeat":"repeat","background-position":"center center","background-size":"auto","background-attachment":"scroll","background-type":"","background-media":"","overlay-type":"","overlay-color":"","overlay-opacity":"","overlay-gradient":""},"mobile":{"background-color":"var(--ast-global-color-5)","background-image":"","background-repeat":"repeat","background-position":"center center","background-size":"auto","background-attachment":"scroll","background-type":"","background-media":"","overlay-type":"","overlay-color":"","overlay-opacity":"","overlay-gradient":""}},"footnotes":""},"class_list":["post-5440","page","type-page","status-publish","hentry"],"post_mailing_queue_ids":[],"_links":{"self":[{"href":"https:\/\/agora.xtec.cat\/escsalvadorespriuvallfogona\/wp-json\/wp\/v2\/pages\/5440","targetHints":{"allow":["GET"]}}],"collection":[{"href":"https:\/\/agora.xtec.cat\/escsalvadorespriuvallfogona\/wp-json\/wp\/v2\/pages"}],"about":[{"href":"https:\/\/agora.xtec.cat\/escsalvadorespriuvallfogona\/wp-json\/wp\/v2\/types\/page"}],"author":[{"embeddable":true,"href":"https:\/\/agora.xtec.cat\/escsalvadorespriuvallfogona\/wp-json\/wp\/v2\/users\/5"}],"replies":[{"embeddable":true,"href":"https:\/\/agora.xtec.cat\/escsalvadorespriuvallfogona\/wp-json\/wp\/v2\/comments?post=5440"}],"version-history":[{"count":7,"href":"https:\/\/agora.xtec.cat\/escsalvadorespriuvallfogona\/wp-json\/wp\/v2\/pages\/5440\/revisions"}],"predecessor-version":[{"id":7894,"href":"https:\/\/agora.xtec.cat\/escsalvadorespriuvallfogona\/wp-json\/wp\/v2\/pages\/5440\/revisions\/7894"}],"up":[{"embeddable":true,"href":"https:\/\/agora.xtec.cat\/escsalvadorespriuvallfogona\/wp-json\/wp\/v2\/pages\/589"}],"wp:attachment":[{"href":"https:\/\/agora.xtec.cat\/escsalvadorespriuvallfogona\/wp-json\/wp\/v2\/media?parent=5440"}],"curies":[{"name":"wp","href":"https:\/\/api.w.org\/{rel}","templated":true}]}}