{"id":5436,"date":"2021-01-27T12:48:49","date_gmt":"2021-01-27T11:48:49","guid":{"rendered":"http:\/\/agora.xtec.cat\/escsalvadorespriuvallfogona\/?page_id=5436"},"modified":"2025-09-17T13:09:50","modified_gmt":"2025-09-17T11:09:50","slug":"que-es-lafa","status":"publish","type":"page","link":"https:\/\/agora.xtec.cat\/escsalvadorespriuvallfogona\/afa\/que-es-lafa\/","title":{"rendered":"Qu\u00e8 \u00e9s l&#8217;AFA i com afiliar-s&#8217;hi?"},"content":{"rendered":"<p>L&#8217;Associaci\u00f3 de Fam\u00edlies d&#8217;Alumnes (AFA) de l&#8217;escola Salvador Espriu t\u00e9 l&#8217;objectiu <strong>d&#8217;acompanyar l\u2019escola en l\u2019educaci\u00f3 de la nostra mainada i recolzar-la en aquest cam\u00ed<\/strong> tot estant al costat de les fam\u00edlies i fent d\u2019enlla\u00e7 amb el centre.<\/p>\n<p>L&#8217;AFA coordina les <strong>activitats extraescolars<\/strong>, dona <strong>suport al centre en l&#8217;organitzaci\u00f3 de les diverses celebracions<\/strong> que es duen a terme al llarg del curs escolar (Castanyada, Ti\u00f3, Sant Jordi&#8230;), gestiona les <strong>fotografies de grups<\/strong> de cada classe del centre, aix\u00ed com de les orles dels alumnes de 6\u00e8, que s\u2019acomiaden de l\u2019escola, organitza (conjuntament amb l&#8217;escola) la <strong>festa de final de curs<\/strong> i s&#8217;encarrega d&#8217;encomanar, per a les fam\u00edlies que aix\u00ed ho desitgin, <strong>els llibres i el material escolar<\/strong> per al curs vinent i els<strong> llibres socialitzats<\/strong>. Tamb\u00e9<strong>\u00a0finan\u00e7a alguna millora al centre i\/o alguna de les sortides<\/strong> que tots els alumnes del centre realitzen durant el curs.<\/p>\n<p><em>La Junta de l&#8217;AFA informa de la seva activitat mitjan\u00e7ant l<strong>\u2019Assemblea Anual<\/strong>, l&#8217;objectiu de la qual \u00e9s comunicar la seva activitat als pares i mares de tots els alumnes del centre, per tant <strong>tothom est\u00e0 convidat a assistir-hi<\/strong>. La Junta de l\u2019AFA renova bianualment els c\u00e0rrecs de president\/a, secretari\/a i tresorera. Tanmateix, <span style=\"text-decoration: underline;\">anima a nous membres a afegir-s\u2019hi any rere any.<\/span><\/em><\/p>\n<p><a href=\"https:\/\/drive.google.com\/file\/d\/1u8X7SpCZjU4687TA5Y0JtPqtEz33toX0\/view?usp=sharing\">Podeu descarregar-vos la butlleta d&#8217;afiliaci\u00f3 a l&#8217;AFA aqu\u00ed<\/a><\/p>\n","protected":false},"excerpt":{"rendered":"<p>L&#8217;Associaci\u00f3 de Fam\u00edlies d&#8217;Alumnes (AFA) de l&#8217;escola Salvador Espriu t\u00e9 l&#8217;objectiu d&#8217;acompanyar l\u2019escola en l\u2019educaci\u00f3 de la nostra mainada i recolzar-la en aquest cam\u00ed tot estant al costat de les fam\u00edlies i fent d\u2019enlla\u00e7 amb el centre. L&#8217;AFA coordina les activitats extraescolars, dona suport al centre en l&#8217;organitzaci\u00f3 de les diverses celebracions que es duen [&hellip;]<\/p>\n","protected":false},"author":5,"featured_media":0,"parent":589,"menu_order":0,"comment_status":"closed","ping_status":"closed","template":"page-templates\/side-menu.php","meta":{"_bbp_topic_count":0,"_bbp_reply_count":0,"_bbp_total_topic_count":0,"_bbp_total_reply_count":0,"_bbp_voice_count":0,"_bbp_anonymous_reply_count":0,"_bbp_topic_count_hidden":0,"_bbp_reply_count_hidden":0,"_bbp_forum_subforum_count":0,"site-sidebar-layout":"default","site-content-layout":"","ast-site-content-layout":"","site-content-style":"default","site-sidebar-style":"default","ast-global-header-display":"","ast-banner-title-visibility":"","ast-main-header-display":"","ast-hfb-above-header-display":"","ast-hfb-below-header-display":"","ast-hfb-mobile-header-display":"","site-post-title":"","ast-breadcrumbs-content":"","ast-featured-img":"","footer-sml-layout":"","theme-transparent-header-meta":"","adv-header-id-meta":"","stick-header-meta":"","header-above-stick-meta":"","header-main-stick-meta":"","header-below-stick-meta":"","astra-migrate-meta-layouts":"default","ast-page-background-enabled":"default","ast-page-background-meta":{"desktop":{"background-color":"var(--ast-global-color-4)","background-image":"","background-repeat":"repeat","background-position":"center center","background-size":"auto","background-attachment":"scroll","background-type":"","background-media":"","overlay-type":"","overlay-color":"","overlay-opacity":"","overlay-gradient":""},"tablet":{"background-color":"","background-image":"","background-repeat":"repeat","background-position":"center center","background-size":"auto","background-attachment":"scroll","background-type":"","background-media":"","overlay-type":"","overlay-color":"","overlay-opacity":"","overlay-gradient":""},"mobile":{"background-color":"","background-image":"","background-repeat":"repeat","background-position":"center center","background-size":"auto","background-attachment":"scroll","background-type":"","background-media":"","overlay-type":"","overlay-color":"","overlay-opacity":"","overlay-gradient":""}},"ast-content-background-meta":{"desktop":{"background-color":"var(--ast-global-color-5)","background-image":"","background-repeat":"repeat","background-position":"center center","background-size":"auto","background-attachment":"scroll","background-type":"","background-media":"","overlay-type":"","overlay-color":"","overlay-opacity":"","overlay-gradient":""},"tablet":{"background-color":"var(--ast-global-color-5)","background-image":"","background-repeat":"repeat","background-position":"center center","background-size":"auto","background-attachment":"scroll","background-type":"","background-media":"","overlay-type":"","overlay-color":"","overlay-opacity":"","overlay-gradient":""},"mobile":{"background-color":"var(--ast-global-color-5)","background-image":"","background-repeat":"repeat","background-position":"center center","background-size":"auto","background-attachment":"scroll","background-type":"","background-media":"","overlay-type":"","overlay-color":"","overlay-opacity":"","overlay-gradient":""}},"footnotes":""},"class_list":["post-5436","page","type-page","status-publish","hentry"],"post_mailing_queue_ids":[],"_links":{"self":[{"href":"https:\/\/agora.xtec.cat\/escsalvadorespriuvallfogona\/wp-json\/wp\/v2\/pages\/5436","targetHints":{"allow":["GET"]}}],"collection":[{"href":"https:\/\/agora.xtec.cat\/escsalvadorespriuvallfogona\/wp-json\/wp\/v2\/pages"}],"about":[{"href":"https:\/\/agora.xtec.cat\/escsalvadorespriuvallfogona\/wp-json\/wp\/v2\/types\/page"}],"author":[{"embeddable":true,"href":"https:\/\/agora.xtec.cat\/escsalvadorespriuvallfogona\/wp-json\/wp\/v2\/users\/5"}],"replies":[{"embeddable":true,"href":"https:\/\/agora.xtec.cat\/escsalvadorespriuvallfogona\/wp-json\/wp\/v2\/comments?post=5436"}],"version-history":[{"count":6,"href":"https:\/\/agora.xtec.cat\/escsalvadorespriuvallfogona\/wp-json\/wp\/v2\/pages\/5436\/revisions"}],"predecessor-version":[{"id":7895,"href":"https:\/\/agora.xtec.cat\/escsalvadorespriuvallfogona\/wp-json\/wp\/v2\/pages\/5436\/revisions\/7895"}],"up":[{"embeddable":true,"href":"https:\/\/agora.xtec.cat\/escsalvadorespriuvallfogona\/wp-json\/wp\/v2\/pages\/589"}],"wp:attachment":[{"href":"https:\/\/agora.xtec.cat\/escsalvadorespriuvallfogona\/wp-json\/wp\/v2\/media?parent=5436"}],"curies":[{"name":"wp","href":"https:\/\/api.w.org\/{rel}","templated":true}]}}