{"id":477,"date":"2016-10-01T11:39:54","date_gmt":"2016-10-01T09:39:54","guid":{"rendered":"http:\/\/agora.xtec.cat\/escsalvadorespriuvallfogona\/?page_id=477"},"modified":"2026-03-22T00:24:55","modified_gmt":"2026-03-21T23:24:55","slug":"documents","status":"publish","type":"page","link":"https:\/\/agora.xtec.cat\/escsalvadorespriuvallfogona\/escola\/documents\/","title":{"rendered":"Documents"},"content":{"rendered":"<p><strong>Documents curs 2025-26:<\/strong><\/p>\n<ul>\n<li><a href=\"https:\/\/drive.google.com\/file\/d\/1Kk2t8zoCKsTZU-sK-ly_bUn5yhIL1szY\/view?usp=sharing\">Afiliaci\u00f3 AFA i carta de socialitzaci\u00f3<\/a><\/li>\n<li>Llistat de materials per al curs 2025-26:\n<ul>\n<li><a href=\"https:\/\/drive.google.com\/file\/d\/1fwgPQU3FZsoXC6TBF69ba2w5FCcah0-T\/view?usp=sharing\">I3<\/a><\/li>\n<li><a href=\"https:\/\/drive.google.com\/file\/d\/19c1z5IBmv1zXAvIde4i16xvQleIeEI1B\/view?usp=sharing\">I4<\/a><\/li>\n<li><a href=\"https:\/\/drive.google.com\/file\/d\/1h0wCZ-JCmvc-Qf0vr_8a4SIK_D0El8ko\/view?usp=sharing\">I5<\/a><\/li>\n<li><a href=\"https:\/\/drive.google.com\/file\/d\/1VDh30U4-51CtsBh4lrchrNdMYnUpu8RM\/view?usp=sharing\">1r<\/a><\/li>\n<li><a href=\"https:\/\/drive.google.com\/file\/d\/1j4Lqyu5NBuWAleK3Y-lSdChtV7mP2VbK\/view?usp=sharing\">2n<\/a><\/li>\n<li><a href=\"https:\/\/drive.google.com\/file\/d\/1eNgxy0-pmO40DLPtNPXIhqG6kufMqDZ0\/view?usp=sharing\">3r<\/a><\/li>\n<li><a href=\"https:\/\/drive.google.com\/file\/d\/17gNeEd7MPBgl_lwBNyT75e_zoCiEXvLj\/view?usp=sharing\">4t<\/a><\/li>\n<li><a href=\"https:\/\/drive.google.com\/file\/d\/1LVa1FHM4RRYNfG6sv82g-Ys0s0C2ikyP\/view?usp=sharing\">5\u00e8<\/a><\/li>\n<li><a href=\"https:\/\/drive.google.com\/file\/d\/1iwl0NQ4qK20Q7xOp2do5qqUAnL-IeU25\/view?usp=sharing\">6\u00e8<\/a><\/li>\n<\/ul>\n<\/li>\n<li><a href=\"https:\/\/drive.google.com\/file\/d\/1nTKnJCHqRL2Vswnp-u_LwYoGmbyrYYg-\/view?usp=sharing\">Calendari escolar 2025-26<\/a><\/li>\n<li><a href=\"https:\/\/drive.google.com\/file\/d\/1TPBJnr-0oYljgsjmGocvwG86Nxbrb6_i\/view?usp=sharing\">Programaci\u00f3 General Anual (PGA)\u00a0<\/a><\/li>\n<li><a href=\"https:\/\/drive.google.com\/file\/d\/1TcE20Qa9MNJgI94ZHUwhUD9M_OdL6OnP\/view?usp=sharing\">Pla de funcionament de menjador\u00a0<\/a><\/li>\n<li><a href=\"https:\/\/drive.google.com\/file\/d\/1jLY0jYF9e-y_naIwUscMOLkXFiWjCl8G\/view?usp=sharing\">Full de preinscripci\u00f3<\/a> i <a href=\"https:\/\/drive.google.com\/file\/d\/1fC7KW6iKIAFDGDYRpns_B3J_KfVRkfya\/view?usp=sharing\">Portes obertes<\/a><\/li>\n<li><a href=\"https:\/\/drive.google.com\/file\/d\/169MgQiR9RR2w2Bu9axo5N2FH0J2ncB58\/view?usp=sharing\">Llistat de documents a a presentar per fer preinscripci\u00f3<\/a><\/li>\n<\/ul>\n<p>&nbsp;<\/p>\n<p><strong>Autoritzacions per alumnes<br \/>\n<\/strong><\/p>\n<ul>\n<li><a href=\"https:\/\/drive.google.com\/file\/d\/1xj0uED0wMgravjCodyQura16f7eiDodl\/view?usp=sharing\" target=\"_blank\" rel=\"noopener noreferrer\">Informe m\u00e8dic per a l&#8217;atenci\u00f3 educativa a l&#8217;alumnat que no pot assistir al centre educatiu<\/a>.<\/li>\n<li><a href=\"https:\/\/drive.google.com\/file\/d\/1ogcE0n4RqF0w-dvhCZfsDF0atw2TAl7V\/view?usp=sharing\">Autoritzaci\u00f3 per fer comunicats per e-mail a la fam\u00edlia (permanent)<\/a><\/li>\n<li><a href=\"https:\/\/drive.google.com\/file\/d\/1t4-uoikWWzGCjC2U095_4O56L2N6aMEK\/view?usp=sharing\">Autoritzaci\u00f3 de drets d&#8217;imatge i difusi\u00f3 de treballs\u00a0<\/a><strong><br \/>\n<\/strong><\/li>\n<li><a href=\"https:\/\/drive.google.com\/file\/d\/1us3IEOEk63Vjp32o3QroEAJLCEzQThjR\/view?usp=sharing\">Autoritzaci\u00f3 per administrar medicaments<\/a><\/li>\n<li><a href=\"https:\/\/drive.google.com\/file\/d\/18h8JYyFNd79u3_U1xSrmH2QWjYSMnhy5\/view?usp=sharing\">Autoritzaci\u00f3 per sortir del centre<\/a><\/li>\n<li><a href=\"https:\/\/drive.google.com\/file\/d\/1CVvV7ZAt6IlSOyWL29p92ZO1ezJRD6Re\/view?usp=sharing\">Autoritzaci\u00f3 per fer sortides per l&#8217;entorn proper<\/a><\/li>\n<li><a href=\"https:\/\/drive.google.com\/file\/d\/1UvYTWU387T65ERlNEodMG1D85Lqa_pWN\/view?usp=sharing\">Autoritzaci\u00f3 per l&#8217;\u00fas de recursos digitals<\/a><\/li>\n<\/ul>\n<p><strong>Doc<\/strong><strong>uments generals del centre:<\/strong><\/p>\n<ul>\n<li><a href=\"https:\/\/agora.xtec.cat\/escsalvadorespriuvallfogona\/wp-content\/uploads\/usu1472\/2019\/06\/PEC_25004851_juny2019.pdf\">Projecte Educatiu de Centre (PEC)<span style=\"color: #ff0000;\">\u00a0<\/span><\/a><\/li>\n<li><a href=\"https:\/\/agora.xtec.cat\/escsalvadorespriuvallfogona\/wp-content\/uploads\/usu1472\/2019\/06\/Projecte_Linguistic.pdf\">Projecte Ling\u00fc\u00edstic del Centre (PLC)<\/a><\/li>\n<li><a href=\"https:\/\/agora.xtec.cat\/escsalvadorespriuvallfogona\/wp-content\/uploads\/usu1472\/2020\/09\/2021Carta-de-comprom\u00eds.pdf\">Carta de comprom\u00eds educatiu (v.2020)<\/a><\/li>\n<li><a style=\"color: #2795b6;\" href=\"https:\/\/agora.xtec.cat\/escsalvadorespriuvallfogona\/wp-content\/uploads\/usu1472\/2019\/02\/NOFC_2019.pdf\">Normes d&#8217;Organitzaci\u00f3 i Funcionament del Centre (NOFC)<\/a><\/li>\n<li><a href=\"http:\/\/agora.xtec.cat\/escsalvadorespriuvallfogona\/wp-content\/uploads\/usu1472\/2016\/10\/escrit_direccio.pdf\">Model de sol\u00b7licitud o queixa a la direcci\u00f3<\/a><\/li>\n<li>Traject\u00f2ria professional de l&#8217;Equip directiu (<em>en elaboraci\u00f3<\/em>)<\/li>\n<li>Acords del Consell Escolar del centre (<em>en elaboraci\u00f3<\/em>)<\/li>\n<\/ul>\n<p><strong>Altres documents<\/strong><\/p>\n","protected":false},"excerpt":{"rendered":"<p>Documents curs 2025-26: Afiliaci\u00f3 AFA i carta de socialitzaci\u00f3 Llistat de materials per al curs 2025-26: I3 I4 I5 1r 2n 3r 4t 5\u00e8 6\u00e8 Calendari escolar 2025-26 Programaci\u00f3 General Anual (PGA)\u00a0 Pla de funcionament de menjador\u00a0 Full de preinscripci\u00f3 i Portes obertes Llistat de documents a a presentar per fer preinscripci\u00f3 &nbsp; Autoritzacions per [&hellip;]<\/p>\n","protected":false},"author":1,"featured_media":0,"parent":465,"menu_order":0,"comment_status":"closed","ping_status":"closed","template":"","meta":{"_bbp_topic_count":0,"_bbp_reply_count":0,"_bbp_total_topic_count":0,"_bbp_total_reply_count":0,"_bbp_voice_count":0,"_bbp_anonymous_reply_count":0,"_bbp_topic_count_hidden":0,"_bbp_reply_count_hidden":0,"_bbp_forum_subforum_count":0,"site-sidebar-layout":"default","site-content-layout":"","ast-site-content-layout":"default","site-content-style":"default","site-sidebar-style":"default","ast-global-header-display":"","ast-banner-title-visibility":"","ast-main-header-display":"","ast-hfb-above-header-display":"","ast-hfb-below-header-display":"","ast-hfb-mobile-header-display":"","site-post-title":"","ast-breadcrumbs-content":"","ast-featured-img":"","footer-sml-layout":"","theme-transparent-header-meta":"default","adv-header-id-meta":"","stick-header-meta":"","header-above-stick-meta":"","header-main-stick-meta":"","header-below-stick-meta":"","astra-migrate-meta-layouts":"set","ast-page-background-enabled":"default","ast-page-background-meta":{"desktop":{"background-color":"var(--ast-global-color-4)","background-image":"","background-repeat":"repeat","background-position":"center center","background-size":"auto","background-attachment":"scroll","background-type":"","background-media":"","overlay-type":"","overlay-color":"","overlay-opacity":"","overlay-gradient":""},"tablet":{"background-color":"","background-image":"","background-repeat":"repeat","background-position":"center center","background-size":"auto","background-attachment":"scroll","background-type":"","background-media":"","overlay-type":"","overlay-color":"","overlay-opacity":"","overlay-gradient":""},"mobile":{"background-color":"","background-image":"","background-repeat":"repeat","background-position":"center center","background-size":"auto","background-attachment":"scroll","background-type":"","background-media":"","overlay-type":"","overlay-color":"","overlay-opacity":"","overlay-gradient":""}},"ast-content-background-meta":{"desktop":{"background-color":"var(--ast-global-color-5)","background-image":"","background-repeat":"repeat","background-position":"center center","background-size":"auto","background-attachment":"scroll","background-type":"","background-media":"","overlay-type":"","overlay-color":"","overlay-opacity":"","overlay-gradient":""},"tablet":{"background-color":"var(--ast-global-color-5)","background-image":"","background-repeat":"repeat","background-position":"center center","background-size":"auto","background-attachment":"scroll","background-type":"","background-media":"","overlay-type":"","overlay-color":"","overlay-opacity":"","overlay-gradient":""},"mobile":{"background-color":"var(--ast-global-color-5)","background-image":"","background-repeat":"repeat","background-position":"center center","background-size":"auto","background-attachment":"scroll","background-type":"","background-media":"","overlay-type":"","overlay-color":"","overlay-opacity":"","overlay-gradient":""}},"footnotes":""},"class_list":["post-477","page","type-page","status-publish","hentry"],"post_mailing_queue_ids":[],"_links":{"self":[{"href":"https:\/\/agora.xtec.cat\/escsalvadorespriuvallfogona\/wp-json\/wp\/v2\/pages\/477","targetHints":{"allow":["GET"]}}],"collection":[{"href":"https:\/\/agora.xtec.cat\/escsalvadorespriuvallfogona\/wp-json\/wp\/v2\/pages"}],"about":[{"href":"https:\/\/agora.xtec.cat\/escsalvadorespriuvallfogona\/wp-json\/wp\/v2\/types\/page"}],"author":[{"embeddable":true,"href":"https:\/\/agora.xtec.cat\/escsalvadorespriuvallfogona\/wp-json\/wp\/v2\/users\/1"}],"replies":[{"embeddable":true,"href":"https:\/\/agora.xtec.cat\/escsalvadorespriuvallfogona\/wp-json\/wp\/v2\/comments?post=477"}],"version-history":[{"count":8,"href":"https:\/\/agora.xtec.cat\/escsalvadorespriuvallfogona\/wp-json\/wp\/v2\/pages\/477\/revisions"}],"predecessor-version":[{"id":8088,"href":"https:\/\/agora.xtec.cat\/escsalvadorespriuvallfogona\/wp-json\/wp\/v2\/pages\/477\/revisions\/8088"}],"up":[{"embeddable":true,"href":"https:\/\/agora.xtec.cat\/escsalvadorespriuvallfogona\/wp-json\/wp\/v2\/pages\/465"}],"wp:attachment":[{"href":"https:\/\/agora.xtec.cat\/escsalvadorespriuvallfogona\/wp-json\/wp\/v2\/media?parent=477"}],"curies":[{"name":"wp","href":"https:\/\/api.w.org\/{rel}","templated":true}]}}