{"id":469,"date":"2016-10-01T11:38:17","date_gmt":"2016-10-01T09:38:17","guid":{"rendered":"http:\/\/agora.xtec.cat\/escsalvadorespriuvallfogona\/?page_id=469"},"modified":"2026-01-09T09:30:14","modified_gmt":"2026-01-09T08:30:14","slug":"consell-escolar","status":"publish","type":"page","link":"https:\/\/agora.xtec.cat\/escsalvadorespriuvallfogona\/escola\/consell-escolar\/","title":{"rendered":"Consell escolar"},"content":{"rendered":"<div class=\"page\" title=\"Page 11\">\n<div class=\"layoutArea\">\n<div class=\"column\">\n<div class=\"page\" title=\"Page 11\">\n<div class=\"layoutArea\">\n<div class=\"column\" style=\"text-align: justify;\">\n<div class=\"page\" title=\"Page 11\">\n<div class=\"layoutArea\">\n<div class=\"column\">\n<p>El Consell Escolar del centre \u00e9s el m\u00e0xim \u00f2rgan de control del centre, i est\u00e0 format per un total de 15 persones, que representen diferents sectors de la Comunitat Educativa. Es reunir\u00e0 de manera ordin\u00e0ria un m\u00ednim d\u2019un cop per trimestre, un cop a l\u2019inici i al final de curs, i tamb\u00e9 de forma extraordin\u00e0ria quan sigui necessari.<\/p>\n<\/div>\n<\/div>\n<\/div>\n<p><strong>\u00a0Composici\u00f3 del Consell Escolar 2024\/2025:<\/strong><\/p>\n<\/div>\n<\/div>\n<\/div>\n<div class=\"column\"><\/div>\n<div title=\"Page 11\"><\/div>\n<div class=\"page\" title=\"Page 11\">\n<table style=\"height: 539px; width: 100.515%;\" width=\"543\">\n<tbody>\n<tr style=\"background-color: #ffff99;\">\n<td style=\"width: 45.4301%; text-align: center; height: 34px;\">M\u00aa Carme S.G.<\/td>\n<td style=\"width: 53.4946%; text-align: center; height: 34px;\">Directora del centre i Presidenta del Consell Escolar<\/td>\n<\/tr>\n<tr style=\"background-color: #ffff99;\">\n<td style=\"width: 45.4301%; text-align: center; height: 34px;\">Roser C. L.<\/td>\n<td style=\"width: 53.4946%; text-align: center; height: 34px;\">Secret\u00e0ria del centre i del Consell Escolar<\/td>\n<\/tr>\n<tr style=\"background-color: #ffff99;\">\n<td style=\"width: 45.4301%; text-align: center; height: 34px;\">Marina F. T.<\/td>\n<td style=\"width: 53.4946%; text-align: center; height: 34px;\">Cap d\u2019estudis del centre<\/td>\n<\/tr>\n<tr style=\"height: 34px; background-color: #b6dde8;\">\n<td style=\"width: 45.4301%; text-align: center; height: 34px;\">Carol S. B.<\/td>\n<td style=\"width: 53.4946%; text-align: center; height: 34px;\">Representant de l\u2019AFA<\/td>\n<\/tr>\n<tr style=\"height: 32px; background-color: #d6e3bc;\">\n<td style=\"width: 45.4301%; text-align: center; height: 32px;\">Joan A. C.<\/td>\n<td style=\"width: 53.4946%; text-align: center; height: 32px;\">Representant de l\u2019Ajuntament<\/td>\n<\/tr>\n<tr style=\"background-color: #fbd4b4;\">\n<td style=\"width: 45.4301%; text-align: center; height: 34px;\">Thais A. B.<\/td>\n<td style=\"width: 53.4946%; text-align: center; height: 34px;\">Representant del sector Fam\u00edlies<\/td>\n<\/tr>\n<tr style=\"background-color: #fbd4b4;\">\n<td style=\"width: 45.4301%; text-align: center; height: 34px;\">Arnau G. T.<\/td>\n<td style=\"width: 53.4946%; text-align: center; height: 34px;\">Representant del sector Fam\u00edlies<\/td>\n<\/tr>\n<tr style=\"background-color: #fbd4b4;\">\n<td style=\"width: 45.4301%; text-align: center; height: 33px;\">Merc\u00e8 O. V.<\/td>\n<td style=\"width: 53.4946%; text-align: center; height: 33px;\">Representant del sector Fam\u00edlies<\/td>\n<\/tr>\n<tr style=\"background-color: #fbd4b4;\">\n<td style=\"width: 45.4301%; text-align: center; height: 34px;\">Albert P. S.<\/td>\n<td style=\"width: 53.4946%; text-align: center; height: 34px;\">Representant del sector Fam\u00edlies<\/td>\n<\/tr>\n<tr style=\"background-color: #ccc0d9;\">\n<td style=\"width: 45.4301%; text-align: center; height: 34px;\">Elisabeth C. A.<\/td>\n<td style=\"width: 53.4946%; text-align: center; height: 34px;\">Representant del sector Professorat<\/td>\n<\/tr>\n<tr style=\"background-color: #ccc0d9;\">\n<td style=\"width: 45.4301%; text-align: center; height: 34px;\">Eva G. G.<\/td>\n<td style=\"width: 53.4946%; text-align: center; height: 34px;\">Representant del sector Professorat<\/td>\n<\/tr>\n<tr style=\"background-color: #ccc0d9;\">\n<td style=\"width: 45.4301%; text-align: center; height: 34px;\">Anna M. P.<\/td>\n<td style=\"width: 53.4946%; text-align: center; height: 34px;\">Representant del sector Professorat<\/td>\n<\/tr>\n<tr style=\"background-color: #ccc0d9;\">\n<td style=\"width: 45.4301%; text-align: center; height: 34px;\">J\u00falia P. M.<\/td>\n<td style=\"width: 53.4946%; text-align: center; height: 34px;\">Representant del sector Professorat<\/td>\n<\/tr>\n<tr style=\"height: 32px;\">\n<td style=\"width: 45.4301%; text-align: center; height: 32px;\">Dav\u00ednia A. F.<\/td>\n<td style=\"width: 53.4946%; text-align: center; height: 32px;\">Representant COCOBE<\/td>\n<\/tr>\n<tr style=\"height: 34px; background-color: #ff99cc;\">\n<td style=\"width: 45.4301%; text-align: center; height: 34px;\">Anna M. U.<\/td>\n<td style=\"width: 53.4946%; text-align: center; height: 34px;\">Representant del PAS<\/td>\n<\/tr>\n<\/tbody>\n<\/table>\n<\/div>\n<\/div>\n<\/div>\n<\/div>\n","protected":false},"excerpt":{"rendered":"<p>El Consell Escolar del centre \u00e9s el m\u00e0xim \u00f2rgan de control del centre, i est\u00e0 format per un total de 15 persones, que representen diferents sectors de la Comunitat Educativa. Es reunir\u00e0 de manera ordin\u00e0ria un m\u00ednim d\u2019un cop per trimestre, un cop a l\u2019inici i al final de curs, i tamb\u00e9 de forma extraordin\u00e0ria [&hellip;]<\/p>\n","protected":false},"author":1,"featured_media":0,"parent":465,"menu_order":0,"comment_status":"closed","ping_status":"closed","template":"page-templates\/side-menu.php","meta":{"_bbp_topic_count":0,"_bbp_reply_count":0,"_bbp_total_topic_count":0,"_bbp_total_reply_count":0,"_bbp_voice_count":0,"_bbp_anonymous_reply_count":0,"_bbp_topic_count_hidden":0,"_bbp_reply_count_hidden":0,"_bbp_forum_subforum_count":0,"site-sidebar-layout":"default","site-content-layout":"","ast-site-content-layout":"","site-content-style":"default","site-sidebar-style":"default","ast-global-header-display":"","ast-banner-title-visibility":"","ast-main-header-display":"","ast-hfb-above-header-display":"","ast-hfb-below-header-display":"","ast-hfb-mobile-header-display":"","site-post-title":"","ast-breadcrumbs-content":"","ast-featured-img":"","footer-sml-layout":"","theme-transparent-header-meta":"","adv-header-id-meta":"","stick-header-meta":"","header-above-stick-meta":"","header-main-stick-meta":"","header-below-stick-meta":"","astra-migrate-meta-layouts":"default","ast-page-background-enabled":"default","ast-page-background-meta":{"desktop":{"background-color":"var(--ast-global-color-4)","background-image":"","background-repeat":"repeat","background-position":"center center","background-size":"auto","background-attachment":"scroll","background-type":"","background-media":"","overlay-type":"","overlay-color":"","overlay-opacity":"","overlay-gradient":""},"tablet":{"background-color":"","background-image":"","background-repeat":"repeat","background-position":"center center","background-size":"auto","background-attachment":"scroll","background-type":"","background-media":"","overlay-type":"","overlay-color":"","overlay-opacity":"","overlay-gradient":""},"mobile":{"background-color":"","background-image":"","background-repeat":"repeat","background-position":"center center","background-size":"auto","background-attachment":"scroll","background-type":"","background-media":"","overlay-type":"","overlay-color":"","overlay-opacity":"","overlay-gradient":""}},"ast-content-background-meta":{"desktop":{"background-color":"var(--ast-global-color-5)","background-image":"","background-repeat":"repeat","background-position":"center center","background-size":"auto","background-attachment":"scroll","background-type":"","background-media":"","overlay-type":"","overlay-color":"","overlay-opacity":"","overlay-gradient":""},"tablet":{"background-color":"var(--ast-global-color-5)","background-image":"","background-repeat":"repeat","background-position":"center center","background-size":"auto","background-attachment":"scroll","background-type":"","background-media":"","overlay-type":"","overlay-color":"","overlay-opacity":"","overlay-gradient":""},"mobile":{"background-color":"var(--ast-global-color-5)","background-image":"","background-repeat":"repeat","background-position":"center center","background-size":"auto","background-attachment":"scroll","background-type":"","background-media":"","overlay-type":"","overlay-color":"","overlay-opacity":"","overlay-gradient":""}},"footnotes":""},"class_list":["post-469","page","type-page","status-publish","hentry"],"post_mailing_queue_ids":[],"_links":{"self":[{"href":"https:\/\/agora.xtec.cat\/escsalvadorespriuvallfogona\/wp-json\/wp\/v2\/pages\/469","targetHints":{"allow":["GET"]}}],"collection":[{"href":"https:\/\/agora.xtec.cat\/escsalvadorespriuvallfogona\/wp-json\/wp\/v2\/pages"}],"about":[{"href":"https:\/\/agora.xtec.cat\/escsalvadorespriuvallfogona\/wp-json\/wp\/v2\/types\/page"}],"author":[{"embeddable":true,"href":"https:\/\/agora.xtec.cat\/escsalvadorespriuvallfogona\/wp-json\/wp\/v2\/users\/1"}],"replies":[{"embeddable":true,"href":"https:\/\/agora.xtec.cat\/escsalvadorespriuvallfogona\/wp-json\/wp\/v2\/comments?post=469"}],"version-history":[{"count":6,"href":"https:\/\/agora.xtec.cat\/escsalvadorespriuvallfogona\/wp-json\/wp\/v2\/pages\/469\/revisions"}],"predecessor-version":[{"id":8015,"href":"https:\/\/agora.xtec.cat\/escsalvadorespriuvallfogona\/wp-json\/wp\/v2\/pages\/469\/revisions\/8015"}],"up":[{"embeddable":true,"href":"https:\/\/agora.xtec.cat\/escsalvadorespriuvallfogona\/wp-json\/wp\/v2\/pages\/465"}],"wp:attachment":[{"href":"https:\/\/agora.xtec.cat\/escsalvadorespriuvallfogona\/wp-json\/wp\/v2\/media?parent=469"}],"curies":[{"name":"wp","href":"https:\/\/api.w.org\/{rel}","templated":true}]}}