{"id":4120,"date":"2020-03-16T17:42:06","date_gmt":"2020-03-16T16:42:06","guid":{"rendered":"http:\/\/agora.xtec.cat\/escsalvadorespriuvallfogona\/?page_id=4120"},"modified":"2026-03-22T00:20:57","modified_gmt":"2026-03-21T23:20:57","slug":"preinscripcio","status":"publish","type":"page","link":"https:\/\/agora.xtec.cat\/escsalvadorespriuvallfogona\/escola\/preinscripcio\/","title":{"rendered":"Preinscripci\u00f3"},"content":{"rendered":"<h3><strong>Preinscripci\u00f3 pel curs escolar 2025-26<\/strong><\/h3>\n<ul>\n<li>Preinscripci\u00f3 a l&#8217;IES Almat\u00e0 de Balaguer\n<ul>\n<li>Info al seu web: <a href=\"https:\/\/blocs.xtec.cat\/almata\/2020\/05\/10\/preinscripcions-telematiques-eso\/\">IES Almat\u00e0<\/a><\/li>\n<li>Codi de centre: 25005727<\/li>\n<\/ul>\n<\/li>\n<\/ul>\n<ul>\n<li>Preinscripci\u00f3 a l&#8217;IES Ciutat de Balaguer\n<ul>\n<li>Info al seu web <a href=\"https:\/\/insbalaguer.cat\/preinscripcio-i-matricula\/\">IES Ciutat de Balaguer<\/a><\/li>\n<li>Codi de centre: 25000833<\/li>\n<\/ul>\n<\/li>\n<\/ul>\n<p><strong>Oferta inicial de places Esc. Salvador Espriu: <\/strong>Cal accedir al <a href=\"http:\/\/mapaescolar.gencat.cat\/\">mapa escolar de Catalunya<\/a>, i cercar per codi de centre (25004851)<\/p>\n<p><strong><span style=\"color: #ff0000;\">Termini de preinscripci\u00f3<\/span>: del\u00a0 4 al 18 de mar\u00e7 (tancat)<\/strong><\/p>\n<p><span lang=\"CA-ES\" data-contrast=\"none\"><span style=\"color: #ff0000;\"><strong>P<\/strong><\/span><strong><span style=\"color: #ff0000;\">ublicaci\u00f3 de la llista de sol\u00b7licituds amb la puntuaci\u00f3 provisional<\/span>: 15 d&#8217;abril\u00a0<\/strong><\/span><\/p>\n<p><span lang=\"CA-ES\" data-contrast=\"none\"><span style=\"color: #ff0000;\"><strong>Publicaci\u00f3 de\u00a0la llist<\/strong><\/span><strong><span style=\"color: #ff0000;\">a ordenada:<\/span> 29 d&#8217;abril<\/strong><\/span><\/p>\n<p><strong><span style=\"color: #ff0000;\">Formes de presentaci\u00f3 de sol\u00b7licituds:<\/span><\/strong><\/p>\n<p><strong>A.<\/strong> Telem\u00e0tica al web Gencat.cat (<a href=\"http:\/\/ensenyament.gencat.cat\/es\/tramits\/tramits-temes\/20483_preinscripcio_escolar?moda=1\">enlla\u00e7<\/a>)<\/p>\n<p><strong>B.<\/strong> Presencialment al centre (en casos excepcionals i amb cita pr\u00e8via)<\/p>\n<p><em>(*) Si no \u00e9s possible entregar tota la documentaci\u00f3 per correu electr\u00f2nic es podr\u00e0 entregar de forma presencial.<\/em><\/p>\n<p><span style=\"color: #ff0000;\"><strong>Contacte amb l&#8217;escola:<\/strong><\/span><\/p>\n<ul>\n<li>Per obtenir cita pr\u00e8via o informaci\u00f3 general\n<ul>\n<li>Correu electr\u00f2nic: <a href=\"mailto:escola@escolavallfogona.cat\"><strong>escola@escolavallfogona.cat<\/strong><\/a> \/\/ <a href=\"mailto:c5004851@xtec.cat\"><strong>c5004851<span class=\"\"><span class=\"\">@<\/span>xtec.cat<\/span><\/strong><\/a><\/li>\n<li>Tel\u00e8fon: 973 43 22 14<\/li>\n<li>Codi de centre: 25004851<\/li>\n<\/ul>\n<\/li>\n<\/ul>\n<p><span style=\"color: #ff0000;\"><strong>Canals Generals d&#8217;Informaci\u00f3:<\/strong><\/span><\/p>\n<ul>\n<li>Lloc web amb <strong>informaci\u00f3 oficial<\/strong> actualitzada (<a href=\"http:\/\/queestudiar.gencat.cat\/ca\/preinscripcio\/estudis\/obligatoris\/\">enlla\u00e7<\/a>)\n<ul>\n<li>Calendari del proc\u00e9s (<a href=\"http:\/\/queestudiar.gencat.cat\/ca\/preinscripcio\/estudis\/obligatoris\/calendari\/\">enlla\u00e7<\/a>)<\/li>\n<li>Mapa escolar de centres de Catalunya (<a href=\"http:\/\/mapaescolar.gencat.cat\/\">enlla\u00e7<\/a>)<\/li>\n<\/ul>\n<\/li>\n<li>Tel\u00e8fon d&#8217;Atenci\u00f3 Ciutadana: 012<\/li>\n<\/ul>\n<p><span style=\"color: #ff0000;\"><strong>Aclariments:<\/strong><\/span><\/p>\n<ul>\n<li>El codi RALC o IDALU \u00e9s individual de cada alumne. Als alumnes que comen\u00e7aran EI3, els hi facilitar\u00e0 la llar d&#8217;infants. L&#8217;alumnat ja matriculat, el podreu trobar a la cap\u00e7alera dels informes d&#8217;avaluaci\u00f3<\/li>\n<li>L&#8217;atenci\u00f3 ser\u00e0 principalment telem\u00e0tica. En cas de fer gestions presencials, s&#8217;haur\u00e0 de fer amb cita pr\u00e8via havent contactat amb el centre per tel\u00e8fon o correu electr\u00f2nic. Si \u00e9s possible, caldr\u00e0 lliurar tota la documentaci\u00f3 per correu electr\u00f2nic.<\/li>\n<li>En el cas d&#8217;alumnes empadronats al municipi, la baremaci\u00f3 de punts no tindr\u00e0 cap efecte, tot i que s&#8217;ha d&#8217;omplir el full en la seva totalitat.<\/li>\n<\/ul>\n","protected":false},"excerpt":{"rendered":"<p>Preinscripci\u00f3 pel curs escolar 2025-26 Preinscripci\u00f3 a l&#8217;IES Almat\u00e0 de Balaguer Info al seu web: IES Almat\u00e0 Codi de centre: 25005727 Preinscripci\u00f3 a l&#8217;IES Ciutat de Balaguer Info al seu web IES Ciutat de Balaguer Codi de centre: 25000833 Oferta inicial de places Esc. Salvador Espriu: Cal accedir al mapa escolar de Catalunya, i cercar [&hellip;]<\/p>\n","protected":false},"author":5,"featured_media":0,"parent":465,"menu_order":0,"comment_status":"closed","ping_status":"closed","template":"","meta":{"_bbp_topic_count":0,"_bbp_reply_count":0,"_bbp_total_topic_count":0,"_bbp_total_reply_count":0,"_bbp_voice_count":0,"_bbp_anonymous_reply_count":0,"_bbp_topic_count_hidden":0,"_bbp_reply_count_hidden":0,"_bbp_forum_subforum_count":0,"site-sidebar-layout":"default","site-content-layout":"","ast-site-content-layout":"default","site-content-style":"default","site-sidebar-style":"default","ast-global-header-display":"","ast-banner-title-visibility":"","ast-main-header-display":"","ast-hfb-above-header-display":"","ast-hfb-below-header-display":"","ast-hfb-mobile-header-display":"","site-post-title":"","ast-breadcrumbs-content":"","ast-featured-img":"","footer-sml-layout":"","theme-transparent-header-meta":"default","adv-header-id-meta":"","stick-header-meta":"","header-above-stick-meta":"","header-main-stick-meta":"","header-below-stick-meta":"","astra-migrate-meta-layouts":"set","ast-page-background-enabled":"default","ast-page-background-meta":{"desktop":{"background-color":"var(--ast-global-color-4)","background-image":"","background-repeat":"repeat","background-position":"center center","background-size":"auto","background-attachment":"scroll","background-type":"","background-media":"","overlay-type":"","overlay-color":"","overlay-opacity":"","overlay-gradient":""},"tablet":{"background-color":"","background-image":"","background-repeat":"repeat","background-position":"center center","background-size":"auto","background-attachment":"scroll","background-type":"","background-media":"","overlay-type":"","overlay-color":"","overlay-opacity":"","overlay-gradient":""},"mobile":{"background-color":"","background-image":"","background-repeat":"repeat","background-position":"center center","background-size":"auto","background-attachment":"scroll","background-type":"","background-media":"","overlay-type":"","overlay-color":"","overlay-opacity":"","overlay-gradient":""}},"ast-content-background-meta":{"desktop":{"background-color":"var(--ast-global-color-5)","background-image":"","background-repeat":"repeat","background-position":"center center","background-size":"auto","background-attachment":"scroll","background-type":"","background-media":"","overlay-type":"","overlay-color":"","overlay-opacity":"","overlay-gradient":""},"tablet":{"background-color":"var(--ast-global-color-5)","background-image":"","background-repeat":"repeat","background-position":"center center","background-size":"auto","background-attachment":"scroll","background-type":"","background-media":"","overlay-type":"","overlay-color":"","overlay-opacity":"","overlay-gradient":""},"mobile":{"background-color":"var(--ast-global-color-5)","background-image":"","background-repeat":"repeat","background-position":"center center","background-size":"auto","background-attachment":"scroll","background-type":"","background-media":"","overlay-type":"","overlay-color":"","overlay-opacity":"","overlay-gradient":""}},"footnotes":""},"class_list":["post-4120","page","type-page","status-publish","hentry"],"post_mailing_queue_ids":[],"_links":{"self":[{"href":"https:\/\/agora.xtec.cat\/escsalvadorespriuvallfogona\/wp-json\/wp\/v2\/pages\/4120","targetHints":{"allow":["GET"]}}],"collection":[{"href":"https:\/\/agora.xtec.cat\/escsalvadorespriuvallfogona\/wp-json\/wp\/v2\/pages"}],"about":[{"href":"https:\/\/agora.xtec.cat\/escsalvadorespriuvallfogona\/wp-json\/wp\/v2\/types\/page"}],"author":[{"embeddable":true,"href":"https:\/\/agora.xtec.cat\/escsalvadorespriuvallfogona\/wp-json\/wp\/v2\/users\/5"}],"replies":[{"embeddable":true,"href":"https:\/\/agora.xtec.cat\/escsalvadorespriuvallfogona\/wp-json\/wp\/v2\/comments?post=4120"}],"version-history":[{"count":6,"href":"https:\/\/agora.xtec.cat\/escsalvadorespriuvallfogona\/wp-json\/wp\/v2\/pages\/4120\/revisions"}],"predecessor-version":[{"id":8087,"href":"https:\/\/agora.xtec.cat\/escsalvadorespriuvallfogona\/wp-json\/wp\/v2\/pages\/4120\/revisions\/8087"}],"up":[{"embeddable":true,"href":"https:\/\/agora.xtec.cat\/escsalvadorespriuvallfogona\/wp-json\/wp\/v2\/pages\/465"}],"wp:attachment":[{"href":"https:\/\/agora.xtec.cat\/escsalvadorespriuvallfogona\/wp-json\/wp\/v2\/media?parent=4120"}],"curies":[{"name":"wp","href":"https:\/\/api.w.org\/{rel}","templated":true}]}}