{"id":1713,"date":"2017-10-19T16:03:32","date_gmt":"2017-10-19T14:03:32","guid":{"rendered":"http:\/\/agora.xtec.cat\/escsalvadorespriuvallfogona\/?page_id=1713"},"modified":"2026-03-22T00:28:08","modified_gmt":"2026-03-21T23:28:08","slug":"preguntes-frequents","status":"publish","type":"page","link":"https:\/\/agora.xtec.cat\/escsalvadorespriuvallfogona\/comunicacio-2\/preguntes-frequents\/","title":{"rendered":"Preguntes freq\u00fcents"},"content":{"rendered":"<h5>Per qu\u00e8 l&#8217;alumnat entra directe al pati per la porta de la Pla\u00e7a Sant Miquel?<\/h5>\n<p>Abans de la pand\u00e8mia l&#8217;alumnat del centre ja entrava per aquesta porta.<\/p>\n<p>Amb el desig de recuperar la normalitat, el curs 2023-24 es va iniciar posant de nou en marxa aquesta proposta, i ho continuem fent actualment. La porta s&#8217;obra 5 minuts abans de les 9h i de les 15h i \u00e9s responsabilitat de la fam\u00edlia la guarda i cust\u00f2dia de l&#8217;infant fins l&#8217;hora d&#8217;entrada.<\/p>\n<p>&nbsp;<\/p>\n<hr \/>\n<h5><a id=\"pregunta2\" name=\"pregunta2\"><\/a><br \/>\nA qu\u00e8 es destinen les quotes de fotoc\u00f2pies i material que paguen les fam\u00edlies?<\/h5>\n<p>D&#8217;aquests diners es destinen 25\u20ac, de cada infant, per a fotoc\u00f2pies i la resta de la quota per a material fungible (fulls de color, cartolines, enquadernacions, materials pl\u00e0stics, art\u00edstics i experimentals i tallers diversos).<\/p>\n<p>Les quotes que paguen les fam\u00edlies a dia d&#8217;avui s\u00f3n de 95,00\u20ac a\u00a0 Infantil, i 65,00\u20ac a Prim\u00e0ria (a superior tamb\u00e9 es paguen 14\u20ac de l&#8217;aplicaci\u00f3 dictapp).<\/p>\n<p>&nbsp;<\/p>\n<hr \/>\n<h5><a id=\"pregunta3\" name=\"pregunta3\"><\/a><br \/>\nCom s&#8217;estableix el calendari escolar?<\/h5>\n<p style=\"text-align: justify;\">El Departament d&#8217;Educaci\u00f3 \u00e9s qui proporciona el marc del calendari escolar, que estableix els dies d&#8217;inici i de final de cada trimestre, el total de dies lectius\u00a0 i els festius auton\u00f2mics i nacionals.<\/p>\n<p style=\"text-align: justify;\">El marge d&#8217;autonomia de l&#8217;Escola consisteix en seleccionar els 4 dies de lliure disposici\u00f3, que segons la normativa, s&#8217;han de distribuir equitativament en el calendari. Aquest calendari definitiu l&#8217;aprova el Consell Escolar del centre un cop s&#8217;hi han afegit els festius locals.<\/p>\n<p>&nbsp;<\/p>\n<h5>Com podem entrar al moodle?<\/h5>\n<p>Us compartim els enlla\u00e7os que expliquen com accedir al moodle en funci\u00f3 del cicle o etapa que cursa l&#8217;infant.<\/p>\n<p><a href=\"https:\/\/drive.google.com\/file\/d\/1gxUCEre2JLqEJoOzFDJ78ijqYInvBD85\/view?usp=sharing\">Tutorial per l&#8217;alumnat d&#8217;infantil i cicle inicial<\/a><\/p>\n<p><a href=\"https:\/\/drive.google.com\/file\/d\/1pwp7hRVdMecxd8O0QgP_PrXfTZxgNaQi\/view?usp=sharing\">Tutorial per l&#8217;alumnat de cicle mitj\u00e0 i cicle superior<\/a><\/p>\n","protected":false},"excerpt":{"rendered":"<p>Per qu\u00e8 l&#8217;alumnat entra directe al pati per la porta de la Pla\u00e7a Sant Miquel? Abans de la pand\u00e8mia l&#8217;alumnat del centre ja entrava per aquesta porta. Amb el desig de recuperar la normalitat, el curs 2023-24 es va iniciar posant de nou en marxa aquesta proposta, i ho continuem fent actualment. La porta s&#8217;obra [&hellip;]<\/p>\n","protected":false},"author":5,"featured_media":0,"parent":881,"menu_order":0,"comment_status":"closed","ping_status":"closed","template":"","meta":{"_bbp_topic_count":0,"_bbp_reply_count":0,"_bbp_total_topic_count":0,"_bbp_total_reply_count":0,"_bbp_voice_count":0,"_bbp_anonymous_reply_count":0,"_bbp_topic_count_hidden":0,"_bbp_reply_count_hidden":0,"_bbp_forum_subforum_count":0,"site-sidebar-layout":"default","site-content-layout":"","ast-site-content-layout":"default","site-content-style":"default","site-sidebar-style":"default","ast-global-header-display":"","ast-banner-title-visibility":"","ast-main-header-display":"","ast-hfb-above-header-display":"","ast-hfb-below-header-display":"","ast-hfb-mobile-header-display":"","site-post-title":"","ast-breadcrumbs-content":"","ast-featured-img":"","footer-sml-layout":"","theme-transparent-header-meta":"default","adv-header-id-meta":"","stick-header-meta":"","header-above-stick-meta":"","header-main-stick-meta":"","header-below-stick-meta":"","astra-migrate-meta-layouts":"set","ast-page-background-enabled":"default","ast-page-background-meta":{"desktop":{"background-color":"var(--ast-global-color-4)","background-image":"","background-repeat":"repeat","background-position":"center center","background-size":"auto","background-attachment":"scroll","background-type":"","background-media":"","overlay-type":"","overlay-color":"","overlay-opacity":"","overlay-gradient":""},"tablet":{"background-color":"","background-image":"","background-repeat":"repeat","background-position":"center center","background-size":"auto","background-attachment":"scroll","background-type":"","background-media":"","overlay-type":"","overlay-color":"","overlay-opacity":"","overlay-gradient":""},"mobile":{"background-color":"","background-image":"","background-repeat":"repeat","background-position":"center center","background-size":"auto","background-attachment":"scroll","background-type":"","background-media":"","overlay-type":"","overlay-color":"","overlay-opacity":"","overlay-gradient":""}},"ast-content-background-meta":{"desktop":{"background-color":"var(--ast-global-color-5)","background-image":"","background-repeat":"repeat","background-position":"center center","background-size":"auto","background-attachment":"scroll","background-type":"","background-media":"","overlay-type":"","overlay-color":"","overlay-opacity":"","overlay-gradient":""},"tablet":{"background-color":"var(--ast-global-color-5)","background-image":"","background-repeat":"repeat","background-position":"center center","background-size":"auto","background-attachment":"scroll","background-type":"","background-media":"","overlay-type":"","overlay-color":"","overlay-opacity":"","overlay-gradient":""},"mobile":{"background-color":"var(--ast-global-color-5)","background-image":"","background-repeat":"repeat","background-position":"center center","background-size":"auto","background-attachment":"scroll","background-type":"","background-media":"","overlay-type":"","overlay-color":"","overlay-opacity":"","overlay-gradient":""}},"footnotes":""},"class_list":["post-1713","page","type-page","status-publish","hentry"],"post_mailing_queue_ids":[],"_links":{"self":[{"href":"https:\/\/agora.xtec.cat\/escsalvadorespriuvallfogona\/wp-json\/wp\/v2\/pages\/1713","targetHints":{"allow":["GET"]}}],"collection":[{"href":"https:\/\/agora.xtec.cat\/escsalvadorespriuvallfogona\/wp-json\/wp\/v2\/pages"}],"about":[{"href":"https:\/\/agora.xtec.cat\/escsalvadorespriuvallfogona\/wp-json\/wp\/v2\/types\/page"}],"author":[{"embeddable":true,"href":"https:\/\/agora.xtec.cat\/escsalvadorespriuvallfogona\/wp-json\/wp\/v2\/users\/5"}],"replies":[{"embeddable":true,"href":"https:\/\/agora.xtec.cat\/escsalvadorespriuvallfogona\/wp-json\/wp\/v2\/comments?post=1713"}],"version-history":[{"count":7,"href":"https:\/\/agora.xtec.cat\/escsalvadorespriuvallfogona\/wp-json\/wp\/v2\/pages\/1713\/revisions"}],"predecessor-version":[{"id":8089,"href":"https:\/\/agora.xtec.cat\/escsalvadorespriuvallfogona\/wp-json\/wp\/v2\/pages\/1713\/revisions\/8089"}],"up":[{"embeddable":true,"href":"https:\/\/agora.xtec.cat\/escsalvadorespriuvallfogona\/wp-json\/wp\/v2\/pages\/881"}],"wp:attachment":[{"href":"https:\/\/agora.xtec.cat\/escsalvadorespriuvallfogona\/wp-json\/wp\/v2\/media?parent=1713"}],"curies":[{"name":"wp","href":"https:\/\/api.w.org\/{rel}","templated":true}]}}