{"id":87,"date":"2014-09-18T14:28:12","date_gmt":"2014-09-18T13:28:12","guid":{"rendered":"http:\/\/agora.xtec.cat\/escrosselloporcel\/?page_id=87"},"modified":"2026-03-19T13:12:24","modified_gmt":"2026-03-19T12:12:24","slug":"nivells","status":"publish","type":"page","link":"https:\/\/agora.xtec.cat\/escrosselloporcel\/nivells\/","title":{"rendered":"Educaci\u00f3 infantil"},"content":{"rendered":"\n<div class=\"wp-block-columns is-layout-flex wp-container-core-columns-is-layout-1 wp-block-columns-is-layout-flex\">\n<div class=\"wp-block-column is-layout-flow wp-block-column-is-layout-flow\">\n<figure class=\"wp-block-image size-full is-resized has-custom-border\"><a href=\"https:\/\/agora.xtec.cat\/escrosselloporcel\/wp-content\/uploads\/usu1058\/2026\/02\/card_demo_0.jpg\"><img loading=\"lazy\" decoding=\"async\" width=\"728\" height=\"485\" src=\"https:\/\/agora.xtec.cat\/escrosselloporcel\/wp-content\/uploads\/usu1058\/2026\/02\/card_demo_0.jpg\" alt=\"\" class=\"wp-image-2171\" style=\"border-radius:15px;object-fit:cover;width:250px;height:250px\" srcset=\"https:\/\/agora.xtec.cat\/escrosselloporcel\/wp-content\/uploads\/usu1058\/2026\/02\/card_demo_0.jpg 728w, https:\/\/agora.xtec.cat\/escrosselloporcel\/wp-content\/uploads\/usu1058\/2026\/02\/card_demo_0-300x200.jpg 300w\" sizes=\"auto, (max-width: 728px) 100vw, 728px\" \/><\/a><\/figure>\n\n\n\n<p class=\"has-text-align-center\">I3<\/p>\n<\/div>\n\n\n\n<div class=\"wp-block-column is-layout-flow wp-block-column-is-layout-flow\">\n<figure class=\"wp-block-image size-large is-resized has-custom-border\"><a href=\"https:\/\/agora.xtec.cat\/escrosselloporcel\/wp-content\/uploads\/usu1058\/2026\/02\/WhatsApp-Image-2025-10-21-at-17.46.20-1.jpeg\"><img loading=\"lazy\" decoding=\"async\" width=\"1024\" height=\"768\" src=\"https:\/\/agora.xtec.cat\/escrosselloporcel\/wp-content\/uploads\/usu1058\/2026\/02\/WhatsApp-Image-2025-10-21-at-17.46.20-1-1024x768.jpeg\" alt=\"\" class=\"wp-image-2184\" style=\"border-radius:15px;object-fit:cover;width:250px;height:250px\" srcset=\"https:\/\/agora.xtec.cat\/escrosselloporcel\/wp-content\/uploads\/usu1058\/2026\/02\/WhatsApp-Image-2025-10-21-at-17.46.20-1-1024x768.jpeg 1024w, https:\/\/agora.xtec.cat\/escrosselloporcel\/wp-content\/uploads\/usu1058\/2026\/02\/WhatsApp-Image-2025-10-21-at-17.46.20-1-300x225.jpeg 300w, https:\/\/agora.xtec.cat\/escrosselloporcel\/wp-content\/uploads\/usu1058\/2026\/02\/WhatsApp-Image-2025-10-21-at-17.46.20-1-768x576.jpeg 768w, https:\/\/agora.xtec.cat\/escrosselloporcel\/wp-content\/uploads\/usu1058\/2026\/02\/WhatsApp-Image-2025-10-21-at-17.46.20-1-1536x1152.jpeg 1536w, https:\/\/agora.xtec.cat\/escrosselloporcel\/wp-content\/uploads\/usu1058\/2026\/02\/WhatsApp-Image-2025-10-21-at-17.46.20-1.jpeg 1600w\" sizes=\"auto, (max-width: 1024px) 100vw, 1024px\" \/><\/a><\/figure>\n\n\n\n<p class=\"has-text-align-center\">I4<\/p>\n<\/div>\n\n\n\n<div class=\"wp-block-column is-layout-flow wp-block-column-is-layout-flow\">\n<figure class=\"wp-block-image size-large is-resized has-custom-border\"><a href=\"https:\/\/agora.xtec.cat\/escrosselloporcel\/wp-content\/uploads\/usu1058\/2026\/02\/WhatsApp-Image-2025-10-21-at-18.44.42.jpeg\"><img loading=\"lazy\" decoding=\"async\" width=\"986\" height=\"1024\" src=\"https:\/\/agora.xtec.cat\/escrosselloporcel\/wp-content\/uploads\/usu1058\/2026\/02\/WhatsApp-Image-2025-10-21-at-18.44.42-986x1024.jpeg\" alt=\"\" class=\"wp-image-2186\" style=\"border-radius:15px;object-fit:cover;width:250px;height:250px\" srcset=\"https:\/\/agora.xtec.cat\/escrosselloporcel\/wp-content\/uploads\/usu1058\/2026\/02\/WhatsApp-Image-2025-10-21-at-18.44.42-986x1024.jpeg 986w, https:\/\/agora.xtec.cat\/escrosselloporcel\/wp-content\/uploads\/usu1058\/2026\/02\/WhatsApp-Image-2025-10-21-at-18.44.42-289x300.jpeg 289w, https:\/\/agora.xtec.cat\/escrosselloporcel\/wp-content\/uploads\/usu1058\/2026\/02\/WhatsApp-Image-2025-10-21-at-18.44.42-768x797.jpeg 768w, https:\/\/agora.xtec.cat\/escrosselloporcel\/wp-content\/uploads\/usu1058\/2026\/02\/WhatsApp-Image-2025-10-21-at-18.44.42-1479x1536.jpeg 1479w, https:\/\/agora.xtec.cat\/escrosselloporcel\/wp-content\/uploads\/usu1058\/2026\/02\/WhatsApp-Image-2025-10-21-at-18.44.42.jpeg 1541w\" sizes=\"auto, (max-width: 986px) 100vw, 986px\" \/><\/a><\/figure>\n\n\n\n<p class=\"has-text-align-center\">I5<\/p>\n<\/div>\n<\/div>\n\n\n<p><strong>&#8211; Ambients d&#8217;aprenentatge.<\/strong><\/p>\n<p style=\"text-align: left;\">Tres tardes a la setmana, els infants d&#8217;infantil ens barregem en grups multinivell i compartim moments d&#8217;aprenentatges i descobertes. D&#8217;aquesta manera, aprenem jugant, manipulant i compartint, tot respectant el ritme i l&#8217;inter\u00e9s de l&#8217;infant.<\/p>\n<p>Els ambients son:<\/p>\n<ul>\n<li><strong><em>El carrer:<\/em><\/strong> Un espai on a trav\u00e8s del joc simb\u00f2lic fomentem la parla, l&#8217;expressi\u00f3 oral, aprenem paraules noves i descobrim com funciona la vida quotidiana.<\/li>\n<li><strong><em>Construccions<\/em><\/strong>: Fomentem la creativitat, la coordinaci\u00f3 i la resoluci\u00f3 de problemes a trav\u00e9s de crear construccions amb material divers.<\/li>\n<li><strong><em>Atelier<\/em><\/strong>:\u00a0 Experimentem lliurement amb l&#8217;art i la creativitat mitjan\u00e7ant diferents materials i t\u00e8cniques.<\/li>\n<li><strong><em>Ci\u00e8ncies: <\/em><\/strong>Observem, experimentem i descobrim coses del m\u00f3n que ens envolta a trav\u00e9s de la manipulaci\u00f3.<\/li>\n<li><strong><em>Teatre i moviment<\/em><\/strong><em>:<\/em> Representem hist\u00f2ries, ens disfressem i expressem emocions jugant a fer teatre. Tamb\u00e9 treballem el moviment del cos acompanyat de m\u00fasica i activitats per desenvolupar la motricitat de l&#8217;infant.\u00a0<\/li>\n<\/ul>\n<p>\u00a0<\/p>\n<p><strong>&#8211; Psicomotricitat:\u00a0<\/strong>I3, I4 i I5, un cop a la setmana tenen una sessi\u00f3 de psicomotricitat, on a trav\u00e9s de diferents propostes \u00e9s fomente la consci\u00e8ncia del cos, la coordinaci\u00f3, l&#8217;equilibri, la relaci\u00f3 amb els iguals i l&#8217;adquisici\u00f3 de l&#8217;autonomia.\u00a0<\/p>\n<p>\u00a0<\/p>\n\n\n<p><strong>\u2013 Joc simb\u00f2lic.<\/strong><\/p>\n\n\n\n<p>En aquestes edats els nens\/es aprenen jugant imitant a l\u2019adult i situacions de la realitat quotidiana (la botiga, casa, restaurant\u2026) Mitjan\u00e7ant el joc aprenen vocabulari i l\u2019estructura de la frase per poder comunicar-se amb els altres.<\/p>\n\n\n\n<p><\/p>\n\n\n\n<p><strong>\u2013 Sortides i col\u00f2nies.<\/strong><\/p>\n\n\n\n<p>Les sortides s\u00f3n una eina pedag\u00f2gica dins la nostra programaci\u00f3 per l\u2019observaci\u00f3 directa de l\u2019entorn. Al llarg del curs fem diferents tipus de sortides (cultural, projecte, l\u00fadiques, entorn natural\u2026 )<\/p>\n\n\n\n<p>La nostra escola organitza dos dies (una nit) de col\u00f2nies per tots els cursos a partir de I4 i I5. D&#8217;aquesta manera potenciem l&#8217;autonomia personal, fomentem el sentiment de pertinen\u00e7a al grup i <\/p>\n","protected":false},"excerpt":{"rendered":"<p>I3 I4 I5 &#8211; Ambients d&#8217;aprenentatge. Tres tardes a la setmana, els infants d&#8217;infantil ens barregem en grups multinivell i compartim moments d&#8217;aprenentatges i descobertes. D&#8217;aquesta manera, aprenem jugant, manipulant i compartint, tot respectant el ritme i l&#8217;inter\u00e9s de l&#8217;infant. Els ambients son: El carrer: Un espai on a trav\u00e8s del joc simb\u00f2lic fomentem la [&hellip;]<\/p>\n","protected":false},"author":1,"featured_media":0,"parent":0,"menu_order":0,"comment_status":"closed","ping_status":"closed","template":"","meta":{"_bbp_topic_count":0,"_bbp_reply_count":0,"_bbp_total_topic_count":0,"_bbp_total_reply_count":0,"_bbp_voice_count":0,"_bbp_anonymous_reply_count":0,"_bbp_topic_count_hidden":0,"_bbp_reply_count_hidden":0,"_bbp_forum_subforum_count":0,"site-sidebar-layout":"default","site-content-layout":"","ast-site-content-layout":"default","site-content-style":"default","site-sidebar-style":"default","ast-global-header-display":"","ast-banner-title-visibility":"","ast-main-header-display":"","ast-hfb-above-header-display":"","ast-hfb-below-header-display":"","ast-hfb-mobile-header-display":"","site-post-title":"","ast-breadcrumbs-content":"","ast-featured-img":"","footer-sml-layout":"","theme-transparent-header-meta":"","adv-header-id-meta":"","stick-header-meta":"","header-above-stick-meta":"","header-main-stick-meta":"","header-below-stick-meta":"","astra-migrate-meta-layouts":"set","ast-page-background-enabled":"default","ast-page-background-meta":{"desktop":{"background-color":"var(--ast-global-color-4)","background-image":"","background-repeat":"repeat","background-position":"center center","background-size":"auto","background-attachment":"scroll","background-type":"","background-media":"","overlay-type":"","overlay-color":"","overlay-opacity":"","overlay-gradient":""},"tablet":{"background-color":"","background-image":"","background-repeat":"repeat","background-position":"center center","background-size":"auto","background-attachment":"scroll","background-type":"","background-media":"","overlay-type":"","overlay-color":"","overlay-opacity":"","overlay-gradient":""},"mobile":{"background-color":"","background-image":"","background-repeat":"repeat","background-position":"center center","background-size":"auto","background-attachment":"scroll","background-type":"","background-media":"","overlay-type":"","overlay-color":"","overlay-opacity":"","overlay-gradient":""}},"ast-content-background-meta":{"desktop":{"background-color":"var(--ast-global-color-5)","background-image":"","background-repeat":"repeat","background-position":"center center","background-size":"auto","background-attachment":"scroll","background-type":"","background-media":"","overlay-type":"","overlay-color":"","overlay-opacity":"","overlay-gradient":""},"tablet":{"background-color":"var(--ast-global-color-5)","background-image":"","background-repeat":"repeat","background-position":"center center","background-size":"auto","background-attachment":"scroll","background-type":"","background-media":"","overlay-type":"","overlay-color":"","overlay-opacity":"","overlay-gradient":""},"mobile":{"background-color":"var(--ast-global-color-5)","background-image":"","background-repeat":"repeat","background-position":"center center","background-size":"auto","background-attachment":"scroll","background-type":"","background-media":"","overlay-type":"","overlay-color":"","overlay-opacity":"","overlay-gradient":""}},"footnotes":""},"class_list":["post-87","page","type-page","status-publish","hentry"],"post_mailing_queue_ids":[],"_links":{"self":[{"href":"https:\/\/agora.xtec.cat\/escrosselloporcel\/wp-json\/wp\/v2\/pages\/87","targetHints":{"allow":["GET"]}}],"collection":[{"href":"https:\/\/agora.xtec.cat\/escrosselloporcel\/wp-json\/wp\/v2\/pages"}],"about":[{"href":"https:\/\/agora.xtec.cat\/escrosselloporcel\/wp-json\/wp\/v2\/types\/page"}],"author":[{"embeddable":true,"href":"https:\/\/agora.xtec.cat\/escrosselloporcel\/wp-json\/wp\/v2\/users\/1"}],"replies":[{"embeddable":true,"href":"https:\/\/agora.xtec.cat\/escrosselloporcel\/wp-json\/wp\/v2\/comments?post=87"}],"version-history":[{"count":7,"href":"https:\/\/agora.xtec.cat\/escrosselloporcel\/wp-json\/wp\/v2\/pages\/87\/revisions"}],"predecessor-version":[{"id":2376,"href":"https:\/\/agora.xtec.cat\/escrosselloporcel\/wp-json\/wp\/v2\/pages\/87\/revisions\/2376"}],"wp:attachment":[{"href":"https:\/\/agora.xtec.cat\/escrosselloporcel\/wp-json\/wp\/v2\/media?parent=87"}],"curies":[{"name":"wp","href":"https:\/\/api.w.org\/{rel}","templated":true}]}}