{"id":708,"date":"2016-06-29T12:10:15","date_gmt":"2016-06-29T11:10:15","guid":{"rendered":"http:\/\/agora.xtec.cat\/escrosselloporcel\/?page_id=708"},"modified":"2026-03-19T13:18:50","modified_gmt":"2026-03-19T12:18:50","slug":"concert-de-nadal","status":"publish","type":"page","link":"https:\/\/agora.xtec.cat\/escrosselloporcel\/projecte-educatiu\/concert-de-nadal\/","title":{"rendered":"Concert de Nadal"},"content":{"rendered":"<p data-start=\"118\" data-end=\"366\">Cada any, amb motiu de les festes nadalenques, oferim un emotiu recital de nadales al Teatre Sagarra. Aquesta cita es converteix en un moment especial on alumnes, fam\u00edlies i professors comparteixen la m\u00e0gia de la m\u00fasica i la celebraci\u00f3 del Nadal.<\/p>\n<p data-start=\"368\" data-end=\"739\">A Educaci\u00f3 Infantil, els m\u00e9s petits preparen amb il\u00b7lusi\u00f3 un poema o una nadala, tot participant activament en la creaci\u00f3 d\u2019una atmosfera m\u00e0gica i festiva. D\u2019altra banda, els alumnes de Prim\u00e0ria preparen una o dues nadales que formen part del repertori nadalenc, cuidant que totes les lleng\u00fces i cultures siguin benvingudes i tinguin el seu espai en aquesta celebraci\u00f3.<\/p>\n<p data-start=\"741\" data-end=\"1070\">L\u2019experi\u00e8ncia \u00e9s molt enriquidora i engrescadora: permet als infants el contacte amb la m\u00fasica, el treball en equip i l\u2019expressi\u00f3 art\u00edstica, tot fomentant la seva confian\u00e7a i creativitat. Aquest recital no nom\u00e9s \u00e9s un espectacle, sin\u00f3 tamb\u00e9 una oportunitat \u00fanica per viure i compartir l\u2019esperit del Nadal a trav\u00e9s de la m\u00fasica.<\/p>\n<p align=\"JUSTIFY\">Podeu veure els v\u00eddeos de les actuacions al nostre canal de Youtube:<\/p>\n<p align=\"JUSTIFY\"><strong><a href=\"https:\/\/www.youtube.com\/channel\/UC04pz4xxHFyc39Og2PHX8Bg\">CANAL YOUTUBE ESCOLA ROSSELL\u00d3 P\u00d2RCEL<\/a><\/strong><\/p>\n","protected":false},"excerpt":{"rendered":"<p>Cada any, amb motiu de les festes nadalenques, oferim un emotiu recital de nadales al Teatre Sagarra. Aquesta cita es converteix en un moment especial on alumnes, fam\u00edlies i professors comparteixen la m\u00e0gia de la m\u00fasica i la celebraci\u00f3 del Nadal. A Educaci\u00f3 Infantil, els m\u00e9s petits preparen amb il\u00b7lusi\u00f3 un poema o una nadala, [&hellip;]<\/p>\n","protected":false},"author":1,"featured_media":0,"parent":64,"menu_order":6,"comment_status":"closed","ping_status":"closed","template":"","meta":{"_bbp_topic_count":0,"_bbp_reply_count":0,"_bbp_total_topic_count":0,"_bbp_total_reply_count":0,"_bbp_voice_count":0,"_bbp_anonymous_reply_count":0,"_bbp_topic_count_hidden":0,"_bbp_reply_count_hidden":0,"_bbp_forum_subforum_count":0,"site-sidebar-layout":"default","site-content-layout":"","ast-site-content-layout":"default","site-content-style":"default","site-sidebar-style":"default","ast-global-header-display":"","ast-banner-title-visibility":"","ast-main-header-display":"","ast-hfb-above-header-display":"","ast-hfb-below-header-display":"","ast-hfb-mobile-header-display":"","site-post-title":"","ast-breadcrumbs-content":"","ast-featured-img":"","footer-sml-layout":"","theme-transparent-header-meta":"","adv-header-id-meta":"","stick-header-meta":"","header-above-stick-meta":"","header-main-stick-meta":"","header-below-stick-meta":"","astra-migrate-meta-layouts":"set","ast-page-background-enabled":"default","ast-page-background-meta":{"desktop":{"background-color":"var(--ast-global-color-4)","background-image":"","background-repeat":"repeat","background-position":"center center","background-size":"auto","background-attachment":"scroll","background-type":"","background-media":"","overlay-type":"","overlay-color":"","overlay-opacity":"","overlay-gradient":""},"tablet":{"background-color":"","background-image":"","background-repeat":"repeat","background-position":"center center","background-size":"auto","background-attachment":"scroll","background-type":"","background-media":"","overlay-type":"","overlay-color":"","overlay-opacity":"","overlay-gradient":""},"mobile":{"background-color":"","background-image":"","background-repeat":"repeat","background-position":"center center","background-size":"auto","background-attachment":"scroll","background-type":"","background-media":"","overlay-type":"","overlay-color":"","overlay-opacity":"","overlay-gradient":""}},"ast-content-background-meta":{"desktop":{"background-color":"var(--ast-global-color-5)","background-image":"","background-repeat":"repeat","background-position":"center center","background-size":"auto","background-attachment":"scroll","background-type":"","background-media":"","overlay-type":"","overlay-color":"","overlay-opacity":"","overlay-gradient":""},"tablet":{"background-color":"var(--ast-global-color-5)","background-image":"","background-repeat":"repeat","background-position":"center center","background-size":"auto","background-attachment":"scroll","background-type":"","background-media":"","overlay-type":"","overlay-color":"","overlay-opacity":"","overlay-gradient":""},"mobile":{"background-color":"var(--ast-global-color-5)","background-image":"","background-repeat":"repeat","background-position":"center center","background-size":"auto","background-attachment":"scroll","background-type":"","background-media":"","overlay-type":"","overlay-color":"","overlay-opacity":"","overlay-gradient":""}},"footnotes":""},"class_list":["post-708","page","type-page","status-publish","hentry"],"post_mailing_queue_ids":[],"_links":{"self":[{"href":"https:\/\/agora.xtec.cat\/escrosselloporcel\/wp-json\/wp\/v2\/pages\/708","targetHints":{"allow":["GET"]}}],"collection":[{"href":"https:\/\/agora.xtec.cat\/escrosselloporcel\/wp-json\/wp\/v2\/pages"}],"about":[{"href":"https:\/\/agora.xtec.cat\/escrosselloporcel\/wp-json\/wp\/v2\/types\/page"}],"author":[{"embeddable":true,"href":"https:\/\/agora.xtec.cat\/escrosselloporcel\/wp-json\/wp\/v2\/users\/1"}],"replies":[{"embeddable":true,"href":"https:\/\/agora.xtec.cat\/escrosselloporcel\/wp-json\/wp\/v2\/comments?post=708"}],"version-history":[{"count":2,"href":"https:\/\/agora.xtec.cat\/escrosselloporcel\/wp-json\/wp\/v2\/pages\/708\/revisions"}],"predecessor-version":[{"id":2379,"href":"https:\/\/agora.xtec.cat\/escrosselloporcel\/wp-json\/wp\/v2\/pages\/708\/revisions\/2379"}],"up":[{"embeddable":true,"href":"https:\/\/agora.xtec.cat\/escrosselloporcel\/wp-json\/wp\/v2\/pages\/64"}],"wp:attachment":[{"href":"https:\/\/agora.xtec.cat\/escrosselloporcel\/wp-json\/wp\/v2\/media?parent=708"}],"curies":[{"name":"wp","href":"https:\/\/api.w.org\/{rel}","templated":true}]}}