{"id":658,"date":"2016-06-28T13:23:20","date_gmt":"2016-06-28T12:23:20","guid":{"rendered":"http:\/\/agora.xtec.cat\/escrosselloporcel\/?page_id=658"},"modified":"2026-03-20T10:31:34","modified_gmt":"2026-03-20T09:31:34","slug":"cicle-superior","status":"publish","type":"page","link":"https:\/\/agora.xtec.cat\/escrosselloporcel\/nivells\/cicle-superior\/","title":{"rendered":"Cicle Superior"},"content":{"rendered":"<div class=\"flex flex-col text-sm\">\n<section class=\"text-token-text-primary w-full focus:outline-none [--shadow-height:45px] has-data-writing-block:pointer-events-none has-data-writing-block:-mt-(--shadow-height) has-data-writing-block:pt-(--shadow-height) [&amp;:has([data-writing-block])&gt;*]:pointer-events-auto scroll-mt-[calc(var(--header-height)+min(200px,max(70px,20svh)))]\" dir=\"auto\" data-turn-id=\"request-69b94cb5-ab80-832b-ae15-66d1063516f7-0\" data-testid=\"conversation-turn-6\" data-scroll-anchor=\"true\" data-turn=\"assistant\">\n<div class=\"text-base my-auto mx-auto pb-10 [--thread-content-margin:var(--thread-content-margin-xs,calc(var(--spacing)*4))] @w-sm\/main:[--thread-content-margin:var(--thread-content-margin-sm,calc(var(--spacing)*6))] @w-lg\/main:[--thread-content-margin:var(--thread-content-margin-lg,calc(var(--spacing)*16))] px-(--thread-content-margin)\">\n<div class=\"[--thread-content-max-width:40rem] @w-lg\/main:[--thread-content-max-width:48rem] mx-auto max-w-(--thread-content-max-width) flex-1 group\/turn-messages focus-visible:outline-hidden relative flex w-full min-w-0 flex-col agent-turn\">\n<div class=\"flex max-w-full flex-col gap-4 grow\">\n<div class=\"min-h-8 text-message relative flex w-full flex-col items-end gap-2 text-start break-words whitespace-normal outline-none keyboard-focused:focus-ring [.text-message+&amp;]:mt-1\" dir=\"auto\" tabindex=\"0\" data-message-author-role=\"assistant\" data-message-id=\"d352165b-ea18-4409-94fa-00bc58465a7b\" data-message-model-slug=\"gpt-5-3\" data-turn-start-message=\"true\">\n<div class=\"flex w-full flex-col gap-1 empty:hidden\">\n<div class=\"markdown prose dark:prose-invert w-full wrap-break-word light markdown-new-styling\">\n<p data-start=\"0\" data-end=\"242\">El Cicle Superior de Prim\u00e0ria \u00e9s una etapa clau en el desenvolupament acad\u00e8mic i personal de l\u2019alumnat. Aquests cursos, corresponents a 5\u00e8 i 6\u00e8, consoliden els aprenentatges adquirits i preparen els infants per al pas a l\u2019educaci\u00f3 secund\u00e0ria.<\/p>\n<p data-start=\"244\" data-end=\"527\">A trav\u00e9s de metodologies actives i competencials, es fomenta l\u2019autonomia, el pensament cr\u00edtic i la responsabilitat en el propi proc\u00e9s d\u2019aprenentatge. L\u2019alumnat treballa de manera cooperativa, afronta nous reptes i desenvolupa habilitats que van m\u00e9s enll\u00e0 dels continguts curriculars.<\/p>\n<p data-start=\"529\" data-end=\"722\" data-is-last-node=\"\" data-is-only-node=\"\">A m\u00e9s, es promou l\u2019\u00fas de les eines digitals, el treball per projectes i l\u2019expressi\u00f3 oral i escrita, tot potenciant una actitud curiosa, reflexiva i participativa davant del m\u00f3n que els envolta.<\/p>\n<\/div>\n<\/div>\n<\/div>\n<\/div>\n<div class=\"z-0 flex min-h-[46px] justify-start\">\u00a0<\/div>\n<\/div>\n<\/div>\n<\/section>\n<\/div>\n<p><strong>Espais matem\u00e0tics<\/strong><\/p>\n<p>Durant 3 sessions setmanals treballarem l&#8217;\u00e0mbit matem\u00e0tic de forma m\u00e9s manipulativa, amb un grup m\u00e9s redu\u00eft i respectant en tot moment el ritme de cada nen o nena. Ho farem a partir de reptes, jocs, construccions, problemes d&#8217;enginy que motivin a l&#8217;alumne.<\/p>\n<p>En aquestes sessions estaran barrejats alumnes dels dos grups del cicle.<\/p>\n<p>Els espais matem\u00e0tics s\u00f3n els seg\u00fcents: Numeraci\u00f3 i c\u00e0lcul, Geometria, Mesures i Rob\u00f2tica.<\/p>\n<p><b>Ombres Xineses<\/b><\/p>\n<p>Ja fa gaireb\u00e9 10 anys que el Cicle Superior treballa amb la Casa \u00c0sia de Barcelona fent projectes sobre diferents pa\u00efsos i cultures del continent. \u00c9s aix\u00ed com el curs 2014-2015 neix la idea d&#8217;explicar contes amb diferents t\u00e8cniques de la cultura asi\u00e0tica. \u00c9s al grup de 6\u00e8 on s&#8217;instal\u00b7la la t\u00e8cnica de les ombres xineses definitivament. La feina dels alumnes durant tot el projecte i la satisfacci\u00f3 de poder-ho representar en diferents ambients (altres escoles, biblioteques&#8230;) fa que la valoraci\u00f3 sigui molt positiva.<\/p>\n<p>Els alumnes, per grups de 3 \u00f3 4 persones, creen un conte, sempre tenint en compte els contes tradicionals asi\u00e0tics (personificaci\u00f3 d&#8217;animals, missatge final, ambientaci\u00f3&#8230;). Un cop acabat es presenta a la classe i es comen\u00e7a a pensar com ser\u00e0 la representaci\u00f3. Es treballen els di\u00e0legs, les veus dels personatges, les seves formes, els paisatges&#8230; i comencen els assajos!!<\/p>\n<p>Un cop preparats, la resta de classes del centre passen a veure l&#8217;obra definitiva. Per acabar, amb l&#8217;ajuda de les companyes de la Casa \u00c0sia preparem una sortida per representar l&#8217;obra fora de l&#8217;escola.<\/p>\n<p>Aqu\u00ed teniu una mostra del resultat final.<\/p>\n<p><a href=\"http:\/\/rossellocs.blogspot.com.es\/2015\/02\/ombres-xineses.html\" target=\"_blank\" rel=\"noopener noreferrer\">Treball Ombres xineses<\/a><\/p>\n<p><a href=\"http:\/\/rossellocs.blogspot.com.es\/2015\/06\/presentacio-dels-contes-amb-ombres.html\" target=\"_blank\" rel=\"noopener noreferrer\">Presentaci\u00f3 Ombres<\/a><\/p>\n<p><b>Taller Literari<\/b><\/p>\n<p>Durant una sessi\u00f3 a la setmana, i amb mig grup, treballarem la creaci\u00f3 de diferents tipus de textos, de forma m\u00e9s l\u00fadica i relaxada, per expressar i explicar tot el que ens envolta, el que sentim o el que imaginem. Es tracta de gaudir de la producci\u00f3 escrita, jugar amb les paraules, inventar&#8230; llegir-ho a la resta del grup i escoltar tot el que la reta de companys han creat.<\/p>\n<p><b>Treball per projectes<\/b><\/p>\n<p>Durant els cursos de Cicle Superior els alumnes fan com a m\u00ednim 3 projectes. Sempre partint de les seves curiositats i inquietuds, treballen temes de Coneixement del Medi Social o Natural com poden ser l&#8217;Imperi Rom\u00e0, El Cos Hum\u00e0 o la geografia d&#8217;Europa i del M\u00f3n.<\/p>\n<p>Partint dels seus coneixements previs, fem un gui\u00f3 i una planificaci\u00f3 del que ens interessar saber de cada tema. En tots els grups o apartats del projecte es treballen interdisciplinarment la llengua i diferents conceptes matem\u00e0tics.<\/p>\n<p>S&#8217;ent\u00e9n el projecte com un treball de tot el grup-classe, no est\u00e0 acabat fins que s&#8217;ha posat en com\u00fa amb tota la classe amb l&#8217;ajut de presentacions, diapositives, v\u00eddeos, imatges&#8230;<\/p>\n<p><strong>Experiments<\/strong><\/p>\n<p>Durant tot el cicle, com a m\u00ednim un cop al trimestre, els alumnes de 5\u00e8 i 6\u00e8 realitzen un experiment <em>(pregunta, hip\u00f2tesi, procediment, observaci\u00f3, conclusi\u00f3)<\/em> sobre els temes de medi que estem treballant a la classe. Es tracta d&#8217;experiments relacionats amb la f\u00edsica, qu\u00edmica, biologia&#8230; que desperten la curiositat en els alumnes per descobrir i entendre el m\u00f3n que els envolta.<\/p>\n<p><strong>Atlegrama<\/strong><\/p>\n<p>Ja fa anys que en el Curr\u00edculum de 6\u00e8 de Prim\u00e0ria, dins l\u2019\u00e0rea d&#8217;Educaci\u00f3 F\u00edsica, treballem l\u2019Atletisme en les seves modalitats de: curses, salts i llan\u00e7aments.<br \/>Per tal d&#8217;aconseguir que els alumnes puguin con\u00e8ixer i treballar en el medi adequat i amb altres nens i nenes de la seva ciutat, els mestres d&#8217;aquesta \u00e0rea, des del grup de treball d&#8217;educaci\u00f3 f\u00edsica, organitzen l&#8217;Atlegrama.<\/p>\n<p>Una jornada matinal esportiva on els nois i noies de sis\u00e8 de diferents escoles poden mostrar tot all\u00f2 que han apr\u00e8s, gaudint d\u2019un entorn diferent i gaudint de l&#8217;esport. Aquesta jornada se celebra a les<em> Pistes Municipals d\u2019Atletisme &#8220;Antonio Amor\u00f2s&#8221;de Sta Coloma Gramenet.<\/em><\/p>\n\n\n<p>ESPAIS D&#8217;APRENENTATGE<\/p>\n\n\n\n<div class=\"wp-block-columns is-layout-flex wp-container-core-columns-is-layout-3 wp-block-columns-is-layout-flex\">\n<div class=\"wp-block-column is-layout-flow wp-block-column-is-layout-flow\">\n<div class=\"wp-block-columns is-layout-flex wp-container-core-columns-is-layout-1 wp-block-columns-is-layout-flex\">\n<div class=\"wp-block-column is-layout-flow wp-block-column-is-layout-flow\">\n<p class=\"has-text-align-center has-white-color has-ast-global-color-1-background-color has-text-color has-background has-link-color wp-elements-435366e676be4ad549a0c551b34338d1\"><a href=\"https:\/\/agora.xtec.cat\/escrosselloporcel\/espais-daprenentatge\/\" data-type=\"page\" data-id=\"2390\">ART &amp; CRAFT<\/a><\/p>\n<\/div>\n\n\n\n<div class=\"wp-block-column is-layout-flow wp-block-column-is-layout-flow\">\n<p class=\"has-text-align-center has-white-color has-ast-global-color-1-background-color has-text-color has-background has-link-color wp-elements-0f8191ebea436e0dd1f212d48d039d48\"><a href=\"https:\/\/agora.xtec.cat\/escrosselloporcel\/espais-daprenentatge\/\" data-type=\"page\" data-id=\"2390\">CIENT\u00cdFIC<\/a><\/p>\n\n\n\n<figure class=\"wp-block-image size-large has-custom-border\" style=\"margin-top:0;margin-right:0;margin-bottom:0;margin-left:0\"><a href=\"https:\/\/agora.xtec.cat\/escrosselloporcel\/wp-content\/uploads\/usu1058\/2026\/03\/WhatsApp-Image-2026-03-09-at-11.27.17.jpeg\"><img loading=\"lazy\" decoding=\"async\" width=\"916\" height=\"1024\" src=\"https:\/\/agora.xtec.cat\/escrosselloporcel\/wp-content\/uploads\/usu1058\/2026\/03\/WhatsApp-Image-2026-03-09-at-11.27.17-916x1024.jpeg\" alt=\"\" class=\"wp-image-2342\" style=\"border-radius:15px\" srcset=\"https:\/\/agora.xtec.cat\/escrosselloporcel\/wp-content\/uploads\/usu1058\/2026\/03\/WhatsApp-Image-2026-03-09-at-11.27.17-916x1024.jpeg 916w, https:\/\/agora.xtec.cat\/escrosselloporcel\/wp-content\/uploads\/usu1058\/2026\/03\/WhatsApp-Image-2026-03-09-at-11.27.17-268x300.jpeg 268w, https:\/\/agora.xtec.cat\/escrosselloporcel\/wp-content\/uploads\/usu1058\/2026\/03\/WhatsApp-Image-2026-03-09-at-11.27.17-768x859.jpeg 768w, https:\/\/agora.xtec.cat\/escrosselloporcel\/wp-content\/uploads\/usu1058\/2026\/03\/WhatsApp-Image-2026-03-09-at-11.27.17-1374x1536.jpeg 1374w, https:\/\/agora.xtec.cat\/escrosselloporcel\/wp-content\/uploads\/usu1058\/2026\/03\/WhatsApp-Image-2026-03-09-at-11.27.17.jpeg 1792w\" sizes=\"auto, (max-width: 916px) 100vw, 916px\" \/><\/a><\/figure>\n<\/div>\n<\/div>\n<\/div>\n\n\n\n<div class=\"wp-block-column is-layout-flow wp-block-column-is-layout-flow\">\n<div class=\"wp-block-columns is-layout-flex wp-container-core-columns-is-layout-2 wp-block-columns-is-layout-flex\">\n<div class=\"wp-block-column is-layout-flow wp-block-column-is-layout-flow\">\n<p class=\"has-text-align-center has-white-color has-ast-global-color-1-background-color has-text-color has-background has-link-color wp-elements-e99bf1b16df129d12843fa2b67f10f37\"><a href=\"https:\/\/agora.xtec.cat\/escrosselloporcel\/espais-daprenentatge\/\" data-type=\"page\" data-id=\"2390\">MATEM\u00c0TIC<\/a><\/p>\n<\/div>\n\n\n\n<div class=\"wp-block-column is-layout-flow wp-block-column-is-layout-flow\">\n<p class=\"has-text-align-center has-white-color has-ast-global-color-1-background-color has-text-color has-background has-link-color wp-elements-c9ceba845b1f8fdca30f365743bf5604\"><a href=\"https:\/\/agora.xtec.cat\/escrosselloporcel\/espais-daprenentatge\/\" data-type=\"page\" data-id=\"2390\">EXPRESSAT<\/a><\/p>\n<\/div>\n<\/div>\n<\/div>\n<\/div>\n","protected":false},"excerpt":{"rendered":"<p>El Cicle Superior de Prim\u00e0ria \u00e9s una etapa clau en el desenvolupament acad\u00e8mic i personal de l\u2019alumnat. Aquests cursos, corresponents a 5\u00e8 i 6\u00e8, consoliden els aprenentatges adquirits i preparen els infants per al pas a l\u2019educaci\u00f3 secund\u00e0ria. A trav\u00e9s de metodologies actives i competencials, es fomenta l\u2019autonomia, el pensament cr\u00edtic i la responsabilitat en [&hellip;]<\/p>\n","protected":false},"author":1,"featured_media":0,"parent":87,"menu_order":4,"comment_status":"closed","ping_status":"closed","template":"","meta":{"_bbp_topic_count":0,"_bbp_reply_count":0,"_bbp_total_topic_count":0,"_bbp_total_reply_count":0,"_bbp_voice_count":0,"_bbp_anonymous_reply_count":0,"_bbp_topic_count_hidden":0,"_bbp_reply_count_hidden":0,"_bbp_forum_subforum_count":0,"site-sidebar-layout":"default","site-content-layout":"","ast-site-content-layout":"default","site-content-style":"default","site-sidebar-style":"default","ast-global-header-display":"","ast-banner-title-visibility":"","ast-main-header-display":"","ast-hfb-above-header-display":"","ast-hfb-below-header-display":"","ast-hfb-mobile-header-display":"","site-post-title":"","ast-breadcrumbs-content":"","ast-featured-img":"","footer-sml-layout":"","theme-transparent-header-meta":"","adv-header-id-meta":"","stick-header-meta":"","header-above-stick-meta":"","header-main-stick-meta":"","header-below-stick-meta":"","astra-migrate-meta-layouts":"set","ast-page-background-enabled":"default","ast-page-background-meta":{"desktop":{"background-color":"var(--ast-global-color-4)","background-image":"","background-repeat":"repeat","background-position":"center center","background-size":"auto","background-attachment":"scroll","background-type":"","background-media":"","overlay-type":"","overlay-color":"","overlay-opacity":"","overlay-gradient":""},"tablet":{"background-color":"","background-image":"","background-repeat":"repeat","background-position":"center center","background-size":"auto","background-attachment":"scroll","background-type":"","background-media":"","overlay-type":"","overlay-color":"","overlay-opacity":"","overlay-gradient":""},"mobile":{"background-color":"","background-image":"","background-repeat":"repeat","background-position":"center center","background-size":"auto","background-attachment":"scroll","background-type":"","background-media":"","overlay-type":"","overlay-color":"","overlay-opacity":"","overlay-gradient":""}},"ast-content-background-meta":{"desktop":{"background-color":"var(--ast-global-color-5)","background-image":"","background-repeat":"repeat","background-position":"center center","background-size":"auto","background-attachment":"scroll","background-type":"","background-media":"","overlay-type":"","overlay-color":"","overlay-opacity":"","overlay-gradient":""},"tablet":{"background-color":"var(--ast-global-color-5)","background-image":"","background-repeat":"repeat","background-position":"center center","background-size":"auto","background-attachment":"scroll","background-type":"","background-media":"","overlay-type":"","overlay-color":"","overlay-opacity":"","overlay-gradient":""},"mobile":{"background-color":"var(--ast-global-color-5)","background-image":"","background-repeat":"repeat","background-position":"center center","background-size":"auto","background-attachment":"scroll","background-type":"","background-media":"","overlay-type":"","overlay-color":"","overlay-opacity":"","overlay-gradient":""}},"footnotes":""},"class_list":["post-658","page","type-page","status-publish","hentry"],"post_mailing_queue_ids":[],"_links":{"self":[{"href":"https:\/\/agora.xtec.cat\/escrosselloporcel\/wp-json\/wp\/v2\/pages\/658","targetHints":{"allow":["GET"]}}],"collection":[{"href":"https:\/\/agora.xtec.cat\/escrosselloporcel\/wp-json\/wp\/v2\/pages"}],"about":[{"href":"https:\/\/agora.xtec.cat\/escrosselloporcel\/wp-json\/wp\/v2\/types\/page"}],"author":[{"embeddable":true,"href":"https:\/\/agora.xtec.cat\/escrosselloporcel\/wp-json\/wp\/v2\/users\/1"}],"replies":[{"embeddable":true,"href":"https:\/\/agora.xtec.cat\/escrosselloporcel\/wp-json\/wp\/v2\/comments?post=658"}],"version-history":[{"count":6,"href":"https:\/\/agora.xtec.cat\/escrosselloporcel\/wp-json\/wp\/v2\/pages\/658\/revisions"}],"predecessor-version":[{"id":2438,"href":"https:\/\/agora.xtec.cat\/escrosselloporcel\/wp-json\/wp\/v2\/pages\/658\/revisions\/2438"}],"up":[{"embeddable":true,"href":"https:\/\/agora.xtec.cat\/escrosselloporcel\/wp-json\/wp\/v2\/pages\/87"}],"wp:attachment":[{"href":"https:\/\/agora.xtec.cat\/escrosselloporcel\/wp-json\/wp\/v2\/media?parent=658"}],"curies":[{"name":"wp","href":"https:\/\/api.w.org\/{rel}","templated":true}]}}