{"id":651,"date":"2016-06-28T12:59:24","date_gmt":"2016-06-28T11:59:24","guid":{"rendered":"http:\/\/agora.xtec.cat\/escrosselloporcel\/?page_id=651"},"modified":"2026-03-19T15:53:29","modified_gmt":"2026-03-19T14:53:29","slug":"cicle-inicial","status":"publish","type":"page","link":"https:\/\/agora.xtec.cat\/escrosselloporcel\/nivells\/cicle-inicial\/","title":{"rendered":"Cicle Inicial"},"content":{"rendered":"<p data-start=\"0\" data-end=\"200\">El <strong data-start=\"3\" data-end=\"20\">cicle inicial<\/strong> \u00e9s l\u2019etapa de l\u2019educaci\u00f3 prim\u00e0ria que inclou 1r i 2n curs (infants de 6 a 8 anys). \u00c9s un moment molt important, ja que els nens i nenes comencen a consolidar aprenentatges b\u00e0sics.<\/p>\n<p data-start=\"202\" data-end=\"428\">A l\u2019escola, treballem sobretot la lectura, l\u2019escriptura i les matem\u00e0tiques, sempre d\u2019una manera din\u00e0mica i entenedora. Utilitzem jocs, activitats en grup i materials manipulatius perqu\u00e8 aprendre sigui motivador i significatiu.<\/p>\n<p data-start=\"430\" data-end=\"558\">Tamb\u00e9 donem molta import\u00e0ncia als valors: aprendre a conviure, respectar els altres, guanyar autonomia i cr\u00e9ixer com a persones.<\/p>\n<p data-start=\"560\" data-end=\"657\" data-is-last-node=\"\" data-is-only-node=\"\">El nostre objectiu \u00e9s que els infants se sentin segurs, contents i amb ganes d\u2019aprendre cada dia.<\/p>\n<p lang=\"es-ES\"><strong>Espais d&#8217;aprenentatge<\/strong><\/p>\n<p data-start=\"122\" data-end=\"380\">A cicle inicial fem dues sessions d\u2019espais a la setmana. Ens barregem els alumnes de 1r i 2n i ens distribu\u00efm en petits grups per tal d\u2019afavorir el treball cooperatiu, la relaci\u00f3 entre alumnes de diferents cursos i l\u2019aprenentatge m\u00e9s manipulatiu i vivencial.<\/p>\n<p data-start=\"382\" data-end=\"531\">Els infants poden participar en diferents espais d\u2019aprenentatge, on es proposen activitats variades i adaptades a les seves necessitats i interessos.<\/p>\n<ul>\n<li lang=\"es-ES\"><strong>Aventures<\/strong>: en aquest espai es treballen les matem\u00e0tiques a trav\u00e9s de reptes, jocs i situacions d\u2019aventura. Els infants resolen problemes, fan activitats de c\u00e0lcul, l\u00f2gica i raonament matem\u00e0tic d\u2019una manera l\u00fadica i manipulativa.<\/li>\n<li lang=\"es-ES\"><strong>Cient\u00edfic<\/strong>: en l\u2019espai cient\u00edfic els alumnes experimenten, observen i descobreixen diferents fen\u00f2mens a trav\u00e9s d\u2019experiments senzills i activitats de manipulaci\u00f3.<\/li>\n<li lang=\"es-ES\"><strong>Art and Craft<\/strong>: en aquest espai es realitzen activitats art\u00edstiques i manuals utilitzant l\u2019angl\u00e8s com a llengua vehicular. Els infants treballen la creativitat mentre aprenen vocabulari i expressions en angl\u00e8s.<\/li>\n<li lang=\"es-ES\"><strong>Llengua: <\/strong>es fan activitats relacionades amb l\u2019expressi\u00f3 oral i escrita a trav\u00e9s de jocs, contes i diferents propostes ling\u00fc\u00edstiques.<\/li>\n<\/ul>\n<p class=\"western\" lang=\"es-ES\"><span style=\"font-size: large;\"><b>Racons cicle inicial<\/b><\/span><\/p>\n<p class=\"western\" lang=\"es-ES\"><span style=\"font-size: large;\">Els racons els fem servir en el cicle com l\u2019estrat\u00e8gia organitzativa que ens permet oferir una proposta el m\u00e0xim de flexible possible, amb diferents tipus d\u2019agrupaments i activitats i a on es poden respectar m\u00e9s f\u00e0cilment els diferents interessos i nivells de desenvolupament dels nostres alumnes.<\/span><\/p>\n<p class=\"western\" lang=\"es-ES\" align=\"JUSTIFY\"><span style=\"font-size: large;\">Els racons que realitzem s\u00f3n de matem\u00e0tques i llengua.<\/span><\/p>\n<p class=\"western\" lang=\"es-ES\"><span style=\"font-size: large;\"><b>Piscina<\/b><\/span><\/p>\n<p class=\"western\" lang=\"es-ES\" align=\"JUSTIFY\"><span style=\"font-size: large;\">Als alumnes de 1r i 2n l&#8217;escola se&#8217;ls ofereix la possibilitat de fer una hora d&#8217;educaci\u00f3 f\u00edsica a la piscina del fondo. L&#8217;activitat es fa en horari lectiu i les fam\u00edlies han d&#8217;asumir el seu cost.<\/span><\/p>\n<p class=\"western\" lang=\"es-ES\" align=\"JUSTIFY\"><span style=\"font-size: large;\">\u00c9s una edat molt adient per perdre la por a l&#8217;aigua i aprendre a nedar. Al final de cada trimestre es fa una sessi\u00f3 de portes obertes i les fam\u00edlies poden entrar a veure als seus fills\/es i apreciar els seus progressos. Al final de curs se&#8217;ls lliura un informe de tot l&#8217;any.<\/span><\/p>\n<p class=\"western\" lang=\"es-ES\" align=\"JUSTIFY\"><span style=\"font-size: large;\"><b>Sorrascola<\/b><\/span><\/p>\n<p class=\"western\" lang=\"es-ES\" align=\"JUSTIFY\"><span style=\"font-size: large;\">Al mes de juny, primer i segon fem una sortida d&#8217;un mat\u00ed a la platja de la Mar Bella per realitzar una gimcana de jocs juntament amb el cicle inicial d&#8217;altres escoles. Aquesta activitat t\u00e9 un caire l\u00fadico-esportiu i pret\u00e9n acostar l&#8217;esport a un medi natural diferent, la platja. Els nostres alumnes es poden relacionar i fer amics amb altres nens i nenes de la seva edat d&#8217;altres escoles de Santa Coloma. <\/span><\/p>\n<p class=\"western\" lang=\"es-ES\" align=\"JUSTIFY\">\u00a0<\/p>\n\n\n<p><\/p>\n\n\n\n<div class=\"wp-block-columns is-layout-flex wp-container-core-columns-is-layout-3 wp-block-columns-is-layout-flex\">\n<div class=\"wp-block-column is-layout-flow wp-block-column-is-layout-flow\">\n<div class=\"wp-block-columns is-layout-flex wp-container-core-columns-is-layout-1 wp-block-columns-is-layout-flex\">\n<div class=\"wp-block-column is-layout-flow wp-block-column-is-layout-flow\">\n<p class=\"has-text-align-center has-white-color has-ast-global-color-1-background-color has-text-color has-background has-link-color wp-elements-435366e676be4ad549a0c551b34338d1\"><a href=\"https:\/\/agora.xtec.cat\/escrosselloporcel\/espais-daprenentatge\/\" data-type=\"page\" data-id=\"2390\">ART &amp; CRAFT<\/a><\/p>\n<\/div>\n\n\n\n<div class=\"wp-block-column is-layout-flow wp-block-column-is-layout-flow\">\n<p class=\"has-text-align-center has-white-color has-ast-global-color-1-background-color has-text-color has-background has-link-color wp-elements-0f8191ebea436e0dd1f212d48d039d48\"><a href=\"https:\/\/agora.xtec.cat\/escrosselloporcel\/espais-daprenentatge\/\" data-type=\"page\" data-id=\"2390\">CIENT\u00cdFIC<\/a><\/p>\n<\/div>\n<\/div>\n<\/div>\n\n\n\n<div class=\"wp-block-column is-layout-flow wp-block-column-is-layout-flow\">\n<div class=\"wp-block-columns is-layout-flex wp-container-core-columns-is-layout-2 wp-block-columns-is-layout-flex\">\n<div class=\"wp-block-column is-layout-flow wp-block-column-is-layout-flow\">\n<p class=\"has-text-align-center has-white-color has-ast-global-color-1-background-color has-text-color has-background has-link-color wp-elements-e99bf1b16df129d12843fa2b67f10f37\"><a href=\"https:\/\/agora.xtec.cat\/escrosselloporcel\/espais-daprenentatge\/\" data-type=\"page\" data-id=\"2390\">MATEM\u00c0TIC<\/a><\/p>\n\n\n\n<div class=\"wp-block-getwid-images-slider has-arrows-inside has-dots-inside has-images-center has-cropped-images\"><div class=\"wp-block-getwid-images-slider__wrapper\" data-effect=\"slide\" data-slides-show=\"1\" data-slides-show-laptop=\"1\" data-slides-show-tablet=\"1\" data-slides-show-mobile=\"1\" data-slides-scroll=\"1\" data-autoplay=\"false\" data-pause-hover=\"false\" data-autoplay-speed=\"6000\" data-infinite=\"true\" data-animation-speed=\"800\" data-center-mode=\"false\" data-variable-width=\"false\" data-arrows=\"inside\" data-dots=\"inside\" data-spacing=\"none\"><div class=\"wp-block-getwid-images-slider__item\"><figure><img loading=\"lazy\" decoding=\"async\" width=\"880\" height=\"1174\" src=\"https:\/\/agora.xtec.cat\/escrosselloporcel\/wp-content\/uploads\/usu1058\/2026\/03\/WhatsApp-Image-2026-03-19-at-13.23.30-1-2.jpeg\" data-id=\"2420\" data-link=\"https:\/\/agora.xtec.cat\/escrosselloporcel\/nivells\/cicle-inicial\/attachment\/whatsapp-image-2026-03-19-at-13-23-30-1-3\/\" data-original-link=\"https:\/\/agora.xtec.cat\/escrosselloporcel\/wp-content\/uploads\/usu1058\/2026\/03\/WhatsApp-Image-2026-03-19-at-13.23.30-1-2.jpeg\" class=\"wp-block-getwid-images-slider__image wp-image-2420\" srcset=\"https:\/\/agora.xtec.cat\/escrosselloporcel\/wp-content\/uploads\/usu1058\/2026\/03\/WhatsApp-Image-2026-03-19-at-13.23.30-1-2.jpeg 880w, https:\/\/agora.xtec.cat\/escrosselloporcel\/wp-content\/uploads\/usu1058\/2026\/03\/WhatsApp-Image-2026-03-19-at-13.23.30-1-2-225x300.jpeg 225w, https:\/\/agora.xtec.cat\/escrosselloporcel\/wp-content\/uploads\/usu1058\/2026\/03\/WhatsApp-Image-2026-03-19-at-13.23.30-1-2-768x1025.jpeg 768w\" sizes=\"auto, (max-width: 880px) 100vw, 880px\" \/><\/figure><\/div><div class=\"wp-block-getwid-images-slider__item\"><figure><img loading=\"lazy\" decoding=\"async\" width=\"843\" height=\"1124\" src=\"https:\/\/agora.xtec.cat\/escrosselloporcel\/wp-content\/uploads\/usu1058\/2026\/03\/WhatsApp-Image-2026-03-19-at-13.23.30-2-2.jpeg\" data-id=\"2421\" data-link=\"https:\/\/agora.xtec.cat\/escrosselloporcel\/nivells\/cicle-inicial\/attachment\/whatsapp-image-2026-03-19-at-13-23-30-2-3\/\" data-original-link=\"https:\/\/agora.xtec.cat\/escrosselloporcel\/wp-content\/uploads\/usu1058\/2026\/03\/WhatsApp-Image-2026-03-19-at-13.23.30-2-2.jpeg\" class=\"wp-block-getwid-images-slider__image wp-image-2421\" srcset=\"https:\/\/agora.xtec.cat\/escrosselloporcel\/wp-content\/uploads\/usu1058\/2026\/03\/WhatsApp-Image-2026-03-19-at-13.23.30-2-2.jpeg 843w, https:\/\/agora.xtec.cat\/escrosselloporcel\/wp-content\/uploads\/usu1058\/2026\/03\/WhatsApp-Image-2026-03-19-at-13.23.30-2-2-225x300.jpeg 225w, https:\/\/agora.xtec.cat\/escrosselloporcel\/wp-content\/uploads\/usu1058\/2026\/03\/WhatsApp-Image-2026-03-19-at-13.23.30-2-2-768x1024.jpeg 768w\" sizes=\"auto, (max-width: 843px) 100vw, 843px\" \/><\/figure><\/div><div class=\"wp-block-getwid-images-slider__item\"><figure><img loading=\"lazy\" decoding=\"async\" width=\"1132\" height=\"1509\" src=\"https:\/\/agora.xtec.cat\/escrosselloporcel\/wp-content\/uploads\/usu1058\/2026\/03\/WhatsApp-Image-2026-03-19-at-13.23.30-4.jpeg\" data-id=\"2422\" data-link=\"https:\/\/agora.xtec.cat\/escrosselloporcel\/nivells\/cicle-inicial\/attachment\/whatsapp-image-2026-03-19-at-13-23-30-4\/\" data-original-link=\"https:\/\/agora.xtec.cat\/escrosselloporcel\/wp-content\/uploads\/usu1058\/2026\/03\/WhatsApp-Image-2026-03-19-at-13.23.30-4.jpeg\" class=\"wp-block-getwid-images-slider__image wp-image-2422\" srcset=\"https:\/\/agora.xtec.cat\/escrosselloporcel\/wp-content\/uploads\/usu1058\/2026\/03\/WhatsApp-Image-2026-03-19-at-13.23.30-4.jpeg 1132w, https:\/\/agora.xtec.cat\/escrosselloporcel\/wp-content\/uploads\/usu1058\/2026\/03\/WhatsApp-Image-2026-03-19-at-13.23.30-4-225x300.jpeg 225w, https:\/\/agora.xtec.cat\/escrosselloporcel\/wp-content\/uploads\/usu1058\/2026\/03\/WhatsApp-Image-2026-03-19-at-13.23.30-4-768x1024.jpeg 768w\" sizes=\"auto, (max-width: 1132px) 100vw, 1132px\" \/><\/figure><\/div><div class=\"wp-block-getwid-images-slider__item\"><figure><img loading=\"lazy\" decoding=\"async\" width=\"896\" height=\"1194\" src=\"https:\/\/agora.xtec.cat\/escrosselloporcel\/wp-content\/uploads\/usu1058\/2026\/03\/WhatsApp-Image-2026-03-19-at-13.17.58-3.jpeg\" data-id=\"2423\" data-link=\"https:\/\/agora.xtec.cat\/escrosselloporcel\/nivells\/cicle-inicial\/attachment\/whatsapp-image-2026-03-19-at-13-17-58-4\/\" data-original-link=\"https:\/\/agora.xtec.cat\/escrosselloporcel\/wp-content\/uploads\/usu1058\/2026\/03\/WhatsApp-Image-2026-03-19-at-13.17.58-3.jpeg\" class=\"wp-block-getwid-images-slider__image wp-image-2423\" srcset=\"https:\/\/agora.xtec.cat\/escrosselloporcel\/wp-content\/uploads\/usu1058\/2026\/03\/WhatsApp-Image-2026-03-19-at-13.17.58-3.jpeg 896w, https:\/\/agora.xtec.cat\/escrosselloporcel\/wp-content\/uploads\/usu1058\/2026\/03\/WhatsApp-Image-2026-03-19-at-13.17.58-3-225x300.jpeg 225w, https:\/\/agora.xtec.cat\/escrosselloporcel\/wp-content\/uploads\/usu1058\/2026\/03\/WhatsApp-Image-2026-03-19-at-13.17.58-3-768x1023.jpeg 768w\" sizes=\"auto, (max-width: 896px) 100vw, 896px\" \/><\/figure><\/div><div class=\"wp-block-getwid-images-slider__item\"><figure><img loading=\"lazy\" decoding=\"async\" width=\"1200\" height=\"1600\" src=\"https:\/\/agora.xtec.cat\/escrosselloporcel\/wp-content\/uploads\/usu1058\/2026\/03\/WhatsApp-Image-2026-03-19-at-13.17.57-3.jpeg\" data-id=\"2424\" data-link=\"https:\/\/agora.xtec.cat\/escrosselloporcel\/nivells\/cicle-inicial\/attachment\/whatsapp-image-2026-03-19-at-13-17-57-4\/\" data-original-link=\"https:\/\/agora.xtec.cat\/escrosselloporcel\/wp-content\/uploads\/usu1058\/2026\/03\/WhatsApp-Image-2026-03-19-at-13.17.57-3.jpeg\" class=\"wp-block-getwid-images-slider__image wp-image-2424\" srcset=\"https:\/\/agora.xtec.cat\/escrosselloporcel\/wp-content\/uploads\/usu1058\/2026\/03\/WhatsApp-Image-2026-03-19-at-13.17.57-3.jpeg 1200w, https:\/\/agora.xtec.cat\/escrosselloporcel\/wp-content\/uploads\/usu1058\/2026\/03\/WhatsApp-Image-2026-03-19-at-13.17.57-3-225x300.jpeg 225w, https:\/\/agora.xtec.cat\/escrosselloporcel\/wp-content\/uploads\/usu1058\/2026\/03\/WhatsApp-Image-2026-03-19-at-13.17.57-3-768x1024.jpeg 768w, https:\/\/agora.xtec.cat\/escrosselloporcel\/wp-content\/uploads\/usu1058\/2026\/03\/WhatsApp-Image-2026-03-19-at-13.17.57-3-1152x1536.jpeg 1152w\" sizes=\"auto, (max-width: 1200px) 100vw, 1200px\" \/><\/figure><\/div><\/div><\/div>\n<\/div>\n\n\n\n<div class=\"wp-block-column is-layout-flow wp-block-column-is-layout-flow\">\n<p class=\"has-text-align-center has-white-color has-ast-global-color-1-background-color has-text-color has-background has-link-color wp-elements-bd67c06bf54f6ef683f1347e71783092\"><a href=\"https:\/\/agora.xtec.cat\/escrosselloporcel\/espais-daprenentatge\/\" data-type=\"page\" data-id=\"2390\">EXPRESSA&#8217;T<\/a><\/p>\n\n\n\n<div class=\"wp-block-getwid-images-slider has-arrows-inside has-dots-inside has-images-center has-cropped-images\"><div class=\"wp-block-getwid-images-slider__wrapper\" data-effect=\"slide\" data-slides-show=\"1\" data-slides-show-laptop=\"1\" data-slides-show-tablet=\"1\" data-slides-show-mobile=\"1\" data-slides-scroll=\"1\" data-autoplay=\"false\" data-pause-hover=\"false\" data-autoplay-speed=\"6000\" data-infinite=\"true\" data-animation-speed=\"800\" data-center-mode=\"false\" data-variable-width=\"false\" data-arrows=\"inside\" data-dots=\"inside\" data-spacing=\"none\"><div class=\"wp-block-getwid-images-slider__item\"><figure><img loading=\"lazy\" decoding=\"async\" width=\"708\" height=\"944\" src=\"https:\/\/agora.xtec.cat\/escrosselloporcel\/wp-content\/uploads\/usu1058\/2026\/03\/WhatsApp-Image-2026-03-19-at-13.33.53.jpeg\" data-id=\"2407\" data-link=\"https:\/\/agora.xtec.cat\/escrosselloporcel\/nivells\/cicle-inicial\/attachment\/whatsapp-image-2026-03-19-at-13-33-53\/\" data-original-link=\"https:\/\/agora.xtec.cat\/escrosselloporcel\/wp-content\/uploads\/usu1058\/2026\/03\/WhatsApp-Image-2026-03-19-at-13.33.53.jpeg\" class=\"wp-block-getwid-images-slider__image wp-image-2407\" srcset=\"https:\/\/agora.xtec.cat\/escrosselloporcel\/wp-content\/uploads\/usu1058\/2026\/03\/WhatsApp-Image-2026-03-19-at-13.33.53.jpeg 708w, https:\/\/agora.xtec.cat\/escrosselloporcel\/wp-content\/uploads\/usu1058\/2026\/03\/WhatsApp-Image-2026-03-19-at-13.33.53-225x300.jpeg 225w\" sizes=\"auto, (max-width: 708px) 100vw, 708px\" \/><\/figure><\/div><div class=\"wp-block-getwid-images-slider__item\"><figure><img loading=\"lazy\" decoding=\"async\" width=\"690\" height=\"920\" src=\"https:\/\/agora.xtec.cat\/escrosselloporcel\/wp-content\/uploads\/usu1058\/2026\/03\/WhatsApp-Image-2026-03-19-at-13.33.55.jpeg\" data-id=\"2406\" data-link=\"https:\/\/agora.xtec.cat\/escrosselloporcel\/nivells\/cicle-inicial\/attachment\/whatsapp-image-2026-03-19-at-13-33-55\/\" data-original-link=\"https:\/\/agora.xtec.cat\/escrosselloporcel\/wp-content\/uploads\/usu1058\/2026\/03\/WhatsApp-Image-2026-03-19-at-13.33.55.jpeg\" class=\"wp-block-getwid-images-slider__image wp-image-2406\" srcset=\"https:\/\/agora.xtec.cat\/escrosselloporcel\/wp-content\/uploads\/usu1058\/2026\/03\/WhatsApp-Image-2026-03-19-at-13.33.55.jpeg 690w, https:\/\/agora.xtec.cat\/escrosselloporcel\/wp-content\/uploads\/usu1058\/2026\/03\/WhatsApp-Image-2026-03-19-at-13.33.55-225x300.jpeg 225w\" sizes=\"auto, (max-width: 690px) 100vw, 690px\" \/><\/figure><\/div><\/div><\/div>\n<\/div>\n<\/div>\n<\/div>\n<\/div>\n","protected":false},"excerpt":{"rendered":"<p>El cicle inicial \u00e9s l\u2019etapa de l\u2019educaci\u00f3 prim\u00e0ria que inclou 1r i 2n curs (infants de 6 a 8 anys). \u00c9s un moment molt important, ja que els nens i nenes comencen a consolidar aprenentatges b\u00e0sics. A l\u2019escola, treballem sobretot la lectura, l\u2019escriptura i les matem\u00e0tiques, sempre d\u2019una manera din\u00e0mica i entenedora. Utilitzem jocs, activitats [&hellip;]<\/p>\n","protected":false},"author":1,"featured_media":0,"parent":87,"menu_order":2,"comment_status":"closed","ping_status":"closed","template":"","meta":{"_bbp_topic_count":0,"_bbp_reply_count":0,"_bbp_total_topic_count":0,"_bbp_total_reply_count":0,"_bbp_voice_count":0,"_bbp_anonymous_reply_count":0,"_bbp_topic_count_hidden":0,"_bbp_reply_count_hidden":0,"_bbp_forum_subforum_count":0,"site-sidebar-layout":"default","site-content-layout":"","ast-site-content-layout":"default","site-content-style":"default","site-sidebar-style":"default","ast-global-header-display":"","ast-banner-title-visibility":"","ast-main-header-display":"","ast-hfb-above-header-display":"","ast-hfb-below-header-display":"","ast-hfb-mobile-header-display":"","site-post-title":"","ast-breadcrumbs-content":"","ast-featured-img":"","footer-sml-layout":"","theme-transparent-header-meta":"","adv-header-id-meta":"","stick-header-meta":"","header-above-stick-meta":"","header-main-stick-meta":"","header-below-stick-meta":"","astra-migrate-meta-layouts":"set","ast-page-background-enabled":"default","ast-page-background-meta":{"desktop":{"background-color":"var(--ast-global-color-4)","background-image":"","background-repeat":"repeat","background-position":"center center","background-size":"auto","background-attachment":"scroll","background-type":"","background-media":"","overlay-type":"","overlay-color":"","overlay-opacity":"","overlay-gradient":""},"tablet":{"background-color":"","background-image":"","background-repeat":"repeat","background-position":"center center","background-size":"auto","background-attachment":"scroll","background-type":"","background-media":"","overlay-type":"","overlay-color":"","overlay-opacity":"","overlay-gradient":""},"mobile":{"background-color":"","background-image":"","background-repeat":"repeat","background-position":"center center","background-size":"auto","background-attachment":"scroll","background-type":"","background-media":"","overlay-type":"","overlay-color":"","overlay-opacity":"","overlay-gradient":""}},"ast-content-background-meta":{"desktop":{"background-color":"var(--ast-global-color-5)","background-image":"","background-repeat":"repeat","background-position":"center center","background-size":"auto","background-attachment":"scroll","background-type":"","background-media":"","overlay-type":"","overlay-color":"","overlay-opacity":"","overlay-gradient":""},"tablet":{"background-color":"var(--ast-global-color-5)","background-image":"","background-repeat":"repeat","background-position":"center center","background-size":"auto","background-attachment":"scroll","background-type":"","background-media":"","overlay-type":"","overlay-color":"","overlay-opacity":"","overlay-gradient":""},"mobile":{"background-color":"var(--ast-global-color-5)","background-image":"","background-repeat":"repeat","background-position":"center center","background-size":"auto","background-attachment":"scroll","background-type":"","background-media":"","overlay-type":"","overlay-color":"","overlay-opacity":"","overlay-gradient":""}},"footnotes":""},"class_list":["post-651","page","type-page","status-publish","hentry"],"post_mailing_queue_ids":[],"_links":{"self":[{"href":"https:\/\/agora.xtec.cat\/escrosselloporcel\/wp-json\/wp\/v2\/pages\/651","targetHints":{"allow":["GET"]}}],"collection":[{"href":"https:\/\/agora.xtec.cat\/escrosselloporcel\/wp-json\/wp\/v2\/pages"}],"about":[{"href":"https:\/\/agora.xtec.cat\/escrosselloporcel\/wp-json\/wp\/v2\/types\/page"}],"author":[{"embeddable":true,"href":"https:\/\/agora.xtec.cat\/escrosselloporcel\/wp-json\/wp\/v2\/users\/1"}],"replies":[{"embeddable":true,"href":"https:\/\/agora.xtec.cat\/escrosselloporcel\/wp-json\/wp\/v2\/comments?post=651"}],"version-history":[{"count":6,"href":"https:\/\/agora.xtec.cat\/escrosselloporcel\/wp-json\/wp\/v2\/pages\/651\/revisions"}],"predecessor-version":[{"id":2428,"href":"https:\/\/agora.xtec.cat\/escrosselloporcel\/wp-json\/wp\/v2\/pages\/651\/revisions\/2428"}],"up":[{"embeddable":true,"href":"https:\/\/agora.xtec.cat\/escrosselloporcel\/wp-json\/wp\/v2\/pages\/87"}],"wp:attachment":[{"href":"https:\/\/agora.xtec.cat\/escrosselloporcel\/wp-json\/wp\/v2\/media?parent=651"}],"curies":[{"name":"wp","href":"https:\/\/api.w.org\/{rel}","templated":true}]}}