{"id":64,"date":"2014-09-18T12:39:08","date_gmt":"2014-09-18T11:39:08","guid":{"rendered":"http:\/\/agora.xtec.cat\/escrosselloporcel\/?page_id=64"},"modified":"2017-05-05T08:59:13","modified_gmt":"2017-05-05T06:59:13","slug":"projecte-educatiu","status":"publish","type":"page","link":"https:\/\/agora.xtec.cat\/escrosselloporcel\/projecte-educatiu\/","title":{"rendered":"Projecte educatiu"},"content":{"rendered":"<p class=\"western\"><span style=\"font-family: Comic Sans MS,cursive;\"><span style=\"font-size: large;\"><b>ELEMENTS DEFINIDORS DE L\u2019ESCOLA<\/b><\/span><\/span><\/p>\n<p class=\"western\" align=\"JUSTIFY\"><span style=\"font-family: Arial,sans-serif;\"><span style=\"font-size: large;\">L\u2019alumne aporta a l\u2019escola una cultura, un coneixement, una personalitat i una capacitat de relaci\u00f3 social. Cal partir d\u2019aquests coneixements previs per entendre la complexitat que envolta a l\u2019escola.<\/span><\/span><\/p>\n<p class=\"western\" align=\"JUSTIFY\"><span style=\"font-family: Arial,sans-serif;\"><span style=\"font-size: large;\">L\u2019activitat educativa es desenvolupa en un marc compartit amb els altres, els adults i companys. \u00c9s, doncs, una activitat social de grup<span lang=\"es-ES\">.<\/span><\/span><\/span><\/p>\n<p class=\"western\" align=\"JUSTIFY\"><span style=\"font-family: Arial,sans-serif;\"><span style=\"font-size: large;\">Entenem l\u2019escola on el funcionament pedag\u00f2gic sigui un espai que eduqui als nens en un sentit SOCIAL, LAIC, AUT\u00d2NOM, PERSONALITZAT, CR\u00cdTIC I CIENT\u00cdFIC, de manera que permeti l\u2019evoluci\u00f3 i progr\u00e9s dels alumnes mitjan\u00e7ant l\u2019adquisici\u00f3 de t\u00e8cniques i coneixements que fomentin la recerca de les idees vitals, \u00e9s a dir, una educaci\u00f3 integral que el porti a formar-se com a ser hum\u00e0. Que eduqui en els valors de respecte per les idees, persones i cultures i d\u2019acceptaci\u00f3 de les decisions col\u00b7lectives amb principis de just\u00edcia. \u00c9s per aix\u00f2 que tenim present que a l\u2019escola no s\u2019ha d\u2019adoctrinar ni fer proselitisme, sin\u00f3 donar a con\u00e8ixer les diferents opcions o punts de vista a nivell ideol\u00f2gic, pol\u00edtic o religi\u00f3s<\/span>.<\/span><\/p>\n<p class=\"western\" align=\"JUSTIFY\"><span style=\"font-family: Comic Sans MS,cursive;\"><span style=\"font-size: large;\"><b>EDUCACI\u00d3 PARTICIPATIVA EN UNA GESTI\u00d3 INSTITUCIONAL<\/b><\/span><\/span><\/p>\n<p class=\"western\" align=\"JUSTIFY\"><span style=\"font-family: Arial,sans-serif;\"><span style=\"font-size: large;\">Partint d\u2019una concepci\u00f3 democr\u00e0tica, potenciem que els diferents estaments que composen l\u2019escola (pares, alumnes, mestres, PAS) rebin la informaci\u00f3 suficient i participin en la gesti\u00f3 de l\u2019escola donant opinions i prenent decisions de forma adequada a llurs capacitats i compet\u00e8ncies. Atorgarem una gran import\u00e0ncia als procediments i vies de comunicaci\u00f3 interna i externa que garanteixin l\u2019\u00fas democr\u00e0tic d\u2019aquesta informaci\u00f3 i participaci\u00f3 responsable.<\/span><\/span><\/p>\n<p class=\"western\" align=\"JUSTIFY\"><span style=\"font-family: Comic Sans MS,cursive;\"><span style=\"font-size: large;\"><b>EDUCACI\u00d3 PER LA DIVERSITAT<\/b><\/span><\/span><\/p>\n<p class=\"western\" align=\"JUSTIFY\"><span style=\"font-family: Arial,sans-serif;\"><span style=\"font-size: large;\">Partim de la declaraci\u00f3 del principi d\u2019igualtat i no discriminaci\u00f3 per ra\u00f3 de g\u00e8nere, opci\u00f3 sexual, ra\u00e7a, ideologia, creences religioses&#8230;<\/span><\/span><\/p>\n<p class=\"western\" align=\"JUSTIFY\"><span style=\"font-family: Arial,sans-serif;\"><span style=\"font-size: large;\">Entenem la diversitat de ritmes i formes d&#8217;aprenentatge i intentem adaptar-nos i donar-hi resposta satisfact\u00f2ria en funci\u00f3 de les nostres possibilitats i recursos.<\/span><\/span><\/p>\n<p class=\"western\" align=\"JUSTIFY\"><span style=\"font-family: Arial,sans-serif;\"><span style=\"font-size: large;\">Destaquem la import\u00e0ncia de crear o fomentar actituds cr\u00edtiques davant situacions d\u2019injust\u00edcia, aix\u00ed com tamb\u00e9 de solidaritat i cooperaci\u00f3.<\/span><\/span><\/p>\n<p class=\"western\" align=\"JUSTIFY\"><span style=\"font-family: Comic Sans MS,cursive;\"><span style=\"font-size: large;\"><b>LLENGUA D\u2019APRENENTATGE <\/b><\/span><\/span><\/p>\n<p class=\"western\" align=\"JUSTIFY\"><span style=\"font-family: Arial,sans-serif;\"><span style=\"font-size: large;\">El catal\u00e0 \u00e9s la llengua en que els alumnes fan els primers aprenentatges. L\u2019escola vetlla per adequar els mitjans i recursos perqu\u00e8 no es produeixi cap tipus de discriminaci\u00f3 en l\u2019aprenentatge de les dues lleng\u00fces oficials.<\/span><\/span><\/p>\n<p class=\"western\" align=\"JUSTIFY\"><span style=\"font-family: Arial,sans-serif;\"><span style=\"font-size: large;\">Introdu\u00efm la llengua castellana oral i escrita a partir de primer de prim\u00e0ria, procurant que els alumnes, al final de prim\u00e0ria tinguin el mateix domini de les dues lleng\u00fces.<\/span><\/span><\/p>\n<p class=\"western\" align=\"JUSTIFY\"><span style=\"font-family: Arial,sans-serif;\"><span style=\"font-size: large;\">La informaci\u00f3, l\u2019ambientaci\u00f3 i la llengua vehicular de l\u2019escola \u00e9s la catalana, tant en horari lectiu com en horari de menjador i activitats extraescolars.<\/span><\/span><\/p>\n<p class=\"western\" align=\"JUSTIFY\"><span style=\"font-family: Arial,sans-serif;\"><span style=\"font-size: large;\">Les informacions escrites als pares, aix\u00ed com les reunions en general es fan tamb\u00e9 en catal\u00e0. Les entrevistes personals amb les fam\u00edlies tamb\u00e9 es faran en aquesta llengua, excepte les que per la seva complexitat requereixin l\u2019\u00fas del biling\u00fcisme.<\/span><\/span><\/p>\n<p class=\"western\" align=\"JUSTIFY\"><span style=\"font-size: large;\"><span style=\"font-family: Comic Sans MS,cursive;\"><b>L\u00cdNIA METODOL\u00d2GICA<\/b><\/span><span style=\"font-family: Arial,sans-serif;\">.<\/span><\/span><\/p>\n<p class=\"western\" align=\"JUSTIFY\"><span style=\"font-family: Arial,sans-serif;\"><span style=\"font-size: large;\">La nostra actuaci\u00f3 es fomenta en un tracte personalitzat que s\u2019adeq\u00fci al ritme evolutiu i a les capacitats intel\u00b7lectuals de l\u2019alumnat. En l\u2019aspecte instructiu s\u2019intentar\u00e0 l\u2019adopci\u00f3 de sistemes educatius, no autoritaris, que impliquin la participaci\u00f3 dels alumnes en el propi proc\u00e9s d\u2019aprenentatge.<\/span><\/span><\/p>\n<p class=\"western\" align=\"JUSTIFY\"><span style=\"font-family: Arial,sans-serif;\"><span style=\"font-size: large;\">L\u2019escola \u00e9s activa. Entenem aix\u00f2 com un comprom\u00eds de fomentar en l\u2019alumne\/a una actitud curiosa, cr\u00edtica i investigadora que mitjan\u00e7ant la comunicaci\u00f3 i el treball esdevindr\u00e0 la base de la seva formaci\u00f3 i de l\u2019adquisici\u00f3 dels aprenentatges d\u2019una forma significativa.<\/span><\/span><\/p>\n<p class=\"western\" align=\"JUSTIFY\"><span style=\"font-family: Arial,sans-serif;\"><span style=\"font-size: large;\">Fomentem la no competitivitat entre els alumnes, tant pel que fa refer\u00e8ncia a les capacitats i activitats intel\u00b7lectuals com a les f\u00edsiques.<\/span><\/span><\/p>\n<p class=\"western\" align=\"JUSTIFY\"><span style=\"font-family: Arial,sans-serif;\"><span style=\"font-size: large;\">Donem import\u00e0ncia a l\u2019\u00fas col\u00b7lectiu del material did\u00e0ctic per treballar la sociabilitat i el respecte cap als bens comuns, no oblidant el respecte als bens individuals. <\/span><\/span><\/p>\n<p class=\"western\" align=\"JUSTIFY\"><span style=\"font-family: Comic Sans MS,cursive;\"><span style=\"font-size: large;\"><b>INTENCIONALITATS EDUCATIVES<\/b><\/span><\/span><\/p>\n<p class=\"western\" align=\"JUSTIFY\"><span style=\"font-family: Arial,sans-serif;\"><span style=\"font-size: large;\">Pretenem que els alumnes s\u2019inici\u00efn en l\u2019aprenentatge i adquireixin unes compet\u00e8ncies que els permetin organitzar, comprendre i assimilar la informaci\u00f3 donada.<\/span><\/span><\/p>\n<p class=\"western\" align=\"JUSTIFY\"><span style=\"font-family: Arial,sans-serif;\"><span style=\"font-size: large;\">\u00c9s important iniciar el proc\u00e9s d\u2019aprenentatge indagant en les idees pr\u00e8vies que tenen i donar-li un car\u00e0cter globalitzador i interdisciplinari.<\/span><\/span><\/p>\n<p class=\"western\" align=\"JUSTIFY\"><span style=\"font-family: Arial,sans-serif;\"><span style=\"font-size: large;\">Crearem situacions d\u2019ensenyament-aprenentatge en les quals els alumnes, a partir d\u2019aquests coneixements previs, puguin buscar i seleccionar informaci\u00f3 per entendre la complexitat del tema que s\u2019ha abordat.<\/span><\/span><\/p>\n<p class=\"western\" align=\"JUSTIFY\"><span style=\"font-family: Arial,sans-serif;\"><span style=\"font-size: large;\">Aquestes intencionalitats quedaran reflectides en els seg\u00fcents objectius.<\/span><\/span><\/p>\n<p class=\"western\" align=\"JUSTIFY\"><span style=\"font-family: Comic Sans MS,cursive;\"><span style=\"font-size: large;\"><b>OBJECTIUS QUE FAN REFER\u00c8NCIA A L\u2019AUTONOMIA DE L\u2019ALUMNE\/A<\/b><\/span><\/span><\/p>\n<ul>\n<li>\n<p class=\"western\" align=\"JUSTIFY\"><span style=\"font-family: Arial,sans-serif;\"><span style=\"font-size: large;\">Potenciar l\u2019adquisici\u00f3 de t\u00e8cniques de treball intel\u00b7lectual i d\u2019h\u00e0bits de treball.<\/span><\/span><\/p>\n<\/li>\n<li>\n<p class=\"western\" align=\"JUSTIFY\"><span style=\"font-family: Arial,sans-serif;\"><span style=\"font-size: large;\">Potenciar la capacitat de desenvolupar-se aut\u00f2nomament, reconeixent les seves possibilitats i limitacions, per arribar a un nivell adequat de confian\u00e7a en ells mateixos\/es.<\/span><\/span><\/p>\n<\/li>\n<li>\n<p class=\"western\" align=\"JUSTIFY\"><span style=\"font-family: Arial,sans-serif;\"><span style=\"font-size: large;\">Desenvolupar les compet\u00e8ncies socials que els permetin conviure i treballar en equip.<\/span><\/span><\/p>\n<\/li>\n<li>\n<p class=\"western\" align=\"JUSTIFY\"><span style=\"font-family: Arial,sans-serif;\"><span style=\"font-size: large;\">Contribuir al coneixement del propi cos i de les seves possibilitats i limitacions.<\/span><\/span><\/p>\n<\/li>\n<li>\n<p class=\"western\" align=\"JUSTIFY\"><span style=\"font-family: Arial,sans-serif;\"><span style=\"font-size: large;\">Potenciar els h\u00e0bits d\u2019higiene i alimentaci\u00f3.<\/span><\/span><\/p>\n<\/li>\n<\/ul>\n<p class=\"western\" align=\"JUSTIFY\"><span style=\"font-family: Comic Sans MS,cursive;\"><span style=\"font-size: large;\"><b>OBJECTIUS QUE FAN REFER\u00c8NCIA A LA RELACI\u00d3 AMB ELS ALTRES<\/b><\/span><\/span><\/p>\n<ul>\n<li>\n<p class=\"western\" align=\"JUSTIFY\"><span style=\"font-family: Arial,sans-serif;\"><span style=\"font-size: large;\">Potenciar el respecte pels diferents punts de vista, opinions, postures&#8230; a nivell ideol\u00f2gic, pol\u00edtic, religi\u00f3s, etc.<\/span><\/span><\/p>\n<\/li>\n<li>\n<p class=\"western\" align=\"JUSTIFY\"><span style=\"font-family: Arial,sans-serif;\"><span style=\"font-size: large;\">Desenvolupar l\u2019esperit cr\u00edtic i la capacitat de defensar les opinions personals.<\/span><\/span><\/p>\n<\/li>\n<li>\n<p class=\"western\" align=\"JUSTIFY\"><span style=\"font-family: Arial,sans-serif;\"><span style=\"font-size: large;\">Fomentar el respecte pels bens col\u00b7lectius, fent-ne bon \u00fas.<\/span><\/span><\/p>\n<\/li>\n<li>\n<p class=\"western\" align=\"JUSTIFY\"><span style=\"font-family: Arial,sans-serif;\"><span style=\"font-size: large;\">Potenciar actituds de di\u00e0leg.<\/span><\/span><\/p>\n<\/li>\n<li>\n<p class=\"western\" align=\"JUSTIFY\"><span style=\"font-family: Arial,sans-serif;\"><span style=\"font-size: large;\">Tenir consci\u00e8ncia del valor del treball individual i col\u00b7lectiu i desenvolupar h\u00e0bits d\u2019esfor\u00e7 i treball en l\u2019estudi.<\/span><\/span><\/p>\n<\/li>\n<li>\n<p class=\"western\" align=\"JUSTIFY\"><span style=\"font-family: Arial,sans-serif;\"><span style=\"font-size: large;\">Con\u00e8ixer, comprendre i respectar les diferents cultures i les difer\u00e8ncies entre les persones .<\/span><\/span><\/p>\n<\/li>\n<li>\n<p class=\"western\" align=\"JUSTIFY\"><span style=\"font-family: Arial,sans-serif;\"><span style=\"font-size: large;\">Aplicar els drets humans en tots els \u00e0mbits de la vida personal i social sense cap tipus de discriminaci\u00f3.<\/span><\/span><\/p>\n<\/li>\n<\/ul>\n<p class=\"western\" align=\"JUSTIFY\"><span style=\"font-family: Comic Sans MS,cursive;\"><span style=\"font-size: large;\"><b>OBJECTIUS QUE FAN REFER\u00c8NCIA A LA COMUNICACI\u00d3<\/b><\/span><\/span><\/p>\n<ul>\n<li>\n<p class=\"western\" align=\"JUSTIFY\"><span style=\"font-family: Arial,sans-serif;\"><span style=\"font-size: large;\">Con\u00e8ixer i utilitzar el catal\u00e0 com a llengua base d\u2019aprenentatge.<\/span><\/span><\/p>\n<\/li>\n<li>\n<p class=\"western\" align=\"JUSTIFY\"><span style=\"font-family: Arial,sans-serif;\"><span style=\"font-size: large;\">Utilitzar correctament i apropiadament la llengua catalana tant oralment com per escrit, emprant-la com a llengua d\u2019\u00fas i aprenentatge i com a llengua vehicular.<\/span><\/span><\/p>\n<\/li>\n<li>\n<p class=\"western\" align=\"JUSTIFY\"><span style=\"font-family: Arial,sans-serif;\"><span style=\"font-size: large;\">Garantir el coneixement de la llengua castellana al mateix nivell, tant oral com escrit, que la llengua catalana en acabar l\u2019escolaritat.<\/span><\/span><\/p>\n<\/li>\n<li>\n<p class=\"western\" align=\"JUSTIFY\"><span style=\"font-family: Arial,sans-serif;\"><span style=\"font-size: large;\">Comprendre i expressar missatges senzills de la vida quotidiana en angl\u00e8s<\/span><\/span><\/p>\n<\/li>\n<\/ul>\n<p class=\"western\" align=\"JUSTIFY\"><span style=\"font-family: Comic Sans MS,cursive;\"><span style=\"font-size: large;\"><b>OBJECTIUS QUE FAN REFER\u00c8NCIA ALS CONEIXEMENTS<\/b><\/span><\/span><\/p>\n<ul>\n<li>\n<p class=\"western\" align=\"JUSTIFY\"><span style=\"font-family: Arial,sans-serif;\"><span style=\"font-size: large;\">Utilitzar diferents representacions i expressions art\u00edstiques i iniciar-se en la construcci\u00f3 de propostes visuals.<\/span><\/span><\/p>\n<\/li>\n<li>\n<p class=\"western\" align=\"JUSTIFY\"><span style=\"font-family: Arial,sans-serif;\"><span style=\"font-size: large;\">Desenvolupar les compet\u00e8ncies matem\u00e0tiques b\u00e0siques, iniciar-se en la resoluci\u00f3 de problemes que requereixin la realitzaci\u00f3 d\u2019operacions elementals de c\u00e0lcul, coneixements geom\u00e8trics i estimacions, i ser capa\u00e7 d\u2019aplicar-les a les situacions de la vida quotidiana.<\/span><\/span><\/p>\n<\/li>\n<li>\n<p class=\"western\" align=\"JUSTIFY\"><span style=\"font-family: Arial,sans-serif;\"><span style=\"font-size: large;\">Con\u00e8ixer, valorar i estimar l\u2019entorn natural, social i cultural i comprendre, a partir de l\u2019observaci\u00f3 de fen\u00f2mens senzills, els principals mecanismes que regeixen aquest entorn extrapolant aquests coneixements al m\u00f3n en general.<\/span><\/span><\/p>\n<\/li>\n<li>\n<p class=\"western\" align=\"JUSTIFY\"><span style=\"font-family: Arial,sans-serif;\"><span style=\"font-size: large;\">Iniciar-se en la utilitzaci\u00f3 per a l\u2019aprenentatge de les tecnologies de la informaci\u00f3 i la comunicaci\u00f3 i seleccionar i valorar la informaci\u00f3 rebuda o aconseguida per aquests mitjans.<\/span><\/span><\/p>\n<\/li>\n<li>\n<p class=\"western\" align=\"JUSTIFY\"><span style=\"font-family: Arial,sans-serif;\"><span style=\"font-size: large;\">Aplicar en contextos diversos, els diferents coneixements adquirits i els recursos propis, a fi de resoldre de manera creativa problemes, situacions personals i necessitats de la vida quotidiana.<\/span><\/span><\/p>\n<\/li>\n<\/ul>\n<p class=\"western\" align=\"JUSTIFY\"><span style=\"font-family: Comic Sans MS,cursive;\"><span style=\"font-size: large;\"><b>OBJECTIUS QUE FAN REFER\u00c8NCIA A ACTITUDS DE VIDA<\/b><\/span><\/span><\/p>\n<ul>\n<li>\n<p class=\"western\" align=\"JUSTIFY\"><span style=\"font-family: Arial,sans-serif;\"><span style=\"font-size: large;\">Fomentar la cultura per la pau i la conviv\u00e8ncia, tenint en compte el di\u00e0leg com a mecanisme de resoluci\u00f3 de conflictes<\/span><\/span><\/p>\n<\/li>\n<\/ul>\n<ul>\n<li>\n<p class=\"western\" align=\"JUSTIFY\"><span style=\"font-family: Arial,sans-serif;\"><span style=\"font-size: large;\">Con\u00e8ixer i valorar el medi natural aix\u00ed com els animals m\u00e9s propers a l\u2019\u00e9sser hum\u00e0 i adoptar comportaments que afavoreixin la seva protecci\u00f3.<\/span><\/span><\/p>\n<\/li>\n<li>\n<p class=\"western\" align=\"JUSTIFY\"><span style=\"font-family: Arial,sans-serif;\"><span style=\"font-size: large;\">Potenciar la solidaritat, tant en el nostre entorn immediat com en el m\u00e9s ampli.<\/span><\/span><\/p>\n<\/li>\n<li>\n<p class=\"western\" align=\"JUSTIFY\"><span style=\"font-family: Arial,sans-serif;\"><span style=\"font-size: large;\">Potenciar habilitats i actituds que permeten participar, prendre decisions, triar com comportar-se en determinades situacions i responsabilitzar-se de les eleccions i decisions adoptades.<\/span><\/span><\/p>\n<\/li>\n<li>\n<p class=\"western\" align=\"JUSTIFY\"><span style=\"font-family: Arial,sans-serif;\"><span style=\"font-size: large;\">Fomentar activitats i actituds no sexistes, tant a trav\u00e9s del curr\u00edculum com d\u2019acci\u00f3 tutorial.<\/span><\/span><\/p>\n<\/li>\n<\/ul>\n","protected":false},"excerpt":{"rendered":"<p>ELEMENTS DEFINIDORS DE L\u2019ESCOLA L\u2019alumne aporta a l\u2019escola una cultura, un coneixement, una personalitat i una capacitat de relaci\u00f3 social. Cal partir d\u2019aquests coneixements previs per entendre la complexitat que envolta a l\u2019escola. L\u2019activitat educativa es desenvolupa en un marc compartit amb els altres, els adults i companys. \u00c9s, doncs, una activitat social de grup. [&hellip;]<\/p>\n","protected":false},"author":1,"featured_media":0,"parent":0,"menu_order":0,"comment_status":"closed","ping_status":"closed","template":"page-templates\/side-menu.php","meta":{"_bbp_topic_count":0,"_bbp_reply_count":0,"_bbp_total_topic_count":0,"_bbp_total_reply_count":0,"_bbp_voice_count":0,"_bbp_anonymous_reply_count":0,"_bbp_topic_count_hidden":0,"_bbp_reply_count_hidden":0,"_bbp_forum_subforum_count":0,"site-sidebar-layout":"default","site-content-layout":"","ast-site-content-layout":"","site-content-style":"default","site-sidebar-style":"default","ast-global-header-display":"","ast-banner-title-visibility":"","ast-main-header-display":"","ast-hfb-above-header-display":"","ast-hfb-below-header-display":"","ast-hfb-mobile-header-display":"","site-post-title":"","ast-breadcrumbs-content":"","ast-featured-img":"","footer-sml-layout":"","theme-transparent-header-meta":"","adv-header-id-meta":"","stick-header-meta":"","header-above-stick-meta":"","header-main-stick-meta":"","header-below-stick-meta":"","astra-migrate-meta-layouts":"default","ast-page-background-enabled":"default","ast-page-background-meta":{"desktop":{"background-color":"var(--ast-global-color-4)","background-image":"","background-repeat":"repeat","background-position":"center center","background-size":"auto","background-attachment":"scroll","background-type":"","background-media":"","overlay-type":"","overlay-color":"","overlay-opacity":"","overlay-gradient":""},"tablet":{"background-color":"","background-image":"","background-repeat":"repeat","background-position":"center center","background-size":"auto","background-attachment":"scroll","background-type":"","background-media":"","overlay-type":"","overlay-color":"","overlay-opacity":"","overlay-gradient":""},"mobile":{"background-color":"","background-image":"","background-repeat":"repeat","background-position":"center center","background-size":"auto","background-attachment":"scroll","background-type":"","background-media":"","overlay-type":"","overlay-color":"","overlay-opacity":"","overlay-gradient":""}},"ast-content-background-meta":{"desktop":{"background-color":"var(--ast-global-color-5)","background-image":"","background-repeat":"repeat","background-position":"center center","background-size":"auto","background-attachment":"scroll","background-type":"","background-media":"","overlay-type":"","overlay-color":"","overlay-opacity":"","overlay-gradient":""},"tablet":{"background-color":"var(--ast-global-color-5)","background-image":"","background-repeat":"repeat","background-position":"center center","background-size":"auto","background-attachment":"scroll","background-type":"","background-media":"","overlay-type":"","overlay-color":"","overlay-opacity":"","overlay-gradient":""},"mobile":{"background-color":"var(--ast-global-color-5)","background-image":"","background-repeat":"repeat","background-position":"center center","background-size":"auto","background-attachment":"scroll","background-type":"","background-media":"","overlay-type":"","overlay-color":"","overlay-opacity":"","overlay-gradient":""}},"footnotes":""},"class_list":["post-64","page","type-page","status-publish","hentry"],"post_mailing_queue_ids":[],"_links":{"self":[{"href":"https:\/\/agora.xtec.cat\/escrosselloporcel\/wp-json\/wp\/v2\/pages\/64","targetHints":{"allow":["GET"]}}],"collection":[{"href":"https:\/\/agora.xtec.cat\/escrosselloporcel\/wp-json\/wp\/v2\/pages"}],"about":[{"href":"https:\/\/agora.xtec.cat\/escrosselloporcel\/wp-json\/wp\/v2\/types\/page"}],"author":[{"embeddable":true,"href":"https:\/\/agora.xtec.cat\/escrosselloporcel\/wp-json\/wp\/v2\/users\/1"}],"replies":[{"embeddable":true,"href":"https:\/\/agora.xtec.cat\/escrosselloporcel\/wp-json\/wp\/v2\/comments?post=64"}],"version-history":[{"count":4,"href":"https:\/\/agora.xtec.cat\/escrosselloporcel\/wp-json\/wp\/v2\/pages\/64\/revisions"}],"predecessor-version":[{"id":880,"href":"https:\/\/agora.xtec.cat\/escrosselloporcel\/wp-json\/wp\/v2\/pages\/64\/revisions\/880"}],"wp:attachment":[{"href":"https:\/\/agora.xtec.cat\/escrosselloporcel\/wp-json\/wp\/v2\/media?parent=64"}],"curies":[{"name":"wp","href":"https:\/\/api.w.org\/{rel}","templated":true}]}}