{"id":633,"date":"2016-06-28T12:07:43","date_gmt":"2016-06-28T11:07:43","guid":{"rendered":"http:\/\/agora.xtec.cat\/escrosselloporcel\/?page_id=633"},"modified":"2026-03-09T16:23:35","modified_gmt":"2026-03-09T15:23:35","slug":"sant-jordi","status":"publish","type":"page","link":"https:\/\/agora.xtec.cat\/escrosselloporcel\/projecte-educatiu\/sant-jordi\/","title":{"rendered":"Sant Jordi"},"content":{"rendered":"\n<div class=\"wp-block-columns is-layout-flex wp-container-core-columns-is-layout-1 wp-block-columns-is-layout-flex\">\n<div class=\"wp-block-column is-layout-flow wp-block-column-is-layout-flow\" style=\"flex-basis:66.66%\">\n<p>\u00c9s una festa que a l&#8217;escola s&#8217;aprofita per potenciar el gust per la lectura i treballar els diferents tipus de textos. Cada any es tria un autor o tema com\u00fa com a fil conductor de la festa.<\/p>\n\n\n\n<p>Cada mestre tria un tipus de text que treballar\u00e0 conjuntament a la classe i despr\u00e9s cada alumne far\u00e0 el seu. La setmana pr\u00e8via a la festa s&#8217;exposen tots els treballs del centre al vest\u00edbul.<\/p>\n\n\n\n<p>El dia de Sant Jordi al mat\u00ed cada classe elabora un treball manual relacionat amb la diada i es fa un intercanvi de llibres entre els alumnes del cicle que n&#8217;havien portat.<\/p>\n\n\n\n<p>A la tarde es fa un acte al soterrani on cada classe recita, canta o representa algun treball relacionat amb el tema escollit. Les fam\u00edlies estan convidades a aquest acte. Al final cada classe rep com a premi de participaci\u00f3 llibres de regal per l&#8217;aula . \ud83d\udcd6\u200b\ud83c\udf39<\/p>\n\n\n\n<p><\/p>\n\n\n\n<p><\/p>\n<\/div>\n\n\n\n<div class=\"wp-block-column is-layout-flow wp-block-column-is-layout-flow\" style=\"flex-basis:33.33%\">\n<figure class=\"wp-block-image size-full\" style=\"margin-top:var(--wp--preset--spacing--80);margin-bottom:var(--wp--preset--spacing--80)\"><a href=\"https:\/\/agora.xtec.cat\/escrosselloporcel\/wp-content\/uploads\/usu1058\/2026\/03\/14613461901144.jpg\"><img loading=\"lazy\" decoding=\"async\" width=\"660\" height=\"384\" src=\"https:\/\/agora.xtec.cat\/escrosselloporcel\/wp-content\/uploads\/usu1058\/2026\/03\/14613461901144.jpg\" alt=\"\" class=\"wp-image-2345\" srcset=\"https:\/\/agora.xtec.cat\/escrosselloporcel\/wp-content\/uploads\/usu1058\/2026\/03\/14613461901144.jpg 660w, https:\/\/agora.xtec.cat\/escrosselloporcel\/wp-content\/uploads\/usu1058\/2026\/03\/14613461901144-300x175.jpg 300w\" sizes=\"auto, (max-width: 660px) 100vw, 660px\" \/><\/a><\/figure>\n<\/div>\n<\/div>\n","protected":false},"excerpt":{"rendered":"<p>\u00c9s una festa que a l&#8217;escola s&#8217;aprofita per potenciar el gust per la lectura i treballar els diferents tipus de textos. Cada any es tria un autor o tema com\u00fa com a fil conductor de la festa. Cada mestre tria un tipus de text que treballar\u00e0 conjuntament a la classe i despr\u00e9s cada alumne far\u00e0 [&hellip;]<\/p>\n","protected":false},"author":1,"featured_media":0,"parent":64,"menu_order":4,"comment_status":"closed","ping_status":"closed","template":"","meta":{"_bbp_topic_count":0,"_bbp_reply_count":0,"_bbp_total_topic_count":0,"_bbp_total_reply_count":0,"_bbp_voice_count":0,"_bbp_anonymous_reply_count":0,"_bbp_topic_count_hidden":0,"_bbp_reply_count_hidden":0,"_bbp_forum_subforum_count":0,"site-sidebar-layout":"default","site-content-layout":"","ast-site-content-layout":"default","site-content-style":"default","site-sidebar-style":"default","ast-global-header-display":"","ast-banner-title-visibility":"","ast-main-header-display":"","ast-hfb-above-header-display":"","ast-hfb-below-header-display":"","ast-hfb-mobile-header-display":"","site-post-title":"","ast-breadcrumbs-content":"","ast-featured-img":"","footer-sml-layout":"","theme-transparent-header-meta":"","adv-header-id-meta":"","stick-header-meta":"","header-above-stick-meta":"","header-main-stick-meta":"","header-below-stick-meta":"","astra-migrate-meta-layouts":"set","ast-page-background-enabled":"default","ast-page-background-meta":{"desktop":{"background-color":"var(--ast-global-color-4)","background-image":"","background-repeat":"repeat","background-position":"center center","background-size":"auto","background-attachment":"scroll","background-type":"","background-media":"","overlay-type":"","overlay-color":"","overlay-opacity":"","overlay-gradient":""},"tablet":{"background-color":"","background-image":"","background-repeat":"repeat","background-position":"center center","background-size":"auto","background-attachment":"scroll","background-type":"","background-media":"","overlay-type":"","overlay-color":"","overlay-opacity":"","overlay-gradient":""},"mobile":{"background-color":"","background-image":"","background-repeat":"repeat","background-position":"center center","background-size":"auto","background-attachment":"scroll","background-type":"","background-media":"","overlay-type":"","overlay-color":"","overlay-opacity":"","overlay-gradient":""}},"ast-content-background-meta":{"desktop":{"background-color":"var(--ast-global-color-5)","background-image":"","background-repeat":"repeat","background-position":"center center","background-size":"auto","background-attachment":"scroll","background-type":"","background-media":"","overlay-type":"","overlay-color":"","overlay-opacity":"","overlay-gradient":""},"tablet":{"background-color":"var(--ast-global-color-5)","background-image":"","background-repeat":"repeat","background-position":"center center","background-size":"auto","background-attachment":"scroll","background-type":"","background-media":"","overlay-type":"","overlay-color":"","overlay-opacity":"","overlay-gradient":""},"mobile":{"background-color":"var(--ast-global-color-5)","background-image":"","background-repeat":"repeat","background-position":"center center","background-size":"auto","background-attachment":"scroll","background-type":"","background-media":"","overlay-type":"","overlay-color":"","overlay-opacity":"","overlay-gradient":""}},"footnotes":""},"class_list":["post-633","page","type-page","status-publish","hentry"],"post_mailing_queue_ids":[],"_links":{"self":[{"href":"https:\/\/agora.xtec.cat\/escrosselloporcel\/wp-json\/wp\/v2\/pages\/633","targetHints":{"allow":["GET"]}}],"collection":[{"href":"https:\/\/agora.xtec.cat\/escrosselloporcel\/wp-json\/wp\/v2\/pages"}],"about":[{"href":"https:\/\/agora.xtec.cat\/escrosselloporcel\/wp-json\/wp\/v2\/types\/page"}],"author":[{"embeddable":true,"href":"https:\/\/agora.xtec.cat\/escrosselloporcel\/wp-json\/wp\/v2\/users\/1"}],"replies":[{"embeddable":true,"href":"https:\/\/agora.xtec.cat\/escrosselloporcel\/wp-json\/wp\/v2\/comments?post=633"}],"version-history":[{"count":5,"href":"https:\/\/agora.xtec.cat\/escrosselloporcel\/wp-json\/wp\/v2\/pages\/633\/revisions"}],"predecessor-version":[{"id":2349,"href":"https:\/\/agora.xtec.cat\/escrosselloporcel\/wp-json\/wp\/v2\/pages\/633\/revisions\/2349"}],"up":[{"embeddable":true,"href":"https:\/\/agora.xtec.cat\/escrosselloporcel\/wp-json\/wp\/v2\/pages\/64"}],"wp:attachment":[{"href":"https:\/\/agora.xtec.cat\/escrosselloporcel\/wp-json\/wp\/v2\/media?parent=633"}],"curies":[{"name":"wp","href":"https:\/\/api.w.org\/{rel}","templated":true}]}}