{"id":602,"date":"2016-06-28T11:39:34","date_gmt":"2016-06-28T10:39:34","guid":{"rendered":"http:\/\/agora.xtec.cat\/escrosselloporcel\/?page_id=602"},"modified":"2026-03-19T13:52:40","modified_gmt":"2026-03-19T12:52:40","slug":"setmana-de-la-convivencia","status":"publish","type":"page","link":"https:\/\/agora.xtec.cat\/escrosselloporcel\/projecte-educatiu\/setmana-de-la-convivencia\/","title":{"rendered":"Setmana de la conviv\u00e8ncia"},"content":{"rendered":"\r\n\t<div class=\"slideshow_container slideshow_container_style-light\" style=\"height: 300px; \" data-slideshow-id=\"604\" data-style-name=\"style-light\" data-style-version=\"2.3.1\" >\r\n\r\n\t\t\t\t\t<div class=\"slideshow_loading_icon\"><\/div>\r\n\t\t\r\n\t\t<div class=\"slideshow_content\" style=\"display: none;\">\r\n\r\n\t\t\t<div class=\"slideshow_view\">\r\n\t\t\t\t<div class=\"slideshow_slide slideshow_slide_image\">\r\n\t\t\t\t\t\t\t\t\t\t\t<img src=\"https:\/\/agora.xtec.cat\/escrosselloporcel\/wp-content\/uploads\/usu1058\/2016\/06\/setmanaconv-145.jpg\" alt=\"setmanaconv 145\" width=\"2592\" height=\"1944\" \/>\r\n\t\t\t\t\t\t\t\t\t\t<div class=\"slideshow_description_box slideshow_transparent\">\r\n\t\t\t\t\t\t<div class=\"slideshow_title\">setmanaconv 145<\/div>\t\t\t\t\t\t\t\t\t\t\t<\/div>\r\n\t\t\t\t<\/div>\r\n\r\n\t\t\t\t\t\t\r\n\t\t\t\t<div class=\"slideshow_slide slideshow_slide_image\">\r\n\t\t\t\t\t\t\t\t\t\t\t<img src=\"https:\/\/agora.xtec.cat\/escrosselloporcel\/wp-content\/uploads\/usu1058\/2016\/06\/SANY0236.jpg\" alt=\"SANYO DIGITAL CAMERA\" width=\"3264\" height=\"2448\" \/>\r\n\t\t\t\t\t\t\t\t\t\t<div class=\"slideshow_description_box slideshow_transparent\">\r\n\t\t\t\t\t\t<div class=\"slideshow_title\">SANYO DIGITAL CAMERA<\/div>\t\t\t\t\t\t\t\t\t\t\t<\/div>\r\n\t\t\t\t<\/div>\r\n\r\n\t\t\t\t\t\t<div style=\"clear: both;\"><\/div><\/div><div class=\"slideshow_view\">\r\n\t\t\t\t<div class=\"slideshow_slide slideshow_slide_image\">\r\n\t\t\t\t\t\t\t\t\t\t\t<img src=\"https:\/\/agora.xtec.cat\/escrosselloporcel\/wp-content\/uploads\/usu1058\/2016\/06\/SANY0224.jpg\" alt=\"SANYO DIGITAL CAMERA\" width=\"3264\" height=\"2448\" \/>\r\n\t\t\t\t\t\t\t\t\t\t<div class=\"slideshow_description_box slideshow_transparent\">\r\n\t\t\t\t\t\t<div class=\"slideshow_title\">SANYO DIGITAL CAMERA<\/div>\t\t\t\t\t\t\t\t\t\t\t<\/div>\r\n\t\t\t\t<\/div>\r\n\r\n\t\t\t\t\t\t\r\n\t\t\t\t<div class=\"slideshow_slide slideshow_slide_image\">\r\n\t\t\t\t\t\t\t\t\t\t\t<img src=\"https:\/\/agora.xtec.cat\/escrosselloporcel\/wp-content\/uploads\/usu1058\/2016\/06\/mobil-16.2-1837.jpg\" alt=\"mobil 16.2 1837\" width=\"1280\" height=\"720\" \/>\r\n\t\t\t\t\t\t\t\t\t\t<div class=\"slideshow_description_box slideshow_transparent\">\r\n\t\t\t\t\t\t<div class=\"slideshow_title\">mobil 16.2 1837<\/div>\t\t\t\t\t\t\t\t\t\t\t<\/div>\r\n\t\t\t\t<\/div>\r\n\r\n\t\t\t\t\t\t<div style=\"clear: both;\"><\/div><\/div><div class=\"slideshow_view\">\r\n\t\t\t\t<div class=\"slideshow_slide slideshow_slide_image\">\r\n\t\t\t\t\t\t\t\t\t\t\t<img src=\"https:\/\/agora.xtec.cat\/escrosselloporcel\/wp-content\/uploads\/usu1058\/2016\/06\/IMG-20150218-WA0045.jpg\" alt=\"IMG-20150218-WA0045\" width=\"1280\" height=\"960\" \/>\r\n\t\t\t\t\t\t\t\t\t\t<div class=\"slideshow_description_box slideshow_transparent\">\r\n\t\t\t\t\t\t<div class=\"slideshow_title\">IMG-20150218-WA0045<\/div>\t\t\t\t\t\t\t\t\t\t\t<\/div>\r\n\t\t\t\t<\/div>\r\n\r\n\t\t\t\t\t\t\r\n\t\t\t\t<div class=\"slideshow_slide slideshow_slide_image\">\r\n\t\t\t\t\t\t\t\t\t\t\t<img src=\"https:\/\/agora.xtec.cat\/escrosselloporcel\/wp-content\/uploads\/usu1058\/2016\/06\/IMG-20150218-WA0009.jpg\" alt=\"IMG-20150218-WA0009\" width=\"1280\" height=\"960\" \/>\r\n\t\t\t\t\t\t\t\t\t\t<div class=\"slideshow_description_box slideshow_transparent\">\r\n\t\t\t\t\t\t<div class=\"slideshow_title\">IMG-20150218-WA0009<\/div>\t\t\t\t\t\t\t\t\t\t\t<\/div>\r\n\t\t\t\t<\/div>\r\n\r\n\t\t\t\t\t\t<div style=\"clear: both;\"><\/div><\/div><div class=\"slideshow_view\">\r\n\t\t\t\t<div class=\"slideshow_slide slideshow_slide_image\">\r\n\t\t\t\t\t\t\t\t\t\t\t<img src=\"https:\/\/agora.xtec.cat\/escrosselloporcel\/wp-content\/uploads\/usu1058\/2016\/06\/IMG-20150218-WA0004.jpg\" alt=\"IMG-20150218-WA0004\" width=\"1280\" height=\"960\" \/>\r\n\t\t\t\t\t\t\t\t\t\t<div class=\"slideshow_description_box slideshow_transparent\">\r\n\t\t\t\t\t\t<div class=\"slideshow_title\">IMG-20150218-WA0004<\/div>\t\t\t\t\t\t\t\t\t\t\t<\/div>\r\n\t\t\t\t<\/div>\r\n\r\n\t\t\t\t\t\t\r\n\t\t\t\t<div class=\"slideshow_slide slideshow_slide_image\">\r\n\t\t\t\t\t\t\t\t\t\t\t<img src=\"https:\/\/agora.xtec.cat\/escrosselloporcel\/wp-content\/uploads\/usu1058\/2016\/06\/IMG_20150212_093543.jpg\" alt=\"IMG_20150212_093543\" width=\"2560\" height=\"1440\" \/>\r\n\t\t\t\t\t\t\t\t\t\t<div class=\"slideshow_description_box slideshow_transparent\">\r\n\t\t\t\t\t\t<div class=\"slideshow_title\">IMG_20150212_093543<\/div>\t\t\t\t\t\t\t\t\t\t\t<\/div>\r\n\t\t\t\t<\/div>\r\n\r\n\t\t\t\t\t\t<div style=\"clear: both;\"><\/div><\/div><div class=\"slideshow_view\">\r\n\t\t\t\t<div class=\"slideshow_slide slideshow_slide_image\">\r\n\t\t\t\t\t\t\t\t\t\t\t<img src=\"https:\/\/agora.xtec.cat\/escrosselloporcel\/wp-content\/uploads\/usu1058\/2016\/06\/IMG_5293.jpg\" alt=\"IMG_5293\" width=\"3072\" height=\"2304\" \/>\r\n\t\t\t\t\t\t\t\t\t\t<div class=\"slideshow_description_box slideshow_transparent\">\r\n\t\t\t\t\t\t<div class=\"slideshow_title\">IMG_5293<\/div>\t\t\t\t\t\t\t\t\t\t\t<\/div>\r\n\t\t\t\t<\/div>\r\n\r\n\t\t\t\t\t\t\r\n\t\t\t\t<div class=\"slideshow_slide slideshow_slide_image\">\r\n\t\t\t\t\t\t\t\t\t\t\t<img src=\"https:\/\/agora.xtec.cat\/escrosselloporcel\/wp-content\/uploads\/usu1058\/2016\/06\/IMG_4503.jpg\" alt=\"IMG_4503\" width=\"3072\" height=\"2304\" \/>\r\n\t\t\t\t\t\t\t\t\t\t<div class=\"slideshow_description_box slideshow_transparent\">\r\n\t\t\t\t\t\t<div class=\"slideshow_title\">IMG_4503<\/div>\t\t\t\t\t\t\t\t\t\t\t<\/div>\r\n\t\t\t\t<\/div>\r\n\r\n\t\t\t\t\t\t<div style=\"clear: both;\"><\/div><\/div><div class=\"slideshow_view\">\r\n\t\t\t\t<div class=\"slideshow_slide slideshow_slide_image\">\r\n\t\t\t\t\t\t\t\t\t\t\t<img src=\"https:\/\/agora.xtec.cat\/escrosselloporcel\/wp-content\/uploads\/usu1058\/2016\/06\/IMG_4450.jpg\" alt=\"IMG_4450\" width=\"3072\" height=\"2304\" \/>\r\n\t\t\t\t\t\t\t\t\t\t<div class=\"slideshow_description_box slideshow_transparent\">\r\n\t\t\t\t\t\t<div class=\"slideshow_title\">IMG_4450<\/div>\t\t\t\t\t\t\t\t\t\t\t<\/div>\r\n\t\t\t\t<\/div>\r\n\r\n\t\t\t\t\t\t\r\n\t\t\t\t<div class=\"slideshow_slide slideshow_slide_image\">\r\n\t\t\t\t\t\t\t\t\t\t\t<img src=\"https:\/\/agora.xtec.cat\/escrosselloporcel\/wp-content\/uploads\/usu1058\/2016\/06\/dscf8476.jpg\" alt=\"dscf8476\" width=\"3264\" height=\"2448\" \/>\r\n\t\t\t\t\t\t\t\t\t\t<div class=\"slideshow_description_box slideshow_transparent\">\r\n\t\t\t\t\t\t<div class=\"slideshow_title\">dscf8476<\/div>\t\t\t\t\t\t\t\t\t\t\t<\/div>\r\n\t\t\t\t<\/div>\r\n\r\n\t\t\t\t\t\t<div style=\"clear: both;\"><\/div><\/div><div class=\"slideshow_view\">\r\n\t\t\t\t<div class=\"slideshow_slide slideshow_slide_image\">\r\n\t\t\t\t\t\t\t\t\t\t\t<img src=\"https:\/\/agora.xtec.cat\/escrosselloporcel\/wp-content\/uploads\/usu1058\/2016\/06\/dscf7625.jpg\" alt=\"dscf7625\" width=\"3264\" height=\"2448\" \/>\r\n\t\t\t\t\t\t\t\t\t\t<div class=\"slideshow_description_box slideshow_transparent\">\r\n\t\t\t\t\t\t<div class=\"slideshow_title\">dscf7625<\/div>\t\t\t\t\t\t\t\t\t\t\t<\/div>\r\n\t\t\t\t<\/div>\r\n\r\n\t\t\t\t\t\t\r\n\t\t\t\t<div class=\"slideshow_slide slideshow_slide_image\">\r\n\t\t\t\t\t\t\t\t\t\t\t<img src=\"https:\/\/agora.xtec.cat\/escrosselloporcel\/wp-content\/uploads\/usu1058\/2016\/06\/DSC016631.jpg\" alt=\"DSC016631\" width=\"2268\" height=\"1701\" \/>\r\n\t\t\t\t\t\t\t\t\t\t<div class=\"slideshow_description_box slideshow_transparent\">\r\n\t\t\t\t\t\t<div class=\"slideshow_title\">DSC016631<\/div>\t\t\t\t\t\t\t\t\t\t\t<\/div>\r\n\t\t\t\t<\/div>\r\n\r\n\t\t\t\t\t\t<div style=\"clear: both;\"><\/div><\/div>\r\n\t\t<\/div>\r\n\r\n\t\t<div class=\"slideshow_controlPanel slideshow_transparent\" style=\"display: none;\"><ul><li class=\"slideshow_togglePlay\" data-play-text=\"Visualitza\" data-pause-text=\"Pausa\"><\/li><\/ul><\/div>\r\n\r\n\t\t<div class=\"slideshow_button slideshow_previous slideshow_transparent\" role=\"button\" data-previous-text=\"Anterior\" style=\"display: none;\"><\/div>\r\n\t\t<div class=\"slideshow_button slideshow_next slideshow_transparent\" role=\"button\" data-next-text=\"Seg\u00fcent\" style=\"display: none;\"><\/div>\r\n\r\n\t\t<div class=\"slideshow_pagination\" style=\"display: none;\" data-go-to-text=\"V\u00e9s a la diapositiva\"><div class=\"slideshow_pagination_center\"><\/div><\/div>\r\n\r\n\t\t<!-- WordPress Slideshow Version 2.3.1 -->\r\n\r\n\t\t\t<\/div>\r\n\r\n\n<p data-start=\"200\" data-end=\"528\">Cada curs, a la nostra escola, celebrem la Setmana de Conviv\u00e8ncia, un per\u00edode d\u2019aprenentatge intens, creatiu i molt divertit. Cada any escollim un tema diferent com invents, el c\u00f2mic, els contes, l\u2019antiguitat romana o l\u2019edat mitjana i tots els grups escolars treballen de manera col\u00b7laborativa per aprofundir-hi.<\/p>\n<h3 data-section-id=\"1vjny4v\" data-start=\"530\" data-end=\"577\">Treball en Equip i Cooperaci\u00f3 Entre Edats<\/h3>\n<p data-start=\"579\" data-end=\"916\">Durant la setmana, les activitats fomenten la cooperaci\u00f3 entre alumnes de diferents cursos. Els estudiants de 6\u00e8 col\u00b7laboren amb els de 3r i P4, els de 5\u00e8 amb els de 2n i P3, i els de 4t amb els de 1r i P5. Aix\u00ed, els m\u00e9s grans acompanyen i ajuden els m\u00e9s petits, promovent valors com la solidaritat, l\u2019ajuda m\u00fatua i la responsabilitat. Les fam\u00edlies tamb\u00e9 participen activament, oferint suport en totes les activitats i contribuint a qu\u00e8 tots els alumnes puguin participar plenament. Gr\u00e0cies a elles, podem organitzar matins de treball conjunt per decorar els espais de l\u2019escola i preparar activitats creatives relacionades amb el tema de l\u2019any.<\/p>\n<h3 data-section-id=\"7g2u3o\" data-start=\"1230\" data-end=\"1264\">Esmorzars i Moments Conjunts<\/h3>\n<p data-start=\"1266\" data-end=\"1521\">Un dels moments m\u00e9s especials s\u00f3n els esmorzars compartits, on alumnes i fam\u00edlies aporten tot el necessari per gaudir d\u2019un mat\u00ed conjunt al menjador de l\u2019escola. Aquesta activitat refor\u00e7a la conviv\u00e8ncia i crea un ambient de comunitat molt enriquidor.<\/p>\n<h3 data-section-id=\"14mtqst\" data-start=\"1523\" data-end=\"1545\">Jocs Cooperatius<\/h3>\n<p data-start=\"1547\" data-end=\"1843\">Els jocs cooperatius s\u00f3n un altre punt clau de la Setmana de Conviv\u00e8ncia. Aquests jocs no tenen guanyadors ni perdedors; l\u2019objectiu \u00e9s treballar junts, ajudant-se i col\u00b7laborant. La participaci\u00f3 de les fam\u00edlies en aquests moments refor\u00e7a els lligams entre l\u2019escola i la comunitat educativa.<\/p>\n<h3 data-section-id=\"15k4425\" data-start=\"1845\" data-end=\"1881\">Solidaritat i Comprom\u00eds Social<\/h3>\n<p data-start=\"1883\" data-end=\"2158\">Els alumnes de 6\u00e8 tamb\u00e9 participen en accions de solidaritat, col\u00b7laborant amb el Banc de Sang en la campanya de donaci\u00f3 del Rossell\u00f3 P\u00f2rcel. Cada donaci\u00f3 de sang permet salvar fins a tres vides, fomentant aix\u00ed la responsabilitat social i el comprom\u00eds amb la comunitat.<\/p>\n<h3 data-section-id=\"8xhg4x\" data-start=\"2160\" data-end=\"2195\">Tardes de Cinema i Celebraci\u00f3<\/h3>\n<p data-start=\"2197\" data-end=\"2399\">La Setmana de Conviv\u00e8ncia inclou tamb\u00e9 moments de relaxaci\u00f3 i cultura, com les tardes de cinema, amb pel\u00b7l\u00edcules relacionades amb el tema de la setmana i crispetes proporcionades per les fam\u00edlies. La setmana culmina amb el ball de Carnaval, un fi de festa que celebra la creativitat, la diversi\u00f3 i el treball realitzat durant tota la setmana.<\/p>\n","protected":false},"excerpt":{"rendered":"<p>Cada curs, a la nostra escola, celebrem la Setmana de Conviv\u00e8ncia, un per\u00edode d\u2019aprenentatge intens, creatiu i molt divertit. Cada any escollim un tema diferent com invents, el c\u00f2mic, els contes, l\u2019antiguitat romana o l\u2019edat mitjana i tots els grups escolars treballen de manera col\u00b7laborativa per aprofundir-hi. Treball en Equip i Cooperaci\u00f3 Entre Edats Durant [&hellip;]<\/p>\n","protected":false},"author":1,"featured_media":0,"parent":64,"menu_order":2,"comment_status":"closed","ping_status":"closed","template":"","meta":{"_bbp_topic_count":0,"_bbp_reply_count":0,"_bbp_total_topic_count":0,"_bbp_total_reply_count":0,"_bbp_voice_count":0,"_bbp_anonymous_reply_count":0,"_bbp_topic_count_hidden":0,"_bbp_reply_count_hidden":0,"_bbp_forum_subforum_count":0,"site-sidebar-layout":"default","site-content-layout":"","ast-site-content-layout":"default","site-content-style":"default","site-sidebar-style":"default","ast-global-header-display":"","ast-banner-title-visibility":"","ast-main-header-display":"","ast-hfb-above-header-display":"","ast-hfb-below-header-display":"","ast-hfb-mobile-header-display":"","site-post-title":"","ast-breadcrumbs-content":"","ast-featured-img":"","footer-sml-layout":"","theme-transparent-header-meta":"","adv-header-id-meta":"","stick-header-meta":"","header-above-stick-meta":"","header-main-stick-meta":"","header-below-stick-meta":"","astra-migrate-meta-layouts":"set","ast-page-background-enabled":"default","ast-page-background-meta":{"desktop":{"background-color":"var(--ast-global-color-4)","background-image":"","background-repeat":"repeat","background-position":"center center","background-size":"auto","background-attachment":"scroll","background-type":"","background-media":"","overlay-type":"","overlay-color":"","overlay-opacity":"","overlay-gradient":""},"tablet":{"background-color":"","background-image":"","background-repeat":"repeat","background-position":"center center","background-size":"auto","background-attachment":"scroll","background-type":"","background-media":"","overlay-type":"","overlay-color":"","overlay-opacity":"","overlay-gradient":""},"mobile":{"background-color":"","background-image":"","background-repeat":"repeat","background-position":"center center","background-size":"auto","background-attachment":"scroll","background-type":"","background-media":"","overlay-type":"","overlay-color":"","overlay-opacity":"","overlay-gradient":""}},"ast-content-background-meta":{"desktop":{"background-color":"var(--ast-global-color-5)","background-image":"","background-repeat":"repeat","background-position":"center center","background-size":"auto","background-attachment":"scroll","background-type":"","background-media":"","overlay-type":"","overlay-color":"","overlay-opacity":"","overlay-gradient":""},"tablet":{"background-color":"var(--ast-global-color-5)","background-image":"","background-repeat":"repeat","background-position":"center center","background-size":"auto","background-attachment":"scroll","background-type":"","background-media":"","overlay-type":"","overlay-color":"","overlay-opacity":"","overlay-gradient":""},"mobile":{"background-color":"var(--ast-global-color-5)","background-image":"","background-repeat":"repeat","background-position":"center center","background-size":"auto","background-attachment":"scroll","background-type":"","background-media":"","overlay-type":"","overlay-color":"","overlay-opacity":"","overlay-gradient":""}},"footnotes":""},"class_list":["post-602","page","type-page","status-publish","hentry"],"post_mailing_queue_ids":[],"_links":{"self":[{"href":"https:\/\/agora.xtec.cat\/escrosselloporcel\/wp-json\/wp\/v2\/pages\/602","targetHints":{"allow":["GET"]}}],"collection":[{"href":"https:\/\/agora.xtec.cat\/escrosselloporcel\/wp-json\/wp\/v2\/pages"}],"about":[{"href":"https:\/\/agora.xtec.cat\/escrosselloporcel\/wp-json\/wp\/v2\/types\/page"}],"author":[{"embeddable":true,"href":"https:\/\/agora.xtec.cat\/escrosselloporcel\/wp-json\/wp\/v2\/users\/1"}],"replies":[{"embeddable":true,"href":"https:\/\/agora.xtec.cat\/escrosselloporcel\/wp-json\/wp\/v2\/comments?post=602"}],"version-history":[{"count":5,"href":"https:\/\/agora.xtec.cat\/escrosselloporcel\/wp-json\/wp\/v2\/pages\/602\/revisions"}],"predecessor-version":[{"id":2426,"href":"https:\/\/agora.xtec.cat\/escrosselloporcel\/wp-json\/wp\/v2\/pages\/602\/revisions\/2426"}],"up":[{"embeddable":true,"href":"https:\/\/agora.xtec.cat\/escrosselloporcel\/wp-json\/wp\/v2\/pages\/64"}],"wp:attachment":[{"href":"https:\/\/agora.xtec.cat\/escrosselloporcel\/wp-json\/wp\/v2\/media?parent=602"}],"curies":[{"name":"wp","href":"https:\/\/api.w.org\/{rel}","templated":true}]}}