{"id":519,"date":"2016-05-03T12:35:29","date_gmt":"2016-05-03T11:35:29","guid":{"rendered":"http:\/\/agora.xtec.cat\/escrosselloporcel\/?page_id=519"},"modified":"2026-03-26T12:53:59","modified_gmt":"2026-03-26T11:53:59","slug":"lequip","status":"publish","type":"page","link":"https:\/\/agora.xtec.cat\/escrosselloporcel\/lescola\/lequip\/","title":{"rendered":"L&#8217;equip"},"content":{"rendered":"\n<div class=\"wp-block-columns is-layout-flex wp-container-core-columns-is-layout-1 wp-block-columns-is-layout-flex\">\n<div class=\"wp-block-column is-layout-flow wp-block-column-is-layout-flow\">\n<h4 class=\"wp-block-heading has-text-align-center\"><strong>EDUCACI\u00d3 INFANTIL &#8211; Equip de Cicle<\/strong><\/h4>\n\n\n\n<p><strong>P-3:<\/strong> Isa L\u00f3pez, Vanesa S\u00e1nchez i S\u00edlvia Baster<\/p>\n\n\n\n<p><strong>P-4: <\/strong>Sara Fern\u00e1ndez<\/p>\n\n\n\n<p><strong>P-5: <\/strong>Susana Orive<\/p>\n\n\n\n<p><strong>Refor\u00e7: <\/strong>Marta Ventura i Cristina Alarc\u00f3n<\/p>\n<\/div>\n\n\n\n<div class=\"wp-block-column is-layout-flow wp-block-column-is-layout-flow\">\n<h4 class=\"wp-block-heading has-text-align-center\"><strong>EDUCACI\u00d3 PRIM\u00c0RIA &#8211; Equip de Cicle inicial<\/strong><\/h4>\n\n\n\n<p><strong>1r: <\/strong>Alba Cort\u00e9s<\/p>\n\n\n\n<p><strong>2n: <\/strong>Maribel Rodr\u00edguez<\/p>\n\n\n\n<p><strong>Refor\u00e7<\/strong>: Irene Mateu, Alba Gimeno i Cristina Torrej\u00f3n<\/p>\n<\/div>\n<\/div>\n\n\n\n<p><\/p>\n\n\n\n<div class=\"wp-block-columns is-layout-flex wp-container-core-columns-is-layout-2 wp-block-columns-is-layout-flex\">\n<div class=\"wp-block-column is-layout-flow wp-block-column-is-layout-flow\">\n<h4 class=\"wp-block-heading has-text-align-center\"><strong><strong>EDUCACI\u00d3 PRIM\u00c0RIA &#8211; Equip de Cicle <\/strong><\/strong>mitj\u00e0<\/h4>\n\n\n\n<p><strong>3r: <\/strong>Rub\u00e9n Pa\u00f1os<\/p>\n\n\n\n<p><strong>4t: <\/strong>Vicent Rubio<\/p>\n\n\n\n<p><strong>Refor\u00e7: <\/strong>Vanesa Cirac, Carlos Peir\u00f3 i Ariadna G\u00e1mez<\/p>\n<\/div>\n\n\n\n<div class=\"wp-block-column is-layout-flow wp-block-column-is-layout-flow\">\n<h4 class=\"wp-block-heading has-text-align-center\"><strong>EDUCACI\u00d3 PRIM\u00c0RIA &#8211; Equip de Cicle superior<\/strong><\/h4>\n\n\n\n<p><strong>5\u00e8: <\/strong>Joshua Lirio<\/p>\n\n\n\n<p><strong>6\u00e8: <\/strong>Btissam Er Roukadi<\/p>\n\n\n\n<p><strong>Refor\u00e7: <\/strong>Aida Ruzafa i Susana Qu\u00edlez<\/p>\n<\/div>\n<\/div>\n\n\n\n<div class=\"wp-block-columns is-layout-flex wp-container-core-columns-is-layout-3 wp-block-columns-is-layout-flex\">\n<div class=\"wp-block-column is-layout-flow wp-block-column-is-layout-flow\">\n<h4 class=\"wp-block-heading has-text-align-center\">ESPECIALISTES<\/h4>\n\n\n\n<p><strong>Atenci\u00f3 a la diversitat: <\/strong>Cristina Torrej\u00f3n<\/p>\n\n\n\n<p><strong>M\u00fasica<\/strong>: Carlos Peir\u00f3<\/p>\n\n\n\n<p><strong>Angl\u00e8s<\/strong>: Susana Qu\u00edlez<\/p>\n\n\n\n<p><strong>E. F\u00edsica: <\/strong>Ariadna G\u00e1mez<\/p>\n\n\n\n<p><strong>Vetlladora:<\/strong> Isabel Mu\u00f1oz i Silvia Pau<\/p>\n<\/div>\n\n\n\n<div class=\"wp-block-column is-layout-flow wp-block-column-is-layout-flow\">\n<h4 class=\"wp-block-heading has-text-align-center\"><strong>COORDINADORS\/ES<\/strong><\/h4>\n\n\n\n<p><strong>Digital: <\/strong>Joshua Lirio<\/p>\n\n\n\n<p><strong>Riscos laborals: <\/strong>Marta Ventura<\/p>\n\n\n\n<p><strong>Infanti\/Inicial<\/strong>: Isa L\u00f3pez<\/p>\n\n\n\n<p><strong>Mitj\u00e0\/Superior: <\/strong>Susana Qu\u00edlez<\/p>\n<\/div>\n<\/div>\n\n\n\n<div class=\"wp-block-columns is-layout-flex wp-container-core-columns-is-layout-4 wp-block-columns-is-layout-flex\">\n<div class=\"wp-block-column is-layout-flow wp-block-column-is-layout-flow\">\n<h4 class=\"wp-block-heading has-text-align-center\">EQUIP DIRECTIU<\/h4>\n\n\n\n<p><strong>Direcci\u00f3: <\/strong>Vanesa Cirac<\/p>\n\n\n\n<p><strong>Cap d\u2019estudis: <\/strong>Aida Ruzafa<\/p>\n\n\n\n<p><strong>Secretari: <\/strong>Carlos Peir\u00f3<\/p>\n<\/div>\n\n\n\n<div class=\"wp-block-column is-layout-flow wp-block-column-is-layout-flow\">\n<p>I no ens oblidem de la inestimable ajuda del David del Pino (conserges) i la Carmen S\u00e1nchez (administrativa).<\/p>\n\n\n\n<p>Tots junts treballem dia a dia per tal de portar a terme la nostra tasca docent en \u00edntima col\u00b7laboraci\u00f3 amb l\u2019alumnat del centre.<\/p>\n\n\n\n<p>A m\u00e9s, els \u201cprofes\u201d tamb\u00e9 ens impliquem en les festes, exposicions i en totes aquelles activitats que ens permeten educar els nens fora de la classe ordin\u00e0ria. Un bon exemple s\u00f3n les activitats de la Setmana de la Conviv\u00e8ncia, la Castanyada, la Mona, Sant Jordi, Carnaval&#8230;<\/p>\n<\/div>\n<\/div>\n","protected":false},"excerpt":{"rendered":"<p>EDUCACI\u00d3 INFANTIL &#8211; Equip de Cicle P-3: Isa L\u00f3pez, Vanesa S\u00e1nchez i S\u00edlvia Baster P-4: Sara Fern\u00e1ndez P-5: Susana Orive Refor\u00e7: Marta Ventura i Cristina Alarc\u00f3n EDUCACI\u00d3 PRIM\u00c0RIA &#8211; Equip de Cicle inicial 1r: Alba Cort\u00e9s 2n: Maribel Rodr\u00edguez Refor\u00e7: Irene Mateu, Alba Gimeno i Cristina Torrej\u00f3n EDUCACI\u00d3 PRIM\u00c0RIA &#8211; Equip de Cicle mitj\u00e0 3r: [&hellip;]<\/p>\n","protected":false},"author":1,"featured_media":0,"parent":22,"menu_order":25,"comment_status":"closed","ping_status":"closed","template":"","meta":{"_bbp_topic_count":0,"_bbp_reply_count":0,"_bbp_total_topic_count":0,"_bbp_total_reply_count":0,"_bbp_voice_count":0,"_bbp_anonymous_reply_count":0,"_bbp_topic_count_hidden":0,"_bbp_reply_count_hidden":0,"_bbp_forum_subforum_count":0,"site-sidebar-layout":"default","site-content-layout":"","ast-site-content-layout":"default","site-content-style":"default","site-sidebar-style":"default","ast-global-header-display":"","ast-banner-title-visibility":"","ast-main-header-display":"","ast-hfb-above-header-display":"","ast-hfb-below-header-display":"","ast-hfb-mobile-header-display":"","site-post-title":"","ast-breadcrumbs-content":"","ast-featured-img":"","footer-sml-layout":"","theme-transparent-header-meta":"","adv-header-id-meta":"","stick-header-meta":"","header-above-stick-meta":"","header-main-stick-meta":"","header-below-stick-meta":"","astra-migrate-meta-layouts":"set","ast-page-background-enabled":"default","ast-page-background-meta":{"desktop":{"background-color":"var(--ast-global-color-4)","background-image":"","background-repeat":"repeat","background-position":"center center","background-size":"auto","background-attachment":"scroll","background-type":"","background-media":"","overlay-type":"","overlay-color":"","overlay-opacity":"","overlay-gradient":""},"tablet":{"background-color":"","background-image":"","background-repeat":"repeat","background-position":"center center","background-size":"auto","background-attachment":"scroll","background-type":"","background-media":"","overlay-type":"","overlay-color":"","overlay-opacity":"","overlay-gradient":""},"mobile":{"background-color":"","background-image":"","background-repeat":"repeat","background-position":"center center","background-size":"auto","background-attachment":"scroll","background-type":"","background-media":"","overlay-type":"","overlay-color":"","overlay-opacity":"","overlay-gradient":""}},"ast-content-background-meta":{"desktop":{"background-color":"var(--ast-global-color-5)","background-image":"","background-repeat":"repeat","background-position":"center center","background-size":"auto","background-attachment":"scroll","background-type":"","background-media":"","overlay-type":"","overlay-color":"","overlay-opacity":"","overlay-gradient":""},"tablet":{"background-color":"var(--ast-global-color-5)","background-image":"","background-repeat":"repeat","background-position":"center center","background-size":"auto","background-attachment":"scroll","background-type":"","background-media":"","overlay-type":"","overlay-color":"","overlay-opacity":"","overlay-gradient":""},"mobile":{"background-color":"var(--ast-global-color-5)","background-image":"","background-repeat":"repeat","background-position":"center center","background-size":"auto","background-attachment":"scroll","background-type":"","background-media":"","overlay-type":"","overlay-color":"","overlay-opacity":"","overlay-gradient":""}},"footnotes":""},"class_list":["post-519","page","type-page","status-publish","hentry"],"post_mailing_queue_ids":[],"_links":{"self":[{"href":"https:\/\/agora.xtec.cat\/escrosselloporcel\/wp-json\/wp\/v2\/pages\/519","targetHints":{"allow":["GET"]}}],"collection":[{"href":"https:\/\/agora.xtec.cat\/escrosselloporcel\/wp-json\/wp\/v2\/pages"}],"about":[{"href":"https:\/\/agora.xtec.cat\/escrosselloporcel\/wp-json\/wp\/v2\/types\/page"}],"author":[{"embeddable":true,"href":"https:\/\/agora.xtec.cat\/escrosselloporcel\/wp-json\/wp\/v2\/users\/1"}],"replies":[{"embeddable":true,"href":"https:\/\/agora.xtec.cat\/escrosselloporcel\/wp-json\/wp\/v2\/comments?post=519"}],"version-history":[{"count":6,"href":"https:\/\/agora.xtec.cat\/escrosselloporcel\/wp-json\/wp\/v2\/pages\/519\/revisions"}],"predecessor-version":[{"id":2456,"href":"https:\/\/agora.xtec.cat\/escrosselloporcel\/wp-json\/wp\/v2\/pages\/519\/revisions\/2456"}],"up":[{"embeddable":true,"href":"https:\/\/agora.xtec.cat\/escrosselloporcel\/wp-json\/wp\/v2\/pages\/22"}],"wp:attachment":[{"href":"https:\/\/agora.xtec.cat\/escrosselloporcel\/wp-json\/wp\/v2\/media?parent=519"}],"curies":[{"name":"wp","href":"https:\/\/api.w.org\/{rel}","templated":true}]}}