{"id":730,"date":"2020-01-19T19:01:33","date_gmt":"2020-01-19T18:01:33","guid":{"rendered":"https:\/\/agora.xtec.cat\/escrocalabern\/?page_id=730"},"modified":"2021-02-14T21:48:04","modified_gmt":"2021-02-14T20:48:04","slug":"innovamat","status":"publish","type":"page","link":"https:\/\/agora.xtec.cat\/escrocalabern\/eines-daprenentatge\/projectes-descola\/innovamat\/","title":{"rendered":"Innovamat"},"content":{"rendered":"<p><img loading=\"lazy\" decoding=\"async\" class=\"wp-image-1114 size-large aligncenter\" src=\"https:\/\/agora.xtec.cat\/escrocalabern\/wp-content\/uploads\/usu2028\/2020\/05\/INNOVAMAT-642x1024.jpg\" alt=\"\" width=\"642\" height=\"1024\" srcset=\"https:\/\/agora.xtec.cat\/escrocalabern\/wp-content\/uploads\/usu2028\/2020\/05\/INNOVAMAT-642x1024.jpg 642w, https:\/\/agora.xtec.cat\/escrocalabern\/wp-content\/uploads\/usu2028\/2020\/05\/INNOVAMAT-188x300.jpg 188w, https:\/\/agora.xtec.cat\/escrocalabern\/wp-content\/uploads\/usu2028\/2020\/05\/INNOVAMAT-768x1226.jpg 768w, https:\/\/agora.xtec.cat\/escrocalabern\/wp-content\/uploads\/usu2028\/2020\/05\/INNOVAMAT.jpg 1410w\" sizes=\"auto, (max-width: 642px) 100vw, 642px\" \/><\/p>\n<p>Fa tres cursos vam\u00a0 iniciar un projecte innovador que tot just s\u2019estrenava: Innovamat.<\/p>\n<p>Vam ser una de les primeres escoles a implementar aquesta nova manera d\u2019entendre les matem\u00e0tiques.<\/p>\n<p>Unes matem\u00e0tiques que ens han perm\u00e8s posar a l\u2019alumne en el centre de les seves descobertes, \u00e9s ell, que a trav\u00e9s de les propostes i la manipulaci\u00f3 dels materials va arribant a solucionar tots els reptes i les q\u00fcestions que se li plantegen, treballant els diferents conceptes matem\u00e0tics i les seves dimensions. Sempre prioritzant propostes riques que afavoreixin l\u2019experimentaci\u00f3 i la reflexi\u00f3 de tot el que es treballa.<\/p>\n<p>Treballem en quatre blocs:<\/p>\n<p>&#8211; Les aventures: cada setmana plantegem un repte que resolem amb el nostre enginy per tal d\u2019ajudar als personatges protagonistes de les diferents aventures.<\/p>\n<p>Amb l\u2019ajuda de tots anem avan\u00e7ant , potenciant la reflexi\u00f3, la conversa , l\u2019intercanvi i l\u2019experimentaci\u00f3.<\/p>\n<p>&#8211; El laboratori dels nombres: en aquest bloc treballem la numeraci\u00f3 i el c\u00e0lcul, juguem amb els nombres ajudant-nos de diversos materials (els collarets, la pissarra m\u00e0gica, els cubs, les monedes&#8230;), resolem problemes i aprenem a \u00a0calcular.<\/p>\n<p>&#8211; La plataforma \u00e9s un element de treball important, cada setmana fem una estona de \u201cjoc\u201d amb les tablets, anem aplicant tots els conceptes treballats en els \u00a0blocs de manera l\u00fadica i cada alumne al seu ritme i segons les seves necessitats.<\/p>\n","protected":false},"excerpt":{"rendered":"<p>Fa tres cursos vam\u00a0 iniciar un projecte innovador que tot just s\u2019estrenava: Innovamat. Vam ser una de les primeres escoles a implementar aquesta nova manera d\u2019entendre les matem\u00e0tiques. Unes matem\u00e0tiques que ens han perm\u00e8s posar a l\u2019alumne en el centre de les seves descobertes, \u00e9s ell, que a trav\u00e9s de les propostes i la manipulaci\u00f3 [&hellip;]<\/p>\n","protected":false},"author":1,"featured_media":0,"parent":519,"menu_order":3,"comment_status":"closed","ping_status":"closed","template":"page-templates\/side-menu.php","meta":{"_bbp_topic_count":0,"_bbp_reply_count":0,"_bbp_total_topic_count":0,"_bbp_total_reply_count":0,"_bbp_voice_count":0,"_bbp_anonymous_reply_count":0,"_bbp_topic_count_hidden":0,"_bbp_reply_count_hidden":0,"_bbp_forum_subforum_count":0,"site-sidebar-layout":"default","site-content-layout":"","ast-site-content-layout":"","site-content-style":"default","site-sidebar-style":"default","ast-global-header-display":"","ast-banner-title-visibility":"","ast-main-header-display":"","ast-hfb-above-header-display":"","ast-hfb-below-header-display":"","ast-hfb-mobile-header-display":"","site-post-title":"","ast-breadcrumbs-content":"","ast-featured-img":"","footer-sml-layout":"","theme-transparent-header-meta":"","adv-header-id-meta":"","stick-header-meta":"","header-above-stick-meta":"","header-main-stick-meta":"","header-below-stick-meta":"","astra-migrate-meta-layouts":"default","ast-page-background-enabled":"default","ast-page-background-meta":{"desktop":{"background-color":"var(--ast-global-color-4)","background-image":"","background-repeat":"repeat","background-position":"center center","background-size":"auto","background-attachment":"scroll","background-type":"","background-media":"","overlay-type":"","overlay-color":"","overlay-opacity":"","overlay-gradient":""},"tablet":{"background-color":"","background-image":"","background-repeat":"repeat","background-position":"center center","background-size":"auto","background-attachment":"scroll","background-type":"","background-media":"","overlay-type":"","overlay-color":"","overlay-opacity":"","overlay-gradient":""},"mobile":{"background-color":"","background-image":"","background-repeat":"repeat","background-position":"center center","background-size":"auto","background-attachment":"scroll","background-type":"","background-media":"","overlay-type":"","overlay-color":"","overlay-opacity":"","overlay-gradient":""}},"ast-content-background-meta":{"desktop":{"background-color":"var(--ast-global-color-5)","background-image":"","background-repeat":"repeat","background-position":"center center","background-size":"auto","background-attachment":"scroll","background-type":"","background-media":"","overlay-type":"","overlay-color":"","overlay-opacity":"","overlay-gradient":""},"tablet":{"background-color":"var(--ast-global-color-5)","background-image":"","background-repeat":"repeat","background-position":"center center","background-size":"auto","background-attachment":"scroll","background-type":"","background-media":"","overlay-type":"","overlay-color":"","overlay-opacity":"","overlay-gradient":""},"mobile":{"background-color":"var(--ast-global-color-5)","background-image":"","background-repeat":"repeat","background-position":"center center","background-size":"auto","background-attachment":"scroll","background-type":"","background-media":"","overlay-type":"","overlay-color":"","overlay-opacity":"","overlay-gradient":""}},"footnotes":""},"class_list":["post-730","page","type-page","status-publish","hentry"],"post_mailing_queue_ids":[],"_links":{"self":[{"href":"https:\/\/agora.xtec.cat\/escrocalabern\/wp-json\/wp\/v2\/pages\/730","targetHints":{"allow":["GET"]}}],"collection":[{"href":"https:\/\/agora.xtec.cat\/escrocalabern\/wp-json\/wp\/v2\/pages"}],"about":[{"href":"https:\/\/agora.xtec.cat\/escrocalabern\/wp-json\/wp\/v2\/types\/page"}],"author":[{"embeddable":true,"href":"https:\/\/agora.xtec.cat\/escrocalabern\/wp-json\/wp\/v2\/users\/1"}],"replies":[{"embeddable":true,"href":"https:\/\/agora.xtec.cat\/escrocalabern\/wp-json\/wp\/v2\/comments?post=730"}],"version-history":[{"count":2,"href":"https:\/\/agora.xtec.cat\/escrocalabern\/wp-json\/wp\/v2\/pages\/730\/revisions"}],"predecessor-version":[{"id":1136,"href":"https:\/\/agora.xtec.cat\/escrocalabern\/wp-json\/wp\/v2\/pages\/730\/revisions\/1136"}],"up":[{"embeddable":true,"href":"https:\/\/agora.xtec.cat\/escrocalabern\/wp-json\/wp\/v2\/pages\/519"}],"wp:attachment":[{"href":"https:\/\/agora.xtec.cat\/escrocalabern\/wp-json\/wp\/v2\/media?parent=730"}],"curies":[{"name":"wp","href":"https:\/\/api.w.org\/{rel}","templated":true}]}}