{"id":724,"date":"2020-01-19T19:00:27","date_gmt":"2020-01-19T18:00:27","guid":{"rendered":"https:\/\/agora.xtec.cat\/escrocalabern\/?page_id=724"},"modified":"2021-02-14T21:48:25","modified_gmt":"2021-02-14T20:48:25","slug":"english-opened-to-the-world","status":"publish","type":"page","link":"https:\/\/agora.xtec.cat\/escrocalabern\/eines-daprenentatge\/projectes-descola\/english-opened-to-the-world\/","title":{"rendered":"English: opened to the world"},"content":{"rendered":"<p><img loading=\"lazy\" decoding=\"async\" class=\"aligncenter wp-image-1115 size-full\" src=\"https:\/\/agora.xtec.cat\/escrocalabern\/wp-content\/uploads\/usu2028\/2020\/05\/OPENED-TO-THE-WORLD.jpg\" alt=\"\" width=\"1410\" height=\"2250\" srcset=\"https:\/\/agora.xtec.cat\/escrocalabern\/wp-content\/uploads\/usu2028\/2020\/05\/OPENED-TO-THE-WORLD.jpg 1410w, https:\/\/agora.xtec.cat\/escrocalabern\/wp-content\/uploads\/usu2028\/2020\/05\/OPENED-TO-THE-WORLD-188x300.jpg 188w, https:\/\/agora.xtec.cat\/escrocalabern\/wp-content\/uploads\/usu2028\/2020\/05\/OPENED-TO-THE-WORLD-768x1226.jpg 768w, https:\/\/agora.xtec.cat\/escrocalabern\/wp-content\/uploads\/usu2028\/2020\/05\/OPENED-TO-THE-WORLD-642x1024.jpg 642w\" sizes=\"auto, (max-width: 1410px) 100vw, 1410px\" \/><\/p>\n<p><span style=\"font-weight: 400;\">A trav\u00e9s d\u2019aquesta l\u00ednia es vol potenciar l\u2019\u00fas de la llengua anglesa i les seves estructures ling\u00fc\u00edstiques en les diferents \u00e0rees curriculars no ling\u00fc\u00edstiques mitjan\u00e7ant la metodologia AICLE\/CLIL.<\/span><\/p>\n<p><span style=\"font-weight: 400;\">A l\u2019escola, aquesta metodologia s\u2019aplica als espais i taller d\u2019\u00e0mbits i a trav\u00e9s d\u2019algunes activitats espor\u00e0diques a l\u2019\u00e0rea de medi. <\/span><\/p>\n<p><span style=\"font-weight: 400;\">Durant el curs tamb\u00e9 es realitza l\u2019English Week, una setmana en la que es genera un projecte did\u00e0ctic que utilitza la llengua anglesa de forma globalitzada i que focalitza tot el centre.\u00a0<\/span><\/p>\n<p>&nbsp;<\/p>\n","protected":false},"excerpt":{"rendered":"<p>A trav\u00e9s d\u2019aquesta l\u00ednia es vol potenciar l\u2019\u00fas de la llengua anglesa i les seves estructures ling\u00fc\u00edstiques en les diferents \u00e0rees curriculars no ling\u00fc\u00edstiques mitjan\u00e7ant la metodologia AICLE\/CLIL. A l\u2019escola, aquesta metodologia s\u2019aplica als espais i taller d\u2019\u00e0mbits i a trav\u00e9s d\u2019algunes activitats espor\u00e0diques a l\u2019\u00e0rea de medi. Durant el curs tamb\u00e9 es realitza l\u2019English [&hellip;]<\/p>\n","protected":false},"author":1,"featured_media":0,"parent":519,"menu_order":4,"comment_status":"closed","ping_status":"closed","template":"page-templates\/side-menu.php","meta":{"_bbp_topic_count":0,"_bbp_reply_count":0,"_bbp_total_topic_count":0,"_bbp_total_reply_count":0,"_bbp_voice_count":0,"_bbp_anonymous_reply_count":0,"_bbp_topic_count_hidden":0,"_bbp_reply_count_hidden":0,"_bbp_forum_subforum_count":0,"site-sidebar-layout":"default","site-content-layout":"","ast-site-content-layout":"","site-content-style":"default","site-sidebar-style":"default","ast-global-header-display":"","ast-banner-title-visibility":"","ast-main-header-display":"","ast-hfb-above-header-display":"","ast-hfb-below-header-display":"","ast-hfb-mobile-header-display":"","site-post-title":"","ast-breadcrumbs-content":"","ast-featured-img":"","footer-sml-layout":"","theme-transparent-header-meta":"","adv-header-id-meta":"","stick-header-meta":"","header-above-stick-meta":"","header-main-stick-meta":"","header-below-stick-meta":"","astra-migrate-meta-layouts":"default","ast-page-background-enabled":"default","ast-page-background-meta":{"desktop":{"background-color":"var(--ast-global-color-4)","background-image":"","background-repeat":"repeat","background-position":"center center","background-size":"auto","background-attachment":"scroll","background-type":"","background-media":"","overlay-type":"","overlay-color":"","overlay-opacity":"","overlay-gradient":""},"tablet":{"background-color":"","background-image":"","background-repeat":"repeat","background-position":"center center","background-size":"auto","background-attachment":"scroll","background-type":"","background-media":"","overlay-type":"","overlay-color":"","overlay-opacity":"","overlay-gradient":""},"mobile":{"background-color":"","background-image":"","background-repeat":"repeat","background-position":"center center","background-size":"auto","background-attachment":"scroll","background-type":"","background-media":"","overlay-type":"","overlay-color":"","overlay-opacity":"","overlay-gradient":""}},"ast-content-background-meta":{"desktop":{"background-color":"var(--ast-global-color-5)","background-image":"","background-repeat":"repeat","background-position":"center center","background-size":"auto","background-attachment":"scroll","background-type":"","background-media":"","overlay-type":"","overlay-color":"","overlay-opacity":"","overlay-gradient":""},"tablet":{"background-color":"var(--ast-global-color-5)","background-image":"","background-repeat":"repeat","background-position":"center center","background-size":"auto","background-attachment":"scroll","background-type":"","background-media":"","overlay-type":"","overlay-color":"","overlay-opacity":"","overlay-gradient":""},"mobile":{"background-color":"var(--ast-global-color-5)","background-image":"","background-repeat":"repeat","background-position":"center center","background-size":"auto","background-attachment":"scroll","background-type":"","background-media":"","overlay-type":"","overlay-color":"","overlay-opacity":"","overlay-gradient":""}},"footnotes":""},"class_list":["post-724","page","type-page","status-publish","hentry"],"post_mailing_queue_ids":[],"_links":{"self":[{"href":"https:\/\/agora.xtec.cat\/escrocalabern\/wp-json\/wp\/v2\/pages\/724","targetHints":{"allow":["GET"]}}],"collection":[{"href":"https:\/\/agora.xtec.cat\/escrocalabern\/wp-json\/wp\/v2\/pages"}],"about":[{"href":"https:\/\/agora.xtec.cat\/escrocalabern\/wp-json\/wp\/v2\/types\/page"}],"author":[{"embeddable":true,"href":"https:\/\/agora.xtec.cat\/escrocalabern\/wp-json\/wp\/v2\/users\/1"}],"replies":[{"embeddable":true,"href":"https:\/\/agora.xtec.cat\/escrocalabern\/wp-json\/wp\/v2\/comments?post=724"}],"version-history":[{"count":3,"href":"https:\/\/agora.xtec.cat\/escrocalabern\/wp-json\/wp\/v2\/pages\/724\/revisions"}],"predecessor-version":[{"id":1186,"href":"https:\/\/agora.xtec.cat\/escrocalabern\/wp-json\/wp\/v2\/pages\/724\/revisions\/1186"}],"up":[{"embeddable":true,"href":"https:\/\/agora.xtec.cat\/escrocalabern\/wp-json\/wp\/v2\/pages\/519"}],"wp:attachment":[{"href":"https:\/\/agora.xtec.cat\/escrocalabern\/wp-json\/wp\/v2\/media?parent=724"}],"curies":[{"name":"wp","href":"https:\/\/api.w.org\/{rel}","templated":true}]}}