{"id":722,"date":"2020-01-19T18:59:55","date_gmt":"2020-01-19T17:59:55","guid":{"rendered":"https:\/\/agora.xtec.cat\/escrocalabern\/?page_id=722"},"modified":"2021-03-08T15:41:24","modified_gmt":"2021-03-08T14:41:24","slug":"festes-de-lescola","status":"publish","type":"page","link":"https:\/\/agora.xtec.cat\/escrocalabern\/eines-daprenentatge\/projectes-descola\/festes-de-lescola\/","title":{"rendered":"Roc parties"},"content":{"rendered":"<p><img loading=\"lazy\" decoding=\"async\" class=\"aligncenter wp-image-1118 size-full\" src=\"https:\/\/agora.xtec.cat\/escrocalabern\/wp-content\/uploads\/usu2028\/2020\/05\/ENGLISH-WEEK.jpg\" alt=\"\" width=\"1410\" height=\"2250\" srcset=\"https:\/\/agora.xtec.cat\/escrocalabern\/wp-content\/uploads\/usu2028\/2020\/05\/ENGLISH-WEEK.jpg 1410w, https:\/\/agora.xtec.cat\/escrocalabern\/wp-content\/uploads\/usu2028\/2020\/05\/ENGLISH-WEEK-188x300.jpg 188w, https:\/\/agora.xtec.cat\/escrocalabern\/wp-content\/uploads\/usu2028\/2020\/05\/ENGLISH-WEEK-768x1226.jpg 768w, https:\/\/agora.xtec.cat\/escrocalabern\/wp-content\/uploads\/usu2028\/2020\/05\/ENGLISH-WEEK-642x1024.jpg 642w\" sizes=\"auto, (max-width: 1410px) 100vw, 1410px\" \/><\/p>\n<p>Al Roc Alabern celebrem amb molta gresca les diferents festes tradicionals de la nostra cultura: La castanyada, Nadal, Carnestoltes, Sant Jordi&#8230;<\/p>\n<p>A m\u00e9s a m\u00e9s, tamb\u00e9 tenim una festa pr\u00f2pia, la \u201cPatatada!\u201d. A trav\u00e9s d\u2019aquesta, cada curs ens mengem les patates que hem cuidat i hem collit de l\u2019hort de l\u2019escola.<\/p>\n","protected":false},"excerpt":{"rendered":"<p>Al Roc Alabern celebrem amb molta gresca les diferents festes tradicionals de la nostra cultura: La castanyada, Nadal, Carnestoltes, Sant Jordi&#8230; A m\u00e9s a m\u00e9s, tamb\u00e9 tenim una festa pr\u00f2pia, la \u201cPatatada!\u201d. A trav\u00e9s d\u2019aquesta, cada curs ens mengem les patates que hem cuidat i hem collit de l\u2019hort de l\u2019escola.<\/p>\n","protected":false},"author":1,"featured_media":0,"parent":519,"menu_order":7,"comment_status":"closed","ping_status":"closed","template":"page-templates\/side-menu.php","meta":{"_bbp_topic_count":0,"_bbp_reply_count":0,"_bbp_total_topic_count":0,"_bbp_total_reply_count":0,"_bbp_voice_count":0,"_bbp_anonymous_reply_count":0,"_bbp_topic_count_hidden":0,"_bbp_reply_count_hidden":0,"_bbp_forum_subforum_count":0,"site-sidebar-layout":"default","site-content-layout":"","ast-site-content-layout":"","site-content-style":"default","site-sidebar-style":"default","ast-global-header-display":"","ast-banner-title-visibility":"","ast-main-header-display":"","ast-hfb-above-header-display":"","ast-hfb-below-header-display":"","ast-hfb-mobile-header-display":"","site-post-title":"","ast-breadcrumbs-content":"","ast-featured-img":"","footer-sml-layout":"","theme-transparent-header-meta":"","adv-header-id-meta":"","stick-header-meta":"","header-above-stick-meta":"","header-main-stick-meta":"","header-below-stick-meta":"","astra-migrate-meta-layouts":"default","ast-page-background-enabled":"default","ast-page-background-meta":{"desktop":{"background-color":"var(--ast-global-color-4)","background-image":"","background-repeat":"repeat","background-position":"center center","background-size":"auto","background-attachment":"scroll","background-type":"","background-media":"","overlay-type":"","overlay-color":"","overlay-opacity":"","overlay-gradient":""},"tablet":{"background-color":"","background-image":"","background-repeat":"repeat","background-position":"center center","background-size":"auto","background-attachment":"scroll","background-type":"","background-media":"","overlay-type":"","overlay-color":"","overlay-opacity":"","overlay-gradient":""},"mobile":{"background-color":"","background-image":"","background-repeat":"repeat","background-position":"center center","background-size":"auto","background-attachment":"scroll","background-type":"","background-media":"","overlay-type":"","overlay-color":"","overlay-opacity":"","overlay-gradient":""}},"ast-content-background-meta":{"desktop":{"background-color":"var(--ast-global-color-5)","background-image":"","background-repeat":"repeat","background-position":"center center","background-size":"auto","background-attachment":"scroll","background-type":"","background-media":"","overlay-type":"","overlay-color":"","overlay-opacity":"","overlay-gradient":""},"tablet":{"background-color":"var(--ast-global-color-5)","background-image":"","background-repeat":"repeat","background-position":"center center","background-size":"auto","background-attachment":"scroll","background-type":"","background-media":"","overlay-type":"","overlay-color":"","overlay-opacity":"","overlay-gradient":""},"mobile":{"background-color":"var(--ast-global-color-5)","background-image":"","background-repeat":"repeat","background-position":"center center","background-size":"auto","background-attachment":"scroll","background-type":"","background-media":"","overlay-type":"","overlay-color":"","overlay-opacity":"","overlay-gradient":""}},"footnotes":""},"class_list":["post-722","page","type-page","status-publish","hentry"],"post_mailing_queue_ids":[],"_links":{"self":[{"href":"https:\/\/agora.xtec.cat\/escrocalabern\/wp-json\/wp\/v2\/pages\/722","targetHints":{"allow":["GET"]}}],"collection":[{"href":"https:\/\/agora.xtec.cat\/escrocalabern\/wp-json\/wp\/v2\/pages"}],"about":[{"href":"https:\/\/agora.xtec.cat\/escrocalabern\/wp-json\/wp\/v2\/types\/page"}],"author":[{"embeddable":true,"href":"https:\/\/agora.xtec.cat\/escrocalabern\/wp-json\/wp\/v2\/users\/1"}],"replies":[{"embeddable":true,"href":"https:\/\/agora.xtec.cat\/escrocalabern\/wp-json\/wp\/v2\/comments?post=722"}],"version-history":[{"count":3,"href":"https:\/\/agora.xtec.cat\/escrocalabern\/wp-json\/wp\/v2\/pages\/722\/revisions"}],"predecessor-version":[{"id":1647,"href":"https:\/\/agora.xtec.cat\/escrocalabern\/wp-json\/wp\/v2\/pages\/722\/revisions\/1647"}],"up":[{"embeddable":true,"href":"https:\/\/agora.xtec.cat\/escrocalabern\/wp-json\/wp\/v2\/pages\/519"}],"wp:attachment":[{"href":"https:\/\/agora.xtec.cat\/escrocalabern\/wp-json\/wp\/v2\/media?parent=722"}],"curies":[{"name":"wp","href":"https:\/\/api.w.org\/{rel}","templated":true}]}}