{"id":533,"date":"2019-11-01T16:38:28","date_gmt":"2019-11-01T15:38:28","guid":{"rendered":"https:\/\/agora.xtec.cat\/escrocalabern\/?page_id=533"},"modified":"2025-05-09T12:01:09","modified_gmt":"2025-05-09T10:01:09","slug":"autoritzacions","status":"publish","type":"page","link":"https:\/\/agora.xtec.cat\/escrocalabern\/documents-descola\/autoritzacions\/","title":{"rendered":"Autoritzacions"},"content":{"rendered":"<p><a href=\"https:\/\/drive.google.com\/file\/d\/1rWUSJvuZNJ1SVLt9cQS6nL4koQQwDcOX\/view?usp=sharing\">Carta de comprom\u00eds<\/a><br \/>\n<a href=\"https:\/\/drive.google.com\/file\/d\/1CH8lSU-4qe8SbZeBq7uSsmvLSWj_WD2k\/view?usp=sharing\">Administraci\u00f3 paracetamol<\/a><br \/>\n<a href=\"https:\/\/drive.google.com\/file\/d\/1HYVZbezi9E3wVeRJQ8-xL63EMgw7JazN\/view?usp=sharing\">Recollida alumnes<\/a><br \/>\n<a href=\"https:\/\/drive.google.com\/file\/d\/1IFTJe9rUrBMdh1eqRripL8hnmSWUFIRE\/view?usp=sharing\">\u00das d&#8217;imatges<\/a><br \/>\n<a href=\"https:\/\/drive.google.com\/file\/d\/1SICmXNmg_37jvHKtwB_SqhPBG8ICkwrG\/view?usp=sharing\">Autoritzaci\u00f3 per sortir sol\/a<\/a><br \/>\n<a href=\"https:\/\/drive.google.com\/file\/d\/1rWUSJvuZNJ1SVLt9cQS6nL4koQQwDcOX\/view?usp=sharing\">Administraci\u00f3 d&#8217;insulina control de diabetis<\/a><br \/>\n<a href=\"https:\/\/drive.google.com\/file\/d\/1fSs_aUgw2wgkp9VwxiBDiVumfMnJG7JH\/view?usp=sharing\">Administraci\u00f3 de Glucag\u00f3<\/a><br \/>\nAutoritzaci\u00f3 sortides per Terrassa prim\u00e0ria<br \/>\nAutoritzaci\u00f3 col\u00f2nies<\/p>\n<p><a href=\"https:\/\/agora.xtec.cat\/escrocalabern\/wp-content\/uploads\/usu2028\/2020\/09\/AUTORITZACI\u00d3-MEDICAMENTS-ESCOLA.pdf\">AUTORITZACI\u00d3 MEDICAMENTS ESCOLA<\/a><\/p>\n","protected":false},"excerpt":{"rendered":"<p>Carta de comprom\u00eds Administraci\u00f3 paracetamol Recollida alumnes \u00das d&#8217;imatges Autoritzaci\u00f3 per sortir sol\/a Administraci\u00f3 d&#8217;insulina control de diabetis Administraci\u00f3 de Glucag\u00f3 Autoritzaci\u00f3 sortides per Terrassa prim\u00e0ria Autoritzaci\u00f3 col\u00f2nies AUTORITZACI\u00d3 MEDICAMENTS ESCOLA<\/p>\n","protected":false},"author":1,"featured_media":0,"parent":3035,"menu_order":0,"comment_status":"closed","ping_status":"closed","template":"","meta":{"_bbp_topic_count":0,"_bbp_reply_count":0,"_bbp_total_topic_count":0,"_bbp_total_reply_count":0,"_bbp_voice_count":0,"_bbp_anonymous_reply_count":0,"_bbp_topic_count_hidden":0,"_bbp_reply_count_hidden":0,"_bbp_forum_subforum_count":0,"site-sidebar-layout":"default","site-content-layout":"","ast-site-content-layout":"default","site-content-style":"default","site-sidebar-style":"default","ast-global-header-display":"","ast-banner-title-visibility":"","ast-main-header-display":"","ast-hfb-above-header-display":"","ast-hfb-below-header-display":"","ast-hfb-mobile-header-display":"","site-post-title":"","ast-breadcrumbs-content":"","ast-featured-img":"","footer-sml-layout":"","theme-transparent-header-meta":"default","adv-header-id-meta":"","stick-header-meta":"","header-above-stick-meta":"","header-main-stick-meta":"","header-below-stick-meta":"","astra-migrate-meta-layouts":"set","ast-page-background-enabled":"default","ast-page-background-meta":{"desktop":{"background-color":"var(--ast-global-color-4)","background-image":"","background-repeat":"repeat","background-position":"center center","background-size":"auto","background-attachment":"scroll","background-type":"","background-media":"","overlay-type":"","overlay-color":"","overlay-opacity":"","overlay-gradient":""},"tablet":{"background-color":"","background-image":"","background-repeat":"repeat","background-position":"center center","background-size":"auto","background-attachment":"scroll","background-type":"","background-media":"","overlay-type":"","overlay-color":"","overlay-opacity":"","overlay-gradient":""},"mobile":{"background-color":"","background-image":"","background-repeat":"repeat","background-position":"center center","background-size":"auto","background-attachment":"scroll","background-type":"","background-media":"","overlay-type":"","overlay-color":"","overlay-opacity":"","overlay-gradient":""}},"ast-content-background-meta":{"desktop":{"background-color":"var(--ast-global-color-5)","background-image":"","background-repeat":"repeat","background-position":"center center","background-size":"auto","background-attachment":"scroll","background-type":"","background-media":"","overlay-type":"","overlay-color":"","overlay-opacity":"","overlay-gradient":""},"tablet":{"background-color":"var(--ast-global-color-5)","background-image":"","background-repeat":"repeat","background-position":"center center","background-size":"auto","background-attachment":"scroll","background-type":"","background-media":"","overlay-type":"","overlay-color":"","overlay-opacity":"","overlay-gradient":""},"mobile":{"background-color":"var(--ast-global-color-5)","background-image":"","background-repeat":"repeat","background-position":"center center","background-size":"auto","background-attachment":"scroll","background-type":"","background-media":"","overlay-type":"","overlay-color":"","overlay-opacity":"","overlay-gradient":""}},"footnotes":""},"class_list":["post-533","page","type-page","status-publish","hentry"],"post_mailing_queue_ids":[],"_links":{"self":[{"href":"https:\/\/agora.xtec.cat\/escrocalabern\/wp-json\/wp\/v2\/pages\/533","targetHints":{"allow":["GET"]}}],"collection":[{"href":"https:\/\/agora.xtec.cat\/escrocalabern\/wp-json\/wp\/v2\/pages"}],"about":[{"href":"https:\/\/agora.xtec.cat\/escrocalabern\/wp-json\/wp\/v2\/types\/page"}],"author":[{"embeddable":true,"href":"https:\/\/agora.xtec.cat\/escrocalabern\/wp-json\/wp\/v2\/users\/1"}],"replies":[{"embeddable":true,"href":"https:\/\/agora.xtec.cat\/escrocalabern\/wp-json\/wp\/v2\/comments?post=533"}],"version-history":[{"count":3,"href":"https:\/\/agora.xtec.cat\/escrocalabern\/wp-json\/wp\/v2\/pages\/533\/revisions"}],"predecessor-version":[{"id":663,"href":"https:\/\/agora.xtec.cat\/escrocalabern\/wp-json\/wp\/v2\/pages\/533\/revisions\/663"}],"up":[{"embeddable":true,"href":"https:\/\/agora.xtec.cat\/escrocalabern\/wp-json\/wp\/v2\/pages\/3035"}],"wp:attachment":[{"href":"https:\/\/agora.xtec.cat\/escrocalabern\/wp-json\/wp\/v2\/media?parent=533"}],"curies":[{"name":"wp","href":"https:\/\/api.w.org\/{rel}","templated":true}]}}