{"id":517,"date":"2019-11-01T12:01:15","date_gmt":"2019-11-01T11:01:15","guid":{"rendered":"https:\/\/agora.xtec.cat\/escrocalabern\/?page_id=517"},"modified":"2021-10-02T23:34:30","modified_gmt":"2021-10-02T21:34:30","slug":"qui-es-en-roc-alabern","status":"publish","type":"page","link":"https:\/\/agora.xtec.cat\/escrocalabern\/lescola\/historia\/qui-es-en-roc-alabern\/","title":{"rendered":"Qui \u00e9s en Roc Alabern?"},"content":{"rendered":"<h1>Roc Alabern, artista terrassenc (1945-2003)<\/h1>\n<p><img loading=\"lazy\" decoding=\"async\" class=\"size-full wp-image-2221 alignleft\" src=\"https:\/\/agora.xtec.cat\/escrocalabern\/wp-content\/uploads\/usu2028\/2021\/10\/roc.png\" alt=\"\" width=\"314\" height=\"411\" srcset=\"https:\/\/agora.xtec.cat\/escrocalabern\/wp-content\/uploads\/usu2028\/2021\/10\/roc.png 314w, https:\/\/agora.xtec.cat\/escrocalabern\/wp-content\/uploads\/usu2028\/2021\/10\/roc-229x300.png 229w\" sizes=\"auto, (max-width: 314px) 100vw, 314px\" \/>Alabern t\u00e9 un lloc dins de la nostra hist\u00f2ria de l\u2019art i \u00e9s segurament l\u2019artista m\u00e9s complert que ha donat Terrassa dins dels moviments de l\u2019art contemporani.<br \/>\nEls or\u00edgens pict\u00f2rics van ser a la seva Terrassa nadiua als finals dels anys cinquanta, quan recorria els paisatges de l\u2019entorn amb el pintor Floreal Soriguera.<\/p>\n<p>En Roc era un artista inquiet i als anys 80 va viatjar a Nova York , on hi va fer una curta estada. M\u00e9s endavant als anys 90 va viatjar als Estats Units d\u2019Am\u00e8rica a Denver, Colorado, on juntament amb 7 artistes catalans varem fer una exposici\u00f3 en motiu d\u2019un intercanvi cultural.<\/p>\n<p><span style=\"font-family: inherit; font-size: 1em;\">M\u00e9s tard va anar, en diferents ocasions, a treballar i a passar un <\/span>temps a New M\u00e8xico. Va exposar en dues galeries a Santa Fe i a Taos.<img loading=\"lazy\" decoding=\"async\" class=\"alignright\" src=\"https:\/\/artamoresitges.com\/wp-content\/uploads\/2014\/04\/Roc_Alabern1.jpg\" alt=\"Resultat d'imatges de En Roc Alabern pintor\" width=\"196\" height=\"261\" \/><\/p>\n<p>En els \u00faltims deu anys de la seva vida va anar a viure al Baix Empord\u00e0, a Fonteta. En Roc se sentia atret per la naturalesa. A la Bisbal d\u2019Empord\u00e0 va muntar el seu estudi de portes obertes, que li va permetre tenir contacte amb persones de diferents nacionalitats.<\/p>\n<p style=\"text-align: left;\">L\u2019obra d\u2019en Roc Alabern \u00e9s al llarg de la seva traject\u00f2ria un viatge d\u2019anades als or\u00edgens de la modernitat i la contemporane\u00eftat. Tota la seva obra \u00e9s un assaig de descodificaci\u00f3 de l\u2019art modern i la seva problem\u00e0tica i tamb\u00e9 un debat entre la naturalesa i l\u2019abstracci\u00f3. L\u2019artista va dedicar tota la seva vida a l\u2019art com a estrat\u00e8gia de lluita intel\u2022lectual i de viv\u00e8ncia per descobrir l\u2019ess\u00e8ncia de l\u2019art i els seus mecanismes creant el seu propi model pict\u00f2ric.<\/p>\n<p style=\"text-align: left;\">&#8220;L\u2019art a nivell personal representa la possibilitat de llibertat\u201d.<\/p>\n<p style=\"text-align: left;\">Roc Alabern 1983<\/p>\n<p style=\"text-align: center;\"><img loading=\"lazy\" decoding=\"async\" class=\"aligncenter size-full wp-image-2219\" src=\"https:\/\/agora.xtec.cat\/escrocalabern\/wp-content\/uploads\/usu2028\/2021\/10\/3530_1191401486.jpg\" alt=\"\" width=\"774\" height=\"518\" srcset=\"https:\/\/agora.xtec.cat\/escrocalabern\/wp-content\/uploads\/usu2028\/2021\/10\/3530_1191401486.jpg 774w, https:\/\/agora.xtec.cat\/escrocalabern\/wp-content\/uploads\/usu2028\/2021\/10\/3530_1191401486-300x201.jpg 300w, https:\/\/agora.xtec.cat\/escrocalabern\/wp-content\/uploads\/usu2028\/2021\/10\/3530_1191401486-768x514.jpg 768w\" sizes=\"auto, (max-width: 774px) 100vw, 774px\" \/><\/p>\n<p style=\"text-align: center;\">Dinosaure. Roc Alabern 1986<\/p>\n","protected":false},"excerpt":{"rendered":"<p>Roc Alabern, artista terrassenc (1945-2003) Alabern t\u00e9 un lloc dins de la nostra hist\u00f2ria de l\u2019art i \u00e9s segurament l\u2019artista m\u00e9s complert que ha donat Terrassa dins dels moviments de l\u2019art contemporani. Els or\u00edgens pict\u00f2rics van ser a la seva Terrassa nadiua als finals dels anys cinquanta, quan recorria els paisatges de l\u2019entorn amb el [&hellip;]<\/p>\n","protected":false},"author":1,"featured_media":0,"parent":26,"menu_order":0,"comment_status":"closed","ping_status":"closed","template":"page-templates\/side-menu.php","meta":{"_bbp_topic_count":0,"_bbp_reply_count":0,"_bbp_total_topic_count":0,"_bbp_total_reply_count":0,"_bbp_voice_count":0,"_bbp_anonymous_reply_count":0,"_bbp_topic_count_hidden":0,"_bbp_reply_count_hidden":0,"_bbp_forum_subforum_count":0,"site-sidebar-layout":"default","site-content-layout":"","ast-site-content-layout":"","site-content-style":"default","site-sidebar-style":"default","ast-global-header-display":"","ast-banner-title-visibility":"","ast-main-header-display":"","ast-hfb-above-header-display":"","ast-hfb-below-header-display":"","ast-hfb-mobile-header-display":"","site-post-title":"","ast-breadcrumbs-content":"","ast-featured-img":"","footer-sml-layout":"","theme-transparent-header-meta":"","adv-header-id-meta":"","stick-header-meta":"","header-above-stick-meta":"","header-main-stick-meta":"","header-below-stick-meta":"","astra-migrate-meta-layouts":"default","ast-page-background-enabled":"default","ast-page-background-meta":{"desktop":{"background-color":"var(--ast-global-color-4)","background-image":"","background-repeat":"repeat","background-position":"center center","background-size":"auto","background-attachment":"scroll","background-type":"","background-media":"","overlay-type":"","overlay-color":"","overlay-opacity":"","overlay-gradient":""},"tablet":{"background-color":"","background-image":"","background-repeat":"repeat","background-position":"center center","background-size":"auto","background-attachment":"scroll","background-type":"","background-media":"","overlay-type":"","overlay-color":"","overlay-opacity":"","overlay-gradient":""},"mobile":{"background-color":"","background-image":"","background-repeat":"repeat","background-position":"center center","background-size":"auto","background-attachment":"scroll","background-type":"","background-media":"","overlay-type":"","overlay-color":"","overlay-opacity":"","overlay-gradient":""}},"ast-content-background-meta":{"desktop":{"background-color":"var(--ast-global-color-5)","background-image":"","background-repeat":"repeat","background-position":"center center","background-size":"auto","background-attachment":"scroll","background-type":"","background-media":"","overlay-type":"","overlay-color":"","overlay-opacity":"","overlay-gradient":""},"tablet":{"background-color":"var(--ast-global-color-5)","background-image":"","background-repeat":"repeat","background-position":"center center","background-size":"auto","background-attachment":"scroll","background-type":"","background-media":"","overlay-type":"","overlay-color":"","overlay-opacity":"","overlay-gradient":""},"mobile":{"background-color":"var(--ast-global-color-5)","background-image":"","background-repeat":"repeat","background-position":"center center","background-size":"auto","background-attachment":"scroll","background-type":"","background-media":"","overlay-type":"","overlay-color":"","overlay-opacity":"","overlay-gradient":""}},"footnotes":""},"class_list":["post-517","page","type-page","status-publish","hentry"],"post_mailing_queue_ids":[],"_links":{"self":[{"href":"https:\/\/agora.xtec.cat\/escrocalabern\/wp-json\/wp\/v2\/pages\/517","targetHints":{"allow":["GET"]}}],"collection":[{"href":"https:\/\/agora.xtec.cat\/escrocalabern\/wp-json\/wp\/v2\/pages"}],"about":[{"href":"https:\/\/agora.xtec.cat\/escrocalabern\/wp-json\/wp\/v2\/types\/page"}],"author":[{"embeddable":true,"href":"https:\/\/agora.xtec.cat\/escrocalabern\/wp-json\/wp\/v2\/users\/1"}],"replies":[{"embeddable":true,"href":"https:\/\/agora.xtec.cat\/escrocalabern\/wp-json\/wp\/v2\/comments?post=517"}],"version-history":[{"count":3,"href":"https:\/\/agora.xtec.cat\/escrocalabern\/wp-json\/wp\/v2\/pages\/517\/revisions"}],"predecessor-version":[{"id":2222,"href":"https:\/\/agora.xtec.cat\/escrocalabern\/wp-json\/wp\/v2\/pages\/517\/revisions\/2222"}],"up":[{"embeddable":true,"href":"https:\/\/agora.xtec.cat\/escrocalabern\/wp-json\/wp\/v2\/pages\/26"}],"wp:attachment":[{"href":"https:\/\/agora.xtec.cat\/escrocalabern\/wp-json\/wp\/v2\/media?parent=517"}],"curies":[{"name":"wp","href":"https:\/\/api.w.org\/{rel}","templated":true}]}}