{"id":1730,"date":"2021-04-12T02:38:18","date_gmt":"2021-04-12T00:38:18","guid":{"rendered":"https:\/\/agora.xtec.cat\/escrocalabern\/?page_id=1730"},"modified":"2025-05-09T12:00:32","modified_gmt":"2025-05-09T10:00:32","slug":"atencio-a-les-families","status":"publish","type":"page","link":"https:\/\/agora.xtec.cat\/escrocalabern\/families-i-afa\/atencio-a-les-families\/","title":{"rendered":"Atenci\u00f3 a les fam\u00edlies"},"content":{"rendered":"<p><strong>Horari lectiu<\/strong> :<\/p>\n<p>Dilluns a divendres\u00a0 \u00a0 Mat\u00ed : \u00a08:45\/9.00h \u2013 12.30h\u00a0 \u00a0\/\u00a0 \u00a0 Tarda :\u00a0 15.00h \u2013 16:15\/16.30h<\/p>\n<p><strong>Informaci\u00f3 de contacte :<\/strong><\/p>\n<ul>\n<li>Les fam\u00edlies podran sol\u00b7licitar entrevista personal amb el tutor\/a i\/o especialistes del seu fill\/a dins l\u2019horari establert d\u2019entrevistes (<strong>els dijous de 12:30h a 13:30h<\/strong>).<br \/>\nL\u2019eina habitual de comunicaci\u00f3 entre fam\u00edlia i tutor, \u00e9s l\u2019aplicaci\u00f3 Dinantia o b\u00e9 l&#8217;agenda de l\u2019alumne. Tamb\u00e9 us podeu adre\u00e7ar al tutor\/a i\/o especialistes mitjan\u00e7ant l\u2019adre\u00e7a electr\u00f2nica \u00a0(p.e. nom_cognom@rocalabern.cat)<\/li>\n<li>Les fam\u00edlies tamb\u00e9 podran sol\u00b7licitar entrevista personal amb l\u2019equip de direcci\u00f3 del centre, per tal de tractar temes puntuals o generals d\u2019escola que no s\u2019hagin pogut solucionar o aclarir directament amb el tutor\/a.\u00a0Per demanar cita amb l\u2019equip directiu, podeu enviar un correu electr\u00f2nic a: escrocalabern@xtec.cat o trucant per tel\u00e8fon al 93 780 90 40.<\/li>\n<\/ul>\n<p><strong>Donada l\u2019actual situaci\u00f3 sanit\u00e0ria, s\u2019haur\u00e0 de concertar cita pr\u00e8via per a qualsevol entrevista.<\/strong><\/p>\n","protected":false},"excerpt":{"rendered":"<p>Horari lectiu : Dilluns a divendres\u00a0 \u00a0 Mat\u00ed : \u00a08:45\/9.00h \u2013 12.30h\u00a0 \u00a0\/\u00a0 \u00a0 Tarda :\u00a0 15.00h \u2013 16:15\/16.30h Informaci\u00f3 de contacte : Les fam\u00edlies podran sol\u00b7licitar entrevista personal amb el tutor\/a i\/o especialistes del seu fill\/a dins l\u2019horari establert d\u2019entrevistes (els dijous de 12:30h a 13:30h). L\u2019eina habitual de comunicaci\u00f3 entre fam\u00edlia i tutor, [&hellip;]<\/p>\n","protected":false},"author":1,"featured_media":0,"parent":3041,"menu_order":0,"comment_status":"closed","ping_status":"closed","template":"","meta":{"_bbp_topic_count":0,"_bbp_reply_count":0,"_bbp_total_topic_count":0,"_bbp_total_reply_count":0,"_bbp_voice_count":0,"_bbp_anonymous_reply_count":0,"_bbp_topic_count_hidden":0,"_bbp_reply_count_hidden":0,"_bbp_forum_subforum_count":0,"site-sidebar-layout":"default","site-content-layout":"","ast-site-content-layout":"default","site-content-style":"default","site-sidebar-style":"default","ast-global-header-display":"","ast-banner-title-visibility":"","ast-main-header-display":"","ast-hfb-above-header-display":"","ast-hfb-below-header-display":"","ast-hfb-mobile-header-display":"","site-post-title":"","ast-breadcrumbs-content":"","ast-featured-img":"","footer-sml-layout":"","theme-transparent-header-meta":"default","adv-header-id-meta":"","stick-header-meta":"","header-above-stick-meta":"","header-main-stick-meta":"","header-below-stick-meta":"","astra-migrate-meta-layouts":"set","ast-page-background-enabled":"default","ast-page-background-meta":{"desktop":{"background-color":"var(--ast-global-color-4)","background-image":"","background-repeat":"repeat","background-position":"center center","background-size":"auto","background-attachment":"scroll","background-type":"","background-media":"","overlay-type":"","overlay-color":"","overlay-opacity":"","overlay-gradient":""},"tablet":{"background-color":"","background-image":"","background-repeat":"repeat","background-position":"center center","background-size":"auto","background-attachment":"scroll","background-type":"","background-media":"","overlay-type":"","overlay-color":"","overlay-opacity":"","overlay-gradient":""},"mobile":{"background-color":"","background-image":"","background-repeat":"repeat","background-position":"center center","background-size":"auto","background-attachment":"scroll","background-type":"","background-media":"","overlay-type":"","overlay-color":"","overlay-opacity":"","overlay-gradient":""}},"ast-content-background-meta":{"desktop":{"background-color":"var(--ast-global-color-5)","background-image":"","background-repeat":"repeat","background-position":"center center","background-size":"auto","background-attachment":"scroll","background-type":"","background-media":"","overlay-type":"","overlay-color":"","overlay-opacity":"","overlay-gradient":""},"tablet":{"background-color":"var(--ast-global-color-5)","background-image":"","background-repeat":"repeat","background-position":"center center","background-size":"auto","background-attachment":"scroll","background-type":"","background-media":"","overlay-type":"","overlay-color":"","overlay-opacity":"","overlay-gradient":""},"mobile":{"background-color":"var(--ast-global-color-5)","background-image":"","background-repeat":"repeat","background-position":"center center","background-size":"auto","background-attachment":"scroll","background-type":"","background-media":"","overlay-type":"","overlay-color":"","overlay-opacity":"","overlay-gradient":""}},"footnotes":""},"class_list":["post-1730","page","type-page","status-publish","hentry"],"post_mailing_queue_ids":[],"_links":{"self":[{"href":"https:\/\/agora.xtec.cat\/escrocalabern\/wp-json\/wp\/v2\/pages\/1730","targetHints":{"allow":["GET"]}}],"collection":[{"href":"https:\/\/agora.xtec.cat\/escrocalabern\/wp-json\/wp\/v2\/pages"}],"about":[{"href":"https:\/\/agora.xtec.cat\/escrocalabern\/wp-json\/wp\/v2\/types\/page"}],"author":[{"embeddable":true,"href":"https:\/\/agora.xtec.cat\/escrocalabern\/wp-json\/wp\/v2\/users\/1"}],"replies":[{"embeddable":true,"href":"https:\/\/agora.xtec.cat\/escrocalabern\/wp-json\/wp\/v2\/comments?post=1730"}],"version-history":[{"count":2,"href":"https:\/\/agora.xtec.cat\/escrocalabern\/wp-json\/wp\/v2\/pages\/1730\/revisions"}],"predecessor-version":[{"id":1783,"href":"https:\/\/agora.xtec.cat\/escrocalabern\/wp-json\/wp\/v2\/pages\/1730\/revisions\/1783"}],"up":[{"embeddable":true,"href":"https:\/\/agora.xtec.cat\/escrocalabern\/wp-json\/wp\/v2\/pages\/3041"}],"wp:attachment":[{"href":"https:\/\/agora.xtec.cat\/escrocalabern\/wp-json\/wp\/v2\/media?parent=1730"}],"curies":[{"name":"wp","href":"https:\/\/api.w.org\/{rel}","templated":true}]}}