{"id":1149,"date":"2020-05-10T21:32:14","date_gmt":"2020-05-10T19:32:14","guid":{"rendered":"https:\/\/agora.xtec.cat\/escrocalabern\/?page_id=1149"},"modified":"2021-02-14T21:50:18","modified_gmt":"2021-02-14T20:50:18","slug":"roc-salut-2","status":"publish","type":"page","link":"https:\/\/agora.xtec.cat\/escrocalabern\/eines-daprenentatge\/projectes-descola\/roc-salut-2\/","title":{"rendered":"Roc salut"},"content":{"rendered":"<p><img loading=\"lazy\" decoding=\"async\" class=\"aligncenter wp-image-1134 size-full\" src=\"https:\/\/agora.xtec.cat\/escrocalabern\/wp-content\/uploads\/usu2028\/2020\/05\/ROC-SALUT.jpg\" alt=\"\" width=\"1410\" height=\"2250\" srcset=\"https:\/\/agora.xtec.cat\/escrocalabern\/wp-content\/uploads\/usu2028\/2020\/05\/ROC-SALUT.jpg 1410w, https:\/\/agora.xtec.cat\/escrocalabern\/wp-content\/uploads\/usu2028\/2020\/05\/ROC-SALUT-188x300.jpg 188w, https:\/\/agora.xtec.cat\/escrocalabern\/wp-content\/uploads\/usu2028\/2020\/05\/ROC-SALUT-768x1226.jpg 768w, https:\/\/agora.xtec.cat\/escrocalabern\/wp-content\/uploads\/usu2028\/2020\/05\/ROC-SALUT-642x1024.jpg 642w\" sizes=\"auto, (max-width: 1410px) 100vw, 1410px\" \/><\/p>\n<p><span style=\"font-weight: 400;\">A l\u2019escola promovem l\u2019aprenentatge d\u2019h\u00e0bits saludables duent a terme diferents estrat\u00e8gies i projectes. Ja des de l\u2019etapa d\u2019educaci\u00f3 infantil, i despr\u00e9s a l\u2019etapa de prim\u00e0ria,\u00a0 procurem que els i les alumnes practiquin diferents rutines centrades en la higiene personal. <\/span><\/p>\n<p><span style=\"font-weight: 400;\">A trav\u00e9s de les \u00e0rees de Coneixement del medi i d\u2019Educaci\u00f3 f\u00edsica, potenciem l\u2019alimentaci\u00f3 sana, l\u2019exercici f\u00edsic i la pr\u00e0ctica de l\u2019esport. <\/span><\/p>\n<p><span style=\"font-weight: 400;\">En aquest sentit, l\u2019escola proposa un dia a la setmana amb fruita per esmorzar, i realitza un concurs centrat en els esmorzars saludables. <\/span><\/p>\n<p><span style=\"font-weight: 400;\">Tanmateix, cada curs organitza les jornades esportives d\u2019infantil i les jornades esportives de prim\u00e0ria en que tots els alumnes participen en activitats l\u00fadico-esportives on s\u2019ho passen d\u2019all\u00f2 m\u00e9s b\u00e9 realitzant esport i exercici f\u00edsic.<\/span><\/p>\n<p>&nbsp;<\/p>\n<p>&nbsp;<\/p>\n","protected":false},"excerpt":{"rendered":"<p>A l\u2019escola promovem l\u2019aprenentatge d\u2019h\u00e0bits saludables duent a terme diferents estrat\u00e8gies i projectes. Ja des de l\u2019etapa d\u2019educaci\u00f3 infantil, i despr\u00e9s a l\u2019etapa de prim\u00e0ria,\u00a0 procurem que els i les alumnes practiquin diferents rutines centrades en la higiene personal. A trav\u00e9s de les \u00e0rees de Coneixement del medi i d\u2019Educaci\u00f3 f\u00edsica, potenciem l\u2019alimentaci\u00f3 sana, l\u2019exercici [&hellip;]<\/p>\n","protected":false},"author":1,"featured_media":0,"parent":519,"menu_order":9,"comment_status":"closed","ping_status":"closed","template":"page-templates\/side-menu.php","meta":{"_bbp_topic_count":0,"_bbp_reply_count":0,"_bbp_total_topic_count":0,"_bbp_total_reply_count":0,"_bbp_voice_count":0,"_bbp_anonymous_reply_count":0,"_bbp_topic_count_hidden":0,"_bbp_reply_count_hidden":0,"_bbp_forum_subforum_count":0,"site-sidebar-layout":"default","site-content-layout":"","ast-site-content-layout":"","site-content-style":"default","site-sidebar-style":"default","ast-global-header-display":"","ast-banner-title-visibility":"","ast-main-header-display":"","ast-hfb-above-header-display":"","ast-hfb-below-header-display":"","ast-hfb-mobile-header-display":"","site-post-title":"","ast-breadcrumbs-content":"","ast-featured-img":"","footer-sml-layout":"","theme-transparent-header-meta":"","adv-header-id-meta":"","stick-header-meta":"","header-above-stick-meta":"","header-main-stick-meta":"","header-below-stick-meta":"","astra-migrate-meta-layouts":"default","ast-page-background-enabled":"default","ast-page-background-meta":{"desktop":{"background-color":"var(--ast-global-color-4)","background-image":"","background-repeat":"repeat","background-position":"center center","background-size":"auto","background-attachment":"scroll","background-type":"","background-media":"","overlay-type":"","overlay-color":"","overlay-opacity":"","overlay-gradient":""},"tablet":{"background-color":"","background-image":"","background-repeat":"repeat","background-position":"center center","background-size":"auto","background-attachment":"scroll","background-type":"","background-media":"","overlay-type":"","overlay-color":"","overlay-opacity":"","overlay-gradient":""},"mobile":{"background-color":"","background-image":"","background-repeat":"repeat","background-position":"center center","background-size":"auto","background-attachment":"scroll","background-type":"","background-media":"","overlay-type":"","overlay-color":"","overlay-opacity":"","overlay-gradient":""}},"ast-content-background-meta":{"desktop":{"background-color":"var(--ast-global-color-5)","background-image":"","background-repeat":"repeat","background-position":"center center","background-size":"auto","background-attachment":"scroll","background-type":"","background-media":"","overlay-type":"","overlay-color":"","overlay-opacity":"","overlay-gradient":""},"tablet":{"background-color":"var(--ast-global-color-5)","background-image":"","background-repeat":"repeat","background-position":"center center","background-size":"auto","background-attachment":"scroll","background-type":"","background-media":"","overlay-type":"","overlay-color":"","overlay-opacity":"","overlay-gradient":""},"mobile":{"background-color":"var(--ast-global-color-5)","background-image":"","background-repeat":"repeat","background-position":"center center","background-size":"auto","background-attachment":"scroll","background-type":"","background-media":"","overlay-type":"","overlay-color":"","overlay-opacity":"","overlay-gradient":""}},"footnotes":""},"class_list":["post-1149","page","type-page","status-publish","hentry"],"post_mailing_queue_ids":[],"_links":{"self":[{"href":"https:\/\/agora.xtec.cat\/escrocalabern\/wp-json\/wp\/v2\/pages\/1149","targetHints":{"allow":["GET"]}}],"collection":[{"href":"https:\/\/agora.xtec.cat\/escrocalabern\/wp-json\/wp\/v2\/pages"}],"about":[{"href":"https:\/\/agora.xtec.cat\/escrocalabern\/wp-json\/wp\/v2\/types\/page"}],"author":[{"embeddable":true,"href":"https:\/\/agora.xtec.cat\/escrocalabern\/wp-json\/wp\/v2\/users\/1"}],"replies":[{"embeddable":true,"href":"https:\/\/agora.xtec.cat\/escrocalabern\/wp-json\/wp\/v2\/comments?post=1149"}],"version-history":[{"count":2,"href":"https:\/\/agora.xtec.cat\/escrocalabern\/wp-json\/wp\/v2\/pages\/1149\/revisions"}],"predecessor-version":[{"id":1215,"href":"https:\/\/agora.xtec.cat\/escrocalabern\/wp-json\/wp\/v2\/pages\/1149\/revisions\/1215"}],"up":[{"embeddable":true,"href":"https:\/\/agora.xtec.cat\/escrocalabern\/wp-json\/wp\/v2\/pages\/519"}],"wp:attachment":[{"href":"https:\/\/agora.xtec.cat\/escrocalabern\/wp-json\/wp\/v2\/media?parent=1149"}],"curies":[{"name":"wp","href":"https:\/\/api.w.org\/{rel}","templated":true}]}}