{"id":1147,"date":"2020-05-10T21:31:35","date_gmt":"2020-05-10T19:31:35","guid":{"rendered":"https:\/\/agora.xtec.cat\/escrocalabern\/?page_id=1147"},"modified":"2021-03-08T15:38:31","modified_gmt":"2021-03-08T14:38:31","slug":"lart-al-roc-musica","status":"publish","type":"page","link":"https:\/\/agora.xtec.cat\/escrocalabern\/eines-daprenentatge\/projectes-descola\/lart-al-roc-musica\/","title":{"rendered":"L&#8217;art al Roc. M\u00fasica"},"content":{"rendered":"<p><img loading=\"lazy\" decoding=\"async\" class=\"aligncenter wp-image-1117 size-full\" src=\"https:\/\/agora.xtec.cat\/escrocalabern\/wp-content\/uploads\/usu2028\/2020\/05\/ENGLISH.jpg\" alt=\"\" width=\"1410\" height=\"2250\" srcset=\"https:\/\/agora.xtec.cat\/escrocalabern\/wp-content\/uploads\/usu2028\/2020\/05\/ENGLISH.jpg 1410w, https:\/\/agora.xtec.cat\/escrocalabern\/wp-content\/uploads\/usu2028\/2020\/05\/ENGLISH-188x300.jpg 188w, https:\/\/agora.xtec.cat\/escrocalabern\/wp-content\/uploads\/usu2028\/2020\/05\/ENGLISH-768x1226.jpg 768w, https:\/\/agora.xtec.cat\/escrocalabern\/wp-content\/uploads\/usu2028\/2020\/05\/ENGLISH-642x1024.jpg 642w\" sizes=\"auto, (max-width: 1410px) 100vw, 1410px\" \/><\/p>\n<div class=\"gs\">\n<div class=\"\">\n<div id=\":17z\" class=\"ii gt\">\n<div id=\":17y\" class=\"a3s aXjCH \">\n<div dir=\"ltr\">\n<div>\n<p>Com heu pogut veure la nostra escola porta per nom el d\u2019un pintor <strong>terrassenc<\/strong>, en <strong>Roc Alabern<\/strong>.<\/p>\n<p>Aix\u00f2 diu molt de nosaltres, una escola compromesa amb l\u2019art i des d\u2019on promovem l\u2019esperit art\u00edstic i musical tant a l\u2019hora d\u2019aprendre com al llarg de tota la vida escolar de l\u2019alumnat al centre.<\/p>\n<p>Amb el nostre Projecte Art\u00edstic treballem l\u2019art i la m\u00fasica, i totes aquelles compet\u00e8ncies que en formen part. Per a fer-ho, treballem les obres de diferents autors des de P3 fins a 6\u00e8, sense perdre mai de vista les necessitats, els interessos i la creativitat del nostre alumnat.<\/p>\n<p>Si visiteu l\u2019escola, veureu que la nostra decoraci\u00f3 \u00e9s molt coherent amb el que som, una escola d\u2019all\u00f2 m\u00e9s art\u00edstica.<\/p>\n<\/div>\n<div>A partir del projecte art\u00edstic\u00a0 basat en jugar, crear i compartir, treballem les habilitats que enriqueixen les possibilitats d\u2019aprenentatge i comunicaci\u00f3 aix\u00ed com\u00a0 l&#8217;aprenentatge emocional, social i cognitiu. Amb l&#8217;art oferim a l&#8217;alumnat un cam\u00ed de descobriment on aprenen sobre els diferents materials i com percebre el m\u00f3n, com desenvolupar les capacitats d\u2019observaci\u00f3,\u00a0d\u2019abstracci\u00f3, de concentraci\u00f3, d\u2019expressi\u00f3,\u00a0\u00a0d\u2019escolta, l&#8217;autoestima, la responsabilitat i el respecte.<\/div>\n<div><\/div>\n<div>&#8211; <b>Art visual i pl\u00e0stic<\/b>: oferim a l&#8217;alumnat els est\u00edmuls per a la producci\u00f3 creativa,\u00a0 un mitj\u00e0\u00a0d\u2019expressi\u00f3, de comunicaci\u00f3 i, sobretot, com una oportunitat per fer possible la inclusi\u00f3 i cohesi\u00f3 de grup dels infants. Aprenen com utilitzar els elements del llenguatge visual i pl\u00e0stic com el punt, la l\u00ednia, les formes, el color, el volum,\u00a0l\u2019espai&#8230;<\/div>\n<div><\/div>\n<div>&#8211;<b>Amb la m\u00fasica<\/b> s&#8217;educa la veu, l\u2019o\u00efda, el ritme, el gust est\u00e8tic, la imaginaci\u00f3, l&#8217;expressi\u00f3 i la representaci\u00f3. S&#8217;apr\u00e8n el llenguatge. S\u2019apr\u00e8n a estimar les tradicions i a valorar tot all\u00f2 que no \u00e9s material. S\u2019adquireix capacitat d&#8217;atenci\u00f3 i mem\u00f2ria, sentit de grup, de disciplina i responsabilitat i tamb\u00e9 esperit cr\u00edtic i gust est\u00e8tic. La m\u00fasica estimula la capacitat de pensar, memoritzar i crear. \u00c9s sempre un est\u00edmul cap a la creativitat i la creativitat \u00e9s la clau per crear noves possibilitats, nous camins, altres maneres de fer i de pensar, per innovar i canviar all\u00f2 que ja coneixem. A m\u00e9s, pot contribuir a l\u2019aprenentatge d\u2019altres mat\u00e8ries.<\/div>\n<div><\/div>\n<div>\n<p>L&#8217;art \u00e9s essencial pel desenvolupament social gr\u00e0cies a la seva capacitat integradora i per entrar en contacte amb altres infants. La m\u00fasica \u00e9s un fenomen cultural relacionat amb la zona geogr\u00e0fica de cada un, per\u00f2 com a llenguatge universal, \u00e9s capa\u00e7 d\u2019ajuntar a persones de diferents parts del m\u00f3n.<\/p>\n<div class=\"yj6qo\"><\/div>\n<div class=\"adL\"><\/div>\n<\/div>\n<div class=\"adL\"><\/div>\n<\/div>\n<div class=\"adL\"><\/div>\n<\/div>\n<\/div>\n<div class=\"hi\"><\/div>\n<\/div>\n<\/div>\n<p>&nbsp;<\/p>\n","protected":false},"excerpt":{"rendered":"<p>Com heu pogut veure la nostra escola porta per nom el d\u2019un pintor terrassenc, en Roc Alabern. Aix\u00f2 diu molt de nosaltres, una escola compromesa amb l\u2019art i des d\u2019on promovem l\u2019esperit art\u00edstic i musical tant a l\u2019hora d\u2019aprendre com al llarg de tota la vida escolar de l\u2019alumnat al centre. Amb el nostre Projecte [&hellip;]<\/p>\n","protected":false},"author":1,"featured_media":0,"parent":519,"menu_order":6,"comment_status":"closed","ping_status":"closed","template":"page-templates\/side-menu.php","meta":{"_bbp_topic_count":0,"_bbp_reply_count":0,"_bbp_total_topic_count":0,"_bbp_total_reply_count":0,"_bbp_voice_count":0,"_bbp_anonymous_reply_count":0,"_bbp_topic_count_hidden":0,"_bbp_reply_count_hidden":0,"_bbp_forum_subforum_count":0,"site-sidebar-layout":"default","site-content-layout":"","ast-site-content-layout":"","site-content-style":"default","site-sidebar-style":"default","ast-global-header-display":"","ast-banner-title-visibility":"","ast-main-header-display":"","ast-hfb-above-header-display":"","ast-hfb-below-header-display":"","ast-hfb-mobile-header-display":"","site-post-title":"","ast-breadcrumbs-content":"","ast-featured-img":"","footer-sml-layout":"","theme-transparent-header-meta":"","adv-header-id-meta":"","stick-header-meta":"","header-above-stick-meta":"","header-main-stick-meta":"","header-below-stick-meta":"","astra-migrate-meta-layouts":"default","ast-page-background-enabled":"default","ast-page-background-meta":{"desktop":{"background-color":"var(--ast-global-color-4)","background-image":"","background-repeat":"repeat","background-position":"center center","background-size":"auto","background-attachment":"scroll","background-type":"","background-media":"","overlay-type":"","overlay-color":"","overlay-opacity":"","overlay-gradient":""},"tablet":{"background-color":"","background-image":"","background-repeat":"repeat","background-position":"center center","background-size":"auto","background-attachment":"scroll","background-type":"","background-media":"","overlay-type":"","overlay-color":"","overlay-opacity":"","overlay-gradient":""},"mobile":{"background-color":"","background-image":"","background-repeat":"repeat","background-position":"center center","background-size":"auto","background-attachment":"scroll","background-type":"","background-media":"","overlay-type":"","overlay-color":"","overlay-opacity":"","overlay-gradient":""}},"ast-content-background-meta":{"desktop":{"background-color":"var(--ast-global-color-5)","background-image":"","background-repeat":"repeat","background-position":"center center","background-size":"auto","background-attachment":"scroll","background-type":"","background-media":"","overlay-type":"","overlay-color":"","overlay-opacity":"","overlay-gradient":""},"tablet":{"background-color":"var(--ast-global-color-5)","background-image":"","background-repeat":"repeat","background-position":"center center","background-size":"auto","background-attachment":"scroll","background-type":"","background-media":"","overlay-type":"","overlay-color":"","overlay-opacity":"","overlay-gradient":""},"mobile":{"background-color":"var(--ast-global-color-5)","background-image":"","background-repeat":"repeat","background-position":"center center","background-size":"auto","background-attachment":"scroll","background-type":"","background-media":"","overlay-type":"","overlay-color":"","overlay-opacity":"","overlay-gradient":""}},"footnotes":""},"class_list":["post-1147","page","type-page","status-publish","hentry"],"post_mailing_queue_ids":[],"_links":{"self":[{"href":"https:\/\/agora.xtec.cat\/escrocalabern\/wp-json\/wp\/v2\/pages\/1147","targetHints":{"allow":["GET"]}}],"collection":[{"href":"https:\/\/agora.xtec.cat\/escrocalabern\/wp-json\/wp\/v2\/pages"}],"about":[{"href":"https:\/\/agora.xtec.cat\/escrocalabern\/wp-json\/wp\/v2\/types\/page"}],"author":[{"embeddable":true,"href":"https:\/\/agora.xtec.cat\/escrocalabern\/wp-json\/wp\/v2\/users\/1"}],"replies":[{"embeddable":true,"href":"https:\/\/agora.xtec.cat\/escrocalabern\/wp-json\/wp\/v2\/comments?post=1147"}],"version-history":[{"count":3,"href":"https:\/\/agora.xtec.cat\/escrocalabern\/wp-json\/wp\/v2\/pages\/1147\/revisions"}],"predecessor-version":[{"id":1646,"href":"https:\/\/agora.xtec.cat\/escrocalabern\/wp-json\/wp\/v2\/pages\/1147\/revisions\/1646"}],"up":[{"embeddable":true,"href":"https:\/\/agora.xtec.cat\/escrocalabern\/wp-json\/wp\/v2\/pages\/519"}],"wp:attachment":[{"href":"https:\/\/agora.xtec.cat\/escrocalabern\/wp-json\/wp\/v2\/media?parent=1147"}],"curies":[{"name":"wp","href":"https:\/\/api.w.org\/{rel}","templated":true}]}}