{"id":1145,"date":"2020-05-10T21:30:43","date_gmt":"2020-05-10T19:30:43","guid":{"rendered":"https:\/\/agora.xtec.cat\/escrocalabern\/?page_id=1145"},"modified":"2021-02-14T21:48:45","modified_gmt":"2021-02-14T20:48:45","slug":"tac-aprenem-amb-les-noves-tecnologies","status":"publish","type":"page","link":"https:\/\/agora.xtec.cat\/escrocalabern\/eines-daprenentatge\/projectes-descola\/tac-aprenem-amb-les-noves-tecnologies\/","title":{"rendered":"TAC: Aprenem amb les noves tecnologies"},"content":{"rendered":"<p><img loading=\"lazy\" decoding=\"async\" class=\"aligncenter wp-image-1116 size-full\" src=\"https:\/\/agora.xtec.cat\/escrocalabern\/wp-content\/uploads\/usu2028\/2020\/05\/ROC-TIC.jpg\" alt=\"\" width=\"1410\" height=\"2250\" srcset=\"https:\/\/agora.xtec.cat\/escrocalabern\/wp-content\/uploads\/usu2028\/2020\/05\/ROC-TIC.jpg 1410w, https:\/\/agora.xtec.cat\/escrocalabern\/wp-content\/uploads\/usu2028\/2020\/05\/ROC-TIC-188x300.jpg 188w, https:\/\/agora.xtec.cat\/escrocalabern\/wp-content\/uploads\/usu2028\/2020\/05\/ROC-TIC-768x1226.jpg 768w, https:\/\/agora.xtec.cat\/escrocalabern\/wp-content\/uploads\/usu2028\/2020\/05\/ROC-TIC-642x1024.jpg 642w\" sizes=\"auto, (max-width: 1410px) 100vw, 1410px\" \/><\/p>\n<p><span style=\"font-weight: 400;\">Des de l\u2019escola fem una aposta clara i ferma pel que fa a l\u2019\u00fas de les tecnologies per a l\u2019aprenentatge i el coneixement (TAC) per tal de millorar i innovar els processos d\u2019ensenyament-aprenentatge. <\/span><\/p>\n<p><span style=\"font-weight: 400;\">En aquest sentit, disposem de pissarres digitals a totes les aules, que ens permeten treballar d\u2019una forma molt m\u00e9s atractiva, interactiva i participativa; i fem \u00fas de tauletes i ordinadors port\u00e0tils com a eines d\u2019aprenentatge, emprant-les com a eines de suport per al treball dels continguts d\u2019aprenentatge de les diferents \u00e0rees, o b\u00e9 directament com a eines per a guiar l\u2019aprenentatge d\u2019aquests continguts. <\/span><\/p>\n<p><span style=\"font-weight: 400;\">D\u2019altra banda, des de ja fa dos cursos, l\u2019escola tamb\u00e9 est\u00e0 immersa en la rob\u00f2tica i la programaci\u00f3, i promou l\u2019aprenentatge de continguts de forma globalitzada a trav\u00e9s dels robots.<\/span><\/p>\n<p>&nbsp;<\/p>\n<p>&nbsp;<\/p>\n","protected":false},"excerpt":{"rendered":"<p>Des de l\u2019escola fem una aposta clara i ferma pel que fa a l\u2019\u00fas de les tecnologies per a l\u2019aprenentatge i el coneixement (TAC) per tal de millorar i innovar els processos d\u2019ensenyament-aprenentatge. En aquest sentit, disposem de pissarres digitals a totes les aules, que ens permeten treballar d\u2019una forma molt m\u00e9s atractiva, interactiva i [&hellip;]<\/p>\n","protected":false},"author":1,"featured_media":0,"parent":519,"menu_order":5,"comment_status":"closed","ping_status":"closed","template":"page-templates\/side-menu.php","meta":{"_bbp_topic_count":0,"_bbp_reply_count":0,"_bbp_total_topic_count":0,"_bbp_total_reply_count":0,"_bbp_voice_count":0,"_bbp_anonymous_reply_count":0,"_bbp_topic_count_hidden":0,"_bbp_reply_count_hidden":0,"_bbp_forum_subforum_count":0,"site-sidebar-layout":"default","site-content-layout":"","ast-site-content-layout":"","site-content-style":"default","site-sidebar-style":"default","ast-global-header-display":"","ast-banner-title-visibility":"","ast-main-header-display":"","ast-hfb-above-header-display":"","ast-hfb-below-header-display":"","ast-hfb-mobile-header-display":"","site-post-title":"","ast-breadcrumbs-content":"","ast-featured-img":"","footer-sml-layout":"","theme-transparent-header-meta":"","adv-header-id-meta":"","stick-header-meta":"","header-above-stick-meta":"","header-main-stick-meta":"","header-below-stick-meta":"","astra-migrate-meta-layouts":"default","ast-page-background-enabled":"default","ast-page-background-meta":{"desktop":{"background-color":"var(--ast-global-color-4)","background-image":"","background-repeat":"repeat","background-position":"center center","background-size":"auto","background-attachment":"scroll","background-type":"","background-media":"","overlay-type":"","overlay-color":"","overlay-opacity":"","overlay-gradient":""},"tablet":{"background-color":"","background-image":"","background-repeat":"repeat","background-position":"center center","background-size":"auto","background-attachment":"scroll","background-type":"","background-media":"","overlay-type":"","overlay-color":"","overlay-opacity":"","overlay-gradient":""},"mobile":{"background-color":"","background-image":"","background-repeat":"repeat","background-position":"center center","background-size":"auto","background-attachment":"scroll","background-type":"","background-media":"","overlay-type":"","overlay-color":"","overlay-opacity":"","overlay-gradient":""}},"ast-content-background-meta":{"desktop":{"background-color":"var(--ast-global-color-5)","background-image":"","background-repeat":"repeat","background-position":"center center","background-size":"auto","background-attachment":"scroll","background-type":"","background-media":"","overlay-type":"","overlay-color":"","overlay-opacity":"","overlay-gradient":""},"tablet":{"background-color":"var(--ast-global-color-5)","background-image":"","background-repeat":"repeat","background-position":"center center","background-size":"auto","background-attachment":"scroll","background-type":"","background-media":"","overlay-type":"","overlay-color":"","overlay-opacity":"","overlay-gradient":""},"mobile":{"background-color":"var(--ast-global-color-5)","background-image":"","background-repeat":"repeat","background-position":"center center","background-size":"auto","background-attachment":"scroll","background-type":"","background-media":"","overlay-type":"","overlay-color":"","overlay-opacity":"","overlay-gradient":""}},"footnotes":""},"class_list":["post-1145","page","type-page","status-publish","hentry"],"post_mailing_queue_ids":[],"_links":{"self":[{"href":"https:\/\/agora.xtec.cat\/escrocalabern\/wp-json\/wp\/v2\/pages\/1145","targetHints":{"allow":["GET"]}}],"collection":[{"href":"https:\/\/agora.xtec.cat\/escrocalabern\/wp-json\/wp\/v2\/pages"}],"about":[{"href":"https:\/\/agora.xtec.cat\/escrocalabern\/wp-json\/wp\/v2\/types\/page"}],"author":[{"embeddable":true,"href":"https:\/\/agora.xtec.cat\/escrocalabern\/wp-json\/wp\/v2\/users\/1"}],"replies":[{"embeddable":true,"href":"https:\/\/agora.xtec.cat\/escrocalabern\/wp-json\/wp\/v2\/comments?post=1145"}],"version-history":[{"count":2,"href":"https:\/\/agora.xtec.cat\/escrocalabern\/wp-json\/wp\/v2\/pages\/1145\/revisions"}],"predecessor-version":[{"id":1213,"href":"https:\/\/agora.xtec.cat\/escrocalabern\/wp-json\/wp\/v2\/pages\/1145\/revisions\/1213"}],"up":[{"embeddable":true,"href":"https:\/\/agora.xtec.cat\/escrocalabern\/wp-json\/wp\/v2\/pages\/519"}],"wp:attachment":[{"href":"https:\/\/agora.xtec.cat\/escrocalabern\/wp-json\/wp\/v2\/media?parent=1145"}],"curies":[{"name":"wp","href":"https:\/\/api.w.org\/{rel}","templated":true}]}}