{"id":36,"date":"2014-09-18T12:33:11","date_gmt":"2014-09-18T10:33:11","guid":{"rendered":"http:\/\/agora.xtec.cat\/ceipriusitaulet\/?page_id=36"},"modified":"2025-12-03T09:46:52","modified_gmt":"2025-12-03T08:46:52","slug":"material-escolar","status":"publish","type":"page","link":"https:\/\/agora.xtec.cat\/escriusitaulet\/lescola\/material-escolar\/","title":{"rendered":"Quotes escolars"},"content":{"rendered":"<h3 style=\"text-align: justify;\">Quota d&#8217;escolaritzaci\u00f3<\/h3>\n<p style=\"text-align: justify;\">Inclou tot el material, les activitats i les sortides que es fan al llarg del curs.<\/p>\n<ul style=\"text-align: justify;\">\n<li style=\"list-style-type: none;\">\n<ul>\n<li style=\"list-style-type: none;\">\n<ul style=\"list-style-type: square;\">\n<li>Educaci\u00f3 Infantil (I3-I4-I5): 190 \u20ac\/any per infant.<\/li>\n<\/ul>\n<ul style=\"list-style-type: square;\">\n<li><span style=\"font-family: inherit; font-size: 1em;\">Primer cicle 1r: 275\u202f\u20ac\/any per infant (inclou quota nataci\u00f3).\u00a0 \u00a0 <\/span><span style=\"font-family: inherit; font-size: 1em;\">2n: 195 \u20ac\/any per infant.<\/span><\/li>\n<\/ul>\n<ul style=\"list-style-type: square;\">\n<li><span style=\"font-family: inherit; font-size: 1em;\">Segon cicle (3r i 4t): 200\u202f\u20ac\/any per infant.<\/span><\/li>\n<\/ul>\n<ul style=\"list-style-type: square;\">\n<li>Tercer cicle (5\u00e8 i 6\u00e8): <span style=\"font-family: inherit; font-size: 1em;\">200\u202f\u20ac\/any per infant<\/span>.<\/li>\n<\/ul>\n<\/li>\n<\/ul>\n<\/li>\n<\/ul>\n<p style=\"text-align: justify;\">El pagament es pot fer de dues maneres diferents:<\/p>\n<ul>\n<li style=\"text-align: justify;\">Un \u00fanic pagament al mes de setembre.<\/li>\n<li style=\"text-align: justify;\">Dos terminis al llarg del curs: 1 pagament de 100\u20ac al setembre i la quota restant al mes de desembre.<\/li>\n<\/ul>\n<p><span style=\"text-decoration: underline;\">Com es fa el pagament?<\/span><\/p>\n<p>Mitjan\u00e7ant transfer\u00e8ncia banc\u00e0ria al n\u00ba de compte:<\/p>\n<p>CAIXABANK ES50 2100-0763-9102-00035379 (<span style=\"text-decoration: underline;\">IMPORTANT<\/span> indicar el nom i cognom de l\u2019alumne\/a i el curs escolar)<\/p>\n<p style=\"text-align: justify;\">Les fam\u00edlies amb tres o m\u00e9s fills\/es a l\u2019escola tindran un descompte de 10\u20ac per nen\/a del total de la quota d\u2019escolaritzaci\u00f3.<\/p>\n\n\n<div style=\"height:35px\" aria-hidden=\"true\" class=\"wp-block-spacer\"><\/div>\n\n\n<h3>Quota de col\u00f2nies:<\/h3>\n<ul>\n<li>I3- I4: 120 \u20ac (dos dies\/ una nit).<\/li>\n<li>Des d&#8217;I5 fins a 5\u00e8 de prim\u00e0ria: 185 \u20ac (tres dies\/ dues nits).<\/li>\n<li>6\u00e8 de prim\u00e0ria: 295 \u20ac aprox. (tres dies\/ dues nits).<\/li>\n<\/ul>\n\n\n<div style=\"height:35px\" aria-hidden=\"true\" class=\"wp-block-spacer\"><\/div>\n\n\n<h3>Quota de l\u2019AFA<\/h3>\n<p>Aquest curs 25-26 la quota \u00e9s de 35\u20ac per fam\u00edlia.<\/p>\n<p>Es pot fer el pagament mitjan\u00e7ant transfer\u00e8ncia banc\u00e0ria al n\u00famero de compte:<\/p>\n<p>ES92 0182-3185-9502-00022058.<\/p>\n\n\n<div style=\"height:35px\" aria-hidden=\"true\" class=\"wp-block-spacer\"><\/div>\n\n\n\n<p><\/p>\n","protected":false},"excerpt":{"rendered":"<p>Quota d&#8217;escolaritzaci\u00f3 Inclou tot el material, les activitats i les sortides que es fan al llarg del curs. Educaci\u00f3 Infantil (I3-I4-I5): 190 \u20ac\/any per infant. Primer cicle 1r: 275\u202f\u20ac\/any per infant (inclou quota nataci\u00f3).\u00a0 \u00a0 2n: 195 \u20ac\/any per infant. Segon cicle (3r i 4t): 200\u202f\u20ac\/any per infant. Tercer cicle (5\u00e8 i 6\u00e8): 200\u202f\u20ac\/any per [&hellip;]<\/p>\n","protected":false},"author":1,"featured_media":0,"parent":22,"menu_order":3,"comment_status":"closed","ping_status":"closed","template":"page-templates\/side-menu.php","meta":{"_bbp_topic_count":0,"_bbp_reply_count":0,"_bbp_total_topic_count":0,"_bbp_total_reply_count":0,"_bbp_voice_count":0,"_bbp_anonymous_reply_count":0,"_bbp_topic_count_hidden":0,"_bbp_reply_count_hidden":0,"_bbp_forum_subforum_count":0,"site-sidebar-layout":"default","site-content-layout":"","ast-site-content-layout":"","site-content-style":"default","site-sidebar-style":"default","ast-global-header-display":"","ast-banner-title-visibility":"","ast-main-header-display":"","ast-hfb-above-header-display":"","ast-hfb-below-header-display":"","ast-hfb-mobile-header-display":"","site-post-title":"","ast-breadcrumbs-content":"","ast-featured-img":"","footer-sml-layout":"","theme-transparent-header-meta":"","adv-header-id-meta":"","stick-header-meta":"","header-above-stick-meta":"","header-main-stick-meta":"","header-below-stick-meta":"","astra-migrate-meta-layouts":"default","ast-page-background-enabled":"default","ast-page-background-meta":{"desktop":{"background-color":"var(--ast-global-color-4)","background-image":"","background-repeat":"repeat","background-position":"center center","background-size":"auto","background-attachment":"scroll","background-type":"","background-media":"","overlay-type":"","overlay-color":"","overlay-opacity":"","overlay-gradient":""},"tablet":{"background-color":"","background-image":"","background-repeat":"repeat","background-position":"center center","background-size":"auto","background-attachment":"scroll","background-type":"","background-media":"","overlay-type":"","overlay-color":"","overlay-opacity":"","overlay-gradient":""},"mobile":{"background-color":"","background-image":"","background-repeat":"repeat","background-position":"center center","background-size":"auto","background-attachment":"scroll","background-type":"","background-media":"","overlay-type":"","overlay-color":"","overlay-opacity":"","overlay-gradient":""}},"ast-content-background-meta":{"desktop":{"background-color":"var(--ast-global-color-5)","background-image":"","background-repeat":"repeat","background-position":"center center","background-size":"auto","background-attachment":"scroll","background-type":"","background-media":"","overlay-type":"","overlay-color":"","overlay-opacity":"","overlay-gradient":""},"tablet":{"background-color":"var(--ast-global-color-5)","background-image":"","background-repeat":"repeat","background-position":"center center","background-size":"auto","background-attachment":"scroll","background-type":"","background-media":"","overlay-type":"","overlay-color":"","overlay-opacity":"","overlay-gradient":""},"mobile":{"background-color":"var(--ast-global-color-5)","background-image":"","background-repeat":"repeat","background-position":"center center","background-size":"auto","background-attachment":"scroll","background-type":"","background-media":"","overlay-type":"","overlay-color":"","overlay-opacity":"","overlay-gradient":""}},"footnotes":""},"class_list":["post-36","page","type-page","status-publish","hentry"],"post_mailing_queue_ids":[],"_links":{"self":[{"href":"https:\/\/agora.xtec.cat\/escriusitaulet\/wp-json\/wp\/v2\/pages\/36","targetHints":{"allow":["GET"]}}],"collection":[{"href":"https:\/\/agora.xtec.cat\/escriusitaulet\/wp-json\/wp\/v2\/pages"}],"about":[{"href":"https:\/\/agora.xtec.cat\/escriusitaulet\/wp-json\/wp\/v2\/types\/page"}],"author":[{"embeddable":true,"href":"https:\/\/agora.xtec.cat\/escriusitaulet\/wp-json\/wp\/v2\/users\/1"}],"replies":[{"embeddable":true,"href":"https:\/\/agora.xtec.cat\/escriusitaulet\/wp-json\/wp\/v2\/comments?post=36"}],"version-history":[{"count":6,"href":"https:\/\/agora.xtec.cat\/escriusitaulet\/wp-json\/wp\/v2\/pages\/36\/revisions"}],"predecessor-version":[{"id":2106,"href":"https:\/\/agora.xtec.cat\/escriusitaulet\/wp-json\/wp\/v2\/pages\/36\/revisions\/2106"}],"up":[{"embeddable":true,"href":"https:\/\/agora.xtec.cat\/escriusitaulet\/wp-json\/wp\/v2\/pages\/22"}],"wp:attachment":[{"href":"https:\/\/agora.xtec.cat\/escriusitaulet\/wp-json\/wp\/v2\/media?parent=36"}],"curies":[{"name":"wp","href":"https:\/\/api.w.org\/{rel}","templated":true}]}}