{"id":2168,"date":"2026-01-15T14:34:51","date_gmt":"2026-01-15T13:34:51","guid":{"rendered":"https:\/\/agora.xtec.cat\/escriusitaulet\/?page_id=2168"},"modified":"2026-01-26T12:54:41","modified_gmt":"2026-01-26T11:54:41","slug":"siei","status":"publish","type":"page","link":"https:\/\/agora.xtec.cat\/escriusitaulet\/lescola\/siei\/","title":{"rendered":"SIEI"},"content":{"rendered":"\n<p>Des d&#8217;aquest curs 2025-2026 som una escola amb una unitat SIEI. Per\u00f2, qu\u00e8 comporta aquest nou recurs?<\/p>\n\n\n\n<p><strong>Qu\u00e8 \u00e9s el SIEI?<\/strong><\/p>\n\n\n\n<p>El SIEI \u00e9s un recurs, que se suma als suports universals i addicionals per a la inclusi\u00f3. Els suports intensius per a l\u2019escolaritzaci\u00f3 inclusiva (SIEI) s\u00f3n dotacions extraordin\u00e0ries de professionals que s\u2019incorporen a les plantilles d\u2019escoles i instituts com a recursos intensius per atendre els alumnes amb necessitats educatives especials que ho necessitin.<\/p>\n\n\n\n<p>Disposem d\u2019una mestra d\u2019atenci\u00f3 a la diversitat m\u00e9s i un educador d\u2019educaci\u00f3 especial, que s\u2019han afegit a l\u2019equip d\u2019atenci\u00f3 a la diversitat de l\u2019escola. Els centres compten tamb\u00e9 amb l\u2019assessorament de l\u2019equip d\u2019assessorament i orientaci\u00f3 psicopedag\u00f2gica (EAP).<\/p>\n\n\n\n<p><strong>A qui s\u2019adre\u00e7a?<\/strong><\/p>\n\n\n\n<p>S\u2019adre\u00e7a als infants amb necessitats educatives especials derivades de limitacions molt significatives, tant en el funcionament intel\u00b7lectual com en la conducta adaptativa, els quals requereixen al llarg de tota l\u2019escolaritat mesures i suports intensius per poder relacionar-se, participar i aprendre.&nbsp;<\/p>\n\n\n\n<p>Tot l\u2019alumnat amb SIEI compta amb un Pla Individualitzat on recullen les mesures necess\u00e0ries per a que l\u2019alumne segueixi el curs, responent a les necessitats individuals de cadasc\u00fa.<\/p>\n\n\n\n<p><strong>Com s\u2019organitza?<\/strong><\/p>\n\n\n\n<p>L\u2019atenci\u00f3 dels infants que reben aquest suport \u00e9s responsabilitat de tot l\u2019equip docent i en concret del tutor del grup de refer\u00e8ncia. L\u2019alumne\/a ha d\u2019anar al seu grup de refer\u00e8ncia, i \u00e9s aquest espai que ha d\u2019adaptar-se a la necessitat de l\u2019alumne. Es valoren altres modalitats de suport com (petits grups, atenci\u00f3 individualitzada en funci\u00f3 de les necessitats del moment de cada alumne). Tanmateix, l\u2019escola disposa d\u2019un espai adaptat per cobrir cada necessitat.&nbsp;<\/p>\n\n\n\n<p>El SIEI compte, com tots els centres, amb l\u2019assessorament de l\u2019equip d\u2019assessorament i orientaci\u00f3 psicopedag\u00f2gica (EAP).<\/p>\n\n\n\n<p>El SIEI tamb\u00e9 ajuda a fer un acolliment i orientaci\u00f3 per a les fam\u00edlies per tal de compartir l\u2019educaci\u00f3 i&nbsp; el proc\u00e9s d\u2019aprenentatge&nbsp; dels seus fills i filles. Considerem que una comunicaci\u00f3 flu\u00efda \u00e9s un factor clau per a poder fer un bon acompanyament.<\/p>\n\n\n\n<figure class=\"wp-block-image size-large is-resized\"><a href=\"https:\/\/agora.xtec.cat\/escriusitaulet\/wp-content\/uploads\/usu2930\/2026\/01\/image.png\"><img loading=\"lazy\" decoding=\"async\" width=\"724\" height=\"1024\" src=\"https:\/\/agora.xtec.cat\/escriusitaulet\/wp-content\/uploads\/usu2930\/2026\/01\/image-724x1024.png\" alt=\"\" class=\"wp-image-2169\" style=\"width:503px;height:auto\" srcset=\"https:\/\/agora.xtec.cat\/escriusitaulet\/wp-content\/uploads\/usu2930\/2026\/01\/image-724x1024.png 724w, https:\/\/agora.xtec.cat\/escriusitaulet\/wp-content\/uploads\/usu2930\/2026\/01\/image-212x300.png 212w, https:\/\/agora.xtec.cat\/escriusitaulet\/wp-content\/uploads\/usu2930\/2026\/01\/image-768x1086.png 768w, https:\/\/agora.xtec.cat\/escriusitaulet\/wp-content\/uploads\/usu2930\/2026\/01\/image-1086x1536.png 1086w, https:\/\/agora.xtec.cat\/escriusitaulet\/wp-content\/uploads\/usu2930\/2026\/01\/image.png 1131w\" sizes=\"auto, (max-width: 724px) 100vw, 724px\" \/><\/a><\/figure>\n\n\n\n<p><\/p>\n","protected":false},"excerpt":{"rendered":"<p>Des d&#8217;aquest curs 2025-2026 som una escola amb una unitat SIEI. Per\u00f2, qu\u00e8 comporta aquest nou recurs? Qu\u00e8 \u00e9s el SIEI? El SIEI \u00e9s un recurs, que se suma als suports universals i addicionals per a la inclusi\u00f3. Els suports intensius per a l\u2019escolaritzaci\u00f3 inclusiva (SIEI) s\u00f3n dotacions extraordin\u00e0ries de professionals que s\u2019incorporen a les [&hellip;]<\/p>\n","protected":false},"author":1,"featured_media":0,"parent":22,"menu_order":0,"comment_status":"closed","ping_status":"closed","template":"","meta":{"_bbp_topic_count":0,"_bbp_reply_count":0,"_bbp_total_topic_count":0,"_bbp_total_reply_count":0,"_bbp_voice_count":0,"_bbp_anonymous_reply_count":0,"_bbp_topic_count_hidden":0,"_bbp_reply_count_hidden":0,"_bbp_forum_subforum_count":0,"site-sidebar-layout":"default","site-content-layout":"","ast-site-content-layout":"default","site-content-style":"default","site-sidebar-style":"default","ast-global-header-display":"","ast-banner-title-visibility":"","ast-main-header-display":"","ast-hfb-above-header-display":"","ast-hfb-below-header-display":"","ast-hfb-mobile-header-display":"","site-post-title":"","ast-breadcrumbs-content":"","ast-featured-img":"","footer-sml-layout":"","theme-transparent-header-meta":"","adv-header-id-meta":"","stick-header-meta":"","header-above-stick-meta":"","header-main-stick-meta":"","header-below-stick-meta":"","astra-migrate-meta-layouts":"set","ast-page-background-enabled":"default","ast-page-background-meta":{"desktop":{"background-color":"var(--ast-global-color-4)","background-image":"","background-repeat":"repeat","background-position":"center center","background-size":"auto","background-attachment":"scroll","background-type":"","background-media":"","overlay-type":"","overlay-color":"","overlay-opacity":"","overlay-gradient":""},"tablet":{"background-color":"","background-image":"","background-repeat":"repeat","background-position":"center center","background-size":"auto","background-attachment":"scroll","background-type":"","background-media":"","overlay-type":"","overlay-color":"","overlay-opacity":"","overlay-gradient":""},"mobile":{"background-color":"","background-image":"","background-repeat":"repeat","background-position":"center center","background-size":"auto","background-attachment":"scroll","background-type":"","background-media":"","overlay-type":"","overlay-color":"","overlay-opacity":"","overlay-gradient":""}},"ast-content-background-meta":{"desktop":{"background-color":"var(--ast-global-color-5)","background-image":"","background-repeat":"repeat","background-position":"center center","background-size":"auto","background-attachment":"scroll","background-type":"","background-media":"","overlay-type":"","overlay-color":"","overlay-opacity":"","overlay-gradient":""},"tablet":{"background-color":"var(--ast-global-color-5)","background-image":"","background-repeat":"repeat","background-position":"center center","background-size":"auto","background-attachment":"scroll","background-type":"","background-media":"","overlay-type":"","overlay-color":"","overlay-opacity":"","overlay-gradient":""},"mobile":{"background-color":"var(--ast-global-color-5)","background-image":"","background-repeat":"repeat","background-position":"center center","background-size":"auto","background-attachment":"scroll","background-type":"","background-media":"","overlay-type":"","overlay-color":"","overlay-opacity":"","overlay-gradient":""}},"footnotes":""},"class_list":["post-2168","page","type-page","status-publish","hentry"],"post_mailing_queue_ids":[],"_links":{"self":[{"href":"https:\/\/agora.xtec.cat\/escriusitaulet\/wp-json\/wp\/v2\/pages\/2168","targetHints":{"allow":["GET"]}}],"collection":[{"href":"https:\/\/agora.xtec.cat\/escriusitaulet\/wp-json\/wp\/v2\/pages"}],"about":[{"href":"https:\/\/agora.xtec.cat\/escriusitaulet\/wp-json\/wp\/v2\/types\/page"}],"author":[{"embeddable":true,"href":"https:\/\/agora.xtec.cat\/escriusitaulet\/wp-json\/wp\/v2\/users\/1"}],"replies":[{"embeddable":true,"href":"https:\/\/agora.xtec.cat\/escriusitaulet\/wp-json\/wp\/v2\/comments?post=2168"}],"version-history":[{"count":4,"href":"https:\/\/agora.xtec.cat\/escriusitaulet\/wp-json\/wp\/v2\/pages\/2168\/revisions"}],"predecessor-version":[{"id":2205,"href":"https:\/\/agora.xtec.cat\/escriusitaulet\/wp-json\/wp\/v2\/pages\/2168\/revisions\/2205"}],"up":[{"embeddable":true,"href":"https:\/\/agora.xtec.cat\/escriusitaulet\/wp-json\/wp\/v2\/pages\/22"}],"wp:attachment":[{"href":"https:\/\/agora.xtec.cat\/escriusitaulet\/wp-json\/wp\/v2\/media?parent=2168"}],"curies":[{"name":"wp","href":"https:\/\/api.w.org\/{rel}","templated":true}]}}