{"id":2045,"date":"2025-03-10T13:07:08","date_gmt":"2025-03-10T12:07:08","guid":{"rendered":"https:\/\/agora.xtec.cat\/escriusitaulet\/?page_id=2045"},"modified":"2025-03-12T14:27:27","modified_gmt":"2025-03-12T13:27:27","slug":"carta-de-compromis-educatiu","status":"publish","type":"page","link":"https:\/\/agora.xtec.cat\/escriusitaulet\/documents-de-centre\/carta-de-compromis-educatiu\/","title":{"rendered":"Carta de comprom\u00eds educatiu"},"content":{"rendered":"\n<p>La Carta de Comprom\u00eds Educatiu \u00e9s un document que formalitza la col\u00b7laboraci\u00f3 entre la fam\u00edlia i el centre educatiu. T\u00e9 com a objectiu refor\u00e7ar la responsabilitat compartida en l\u2019educaci\u00f3 de l\u2019alumnat, promovent el respecte mutu, la comunicaci\u00f3 constant i el treball conjunt per garantir el seu progr\u00e9s acad\u00e8mic, emocional i social.<\/p>\n\n\n\n<p>En signar-la, tant les fam\u00edlies com l\u2019escola es comprometen a:<\/p>\n\n\n\n<ul class=\"wp-block-list\">\n<li>\ud83e\udd1d Fomentar un entorn positiu i de conviv\u00e8ncia.<\/li>\n\n\n\n<li>\u2728 Donar suport a l\u2019alumnat en les seves tasques i activitats.<\/li>\n\n\n\n<li>\ud83d\udcde Mantenir una comunicaci\u00f3 oberta i fluida.<\/li>\n<\/ul>\n\n\n\n<p>\u00c9s una eina clau per construir una comunitat educativa cohesionada, centrada en el benestar i l\u2019\u00e8xit dels infants. \ud83c\udf1f<\/p>\n\n\n\n<p>Podeu trobar la nostra carta de comprom\u00eds educatiu clicant <strong><a href=\"https:\/\/drive.google.com\/file\/d\/1SNEeBrV0Yr_JV4qt6B9XHbF2a6O51avq\/view?usp=sharing\">AQU\u00cd<\/a><\/strong>.<\/p>\n","protected":false},"excerpt":{"rendered":"<p>La Carta de Comprom\u00eds Educatiu \u00e9s un document que formalitza la col\u00b7laboraci\u00f3 entre la fam\u00edlia i el centre educatiu. T\u00e9 com a objectiu refor\u00e7ar la responsabilitat compartida en l\u2019educaci\u00f3 de l\u2019alumnat, promovent el respecte mutu, la comunicaci\u00f3 constant i el treball conjunt per garantir el seu progr\u00e9s acad\u00e8mic, emocional i social. En signar-la, tant les [&hellip;]<\/p>\n","protected":false},"author":1,"featured_media":0,"parent":1732,"menu_order":0,"comment_status":"closed","ping_status":"close","template":"page-templates\/side-menu.php","meta":{"_bbp_topic_count":0,"_bbp_reply_count":0,"_bbp_total_topic_count":0,"_bbp_total_reply_count":0,"_bbp_voice_count":0,"_bbp_anonymous_reply_count":0,"_bbp_topic_count_hidden":0,"_bbp_reply_count_hidden":0,"_bbp_forum_subforum_count":0,"site-sidebar-layout":"default","site-content-layout":"","ast-site-content-layout":"","site-content-style":"default","site-sidebar-style":"default","ast-global-header-display":"","ast-banner-title-visibility":"","ast-main-header-display":"","ast-hfb-above-header-display":"","ast-hfb-below-header-display":"","ast-hfb-mobile-header-display":"","site-post-title":"","ast-breadcrumbs-content":"","ast-featured-img":"","footer-sml-layout":"","theme-transparent-header-meta":"","adv-header-id-meta":"","stick-header-meta":"","header-above-stick-meta":"","header-main-stick-meta":"","header-below-stick-meta":"","astra-migrate-meta-layouts":"default","ast-page-background-enabled":"default","ast-page-background-meta":{"desktop":{"background-color":"var(--ast-global-color-4)","background-image":"","background-repeat":"repeat","background-position":"center center","background-size":"auto","background-attachment":"scroll","background-type":"","background-media":"","overlay-type":"","overlay-color":"","overlay-opacity":"","overlay-gradient":""},"tablet":{"background-color":"","background-image":"","background-repeat":"repeat","background-position":"center center","background-size":"auto","background-attachment":"scroll","background-type":"","background-media":"","overlay-type":"","overlay-color":"","overlay-opacity":"","overlay-gradient":""},"mobile":{"background-color":"","background-image":"","background-repeat":"repeat","background-position":"center center","background-size":"auto","background-attachment":"scroll","background-type":"","background-media":"","overlay-type":"","overlay-color":"","overlay-opacity":"","overlay-gradient":""}},"ast-content-background-meta":{"desktop":{"background-color":"var(--ast-global-color-5)","background-image":"","background-repeat":"repeat","background-position":"center center","background-size":"auto","background-attachment":"scroll","background-type":"","background-media":"","overlay-type":"","overlay-color":"","overlay-opacity":"","overlay-gradient":""},"tablet":{"background-color":"var(--ast-global-color-5)","background-image":"","background-repeat":"repeat","background-position":"center center","background-size":"auto","background-attachment":"scroll","background-type":"","background-media":"","overlay-type":"","overlay-color":"","overlay-opacity":"","overlay-gradient":""},"mobile":{"background-color":"var(--ast-global-color-5)","background-image":"","background-repeat":"repeat","background-position":"center center","background-size":"auto","background-attachment":"scroll","background-type":"","background-media":"","overlay-type":"","overlay-color":"","overlay-opacity":"","overlay-gradient":""}},"footnotes":""},"class_list":["post-2045","page","type-page","status-publish","hentry"],"post_mailing_queue_ids":[],"_links":{"self":[{"href":"https:\/\/agora.xtec.cat\/escriusitaulet\/wp-json\/wp\/v2\/pages\/2045","targetHints":{"allow":["GET"]}}],"collection":[{"href":"https:\/\/agora.xtec.cat\/escriusitaulet\/wp-json\/wp\/v2\/pages"}],"about":[{"href":"https:\/\/agora.xtec.cat\/escriusitaulet\/wp-json\/wp\/v2\/types\/page"}],"author":[{"embeddable":true,"href":"https:\/\/agora.xtec.cat\/escriusitaulet\/wp-json\/wp\/v2\/users\/1"}],"replies":[{"embeddable":true,"href":"https:\/\/agora.xtec.cat\/escriusitaulet\/wp-json\/wp\/v2\/comments?post=2045"}],"version-history":[{"count":4,"href":"https:\/\/agora.xtec.cat\/escriusitaulet\/wp-json\/wp\/v2\/pages\/2045\/revisions"}],"predecessor-version":[{"id":2058,"href":"https:\/\/agora.xtec.cat\/escriusitaulet\/wp-json\/wp\/v2\/pages\/2045\/revisions\/2058"}],"up":[{"embeddable":true,"href":"https:\/\/agora.xtec.cat\/escriusitaulet\/wp-json\/wp\/v2\/pages\/1732"}],"wp:attachment":[{"href":"https:\/\/agora.xtec.cat\/escriusitaulet\/wp-json\/wp\/v2\/media?parent=2045"}],"curies":[{"name":"wp","href":"https:\/\/api.w.org\/{rel}","templated":true}]}}