{"id":1922,"date":"2025-02-08T10:11:08","date_gmt":"2025-02-08T09:11:08","guid":{"rendered":"https:\/\/agora.xtec.cat\/escriusitaulet\/?page_id=1922"},"modified":"2025-02-08T10:11:40","modified_gmt":"2025-02-08T09:11:40","slug":"avaluacio-de-la-competencia-digital","status":"publish","type":"page","link":"https:\/\/agora.xtec.cat\/escriusitaulet\/documents-de-centre\/edc\/cultura-digital\/avaluacio-de-la-competencia-digital\/","title":{"rendered":"AVALUACI\u00d3 DE LA COMPET\u00c8NCIA DIGITAL"},"content":{"rendered":"\n<p>Durant els pr\u00f2xims 4 cursos est\u00e0 previst desplegar la compet\u00e8ncia digital de l\u2019alumnat i m\u00e9s endavant es concretar\u00e0 la seva avaluaci\u00f3.<\/p>\n\n\n\n<p>El <strong>Projecte Educatiu de Centre (PEC)<\/strong> est\u00e0 en proc\u00e9s de revisi\u00f3 i es preveu incloure l\u2019\u00e0mbit digital que s\u2019ha previst en la redacci\u00f3 de l\u2019EDC.<\/p>\n\n\n\n<p>A les <strong>Normes d\u2019Organitzaci\u00f3 i Funcionament de Centre (NOFC) <\/strong>durant l\u2019elaboraci\u00f3 de l\u2019EDC s\u2019ha detectat que cal revisar l\u2019apartat de la normativa d\u2019\u00fas dels dispositius digitals recollida a les NOFC.<\/p>\n\n\n\n<p>El <strong>Projecte de direcci\u00f3<\/strong> contempla l\u2019\u00e0mbit digital en els objectius estrat\u00e8gics i operatius:<\/p>\n\n\n\n<ul class=\"wp-block-list\">\n<li><em>Objectiu 3: (\u00c0mbit de creaci\u00f3, impuls i difusi\u00f3 del pla digital i foment de la comunicaci\u00f3 externa). Avan\u00e7ar en la incorporaci\u00f3 racional de les TIC als processos d\u2019ensenyament\u2013aprenentatge a<\/em><em><br><\/em><em>trav\u00e9s del pla d\u2019educaci\u00f3 digital del centre, vetllant perqu\u00e8 no existeixi cap desequilibri entre l\u2019alumnat del centre. Integrar les TAC en els processos d\u2019ensenyament-aprenentatge.<\/em><\/li>\n<\/ul>\n\n\n\n<p>Es vetllar\u00e0 per l\u2019acompliment dels objectius de l\u2019EDC temporitzats al llarg dels quatre cursos incloent-los a la Programaci\u00f3 General Anual (PGA) de cada curs.<\/p>\n","protected":false},"excerpt":{"rendered":"<p>Durant els pr\u00f2xims 4 cursos est\u00e0 previst desplegar la compet\u00e8ncia digital de l\u2019alumnat i m\u00e9s endavant es concretar\u00e0 la seva avaluaci\u00f3. El Projecte Educatiu de Centre (PEC) est\u00e0 en proc\u00e9s de revisi\u00f3 i es preveu incloure l\u2019\u00e0mbit digital que s\u2019ha previst en la redacci\u00f3 de l\u2019EDC. A les Normes d\u2019Organitzaci\u00f3 i Funcionament de Centre (NOFC) [&hellip;]<\/p>\n","protected":false},"author":1,"featured_media":0,"parent":1896,"menu_order":0,"comment_status":"closed","ping_status":"close","template":"page-templates\/side-menu.php","meta":{"_bbp_topic_count":0,"_bbp_reply_count":0,"_bbp_total_topic_count":0,"_bbp_total_reply_count":0,"_bbp_voice_count":0,"_bbp_anonymous_reply_count":0,"_bbp_topic_count_hidden":0,"_bbp_reply_count_hidden":0,"_bbp_forum_subforum_count":0,"site-sidebar-layout":"default","site-content-layout":"","ast-site-content-layout":"","site-content-style":"default","site-sidebar-style":"default","ast-global-header-display":"","ast-banner-title-visibility":"","ast-main-header-display":"","ast-hfb-above-header-display":"","ast-hfb-below-header-display":"","ast-hfb-mobile-header-display":"","site-post-title":"","ast-breadcrumbs-content":"","ast-featured-img":"","footer-sml-layout":"","theme-transparent-header-meta":"","adv-header-id-meta":"","stick-header-meta":"","header-above-stick-meta":"","header-main-stick-meta":"","header-below-stick-meta":"","astra-migrate-meta-layouts":"default","ast-page-background-enabled":"default","ast-page-background-meta":{"desktop":{"background-color":"var(--ast-global-color-4)","background-image":"","background-repeat":"repeat","background-position":"center center","background-size":"auto","background-attachment":"scroll","background-type":"","background-media":"","overlay-type":"","overlay-color":"","overlay-opacity":"","overlay-gradient":""},"tablet":{"background-color":"","background-image":"","background-repeat":"repeat","background-position":"center center","background-size":"auto","background-attachment":"scroll","background-type":"","background-media":"","overlay-type":"","overlay-color":"","overlay-opacity":"","overlay-gradient":""},"mobile":{"background-color":"","background-image":"","background-repeat":"repeat","background-position":"center center","background-size":"auto","background-attachment":"scroll","background-type":"","background-media":"","overlay-type":"","overlay-color":"","overlay-opacity":"","overlay-gradient":""}},"ast-content-background-meta":{"desktop":{"background-color":"var(--ast-global-color-5)","background-image":"","background-repeat":"repeat","background-position":"center center","background-size":"auto","background-attachment":"scroll","background-type":"","background-media":"","overlay-type":"","overlay-color":"","overlay-opacity":"","overlay-gradient":""},"tablet":{"background-color":"var(--ast-global-color-5)","background-image":"","background-repeat":"repeat","background-position":"center center","background-size":"auto","background-attachment":"scroll","background-type":"","background-media":"","overlay-type":"","overlay-color":"","overlay-opacity":"","overlay-gradient":""},"mobile":{"background-color":"var(--ast-global-color-5)","background-image":"","background-repeat":"repeat","background-position":"center center","background-size":"auto","background-attachment":"scroll","background-type":"","background-media":"","overlay-type":"","overlay-color":"","overlay-opacity":"","overlay-gradient":""}},"footnotes":""},"class_list":["post-1922","page","type-page","status-publish","hentry"],"post_mailing_queue_ids":[],"_links":{"self":[{"href":"https:\/\/agora.xtec.cat\/escriusitaulet\/wp-json\/wp\/v2\/pages\/1922","targetHints":{"allow":["GET"]}}],"collection":[{"href":"https:\/\/agora.xtec.cat\/escriusitaulet\/wp-json\/wp\/v2\/pages"}],"about":[{"href":"https:\/\/agora.xtec.cat\/escriusitaulet\/wp-json\/wp\/v2\/types\/page"}],"author":[{"embeddable":true,"href":"https:\/\/agora.xtec.cat\/escriusitaulet\/wp-json\/wp\/v2\/users\/1"}],"replies":[{"embeddable":true,"href":"https:\/\/agora.xtec.cat\/escriusitaulet\/wp-json\/wp\/v2\/comments?post=1922"}],"version-history":[{"count":1,"href":"https:\/\/agora.xtec.cat\/escriusitaulet\/wp-json\/wp\/v2\/pages\/1922\/revisions"}],"predecessor-version":[{"id":1923,"href":"https:\/\/agora.xtec.cat\/escriusitaulet\/wp-json\/wp\/v2\/pages\/1922\/revisions\/1923"}],"up":[{"embeddable":true,"href":"https:\/\/agora.xtec.cat\/escriusitaulet\/wp-json\/wp\/v2\/pages\/1896"}],"wp:attachment":[{"href":"https:\/\/agora.xtec.cat\/escriusitaulet\/wp-json\/wp\/v2\/media?parent=1922"}],"curies":[{"name":"wp","href":"https:\/\/api.w.org\/{rel}","templated":true}]}}