{"id":1919,"date":"2025-02-08T10:09:45","date_gmt":"2025-02-08T09:09:45","guid":{"rendered":"https:\/\/agora.xtec.cat\/escriusitaulet\/?page_id=1919"},"modified":"2025-02-08T10:09:45","modified_gmt":"2025-02-08T09:09:45","slug":"desplegament-de-la-competencia-digital","status":"publish","type":"page","link":"https:\/\/agora.xtec.cat\/escriusitaulet\/documents-de-centre\/edc\/cultura-digital\/desplegament-de-la-competencia-digital\/","title":{"rendered":"DESPLEGAMENT DE LA COMPET\u00c8NCIA DIGITAL"},"content":{"rendered":"\n<p>L\u2019escola est\u00e0 en proc\u00e9s de crear l\u2019estrat\u00e8gia digital&nbsp; amb l\u2019objectiu de concretar les compet\u00e8ncies digitals per a cada un dels cursos.<\/p>\n\n\n\n<p>Aquesta estrat\u00e8gia est\u00e0 adaptada al context digital de la nostra escola, el qual vam analitzar durant l\u2019etapa de la diagnosi. A m\u00e9s, s\u2019estan recollint totes les activitats digitals que apareixen en les programacions de les \u00e0rees i en els projectes.<\/p>\n\n\n\n<p>Durant els pr\u00f2xims cursos s\u2019anir\u00e0 completant l\u2019estrat\u00e8gia mitjan\u00e7ant l\u2019actualitzaci\u00f3 de les activitats i orientant les compet\u00e8ncies digitals que es van desenvolupant.<\/p>\n","protected":false},"excerpt":{"rendered":"<p>L\u2019escola est\u00e0 en proc\u00e9s de crear l\u2019estrat\u00e8gia digital&nbsp; amb l\u2019objectiu de concretar les compet\u00e8ncies digitals per a cada un dels cursos. Aquesta estrat\u00e8gia est\u00e0 adaptada al context digital de la nostra escola, el qual vam analitzar durant l\u2019etapa de la diagnosi. A m\u00e9s, s\u2019estan recollint totes les activitats digitals que apareixen en les programacions de [&hellip;]<\/p>\n","protected":false},"author":1,"featured_media":0,"parent":1896,"menu_order":0,"comment_status":"closed","ping_status":"close","template":"page-templates\/side-menu.php","meta":{"_bbp_topic_count":0,"_bbp_reply_count":0,"_bbp_total_topic_count":0,"_bbp_total_reply_count":0,"_bbp_voice_count":0,"_bbp_anonymous_reply_count":0,"_bbp_topic_count_hidden":0,"_bbp_reply_count_hidden":0,"_bbp_forum_subforum_count":0,"site-sidebar-layout":"default","site-content-layout":"","ast-site-content-layout":"","site-content-style":"default","site-sidebar-style":"default","ast-global-header-display":"","ast-banner-title-visibility":"","ast-main-header-display":"","ast-hfb-above-header-display":"","ast-hfb-below-header-display":"","ast-hfb-mobile-header-display":"","site-post-title":"","ast-breadcrumbs-content":"","ast-featured-img":"","footer-sml-layout":"","theme-transparent-header-meta":"","adv-header-id-meta":"","stick-header-meta":"","header-above-stick-meta":"","header-main-stick-meta":"","header-below-stick-meta":"","astra-migrate-meta-layouts":"default","ast-page-background-enabled":"default","ast-page-background-meta":{"desktop":{"background-color":"var(--ast-global-color-4)","background-image":"","background-repeat":"repeat","background-position":"center center","background-size":"auto","background-attachment":"scroll","background-type":"","background-media":"","overlay-type":"","overlay-color":"","overlay-opacity":"","overlay-gradient":""},"tablet":{"background-color":"","background-image":"","background-repeat":"repeat","background-position":"center center","background-size":"auto","background-attachment":"scroll","background-type":"","background-media":"","overlay-type":"","overlay-color":"","overlay-opacity":"","overlay-gradient":""},"mobile":{"background-color":"","background-image":"","background-repeat":"repeat","background-position":"center center","background-size":"auto","background-attachment":"scroll","background-type":"","background-media":"","overlay-type":"","overlay-color":"","overlay-opacity":"","overlay-gradient":""}},"ast-content-background-meta":{"desktop":{"background-color":"var(--ast-global-color-5)","background-image":"","background-repeat":"repeat","background-position":"center center","background-size":"auto","background-attachment":"scroll","background-type":"","background-media":"","overlay-type":"","overlay-color":"","overlay-opacity":"","overlay-gradient":""},"tablet":{"background-color":"var(--ast-global-color-5)","background-image":"","background-repeat":"repeat","background-position":"center center","background-size":"auto","background-attachment":"scroll","background-type":"","background-media":"","overlay-type":"","overlay-color":"","overlay-opacity":"","overlay-gradient":""},"mobile":{"background-color":"var(--ast-global-color-5)","background-image":"","background-repeat":"repeat","background-position":"center center","background-size":"auto","background-attachment":"scroll","background-type":"","background-media":"","overlay-type":"","overlay-color":"","overlay-opacity":"","overlay-gradient":""}},"footnotes":""},"class_list":["post-1919","page","type-page","status-publish","hentry"],"post_mailing_queue_ids":[],"_links":{"self":[{"href":"https:\/\/agora.xtec.cat\/escriusitaulet\/wp-json\/wp\/v2\/pages\/1919","targetHints":{"allow":["GET"]}}],"collection":[{"href":"https:\/\/agora.xtec.cat\/escriusitaulet\/wp-json\/wp\/v2\/pages"}],"about":[{"href":"https:\/\/agora.xtec.cat\/escriusitaulet\/wp-json\/wp\/v2\/types\/page"}],"author":[{"embeddable":true,"href":"https:\/\/agora.xtec.cat\/escriusitaulet\/wp-json\/wp\/v2\/users\/1"}],"replies":[{"embeddable":true,"href":"https:\/\/agora.xtec.cat\/escriusitaulet\/wp-json\/wp\/v2\/comments?post=1919"}],"version-history":[{"count":1,"href":"https:\/\/agora.xtec.cat\/escriusitaulet\/wp-json\/wp\/v2\/pages\/1919\/revisions"}],"predecessor-version":[{"id":1920,"href":"https:\/\/agora.xtec.cat\/escriusitaulet\/wp-json\/wp\/v2\/pages\/1919\/revisions\/1920"}],"up":[{"embeddable":true,"href":"https:\/\/agora.xtec.cat\/escriusitaulet\/wp-json\/wp\/v2\/pages\/1896"}],"wp:attachment":[{"href":"https:\/\/agora.xtec.cat\/escriusitaulet\/wp-json\/wp\/v2\/media?parent=1919"}],"curies":[{"name":"wp","href":"https:\/\/api.w.org\/{rel}","templated":true}]}}