{"id":1916,"date":"2025-02-08T10:04:59","date_gmt":"2025-02-08T09:04:59","guid":{"rendered":"https:\/\/agora.xtec.cat\/escriusitaulet\/?page_id=1916"},"modified":"2025-02-08T10:04:59","modified_gmt":"2025-02-08T09:04:59","slug":"pla-de-comunicacio-digital","status":"publish","type":"page","link":"https:\/\/agora.xtec.cat\/escriusitaulet\/documents-de-centre\/edc\/cultura-digital\/pla-de-comunicacio-digital\/","title":{"rendered":"PLA DE COMUNICACI\u00d3 DIGITAL"},"content":{"rendered":"\n<p>El Pla de Comunicaci\u00f3 digital t\u00e9 com a objectiu principal organitzar i optimitzar els canals de comunicaci\u00f3 digitals interns i externs de l\u2019escola.<\/p>\n\n\n\n<p>La comunicaci\u00f3 efectiva amb la comunitat escolar \u00e9s fonamental per a l\u2019\u00e8xit i el bon funcionament de l\u2019escola. A trav\u00e9s d\u2019aquest pla, establim les estrat\u00e8gies de comunicaci\u00f3 per a garantir una interacci\u00f3 transparent i eficient amb els diferents membres de la nostra comunitat educativa.<\/p>\n\n\n\n<p>L\u2019escola utilitza diversos canals de comunicaci\u00f3. Diferenciem entre la comunicaci\u00f3 interna i la comunicaci\u00f3 externa.<\/p>\n\n\n\n<h6 class=\"wp-block-heading\"><strong>COMUNICACI\u00d3 INTERNA<\/strong><\/h6>\n\n\n\n<p>La comunicaci\u00f3 interna engloba les comunicacions de totes les persones dels diferents \u00e0mbits que hi ha a l\u2019escola: professorat, fam\u00edlies, alumnat, equip directiu i PAS. Ens ha d\u2019ajudar a implicar tothom en el projecte educatiu per tal de crear un clima de confian\u00e7a i motivaci\u00f3. L\u2019ess\u00e8ncia de la comunicaci\u00f3 interna \u00e9s comptar i donar a con\u00e8ixer a la comunitat educativa el que el centre est\u00e0 fent, aix\u00ed com rebre informaci\u00f3 rellevant per a millorar la seva intervenci\u00f3.<\/p>\n\n\n\n<p><a href=\"https:\/\/dinantia.com\/ca\/\"><strong>Dinantia<\/strong><\/a><\/p>\n\n\n\n<p>Aquesta plataforma digital \u00e9s la via de comunicaci\u00f3 digital principal entre l\u2019escola, l\u2019equip de mestres i les fam\u00edlies. L\u2019equip directiu t\u00e9 el rol d\u2019administrador del sistema. Aquesta plataforma serveix per a la comunicaci\u00f3 amb les fam\u00edlies sobre q\u00fcestions generals de l\u2019escola, informacions administratives i sortides escolars. Tamb\u00e9 per a la gesti\u00f3 de les autoritzacions als infants per a la realitzaci\u00f3 d\u2019activitats escolars (sortides) i gestions administratives, aix\u00ed com per a la gesti\u00f3 dels pagaments a l\u2019escola (material educatiu i sortides).<\/p>\n\n\n\n<p>L\u2019equip de mestres utilitza la plataforma per a la comunicaci\u00f3 directa amb les fam\u00edlies i per rebre informaci\u00f3 general de l\u2019escola. A m\u00e9s, tamb\u00e9 es fa \u00fas del calendari que t\u00e9 associat, per tal de gestionar els esdeveniments i tasques relacionades amb el treball escolar i la compartici\u00f3 d\u2019informacions generals. Les fam\u00edlies tamb\u00e9 reben informaci\u00f3 de l\u2019AFA. A m\u00e9s, hi ha un mur de not\u00edcies i fotografies de l\u2019escola i del grup classe.<\/p>\n\n\n\n<figure class=\"wp-block-image\"><img decoding=\"async\" src=\"https:\/\/lh7-rt.googleusercontent.com\/docsz\/AD_4nXeluJFoFNIFy7BXbmW2phH06CA83YsC2A9IocQJxpfbSdpjKKJiBeq1Ux424NFdiZB3EzKqsoLJM2xoE1Ogu6MzegtgMF8Gc1kV9it8gCk6byrm9txNtEf-tiUuetzynH_0AGPZ6g?key=bm41Rb1fNzTLL0twVFsZSZzM\" alt=\"\"\/><\/figure>\n\n\n\n<p><strong>Eines de Google Workspace<\/strong><\/p>\n\n\n\n<p>Es tracta d\u2019un paquet gratu\u00eft d\u2019eines i serveis de Google pensades per a centres educatius, que inclou eines de gesti\u00f3 (Gmail, Drive, Calendari\u2026) i eines per a facilitar l\u2019ensenyament i l\u2019aprenentatge (Classroom, Meet, Formularis\u2026). L\u2019escola disposa del domini <em>escolariusitaulet.cat<\/em>, associat al compte del Google Workspace.<\/p>\n\n\n\n<p><strong>COMUNICACI\u00d3 EXTERNA<\/strong><\/p>\n\n\n\n<p>La comunicaci\u00f3 externa de l\u2019escola t\u00e9 com a objectiu principal establir una connexi\u00f3 significativa amb la comunitat educativa i altres p\u00fablics externs. A trav\u00e9s d\u2019activitats i iniciatives, es busca compartir la identitat i els valors de l\u2019escola, aix\u00ed com informar sobre novetats i aspectes rellevants per al seu funcionament. Aquesta comunicaci\u00f3 tamb\u00e9 pret\u00e9n implicar a les fam\u00edlies i alumnes en les decisions del centre i fomentar la participaci\u00f3 i el di\u00e0leg amb tots els membres de la comunitat escolar.<\/p>\n\n\n\n<p><a href=\"https:\/\/agora.xtec.cat\/escriusitaulet\/\"><strong>P\u00e0gina web de l\u2019escola<\/strong><\/a><\/p>\n\n\n\n<p>En accedir a la web, es poden trobar informacions importants diverses. Hi ha publicacions relacionades amb la part m\u00e9s informativa de l\u2019escola, com informaci\u00f3 sobre el centre, l\u2019oferta escolar, la hist\u00f2ria, l\u2019organigrama i els documents, aix\u00ed com projectes que es duen a terme i associacions col\u00b7laboradores amb el centre.<\/p>\n\n\n\n<p><strong>Xarxes socials<\/strong><\/p>\n\n\n\n<p>L\u2019\u00fas de xarxes socials facilita la participaci\u00f3 i implicaci\u00f3 de la ciutadania i complementen els canals de comunicaci\u00f3 de l\u2019escola. Les xarxes socials actives del centre s\u00f3n <a href=\"https:\/\/twitter.com\/SomRiusEscola?ref_src=twsrc%5Etfw%7Ctwcamp%5Eembeddedtimeline%7Ctwterm%5Escreen-name%3Asomriusescola%7Ctwcon%5Es2\">Twitter (X)<\/a> i <a href=\"https:\/\/www.instagram.com\/escolariusitaulet\/\">Instagram<\/a>.<\/p>\n\n\n\n<figure class=\"wp-block-image\"><img decoding=\"async\" src=\"https:\/\/lh7-rt.googleusercontent.com\/docsz\/AD_4nXfZW9f2hLca-eGw_DtkHCJB9ljgrjMCTpwN_Bgh0pJG2UiVbWvkhXvElpTWhanDDGflyX-P3EQIqfJD6LN2Aj_mtYBUnh0MNpeuLuMAt3n9hY4vRcsW86ugUHOWT0-mMvcMjdro_g?key=bm41Rb1fNzTLL0twVFsZSZzM\" alt=\"Vectores e ilustraciones de X logo para descargar gratis | Freepik\"\/><\/figure>\n\n\n\n<figure class=\"wp-block-image\"><img decoding=\"async\" src=\"https:\/\/lh7-rt.googleusercontent.com\/docsz\/AD_4nXfAg4KgTNGJ9gjXPX8_-mrnTRadItC03rikkl4fya4LsMkvN3leZXMpo_oK1hSeioOe9BrqaM6TWSKp_1bHnhf_2J88bHkXetBEarVQ11jzkKX46xAoK4kL_I_wM4g81ol9b_4Z?key=bm41Rb1fNzTLL0twVFsZSZzM\" alt=\"Archivo:Instagram logo 2016.svg - Wikipedia, la enciclopedia libre\"\/><\/figure>\n\n\n\n<h6 class=\"wp-block-heading\"><strong>ENTORN VIRTUAL D\u2019APRENENTATGE (EVA)<\/strong><\/h6>\n\n\n\n<p>L\u2019EVA \u00e9s un programari espec\u00edficament dissenyat per a facilitar l\u2019ensenyament-aprenentatge utilitzant sistemes inform\u00e0tics. En general es tracta de sistemes que treballen en un entorn web i que possibiliten la comunicaci\u00f3 entre la comunitat educativa. Els EVA permeten al professorat presentar tota mena de materials educatius en format digital (interactius o no), fer el seguiment de les activitats realitzades pel seu alumnat, intercanviar informacions, consells, entre d\u2019altres, i, finalment, portar un registre de les seves activitats i gesti\u00f3 de les qualificacions. L\u2019alumnat, per la seva banda, pot consultar en tot moment els materials dels cursos, comunicar-se amb el professorat i amb la resta de l\u2019alumnat.<\/p>\n\n\n\n<p>A l\u2019escola Rius i Taulet, a partir de finals de 3r de prim\u00e0ria, s\u2019utilitza el <a href=\"https:\/\/edu.google.com\/intl\/es\/workspace-for-education\/classroom\/\">Google Classroom<\/a> com a EVA. Per accedir s\u2019utilitza el domini de l\u2019escola.&nbsp;<img loading=\"lazy\" decoding=\"async\" alt=\"Google Classroom Logo and symbol, meaning, history, PNG\" src=\"https:\/\/lh7-rt.googleusercontent.com\/docsz\/AD_4nXfiE0aXCN35kpuQAudt-mOhUOs6urn9mW2VwP8NkunWwe2F1JQcznMnQPQgun8h57kL0v6qN5CSllGdrEZKzIzeGibybTIfvSxwmQUDF5I4CT_tuKDVso8TdISSSyp-od1hPf81?key=bm41Rb1fNzTLL0twVFsZSZzM\" width=\"173\" height=\"109\"><\/p>\n\n\n\n<figure class=\"wp-block-embed is-type-wp-embed is-provider-genially wp-block-embed-genially\"><div class=\"wp-block-embed__wrapper\">\n<iframe class=\"wp-embedded-content\" sandbox=\"allow-scripts\" security=\"restricted\" title=\"Pladecomunicaci\u00f3RiusiTaulet\" frameborder='0' width='1200' height='675' src='https:\/\/view.genially.com\/61c24f6323e7fa0dc28ea744#?secret=585lcsRBs5' data-secret='585lcsRBs5' scrolling='yes'><\/iframe>\n<\/div><\/figure>\n","protected":false},"excerpt":{"rendered":"<p>El Pla de Comunicaci\u00f3 digital t\u00e9 com a objectiu principal organitzar i optimitzar els canals de comunicaci\u00f3 digitals interns i externs de l\u2019escola. La comunicaci\u00f3 efectiva amb la comunitat escolar \u00e9s fonamental per a l\u2019\u00e8xit i el bon funcionament de l\u2019escola. A trav\u00e9s d\u2019aquest pla, establim les estrat\u00e8gies de comunicaci\u00f3 per a garantir una interacci\u00f3 [&hellip;]<\/p>\n","protected":false},"author":1,"featured_media":0,"parent":1896,"menu_order":0,"comment_status":"closed","ping_status":"close","template":"page-templates\/side-menu.php","meta":{"_bbp_topic_count":0,"_bbp_reply_count":0,"_bbp_total_topic_count":0,"_bbp_total_reply_count":0,"_bbp_voice_count":0,"_bbp_anonymous_reply_count":0,"_bbp_topic_count_hidden":0,"_bbp_reply_count_hidden":0,"_bbp_forum_subforum_count":0,"site-sidebar-layout":"default","site-content-layout":"","ast-site-content-layout":"","site-content-style":"default","site-sidebar-style":"default","ast-global-header-display":"","ast-banner-title-visibility":"","ast-main-header-display":"","ast-hfb-above-header-display":"","ast-hfb-below-header-display":"","ast-hfb-mobile-header-display":"","site-post-title":"","ast-breadcrumbs-content":"","ast-featured-img":"","footer-sml-layout":"","theme-transparent-header-meta":"","adv-header-id-meta":"","stick-header-meta":"","header-above-stick-meta":"","header-main-stick-meta":"","header-below-stick-meta":"","astra-migrate-meta-layouts":"default","ast-page-background-enabled":"default","ast-page-background-meta":{"desktop":{"background-color":"var(--ast-global-color-4)","background-image":"","background-repeat":"repeat","background-position":"center center","background-size":"auto","background-attachment":"scroll","background-type":"","background-media":"","overlay-type":"","overlay-color":"","overlay-opacity":"","overlay-gradient":""},"tablet":{"background-color":"","background-image":"","background-repeat":"repeat","background-position":"center center","background-size":"auto","background-attachment":"scroll","background-type":"","background-media":"","overlay-type":"","overlay-color":"","overlay-opacity":"","overlay-gradient":""},"mobile":{"background-color":"","background-image":"","background-repeat":"repeat","background-position":"center center","background-size":"auto","background-attachment":"scroll","background-type":"","background-media":"","overlay-type":"","overlay-color":"","overlay-opacity":"","overlay-gradient":""}},"ast-content-background-meta":{"desktop":{"background-color":"var(--ast-global-color-5)","background-image":"","background-repeat":"repeat","background-position":"center center","background-size":"auto","background-attachment":"scroll","background-type":"","background-media":"","overlay-type":"","overlay-color":"","overlay-opacity":"","overlay-gradient":""},"tablet":{"background-color":"var(--ast-global-color-5)","background-image":"","background-repeat":"repeat","background-position":"center center","background-size":"auto","background-attachment":"scroll","background-type":"","background-media":"","overlay-type":"","overlay-color":"","overlay-opacity":"","overlay-gradient":""},"mobile":{"background-color":"var(--ast-global-color-5)","background-image":"","background-repeat":"repeat","background-position":"center center","background-size":"auto","background-attachment":"scroll","background-type":"","background-media":"","overlay-type":"","overlay-color":"","overlay-opacity":"","overlay-gradient":""}},"footnotes":""},"class_list":["post-1916","page","type-page","status-publish","hentry"],"post_mailing_queue_ids":[],"_links":{"self":[{"href":"https:\/\/agora.xtec.cat\/escriusitaulet\/wp-json\/wp\/v2\/pages\/1916","targetHints":{"allow":["GET"]}}],"collection":[{"href":"https:\/\/agora.xtec.cat\/escriusitaulet\/wp-json\/wp\/v2\/pages"}],"about":[{"href":"https:\/\/agora.xtec.cat\/escriusitaulet\/wp-json\/wp\/v2\/types\/page"}],"author":[{"embeddable":true,"href":"https:\/\/agora.xtec.cat\/escriusitaulet\/wp-json\/wp\/v2\/users\/1"}],"replies":[{"embeddable":true,"href":"https:\/\/agora.xtec.cat\/escriusitaulet\/wp-json\/wp\/v2\/comments?post=1916"}],"version-history":[{"count":1,"href":"https:\/\/agora.xtec.cat\/escriusitaulet\/wp-json\/wp\/v2\/pages\/1916\/revisions"}],"predecessor-version":[{"id":1917,"href":"https:\/\/agora.xtec.cat\/escriusitaulet\/wp-json\/wp\/v2\/pages\/1916\/revisions\/1917"}],"up":[{"embeddable":true,"href":"https:\/\/agora.xtec.cat\/escriusitaulet\/wp-json\/wp\/v2\/pages\/1896"}],"wp:attachment":[{"href":"https:\/\/agora.xtec.cat\/escriusitaulet\/wp-json\/wp\/v2\/media?parent=1916"}],"curies":[{"name":"wp","href":"https:\/\/api.w.org\/{rel}","templated":true}]}}