{"id":1896,"date":"2025-02-07T18:50:12","date_gmt":"2025-02-07T17:50:12","guid":{"rendered":"https:\/\/agora.xtec.cat\/escriusitaulet\/?page_id=1896"},"modified":"2025-02-08T10:14:04","modified_gmt":"2025-02-08T09:14:04","slug":"cultura-digital","status":"publish","type":"page","link":"https:\/\/agora.xtec.cat\/escriusitaulet\/documents-de-centre\/edc\/cultura-digital\/","title":{"rendered":"CULTURA DIGITAL"},"content":{"rendered":"\n<h3 class=\"wp-block-heading\"><strong>\ud83d\udce1 Cultura Digital del Centre Escolar<\/strong><\/h3>\n\n\n\n<p>La cultura digital del nostre centre escolar representa el comprom\u00eds amb la innovaci\u00f3, l\u2019educaci\u00f3 tecnol\u00f2gica i la integraci\u00f3 de les eines digitals en el dia a dia de l\u2019aprenentatge. Creiem en una educaci\u00f3 din\u00e0mica, inclusiva i adaptada a les necessitats del segle XXI.<\/p>\n\n\n\n<p>Dins d&#8217;aquest apartat trobem diversos aspectes relacionats amb els diversos plans de digitalitzaci\u00f3 i el pla de comunicaci\u00f3 digital del centre.<\/p>\n\n\n\n<p><a href=\"https:\/\/agora.xtec.cat\/escriusitaulet\/documents-de-centre\/edc\/cultura-digital\/acollida-digital\/\" data-type=\"page\" data-id=\"1904\"><strong>Plans d&#8217;acollida digital<\/strong><\/a><\/p>\n\n\n\n<p><a href=\"https:\/\/agora.xtec.cat\/escriusitaulet\/documents-de-centre\/edc\/cultura-digital\/pla-de-comunicacio-digital\/\" data-type=\"page\" data-id=\"1916\"><strong>Pla de comunicaci\u00f3 digital<\/strong><\/a><\/p>\n\n\n\n<p><a href=\"https:\/\/agora.xtec.cat\/escriusitaulet\/documents-de-centre\/edc\/cultura-digital\/desplegament-de-la-competencia-digital\/\" data-type=\"page\" data-id=\"1919\"><strong>Compet\u00e8ncia digital de l\u2019alumnat<\/strong><\/a><\/p>\n\n\n\n<p><a href=\"https:\/\/agora.xtec.cat\/escriusitaulet\/documents-de-centre\/edc\/cultura-digital\/avaluacio-de-la-competencia-digital\/\" data-type=\"page\" data-id=\"1922\"><strong>Avaluaci\u00f3 de la compet\u00e8ncia digital<\/strong><\/a><\/p>\n\n\n\n<p><\/p>\n\n\n\n<p><\/p>\n","protected":false},"excerpt":{"rendered":"<p>\ud83d\udce1 Cultura Digital del Centre Escolar La cultura digital del nostre centre escolar representa el comprom\u00eds amb la innovaci\u00f3, l\u2019educaci\u00f3 tecnol\u00f2gica i la integraci\u00f3 de les eines digitals en el dia a dia de l\u2019aprenentatge. Creiem en una educaci\u00f3 din\u00e0mica, inclusiva i adaptada a les necessitats del segle XXI. Dins d&#8217;aquest apartat trobem diversos aspectes [&hellip;]<\/p>\n","protected":false},"author":1,"featured_media":0,"parent":1891,"menu_order":0,"comment_status":"closed","ping_status":"closed","template":"page-templates\/side-menu.php","meta":{"_bbp_topic_count":0,"_bbp_reply_count":0,"_bbp_total_topic_count":0,"_bbp_total_reply_count":0,"_bbp_voice_count":0,"_bbp_anonymous_reply_count":0,"_bbp_topic_count_hidden":0,"_bbp_reply_count_hidden":0,"_bbp_forum_subforum_count":0,"site-sidebar-layout":"default","site-content-layout":"","ast-site-content-layout":"","site-content-style":"default","site-sidebar-style":"default","ast-global-header-display":"","ast-banner-title-visibility":"","ast-main-header-display":"","ast-hfb-above-header-display":"","ast-hfb-below-header-display":"","ast-hfb-mobile-header-display":"","site-post-title":"","ast-breadcrumbs-content":"","ast-featured-img":"","footer-sml-layout":"","theme-transparent-header-meta":"","adv-header-id-meta":"","stick-header-meta":"","header-above-stick-meta":"","header-main-stick-meta":"","header-below-stick-meta":"","astra-migrate-meta-layouts":"default","ast-page-background-enabled":"default","ast-page-background-meta":{"desktop":{"background-color":"var(--ast-global-color-4)","background-image":"","background-repeat":"repeat","background-position":"center center","background-size":"auto","background-attachment":"scroll","background-type":"","background-media":"","overlay-type":"","overlay-color":"","overlay-opacity":"","overlay-gradient":""},"tablet":{"background-color":"","background-image":"","background-repeat":"repeat","background-position":"center center","background-size":"auto","background-attachment":"scroll","background-type":"","background-media":"","overlay-type":"","overlay-color":"","overlay-opacity":"","overlay-gradient":""},"mobile":{"background-color":"","background-image":"","background-repeat":"repeat","background-position":"center center","background-size":"auto","background-attachment":"scroll","background-type":"","background-media":"","overlay-type":"","overlay-color":"","overlay-opacity":"","overlay-gradient":""}},"ast-content-background-meta":{"desktop":{"background-color":"var(--ast-global-color-5)","background-image":"","background-repeat":"repeat","background-position":"center center","background-size":"auto","background-attachment":"scroll","background-type":"","background-media":"","overlay-type":"","overlay-color":"","overlay-opacity":"","overlay-gradient":""},"tablet":{"background-color":"var(--ast-global-color-5)","background-image":"","background-repeat":"repeat","background-position":"center center","background-size":"auto","background-attachment":"scroll","background-type":"","background-media":"","overlay-type":"","overlay-color":"","overlay-opacity":"","overlay-gradient":""},"mobile":{"background-color":"var(--ast-global-color-5)","background-image":"","background-repeat":"repeat","background-position":"center center","background-size":"auto","background-attachment":"scroll","background-type":"","background-media":"","overlay-type":"","overlay-color":"","overlay-opacity":"","overlay-gradient":""}},"footnotes":""},"class_list":["post-1896","page","type-page","status-publish","hentry"],"post_mailing_queue_ids":[],"_links":{"self":[{"href":"https:\/\/agora.xtec.cat\/escriusitaulet\/wp-json\/wp\/v2\/pages\/1896","targetHints":{"allow":["GET"]}}],"collection":[{"href":"https:\/\/agora.xtec.cat\/escriusitaulet\/wp-json\/wp\/v2\/pages"}],"about":[{"href":"https:\/\/agora.xtec.cat\/escriusitaulet\/wp-json\/wp\/v2\/types\/page"}],"author":[{"embeddable":true,"href":"https:\/\/agora.xtec.cat\/escriusitaulet\/wp-json\/wp\/v2\/users\/1"}],"replies":[{"embeddable":true,"href":"https:\/\/agora.xtec.cat\/escriusitaulet\/wp-json\/wp\/v2\/comments?post=1896"}],"version-history":[{"count":6,"href":"https:\/\/agora.xtec.cat\/escriusitaulet\/wp-json\/wp\/v2\/pages\/1896\/revisions"}],"predecessor-version":[{"id":1925,"href":"https:\/\/agora.xtec.cat\/escriusitaulet\/wp-json\/wp\/v2\/pages\/1896\/revisions\/1925"}],"up":[{"embeddable":true,"href":"https:\/\/agora.xtec.cat\/escriusitaulet\/wp-json\/wp\/v2\/pages\/1891"}],"wp:attachment":[{"href":"https:\/\/agora.xtec.cat\/escriusitaulet\/wp-json\/wp\/v2\/media?parent=1896"}],"curies":[{"name":"wp","href":"https:\/\/api.w.org\/{rel}","templated":true}]}}