{"id":1893,"date":"2025-02-07T18:45:12","date_gmt":"2025-02-07T17:45:12","guid":{"rendered":"https:\/\/agora.xtec.cat\/escriusitaulet\/?page_id=1893"},"modified":"2025-02-08T10:15:15","modified_gmt":"2025-02-08T09:15:15","slug":"part-estrategica","status":"publish","type":"page","link":"https:\/\/agora.xtec.cat\/escriusitaulet\/documents-de-centre\/edc\/part-estrategica\/","title":{"rendered":"PART ESTRAT\u00c8GICA"},"content":{"rendered":"\n<ul class=\"wp-block-list\">\n<li><strong>Diagnosi<\/strong><\/li>\n<\/ul>\n\n\n\n<p>Per fer la diagnosi, la comissi\u00f3 digital del centre ha utilitzat tres recursos:<\/p>\n\n\n\n<ul class=\"wp-block-list\">\n<li>Enquesta SELFIE adre\u00e7ada al professorat i a l\u2019alumnat.<\/li>\n\n\n\n<li>Q\u00fcestionari adre\u00e7at a les fam\u00edlies del centre per valorar la comunicaci\u00f3, l\u2019acc\u00e9s a la p\u00e0gina web del centre i xarxes socials, l\u2019\u00fas de pantalles, aplicacions digitals\u2026<\/li>\n\n\n\n<li>Enquesta SELFIE for teachers per valorar el nivell de compet\u00e8ncia digital docent.<\/li>\n\n\n\n<li>A partir de l\u2019an\u00e0lisi d\u2019aquestes eines, es detecten els seg\u00fcents punts forts i punts febles segons diferents aspectes.<\/li>\n<\/ul>\n\n\n\n<ul class=\"wp-block-list\">\n<li><strong>Objectius<\/strong><\/li>\n<\/ul>\n\n\n\n<p>Per concretar els objectius de l\u2019Estrat\u00e8gia Digital de Centre s\u2019han tingut en compte els objectius del PEDC, els resultats de la diagnosi, els objectius del PEC i la visi\u00f3 del centre en l\u2019\u00e0mbit digital. Els objectius s\u00f3n els seg\u00fcents:<\/p>\n\n\n\n<ol class=\"wp-block-list\">\n<li>Millorar la Compet\u00e8ncia Digital de l\u2019alumnat<\/li>\n\n\n\n<li>Comunicar a la comunitat educativa la l\u00ednia pedag\u00f2gica de l\u2019escola<\/li>\n\n\n\n<li>Con\u00e8ixer i millorar la Compet\u00e8ncia Digital docent<\/li>\n\n\n\n<li>Elaborar i actualitzar diferents documents relacionats amb la cultura digital del centre perqu\u00e8 el centre sigui digitalment competent<\/li>\n\n\n\n<li>Identificar quin material digital disposa l\u2019escola per aprofitar-lo i donar-li \u00fas per millorar l\u2019organitzaci\u00f3 del centre<\/li>\n<\/ol>\n\n\n\n<ul class=\"wp-block-list\">\n<li><strong>\u00a0Avaluaci\u00f3 i millora<\/strong><\/li>\n<\/ul>\n\n\n\n<p>Per tal d\u2019avaluar la implementaci\u00f3 de l\u2019Estrat\u00e8gia digital, a final de cada curs es reuneix la comissi\u00f3 digital i valora l\u2019assoliment dels criteris dels indicadors de les activitats i dels objectius.<\/p>\n\n\n\n<p>Cada responsable fa una exposici\u00f3 del que s\u2019ha assolit i del que no s\u2019ha assolit, i exposa les propostes de millora.<\/p>\n\n\n\n<p>A partir d\u2019aqu\u00ed, la comissi\u00f3 modifica l\u2019EDC pel que queda de temps d\u2019implementaci\u00f3, si s\u2019escau.<\/p>\n\n\n\n<p>Per fer la valoraci\u00f3 dels criteris d\u2019assoliment, la comissi\u00f3 far\u00e0 servir una graella on quedaran recollits els percentatges d\u2019\u00e8xit.<\/p>\n","protected":false},"excerpt":{"rendered":"<p>Per fer la diagnosi, la comissi\u00f3 digital del centre ha utilitzat tres recursos: Per concretar els objectius de l\u2019Estrat\u00e8gia Digital de Centre s\u2019han tingut en compte els objectius del PEDC, els resultats de la diagnosi, els objectius del PEC i la visi\u00f3 del centre en l\u2019\u00e0mbit digital. Els objectius s\u00f3n els seg\u00fcents: Per tal d\u2019avaluar [&hellip;]<\/p>\n","protected":false},"author":1,"featured_media":0,"parent":1891,"menu_order":0,"comment_status":"closed","ping_status":"closed","template":"page-templates\/side-menu.php","meta":{"_bbp_topic_count":0,"_bbp_reply_count":0,"_bbp_total_topic_count":0,"_bbp_total_reply_count":0,"_bbp_voice_count":0,"_bbp_anonymous_reply_count":0,"_bbp_topic_count_hidden":0,"_bbp_reply_count_hidden":0,"_bbp_forum_subforum_count":0,"site-sidebar-layout":"default","site-content-layout":"","ast-site-content-layout":"","site-content-style":"default","site-sidebar-style":"default","ast-global-header-display":"","ast-banner-title-visibility":"","ast-main-header-display":"","ast-hfb-above-header-display":"","ast-hfb-below-header-display":"","ast-hfb-mobile-header-display":"","site-post-title":"","ast-breadcrumbs-content":"","ast-featured-img":"","footer-sml-layout":"","theme-transparent-header-meta":"","adv-header-id-meta":"","stick-header-meta":"","header-above-stick-meta":"","header-main-stick-meta":"","header-below-stick-meta":"","astra-migrate-meta-layouts":"default","ast-page-background-enabled":"default","ast-page-background-meta":{"desktop":{"background-color":"var(--ast-global-color-4)","background-image":"","background-repeat":"repeat","background-position":"center center","background-size":"auto","background-attachment":"scroll","background-type":"","background-media":"","overlay-type":"","overlay-color":"","overlay-opacity":"","overlay-gradient":""},"tablet":{"background-color":"","background-image":"","background-repeat":"repeat","background-position":"center center","background-size":"auto","background-attachment":"scroll","background-type":"","background-media":"","overlay-type":"","overlay-color":"","overlay-opacity":"","overlay-gradient":""},"mobile":{"background-color":"","background-image":"","background-repeat":"repeat","background-position":"center center","background-size":"auto","background-attachment":"scroll","background-type":"","background-media":"","overlay-type":"","overlay-color":"","overlay-opacity":"","overlay-gradient":""}},"ast-content-background-meta":{"desktop":{"background-color":"var(--ast-global-color-5)","background-image":"","background-repeat":"repeat","background-position":"center center","background-size":"auto","background-attachment":"scroll","background-type":"","background-media":"","overlay-type":"","overlay-color":"","overlay-opacity":"","overlay-gradient":""},"tablet":{"background-color":"var(--ast-global-color-5)","background-image":"","background-repeat":"repeat","background-position":"center center","background-size":"auto","background-attachment":"scroll","background-type":"","background-media":"","overlay-type":"","overlay-color":"","overlay-opacity":"","overlay-gradient":""},"mobile":{"background-color":"var(--ast-global-color-5)","background-image":"","background-repeat":"repeat","background-position":"center center","background-size":"auto","background-attachment":"scroll","background-type":"","background-media":"","overlay-type":"","overlay-color":"","overlay-opacity":"","overlay-gradient":""}},"footnotes":""},"class_list":["post-1893","page","type-page","status-publish","hentry"],"post_mailing_queue_ids":[],"_links":{"self":[{"href":"https:\/\/agora.xtec.cat\/escriusitaulet\/wp-json\/wp\/v2\/pages\/1893","targetHints":{"allow":["GET"]}}],"collection":[{"href":"https:\/\/agora.xtec.cat\/escriusitaulet\/wp-json\/wp\/v2\/pages"}],"about":[{"href":"https:\/\/agora.xtec.cat\/escriusitaulet\/wp-json\/wp\/v2\/types\/page"}],"author":[{"embeddable":true,"href":"https:\/\/agora.xtec.cat\/escriusitaulet\/wp-json\/wp\/v2\/users\/1"}],"replies":[{"embeddable":true,"href":"https:\/\/agora.xtec.cat\/escriusitaulet\/wp-json\/wp\/v2\/comments?post=1893"}],"version-history":[{"count":1,"href":"https:\/\/agora.xtec.cat\/escriusitaulet\/wp-json\/wp\/v2\/pages\/1893\/revisions"}],"predecessor-version":[{"id":1894,"href":"https:\/\/agora.xtec.cat\/escriusitaulet\/wp-json\/wp\/v2\/pages\/1893\/revisions\/1894"}],"up":[{"embeddable":true,"href":"https:\/\/agora.xtec.cat\/escriusitaulet\/wp-json\/wp\/v2\/pages\/1891"}],"wp:attachment":[{"href":"https:\/\/agora.xtec.cat\/escriusitaulet\/wp-json\/wp\/v2\/media?parent=1893"}],"curies":[{"name":"wp","href":"https:\/\/api.w.org\/{rel}","templated":true}]}}