{"id":1882,"date":"2025-02-07T18:26:21","date_gmt":"2025-02-07T17:26:21","guid":{"rendered":"https:\/\/agora.xtec.cat\/escriusitaulet\/?page_id=1882"},"modified":"2025-02-17T16:37:35","modified_gmt":"2025-02-17T15:37:35","slug":"fruita-i-llet-a-lescola","status":"publish","type":"page","link":"https:\/\/agora.xtec.cat\/escriusitaulet\/projectes\/fruita-i-llet-a-lescola\/","title":{"rendered":"Fruita i llet a l&#8217;escola"},"content":{"rendered":"\n<figure class=\"wp-block-image aligncenter size-large is-resized\"><a href=\"https:\/\/agora.xtec.cat\/escriusitaulet\/wp-content\/uploads\/usu2930\/2025\/02\/cartell-fruita-2.png\"><img loading=\"lazy\" decoding=\"async\" width=\"731\" height=\"1024\" src=\"https:\/\/agora.xtec.cat\/escriusitaulet\/wp-content\/uploads\/usu2930\/2025\/02\/cartell-fruita-2-731x1024.png\" alt=\"\" class=\"wp-image-2006\" style=\"width:398px;height:auto\" srcset=\"https:\/\/agora.xtec.cat\/escriusitaulet\/wp-content\/uploads\/usu2930\/2025\/02\/cartell-fruita-2-731x1024.png 731w, https:\/\/agora.xtec.cat\/escriusitaulet\/wp-content\/uploads\/usu2930\/2025\/02\/cartell-fruita-2-214x300.png 214w, https:\/\/agora.xtec.cat\/escriusitaulet\/wp-content\/uploads\/usu2930\/2025\/02\/cartell-fruita-2-768x1076.png 768w, https:\/\/agora.xtec.cat\/escriusitaulet\/wp-content\/uploads\/usu2930\/2025\/02\/cartell-fruita-2-1096x1536.png 1096w, https:\/\/agora.xtec.cat\/escriusitaulet\/wp-content\/uploads\/usu2930\/2025\/02\/cartell-fruita-2-1461x2048.png 1461w, https:\/\/agora.xtec.cat\/escriusitaulet\/wp-content\/uploads\/usu2930\/2025\/02\/cartell-fruita-2.png 1465w\" sizes=\"auto, (max-width: 731px) 100vw, 731px\" \/><\/a><\/figure>\n\n\n\n<p>Es tracta d&#8217;un programa per tal de distribuir gratu\u00eftament fruita, verdura fresca i llet als escolars de segon cicle d&#8217;educaci\u00f3 infantil i de prim\u00e0ria (infants de 3 a 12 anys) de centres educatius que ho demanin.<\/p>\n\n\n\n<p>\u00c9s una iniciativa de la Uni\u00f3 Europea amb l&#8217;acci\u00f3 conjunta dels departaments d&#8217;Agricultura, Salut i Ensenyament.<\/p>\n\n\n\n<p>Els objectius s\u00f3n:<\/p>\n\n\n\n<ul class=\"wp-block-list\">\n<li>Oferir fruita gratu\u00efta en els esmorzars i berenars dins del centre escolar.<\/li>\n\n\n\n<li>Informar sobre els beneficis de pujar el consum de fruites i verdures, i sobre la seva diversitat, trets, producci\u00f3, estacionalitat, etc.<\/li>\n\n\n\n<li>Augmentar la sensibilitzaci\u00f3 per a una bona alimentaci\u00f3 i la transmissi\u00f3 de conductes d&#8217;h\u00e0bits saludables a trav\u00e9s de la distribuci\u00f3 de llet sencera UHT a l&#8217;alumnat de 3 a 12 anys.<\/li>\n\n\n\n<li>Donar a con\u00e8ixer el paper de la llet com a aliment important (o de consum diari) dins d&#8217;una alimentaci\u00f3 variada i saludable, i de les seves propietats nutricionals.<\/li>\n\n\n\n<li>Implicar tota la comunitat educativa (alumnat, docents i fam\u00edlies), perqu\u00e8 els h\u00e0bits alimentaris adquirits en la inf\u00e0ncia s\u00f3n decisius en el comportament alimentari en l&#8217;edat adulta. Per aix\u00f2 s&#8217;organitzaran xerrades de difusi\u00f3 en els centres educatius.<\/li>\n<\/ul>\n\n\n\n<p>Es pret\u00e9n amb aix\u00f2 afavorir la salut dels infants i promoure el consum de fruites, verdures, fruita seca, llegums, aigua, lactis (llet, iogurts i formatges) i joc actiu.<\/p>\n\n\n\n<p>I tamb\u00e9 reduir el consum de llaminadures, begudes refrescants, brioixeria i videojocs sedentaris.<\/p>\n","protected":false},"excerpt":{"rendered":"<p>Es tracta d&#8217;un programa per tal de distribuir gratu\u00eftament fruita, verdura fresca i llet als escolars de segon cicle d&#8217;educaci\u00f3 infantil i de prim\u00e0ria (infants de 3 a 12 anys) de centres educatius que ho demanin. \u00c9s una iniciativa de la Uni\u00f3 Europea amb l&#8217;acci\u00f3 conjunta dels departaments d&#8217;Agricultura, Salut i Ensenyament. Els objectius s\u00f3n: [&hellip;]<\/p>\n","protected":false},"author":1,"featured_media":0,"parent":1730,"menu_order":0,"comment_status":"closed","ping_status":"closed","template":"page-templates\/side-menu.php","meta":{"_bbp_topic_count":0,"_bbp_reply_count":0,"_bbp_total_topic_count":0,"_bbp_total_reply_count":0,"_bbp_voice_count":0,"_bbp_anonymous_reply_count":0,"_bbp_topic_count_hidden":0,"_bbp_reply_count_hidden":0,"_bbp_forum_subforum_count":0,"site-sidebar-layout":"default","site-content-layout":"","ast-site-content-layout":"","site-content-style":"default","site-sidebar-style":"default","ast-global-header-display":"","ast-banner-title-visibility":"","ast-main-header-display":"","ast-hfb-above-header-display":"","ast-hfb-below-header-display":"","ast-hfb-mobile-header-display":"","site-post-title":"","ast-breadcrumbs-content":"","ast-featured-img":"","footer-sml-layout":"","theme-transparent-header-meta":"","adv-header-id-meta":"","stick-header-meta":"","header-above-stick-meta":"","header-main-stick-meta":"","header-below-stick-meta":"","astra-migrate-meta-layouts":"default","ast-page-background-enabled":"default","ast-page-background-meta":{"desktop":{"background-color":"var(--ast-global-color-4)","background-image":"","background-repeat":"repeat","background-position":"center center","background-size":"auto","background-attachment":"scroll","background-type":"","background-media":"","overlay-type":"","overlay-color":"","overlay-opacity":"","overlay-gradient":""},"tablet":{"background-color":"","background-image":"","background-repeat":"repeat","background-position":"center center","background-size":"auto","background-attachment":"scroll","background-type":"","background-media":"","overlay-type":"","overlay-color":"","overlay-opacity":"","overlay-gradient":""},"mobile":{"background-color":"","background-image":"","background-repeat":"repeat","background-position":"center center","background-size":"auto","background-attachment":"scroll","background-type":"","background-media":"","overlay-type":"","overlay-color":"","overlay-opacity":"","overlay-gradient":""}},"ast-content-background-meta":{"desktop":{"background-color":"var(--ast-global-color-5)","background-image":"","background-repeat":"repeat","background-position":"center center","background-size":"auto","background-attachment":"scroll","background-type":"","background-media":"","overlay-type":"","overlay-color":"","overlay-opacity":"","overlay-gradient":""},"tablet":{"background-color":"var(--ast-global-color-5)","background-image":"","background-repeat":"repeat","background-position":"center center","background-size":"auto","background-attachment":"scroll","background-type":"","background-media":"","overlay-type":"","overlay-color":"","overlay-opacity":"","overlay-gradient":""},"mobile":{"background-color":"var(--ast-global-color-5)","background-image":"","background-repeat":"repeat","background-position":"center center","background-size":"auto","background-attachment":"scroll","background-type":"","background-media":"","overlay-type":"","overlay-color":"","overlay-opacity":"","overlay-gradient":""}},"footnotes":""},"class_list":["post-1882","page","type-page","status-publish","hentry"],"post_mailing_queue_ids":[],"_links":{"self":[{"href":"https:\/\/agora.xtec.cat\/escriusitaulet\/wp-json\/wp\/v2\/pages\/1882","targetHints":{"allow":["GET"]}}],"collection":[{"href":"https:\/\/agora.xtec.cat\/escriusitaulet\/wp-json\/wp\/v2\/pages"}],"about":[{"href":"https:\/\/agora.xtec.cat\/escriusitaulet\/wp-json\/wp\/v2\/types\/page"}],"author":[{"embeddable":true,"href":"https:\/\/agora.xtec.cat\/escriusitaulet\/wp-json\/wp\/v2\/users\/1"}],"replies":[{"embeddable":true,"href":"https:\/\/agora.xtec.cat\/escriusitaulet\/wp-json\/wp\/v2\/comments?post=1882"}],"version-history":[{"count":3,"href":"https:\/\/agora.xtec.cat\/escriusitaulet\/wp-json\/wp\/v2\/pages\/1882\/revisions"}],"predecessor-version":[{"id":2007,"href":"https:\/\/agora.xtec.cat\/escriusitaulet\/wp-json\/wp\/v2\/pages\/1882\/revisions\/2007"}],"up":[{"embeddable":true,"href":"https:\/\/agora.xtec.cat\/escriusitaulet\/wp-json\/wp\/v2\/pages\/1730"}],"wp:attachment":[{"href":"https:\/\/agora.xtec.cat\/escriusitaulet\/wp-json\/wp\/v2\/media?parent=1882"}],"curies":[{"name":"wp","href":"https:\/\/api.w.org\/{rel}","templated":true}]}}