{"id":1876,"date":"2025-02-07T18:21:54","date_gmt":"2025-02-07T17:21:54","guid":{"rendered":"https:\/\/agora.xtec.cat\/escriusitaulet\/?page_id=1876"},"modified":"2025-02-07T18:54:25","modified_gmt":"2025-02-07T17:54:25","slug":"centre-formador-de-practiques","status":"publish","type":"page","link":"https:\/\/agora.xtec.cat\/escriusitaulet\/projectes\/centre-formador-de-practiques\/","title":{"rendered":"Centre Formador de Pr\u00e0ctiques"},"content":{"rendered":"\n<p>La nostra escola forma part del programa \u201c<a href=\"https:\/\/xtec.gencat.cat\/ca\/formacio\/centres-formadors\/els-centres-formadors\/\">Centres Formadors<\/a>\u201d del Departament d\u2019Educaci\u00f3 de la Generalitat de Catalunya. Cada any es formen a les nostres aules al voltant d\u2019una cinquantena de futurs mestres de diverses universitats catalanes com ara la Universitat de Barcelona, la Universitat Aut\u00f2noma de Barcelona entre d\u2019altres.<\/p>\n\n\n\n<p>En aquesta escola acollim estudiants d\u2019educaci\u00f3 prim\u00e0ria i d\u2019educaci\u00f3 infantil que duen a terme alguna de les tres <a href=\"https:\/\/educacio.gencat.cat\/ca\/arees-actuacio\/professors\/formacio\/practiques-centres\/index.html\">estades de pr\u00e0ctiques<\/a>: la primera estada inicial, la segona estada de 4 mesos i la tercera l\u2019estada de pr\u00e0ctiques m\u00e9s enfocada en la seva menci\u00f3 (m\u00fasica, angl\u00e8s, educaci\u00f3 f\u00edsica,&nbsp; aprofundiment curricular, biblioteques escolars, diversitat i visual i pl\u00e0stica).<\/p>\n","protected":false},"excerpt":{"rendered":"<p>La nostra escola forma part del programa \u201cCentres Formadors\u201d del Departament d\u2019Educaci\u00f3 de la Generalitat de Catalunya. Cada any es formen a les nostres aules al voltant d\u2019una cinquantena de futurs mestres de diverses universitats catalanes com ara la Universitat de Barcelona, la Universitat Aut\u00f2noma de Barcelona entre d\u2019altres. En aquesta escola acollim estudiants d\u2019educaci\u00f3 [&hellip;]<\/p>\n","protected":false},"author":1,"featured_media":0,"parent":1730,"menu_order":0,"comment_status":"closed","ping_status":"closed","template":"page-templates\/side-menu.php","meta":{"_bbp_topic_count":0,"_bbp_reply_count":0,"_bbp_total_topic_count":0,"_bbp_total_reply_count":0,"_bbp_voice_count":0,"_bbp_anonymous_reply_count":0,"_bbp_topic_count_hidden":0,"_bbp_reply_count_hidden":0,"_bbp_forum_subforum_count":0,"site-sidebar-layout":"default","site-content-layout":"","ast-site-content-layout":"","site-content-style":"default","site-sidebar-style":"default","ast-global-header-display":"","ast-banner-title-visibility":"","ast-main-header-display":"","ast-hfb-above-header-display":"","ast-hfb-below-header-display":"","ast-hfb-mobile-header-display":"","site-post-title":"","ast-breadcrumbs-content":"","ast-featured-img":"","footer-sml-layout":"","theme-transparent-header-meta":"","adv-header-id-meta":"","stick-header-meta":"","header-above-stick-meta":"","header-main-stick-meta":"","header-below-stick-meta":"","astra-migrate-meta-layouts":"default","ast-page-background-enabled":"default","ast-page-background-meta":{"desktop":{"background-color":"var(--ast-global-color-4)","background-image":"","background-repeat":"repeat","background-position":"center center","background-size":"auto","background-attachment":"scroll","background-type":"","background-media":"","overlay-type":"","overlay-color":"","overlay-opacity":"","overlay-gradient":""},"tablet":{"background-color":"","background-image":"","background-repeat":"repeat","background-position":"center center","background-size":"auto","background-attachment":"scroll","background-type":"","background-media":"","overlay-type":"","overlay-color":"","overlay-opacity":"","overlay-gradient":""},"mobile":{"background-color":"","background-image":"","background-repeat":"repeat","background-position":"center center","background-size":"auto","background-attachment":"scroll","background-type":"","background-media":"","overlay-type":"","overlay-color":"","overlay-opacity":"","overlay-gradient":""}},"ast-content-background-meta":{"desktop":{"background-color":"var(--ast-global-color-5)","background-image":"","background-repeat":"repeat","background-position":"center center","background-size":"auto","background-attachment":"scroll","background-type":"","background-media":"","overlay-type":"","overlay-color":"","overlay-opacity":"","overlay-gradient":""},"tablet":{"background-color":"var(--ast-global-color-5)","background-image":"","background-repeat":"repeat","background-position":"center center","background-size":"auto","background-attachment":"scroll","background-type":"","background-media":"","overlay-type":"","overlay-color":"","overlay-opacity":"","overlay-gradient":""},"mobile":{"background-color":"var(--ast-global-color-5)","background-image":"","background-repeat":"repeat","background-position":"center center","background-size":"auto","background-attachment":"scroll","background-type":"","background-media":"","overlay-type":"","overlay-color":"","overlay-opacity":"","overlay-gradient":""}},"footnotes":""},"class_list":["post-1876","page","type-page","status-publish","hentry"],"post_mailing_queue_ids":[],"_links":{"self":[{"href":"https:\/\/agora.xtec.cat\/escriusitaulet\/wp-json\/wp\/v2\/pages\/1876","targetHints":{"allow":["GET"]}}],"collection":[{"href":"https:\/\/agora.xtec.cat\/escriusitaulet\/wp-json\/wp\/v2\/pages"}],"about":[{"href":"https:\/\/agora.xtec.cat\/escriusitaulet\/wp-json\/wp\/v2\/types\/page"}],"author":[{"embeddable":true,"href":"https:\/\/agora.xtec.cat\/escriusitaulet\/wp-json\/wp\/v2\/users\/1"}],"replies":[{"embeddable":true,"href":"https:\/\/agora.xtec.cat\/escriusitaulet\/wp-json\/wp\/v2\/comments?post=1876"}],"version-history":[{"count":1,"href":"https:\/\/agora.xtec.cat\/escriusitaulet\/wp-json\/wp\/v2\/pages\/1876\/revisions"}],"predecessor-version":[{"id":1877,"href":"https:\/\/agora.xtec.cat\/escriusitaulet\/wp-json\/wp\/v2\/pages\/1876\/revisions\/1877"}],"up":[{"embeddable":true,"href":"https:\/\/agora.xtec.cat\/escriusitaulet\/wp-json\/wp\/v2\/pages\/1730"}],"wp:attachment":[{"href":"https:\/\/agora.xtec.cat\/escriusitaulet\/wp-json\/wp\/v2\/media?parent=1876"}],"curies":[{"name":"wp","href":"https:\/\/api.w.org\/{rel}","templated":true}]}}