{"id":1872,"date":"2025-02-07T17:29:19","date_gmt":"2025-02-07T16:29:19","guid":{"rendered":"https:\/\/agora.xtec.cat\/escriusitaulet\/?page_id=1872"},"modified":"2025-02-07T18:53:46","modified_gmt":"2025-02-07T17:53:46","slug":"projecte-apelles","status":"publish","type":"page","link":"https:\/\/agora.xtec.cat\/escriusitaulet\/projectes\/projecte-apelles\/","title":{"rendered":"Projecte Apel\u00b7les"},"content":{"rendered":"\n<p>El projecte Apel\u00b7les es duu a terme a diverses escoles de Barcelona amb la col\u00b7laboraci\u00f3 d\u2019\u00d2mnium i de l\u2019Institut de Ci\u00e8ncies de l\u2019Educaci\u00f3 de la Universitat de Barcelona.<\/p>\n\n\n\n<p>Aquest projecte t\u00e9 com a objectius refor\u00e7ar els aprenentatges primerencs, i m\u00e9s concretament, oferir un suport en el proc\u00e9s d\u2019aprenentatge de la Lectura i l\u2019Escriptura, a partir d\u2019una atenci\u00f3 m\u00e9s individualitzada. Alhora tamb\u00e9 es vol promoure el gust per la lectura en els infants. Per aquest motiu, un grup de docents jubilats tornen a les aules per engegar un treball conjunt, amb coordinaci\u00f3 amb els mestres de l\u2019escola, tot participant en les din\u00e0miques del grup classe en grups de Cicle Inicial de Prim\u00e0ria.&nbsp;<\/p>\n","protected":false},"excerpt":{"rendered":"<p>El projecte Apel\u00b7les es duu a terme a diverses escoles de Barcelona amb la col\u00b7laboraci\u00f3 d\u2019\u00d2mnium i de l\u2019Institut de Ci\u00e8ncies de l\u2019Educaci\u00f3 de la Universitat de Barcelona. Aquest projecte t\u00e9 com a objectius refor\u00e7ar els aprenentatges primerencs, i m\u00e9s concretament, oferir un suport en el proc\u00e9s d\u2019aprenentatge de la Lectura i l\u2019Escriptura, a partir [&hellip;]<\/p>\n","protected":false},"author":1,"featured_media":0,"parent":1730,"menu_order":0,"comment_status":"closed","ping_status":"closed","template":"page-templates\/side-menu.php","meta":{"_bbp_topic_count":0,"_bbp_reply_count":0,"_bbp_total_topic_count":0,"_bbp_total_reply_count":0,"_bbp_voice_count":0,"_bbp_anonymous_reply_count":0,"_bbp_topic_count_hidden":0,"_bbp_reply_count_hidden":0,"_bbp_forum_subforum_count":0,"site-sidebar-layout":"default","site-content-layout":"","ast-site-content-layout":"","site-content-style":"default","site-sidebar-style":"default","ast-global-header-display":"","ast-banner-title-visibility":"","ast-main-header-display":"","ast-hfb-above-header-display":"","ast-hfb-below-header-display":"","ast-hfb-mobile-header-display":"","site-post-title":"","ast-breadcrumbs-content":"","ast-featured-img":"","footer-sml-layout":"","theme-transparent-header-meta":"","adv-header-id-meta":"","stick-header-meta":"","header-above-stick-meta":"","header-main-stick-meta":"","header-below-stick-meta":"","astra-migrate-meta-layouts":"default","ast-page-background-enabled":"default","ast-page-background-meta":{"desktop":{"background-color":"var(--ast-global-color-4)","background-image":"","background-repeat":"repeat","background-position":"center center","background-size":"auto","background-attachment":"scroll","background-type":"","background-media":"","overlay-type":"","overlay-color":"","overlay-opacity":"","overlay-gradient":""},"tablet":{"background-color":"","background-image":"","background-repeat":"repeat","background-position":"center center","background-size":"auto","background-attachment":"scroll","background-type":"","background-media":"","overlay-type":"","overlay-color":"","overlay-opacity":"","overlay-gradient":""},"mobile":{"background-color":"","background-image":"","background-repeat":"repeat","background-position":"center center","background-size":"auto","background-attachment":"scroll","background-type":"","background-media":"","overlay-type":"","overlay-color":"","overlay-opacity":"","overlay-gradient":""}},"ast-content-background-meta":{"desktop":{"background-color":"var(--ast-global-color-5)","background-image":"","background-repeat":"repeat","background-position":"center center","background-size":"auto","background-attachment":"scroll","background-type":"","background-media":"","overlay-type":"","overlay-color":"","overlay-opacity":"","overlay-gradient":""},"tablet":{"background-color":"var(--ast-global-color-5)","background-image":"","background-repeat":"repeat","background-position":"center center","background-size":"auto","background-attachment":"scroll","background-type":"","background-media":"","overlay-type":"","overlay-color":"","overlay-opacity":"","overlay-gradient":""},"mobile":{"background-color":"var(--ast-global-color-5)","background-image":"","background-repeat":"repeat","background-position":"center center","background-size":"auto","background-attachment":"scroll","background-type":"","background-media":"","overlay-type":"","overlay-color":"","overlay-opacity":"","overlay-gradient":""}},"footnotes":""},"class_list":["post-1872","page","type-page","status-publish","hentry"],"post_mailing_queue_ids":[],"_links":{"self":[{"href":"https:\/\/agora.xtec.cat\/escriusitaulet\/wp-json\/wp\/v2\/pages\/1872","targetHints":{"allow":["GET"]}}],"collection":[{"href":"https:\/\/agora.xtec.cat\/escriusitaulet\/wp-json\/wp\/v2\/pages"}],"about":[{"href":"https:\/\/agora.xtec.cat\/escriusitaulet\/wp-json\/wp\/v2\/types\/page"}],"author":[{"embeddable":true,"href":"https:\/\/agora.xtec.cat\/escriusitaulet\/wp-json\/wp\/v2\/users\/1"}],"replies":[{"embeddable":true,"href":"https:\/\/agora.xtec.cat\/escriusitaulet\/wp-json\/wp\/v2\/comments?post=1872"}],"version-history":[{"count":1,"href":"https:\/\/agora.xtec.cat\/escriusitaulet\/wp-json\/wp\/v2\/pages\/1872\/revisions"}],"predecessor-version":[{"id":1873,"href":"https:\/\/agora.xtec.cat\/escriusitaulet\/wp-json\/wp\/v2\/pages\/1872\/revisions\/1873"}],"up":[{"embeddable":true,"href":"https:\/\/agora.xtec.cat\/escriusitaulet\/wp-json\/wp\/v2\/pages\/1730"}],"wp:attachment":[{"href":"https:\/\/agora.xtec.cat\/escriusitaulet\/wp-json\/wp\/v2\/media?parent=1872"}],"curies":[{"name":"wp","href":"https:\/\/api.w.org\/{rel}","templated":true}]}}